{"id":1711,"date":"2016-01-26T15:08:52","date_gmt":"2016-01-26T15:08:52","guid":{"rendered":"https:\/\/futurehealthbiobank.com\/al\/?page_id=1711"},"modified":"2024-03-11T12:09:43","modified_gmt":"2024-03-11T11:09:43","slug":"na-kontaktoni","status":"publish","type":"page","link":"https:\/\/futurehealthbiobank.com\/al\/na-kontaktoni\/","title":{"rendered":"Na kontaktoni"},"content":{"rendered":"<p>[easy-pricing-table id=&#8221;1863&#8243;]<\/p>\n","protected":false},"excerpt":{"rendered":"<p>[easy-pricing-table id=&#8221;1863&#8243;]<\/p>\n","protected":false},"author":25,"featured_media":0,"parent":0,"menu_order":0,"comment_status":"closed","ping_status":"closed","template":"page-contact.php","meta":{"_acf_changed":false,"footnotes":""},"class_list":["post-1711","page","type-page","status-publish","hentry"],"acf":[],"yoast_head":"<!-- This site is optimized with the Yoast SEO Premium plugin v26.7 (Yoast SEO v26.7) - https:\/\/yoast.com\/wordpress\/plugins\/seo\/ -->\n<title>Na kontaktoni<\/title>\n<meta name=\"description\" content=\"Na kontaktoni n\u00eb \u00e7do koh\u00eb p\u00ebrmes emailit, telefonit 24\/7 ose pran\u00eb zyrave tona qendrore n\u00eb Tiran\u00eb\" \/>\n<meta name=\"robots\" content=\"index, follow, max-snippet:-1, max-image-preview:large, max-video-preview:-1\" \/>\n<link rel=\"canonical\" href=\"https:\/\/futurehealthbiobank.com\/al\/na-kontaktoni\/\" \/>\n<meta property=\"og:locale\" content=\"sq_AL\" \/>\n<meta property=\"og:type\" content=\"article\" \/>\n<meta property=\"og:title\" content=\"Na kontaktoni\" \/>\n<meta property=\"og:url\" content=\"https:\/\/futurehealthbiobank.com\/al\/na-kontaktoni\/\" \/>\n<meta property=\"og:site_name\" content=\"Future Health Biobank Albania\" \/>\n<meta property=\"article:modified_time\" content=\"2024-03-11T11:09:43+00:00\" \/>\n<meta name=\"twitter:card\" content=\"summary_large_image\" \/>\n<meta name=\"twitter:label1\" content=\"Est. reading time\" \/>\n\t<meta name=\"twitter:data1\" content=\"1 minut\u00eb\" \/>\n<script type=\"application\/ld+json\" class=\"yoast-schema-graph\">{\"@context\":\"https:\/\/schema.org\",\"@graph\":[{\"@type\":\"WebPage\",\"@id\":\"https:\/\/futurehealthbiobank.com\/al\/na-kontaktoni\/\",\"url\":\"https:\/\/futurehealthbiobank.com\/al\/na-kontaktoni\/\",\"name\":\"Na kontaktoni\",\"isPartOf\":{\"@id\":\"https:\/\/futurehealthbiobank.com\/al\/#website\"},\"datePublished\":\"2016-01-26T15:08:52+00:00\",\"dateModified\":\"2024-03-11T11:09:43+00:00\",\"description\":\"Na kontaktoni n\u00eb \u00e7do koh\u00eb p\u00ebrmes emailit, telefonit 24\/7 ose pran\u00eb zyrave tona qendrore n\u00eb Tiran\u00eb\",\"breadcrumb\":{\"@id\":\"https:\/\/futurehealthbiobank.com\/al\/na-kontaktoni\/#breadcrumb\"},\"inLanguage\":\"sq\",\"potentialAction\":[{\"@type\":\"ReadAction\",\"target\":[\"https:\/\/futurehealthbiobank.com\/al\/na-kontaktoni\/\"]}]},{\"@type\":\"BreadcrumbList\",\"@id\":\"https:\/\/futurehealthbiobank.com\/al\/na-kontaktoni\/#breadcrumb\",\"itemListElement\":[{\"@type\":\"ListItem\",\"position\":1,\"name\":\"Kreu\",\"item\":\"https:\/\/futurehealthbiobank.com\/al\/\"},{\"@type\":\"ListItem\",\"position\":2,\"name\":\"Na kontaktoni\"}]},{\"@type\":\"WebSite\",\"@id\":\"https:\/\/futurehealthbiobank.com\/al\/#website\",\"url\":\"https:\/\/futurehealthbiobank.com\/al\/\",\"name\":\"Future Health Biobank Albania\",\"description\":\"\",\"potentialAction\":[{\"@type\":\"SearchAction\",\"target\":{\"@type\":\"EntryPoint\",\"urlTemplate\":\"https:\/\/futurehealthbiobank.com\/al\/?s={search_term_string}\"},\"query-input\":{\"@type\":\"PropertyValueSpecification\",\"valueRequired\":true,\"valueName\":\"search_term_string\"}}],\"inLanguage\":\"sq\"}]}<\/script>\n<!-- \/ Yoast SEO Premium plugin. -->","yoast_head_json":{"title":"Na kontaktoni","description":"Na kontaktoni n\u00eb \u00e7do koh\u00eb p\u00ebrmes emailit, telefonit 24\/7 ose pran\u00eb zyrave tona qendrore n\u00eb Tiran\u00eb","robots":{"index":"index","follow":"follow","max-snippet":"max-snippet:-1","max-image-preview":"max-image-preview:large","max-video-preview":"max-video-preview:-1"},"canonical":"https:\/\/futurehealthbiobank.com\/al\/na-kontaktoni\/","og_locale":"sq_AL","og_type":"article","og_title":"Na kontaktoni","og_url":"https:\/\/futurehealthbiobank.com\/al\/na-kontaktoni\/","og_site_name":"Future Health Biobank Albania","article_modified_time":"2024-03-11T11:09:43+00:00","twitter_card":"summary_large_image","twitter_misc":{"Est. reading time":"1 minut\u00eb"},"schema":{"@context":"https:\/\/schema.org","@graph":[{"@type":"WebPage","@id":"https:\/\/futurehealthbiobank.com\/al\/na-kontaktoni\/","url":"https:\/\/futurehealthbiobank.com\/al\/na-kontaktoni\/","name":"Na kontaktoni","isPartOf":{"@id":"https:\/\/futurehealthbiobank.com\/al\/#website"},"datePublished":"2016-01-26T15:08:52+00:00","dateModified":"2024-03-11T11:09:43+00:00","description":"Na kontaktoni n\u00eb \u00e7do koh\u00eb p\u00ebrmes emailit, telefonit 24\/7 ose pran\u00eb zyrave tona qendrore n\u00eb Tiran\u00eb","breadcrumb":{"@id":"https:\/\/futurehealthbiobank.com\/al\/na-kontaktoni\/#breadcrumb"},"inLanguage":"sq","potentialAction":[{"@type":"ReadAction","target":["https:\/\/futurehealthbiobank.com\/al\/na-kontaktoni\/"]}]},{"@type":"BreadcrumbList","@id":"https:\/\/futurehealthbiobank.com\/al\/na-kontaktoni\/#breadcrumb","itemListElement":[{"@type":"ListItem","position":1,"name":"Kreu","item":"https:\/\/futurehealthbiobank.com\/al\/"},{"@type":"ListItem","position":2,"name":"Na kontaktoni"}]},{"@type":"WebSite","@id":"https:\/\/futurehealthbiobank.com\/al\/#website","url":"https:\/\/futurehealthbiobank.com\/al\/","name":"Future Health Biobank Albania","description":"","potentialAction":[{"@type":"SearchAction","target":{"@type":"EntryPoint","urlTemplate":"https:\/\/futurehealthbiobank.com\/al\/?s={search_term_string}"},"query-input":{"@type":"PropertyValueSpecification","valueRequired":true,"valueName":"search_term_string"}}],"inLanguage":"sq"}]}},"_links":{"self":[{"href":"https:\/\/futurehealthbiobank.com\/al\/wp-json\/wp\/v2\/pages\/1711","targetHints":{"allow":["GET"]}}],"collection":[{"href":"https:\/\/futurehealthbiobank.com\/al\/wp-json\/wp\/v2\/pages"}],"about":[{"href":"https:\/\/futurehealthbiobank.com\/al\/wp-json\/wp\/v2\/types\/page"}],"author":[{"embeddable":true,"href":"https:\/\/futurehealthbiobank.com\/al\/wp-json\/wp\/v2\/users\/25"}],"replies":[{"embeddable":true,"href":"https:\/\/futurehealthbiobank.com\/al\/wp-json\/wp\/v2\/comments?post=1711"}],"version-history":[{"count":1,"href":"https:\/\/futurehealthbiobank.com\/al\/wp-json\/wp\/v2\/pages\/1711\/revisions"}],"predecessor-version":[{"id":36268,"href":"https:\/\/futurehealthbiobank.com\/al\/wp-json\/wp\/v2\/pages\/1711\/revisions\/36268"}],"wp:attachment":[{"href":"https:\/\/futurehealthbiobank.com\/al\/wp-json\/wp\/v2\/media?parent=1711"}],"curies":[{"name":"wp","href":"https:\/\/api.w.org\/{rel}","templated":true}]}}