{"id":1723,"date":"2016-01-26T15:25:18","date_gmt":"2016-01-26T15:25:18","guid":{"rendered":"https:\/\/futurehealthbiobank.com\/al\/?page_id=1723"},"modified":"2018-08-20T11:39:53","modified_gmt":"2018-08-20T09:39:53","slug":"kreu","status":"publish","type":"page","link":"https:\/\/futurehealthbiobank.com\/al\/","title":{"rendered":"Kreu"},"content":{"rendered":"","protected":false},"excerpt":{"rendered":"","protected":false},"author":25,"featured_media":0,"parent":0,"menu_order":0,"comment_status":"closed","ping_status":"closed","template":"page-home.php","meta":{"_acf_changed":false,"footnotes":""},"class_list":["post-1723","page","type-page","status-publish","hentry"],"acf":[],"yoast_head":"<!-- This site is optimized with the Yoast SEO Premium plugin v26.7 (Yoast SEO v26.7) - https:\/\/yoast.com\/wordpress\/plugins\/seo\/ -->\n<title>KREU |Qelizat staminale t\u00eb kordonit - nj\u00eb shans, nj\u00eb her\u00eb n\u00eb jet\u00eb<\/title>\n<meta name=\"description\" content=\"Nj\u00eb shans q\u00eb t\u00eb vjen nj\u00eb her\u00eb n\u00eb jet\u00eb p\u00ebr t\u00eb mbrojtur sh\u00ebndetin n\u00eb t\u00eb ardhmen e f\u00ebmij\u00eb suaj duke ruajtur qelizat staminale t\u00eb kordonit k\u00ebrthizor pas lindjes\" \/>\n<meta name=\"robots\" content=\"index, follow, max-snippet:-1, max-image-preview:large, max-video-preview:-1\" \/>\n<link rel=\"canonical\" href=\"https:\/\/futurehealthbiobank.com\/al\/\" \/>\n<meta property=\"og:locale\" content=\"sq_AL\" \/>\n<meta property=\"og:type\" content=\"article\" \/>\n<meta property=\"og:title\" content=\"Kreu\" \/>\n<meta property=\"og:url\" content=\"https:\/\/futurehealthbiobank.com\/al\/\" \/>\n<meta property=\"og:site_name\" content=\"Future Health Biobank Albania\" \/>\n<meta property=\"article:modified_time\" content=\"2018-08-20T09:39:53+00:00\" \/>\n<meta name=\"twitter:card\" content=\"summary_large_image\" \/>\n<script type=\"application\/ld+json\" class=\"yoast-schema-graph\">{\"@context\":\"https:\/\/schema.org\",\"@graph\":[{\"@type\":\"WebPage\",\"@id\":\"https:\/\/futurehealthbiobank.com\/al\/\",\"url\":\"https:\/\/futurehealthbiobank.com\/al\/\",\"name\":\"KREU |Qelizat staminale t\u00eb kordonit - nj\u00eb shans, nj\u00eb her\u00eb n\u00eb jet\u00eb\",\"isPartOf\":{\"@id\":\"https:\/\/futurehealthbiobank.com\/al\/#website\"},\"datePublished\":\"2016-01-26T15:25:18+00:00\",\"dateModified\":\"2018-08-20T09:39:53+00:00\",\"description\":\"Nj\u00eb shans q\u00eb t\u00eb vjen nj\u00eb her\u00eb n\u00eb jet\u00eb p\u00ebr t\u00eb mbrojtur sh\u00ebndetin n\u00eb t\u00eb ardhmen e f\u00ebmij\u00eb suaj duke ruajtur qelizat staminale t\u00eb kordonit k\u00ebrthizor pas lindjes\",\"breadcrumb\":{\"@id\":\"https:\/\/futurehealthbiobank.com\/al\/#breadcrumb\"},\"inLanguage\":\"sq\",\"potentialAction\":[{\"@type\":\"ReadAction\",\"target\":[\"https:\/\/futurehealthbiobank.com\/al\/\"]}]},{\"@type\":\"BreadcrumbList\",\"@id\":\"https:\/\/futurehealthbiobank.com\/al\/#breadcrumb\",\"itemListElement\":[{\"@type\":\"ListItem\",\"position\":1,\"name\":\"Kreu\",\"item\":\"https:\/\/futurehealthbiobank.com\/al\/\"},{\"@type\":\"ListItem\",\"position\":2,\"name\":\"Kreu\"}]},{\"@type\":\"WebSite\",\"@id\":\"https:\/\/futurehealthbiobank.com\/al\/#website\",\"url\":\"https:\/\/futurehealthbiobank.com\/al\/\",\"name\":\"Future Health Biobank Albania\",\"description\":\"\",\"potentialAction\":[{\"@type\":\"SearchAction\",\"target\":{\"@type\":\"EntryPoint\",\"urlTemplate\":\"https:\/\/futurehealthbiobank.com\/al\/?s={search_term_string}\"},\"query-input\":{\"@type\":\"PropertyValueSpecification\",\"valueRequired\":true,\"valueName\":\"search_term_string\"}}],\"inLanguage\":\"sq\"}]}<\/script>\n<!-- \/ Yoast SEO Premium plugin. -->","yoast_head_json":{"title":"KREU |Qelizat staminale t\u00eb kordonit - nj\u00eb shans, nj\u00eb her\u00eb n\u00eb jet\u00eb","description":"Nj\u00eb shans q\u00eb t\u00eb vjen nj\u00eb her\u00eb n\u00eb jet\u00eb p\u00ebr t\u00eb mbrojtur sh\u00ebndetin n\u00eb t\u00eb ardhmen e f\u00ebmij\u00eb suaj duke ruajtur qelizat staminale t\u00eb kordonit k\u00ebrthizor pas lindjes","robots":{"index":"index","follow":"follow","max-snippet":"max-snippet:-1","max-image-preview":"max-image-preview:large","max-video-preview":"max-video-preview:-1"},"canonical":"https:\/\/futurehealthbiobank.com\/al\/","og_locale":"sq_AL","og_type":"article","og_title":"Kreu","og_url":"https:\/\/futurehealthbiobank.com\/al\/","og_site_name":"Future Health Biobank Albania","article_modified_time":"2018-08-20T09:39:53+00:00","twitter_card":"summary_large_image","schema":{"@context":"https:\/\/schema.org","@graph":[{"@type":"WebPage","@id":"https:\/\/futurehealthbiobank.com\/al\/","url":"https:\/\/futurehealthbiobank.com\/al\/","name":"KREU |Qelizat staminale t\u00eb kordonit - nj\u00eb shans, nj\u00eb her\u00eb n\u00eb jet\u00eb","isPartOf":{"@id":"https:\/\/futurehealthbiobank.com\/al\/#website"},"datePublished":"2016-01-26T15:25:18+00:00","dateModified":"2018-08-20T09:39:53+00:00","description":"Nj\u00eb shans q\u00eb t\u00eb vjen nj\u00eb her\u00eb n\u00eb jet\u00eb p\u00ebr t\u00eb mbrojtur sh\u00ebndetin n\u00eb t\u00eb ardhmen e f\u00ebmij\u00eb suaj duke ruajtur qelizat staminale t\u00eb kordonit k\u00ebrthizor pas lindjes","breadcrumb":{"@id":"https:\/\/futurehealthbiobank.com\/al\/#breadcrumb"},"inLanguage":"sq","potentialAction":[{"@type":"ReadAction","target":["https:\/\/futurehealthbiobank.com\/al\/"]}]},{"@type":"BreadcrumbList","@id":"https:\/\/futurehealthbiobank.com\/al\/#breadcrumb","itemListElement":[{"@type":"ListItem","position":1,"name":"Kreu","item":"https:\/\/futurehealthbiobank.com\/al\/"},{"@type":"ListItem","position":2,"name":"Kreu"}]},{"@type":"WebSite","@id":"https:\/\/futurehealthbiobank.com\/al\/#website","url":"https:\/\/futurehealthbiobank.com\/al\/","name":"Future Health Biobank Albania","description":"","potentialAction":[{"@type":"SearchAction","target":{"@type":"EntryPoint","urlTemplate":"https:\/\/futurehealthbiobank.com\/al\/?s={search_term_string}"},"query-input":{"@type":"PropertyValueSpecification","valueRequired":true,"valueName":"search_term_string"}}],"inLanguage":"sq"}]}},"_links":{"self":[{"href":"https:\/\/futurehealthbiobank.com\/al\/wp-json\/wp\/v2\/pages\/1723","targetHints":{"allow":["GET"]}}],"collection":[{"href":"https:\/\/futurehealthbiobank.com\/al\/wp-json\/wp\/v2\/pages"}],"about":[{"href":"https:\/\/futurehealthbiobank.com\/al\/wp-json\/wp\/v2\/types\/page"}],"author":[{"embeddable":true,"href":"https:\/\/futurehealthbiobank.com\/al\/wp-json\/wp\/v2\/users\/25"}],"replies":[{"embeddable":true,"href":"https:\/\/futurehealthbiobank.com\/al\/wp-json\/wp\/v2\/comments?post=1723"}],"version-history":[{"count":0,"href":"https:\/\/futurehealthbiobank.com\/al\/wp-json\/wp\/v2\/pages\/1723\/revisions"}],"wp:attachment":[{"href":"https:\/\/futurehealthbiobank.com\/al\/wp-json\/wp\/v2\/media?parent=1723"}],"curies":[{"name":"wp","href":"https:\/\/api.w.org\/{rel}","templated":true}]}}