{"id":2811,"date":"2016-03-03T21:46:18","date_gmt":"2016-03-03T21:46:18","guid":{"rendered":"https:\/\/futurehealthbiobank.com\/al\/?page_id=2811"},"modified":"2018-12-19T15:42:07","modified_gmt":"2018-12-19T14:42:07","slug":"cmimet-e-ruajtjes-se-qelizave-staminale","status":"publish","type":"page","link":"https:\/\/futurehealthbiobank.com\/al\/cmimet\/cmimet-e-ruajtjes-se-qelizave-staminale\/","title":{"rendered":"\u00c7mimet e ruajtjes s\u00eb qelizave staminale"},"content":{"rendered":"","protected":false},"excerpt":{"rendered":"","protected":false},"author":25,"featured_media":0,"parent":1708,"menu_order":0,"comment_status":"closed","ping_status":"closed","template":"page-page_template.php","meta":{"_acf_changed":false,"footnotes":""},"class_list":["post-2811","page","type-page","status-publish","hentry"],"acf":[],"yoast_head":"<!-- This site is optimized with the Yoast SEO Premium plugin v26.7 (Yoast SEO v26.7) - https:\/\/yoast.com\/wordpress\/plugins\/seo\/ -->\n<title>\u00c7mimet e ruajtjes s\u00eb qelizave staminale<\/title>\n<meta name=\"description\" content=\"Lista e \u00e7mimeve t\u00eb sh\u00ebrbimeve t\u00eb ruajtjes s\u00eb qelizave staminale t\u00eb kordonit k\u00ebrthizor dhe t\u00eb qelizave t\u00eb pulpit t\u00eb dh\u00ebmb\u00ebve\" \/>\n<meta name=\"robots\" content=\"index, follow, max-snippet:-1, max-image-preview:large, max-video-preview:-1\" \/>\n<link rel=\"canonical\" href=\"https:\/\/futurehealthbiobank.com\/al\/cmimet\/cmimet-e-ruajtjes-se-qelizave-staminale\/\" \/>\n<meta property=\"og:locale\" content=\"sq_AL\" \/>\n<meta property=\"og:type\" content=\"article\" \/>\n<meta property=\"og:title\" content=\"\u00c7mimet e ruajtjes s\u00eb qelizave staminale\" \/>\n<meta property=\"og:url\" content=\"https:\/\/futurehealthbiobank.com\/al\/cmimet\/cmimet-e-ruajtjes-se-qelizave-staminale\/\" \/>\n<meta property=\"og:site_name\" content=\"Future Health Biobank Albania\" \/>\n<meta property=\"article:modified_time\" content=\"2018-12-19T14:42:07+00:00\" \/>\n<meta name=\"twitter:card\" content=\"summary_large_image\" \/>\n<script type=\"application\/ld+json\" class=\"yoast-schema-graph\">{\"@context\":\"https:\/\/schema.org\",\"@graph\":[{\"@type\":\"WebPage\",\"@id\":\"https:\/\/futurehealthbiobank.com\/al\/cmimet\/cmimet-e-ruajtjes-se-qelizave-staminale\/\",\"url\":\"https:\/\/futurehealthbiobank.com\/al\/cmimet\/cmimet-e-ruajtjes-se-qelizave-staminale\/\",\"name\":\"\u00c7mimet e ruajtjes s\u00eb qelizave staminale\",\"isPartOf\":{\"@id\":\"https:\/\/futurehealthbiobank.com\/al\/#website\"},\"datePublished\":\"2016-03-03T21:46:18+00:00\",\"dateModified\":\"2018-12-19T14:42:07+00:00\",\"description\":\"Lista e \u00e7mimeve t\u00eb sh\u00ebrbimeve t\u00eb ruajtjes s\u00eb qelizave staminale t\u00eb kordonit k\u00ebrthizor dhe t\u00eb qelizave t\u00eb pulpit t\u00eb dh\u00ebmb\u00ebve\",\"breadcrumb\":{\"@id\":\"https:\/\/futurehealthbiobank.com\/al\/cmimet\/cmimet-e-ruajtjes-se-qelizave-staminale\/#breadcrumb\"},\"inLanguage\":\"sq\",\"potentialAction\":[{\"@type\":\"ReadAction\",\"target\":[\"https:\/\/futurehealthbiobank.com\/al\/cmimet\/cmimet-e-ruajtjes-se-qelizave-staminale\/\"]}]},{\"@type\":\"BreadcrumbList\",\"@id\":\"https:\/\/futurehealthbiobank.com\/al\/cmimet\/cmimet-e-ruajtjes-se-qelizave-staminale\/#breadcrumb\",\"itemListElement\":[{\"@type\":\"ListItem\",\"position\":1,\"name\":\"Kreu\",\"item\":\"https:\/\/futurehealthbiobank.com\/al\/\"},{\"@type\":\"ListItem\",\"position\":2,\"name\":\"\u00c7mimet\",\"item\":\"https:\/\/futurehealthbiobank.com\/al\/cmimet\/\"},{\"@type\":\"ListItem\",\"position\":3,\"name\":\"\u00c7mimet e ruajtjes s\u00eb qelizave staminale\"}]},{\"@type\":\"WebSite\",\"@id\":\"https:\/\/futurehealthbiobank.com\/al\/#website\",\"url\":\"https:\/\/futurehealthbiobank.com\/al\/\",\"name\":\"Future Health Biobank Albania\",\"description\":\"\",\"potentialAction\":[{\"@type\":\"SearchAction\",\"target\":{\"@type\":\"EntryPoint\",\"urlTemplate\":\"https:\/\/futurehealthbiobank.com\/al\/?s={search_term_string}\"},\"query-input\":{\"@type\":\"PropertyValueSpecification\",\"valueRequired\":true,\"valueName\":\"search_term_string\"}}],\"inLanguage\":\"sq\"}]}<\/script>\n<!-- \/ Yoast SEO Premium plugin. -->","yoast_head_json":{"title":"\u00c7mimet e ruajtjes s\u00eb qelizave staminale","description":"Lista e \u00e7mimeve t\u00eb sh\u00ebrbimeve t\u00eb ruajtjes s\u00eb qelizave staminale t\u00eb kordonit k\u00ebrthizor dhe t\u00eb qelizave t\u00eb pulpit t\u00eb dh\u00ebmb\u00ebve","robots":{"index":"index","follow":"follow","max-snippet":"max-snippet:-1","max-image-preview":"max-image-preview:large","max-video-preview":"max-video-preview:-1"},"canonical":"https:\/\/futurehealthbiobank.com\/al\/cmimet\/cmimet-e-ruajtjes-se-qelizave-staminale\/","og_locale":"sq_AL","og_type":"article","og_title":"\u00c7mimet e ruajtjes s\u00eb qelizave staminale","og_url":"https:\/\/futurehealthbiobank.com\/al\/cmimet\/cmimet-e-ruajtjes-se-qelizave-staminale\/","og_site_name":"Future Health Biobank Albania","article_modified_time":"2018-12-19T14:42:07+00:00","twitter_card":"summary_large_image","schema":{"@context":"https:\/\/schema.org","@graph":[{"@type":"WebPage","@id":"https:\/\/futurehealthbiobank.com\/al\/cmimet\/cmimet-e-ruajtjes-se-qelizave-staminale\/","url":"https:\/\/futurehealthbiobank.com\/al\/cmimet\/cmimet-e-ruajtjes-se-qelizave-staminale\/","name":"\u00c7mimet e ruajtjes s\u00eb qelizave staminale","isPartOf":{"@id":"https:\/\/futurehealthbiobank.com\/al\/#website"},"datePublished":"2016-03-03T21:46:18+00:00","dateModified":"2018-12-19T14:42:07+00:00","description":"Lista e \u00e7mimeve t\u00eb sh\u00ebrbimeve t\u00eb ruajtjes s\u00eb qelizave staminale t\u00eb kordonit k\u00ebrthizor dhe t\u00eb qelizave t\u00eb pulpit t\u00eb dh\u00ebmb\u00ebve","breadcrumb":{"@id":"https:\/\/futurehealthbiobank.com\/al\/cmimet\/cmimet-e-ruajtjes-se-qelizave-staminale\/#breadcrumb"},"inLanguage":"sq","potentialAction":[{"@type":"ReadAction","target":["https:\/\/futurehealthbiobank.com\/al\/cmimet\/cmimet-e-ruajtjes-se-qelizave-staminale\/"]}]},{"@type":"BreadcrumbList","@id":"https:\/\/futurehealthbiobank.com\/al\/cmimet\/cmimet-e-ruajtjes-se-qelizave-staminale\/#breadcrumb","itemListElement":[{"@type":"ListItem","position":1,"name":"Kreu","item":"https:\/\/futurehealthbiobank.com\/al\/"},{"@type":"ListItem","position":2,"name":"\u00c7mimet","item":"https:\/\/futurehealthbiobank.com\/al\/cmimet\/"},{"@type":"ListItem","position":3,"name":"\u00c7mimet e ruajtjes s\u00eb qelizave staminale"}]},{"@type":"WebSite","@id":"https:\/\/futurehealthbiobank.com\/al\/#website","url":"https:\/\/futurehealthbiobank.com\/al\/","name":"Future Health Biobank Albania","description":"","potentialAction":[{"@type":"SearchAction","target":{"@type":"EntryPoint","urlTemplate":"https:\/\/futurehealthbiobank.com\/al\/?s={search_term_string}"},"query-input":{"@type":"PropertyValueSpecification","valueRequired":true,"valueName":"search_term_string"}}],"inLanguage":"sq"}]}},"_links":{"self":[{"href":"https:\/\/futurehealthbiobank.com\/al\/wp-json\/wp\/v2\/pages\/2811","targetHints":{"allow":["GET"]}}],"collection":[{"href":"https:\/\/futurehealthbiobank.com\/al\/wp-json\/wp\/v2\/pages"}],"about":[{"href":"https:\/\/futurehealthbiobank.com\/al\/wp-json\/wp\/v2\/types\/page"}],"author":[{"embeddable":true,"href":"https:\/\/futurehealthbiobank.com\/al\/wp-json\/wp\/v2\/users\/25"}],"replies":[{"embeddable":true,"href":"https:\/\/futurehealthbiobank.com\/al\/wp-json\/wp\/v2\/comments?post=2811"}],"version-history":[{"count":0,"href":"https:\/\/futurehealthbiobank.com\/al\/wp-json\/wp\/v2\/pages\/2811\/revisions"}],"up":[{"embeddable":true,"href":"https:\/\/futurehealthbiobank.com\/al\/wp-json\/wp\/v2\/pages\/1708"}],"wp:attachment":[{"href":"https:\/\/futurehealthbiobank.com\/al\/wp-json\/wp\/v2\/media?parent=2811"}],"curies":[{"name":"wp","href":"https:\/\/api.w.org\/{rel}","templated":true}]}}