{"id":3593,"date":"2018-01-22T00:13:12","date_gmt":"2018-01-21T23:13:12","guid":{"rendered":"https:\/\/futurehealthbiobank.com\/al\/?page_id=3593"},"modified":"2018-01-25T16:52:28","modified_gmt":"2018-01-25T15:52:28","slug":"perpunimi-i-pulpit-te-dhembit","status":"publish","type":"page","link":"https:\/\/futurehealthbiobank.com\/al\/sherbimet-tona\/ruajtja-e-qelizave-staminale\/pulpi-i-dhembit\/perpunimi-i-pulpit-te-dhembit\/","title":{"rendered":"P\u00ebrpunimi i pulpit t\u00eb dh\u00ebmbit"},"content":{"rendered":"","protected":false},"excerpt":{"rendered":"","protected":false},"author":25,"featured_media":0,"parent":2374,"menu_order":0,"comment_status":"closed","ping_status":"closed","template":"page-collection.php","meta":{"_acf_changed":false,"footnotes":""},"class_list":["post-3593","page","type-page","status-publish","hentry"],"acf":[],"yoast_head":"<!-- This site is optimized with the Yoast SEO Premium plugin v26.7 (Yoast SEO v26.7) - https:\/\/yoast.com\/wordpress\/plugins\/seo\/ -->\n<title>P\u00ebrpunimi i pulpit t\u00eb dh\u00ebmbit - Future Health Biobank Albania<\/title>\n<meta name=\"robots\" content=\"index, follow, max-snippet:-1, max-image-preview:large, max-video-preview:-1\" \/>\n<link rel=\"canonical\" href=\"https:\/\/futurehealthbiobank.com\/al\/sherbimet-tona\/ruajtja-e-qelizave-staminale\/pulpi-i-dhembit\/perpunimi-i-pulpit-te-dhembit\/\" \/>\n<meta property=\"og:locale\" content=\"sq_AL\" \/>\n<meta property=\"og:type\" content=\"article\" \/>\n<meta property=\"og:title\" content=\"P\u00ebrpunimi i pulpit t\u00eb dh\u00ebmbit\" \/>\n<meta property=\"og:url\" content=\"https:\/\/futurehealthbiobank.com\/al\/sherbimet-tona\/ruajtja-e-qelizave-staminale\/pulpi-i-dhembit\/perpunimi-i-pulpit-te-dhembit\/\" \/>\n<meta property=\"og:site_name\" content=\"Future Health Biobank Albania\" \/>\n<meta property=\"article:modified_time\" content=\"2018-01-25T15:52:28+00:00\" \/>\n<meta name=\"twitter:card\" content=\"summary_large_image\" \/>\n<script type=\"application\/ld+json\" class=\"yoast-schema-graph\">{\"@context\":\"https:\/\/schema.org\",\"@graph\":[{\"@type\":\"WebPage\",\"@id\":\"https:\/\/futurehealthbiobank.com\/al\/sherbimet-tona\/ruajtja-e-qelizave-staminale\/pulpi-i-dhembit\/perpunimi-i-pulpit-te-dhembit\/\",\"url\":\"https:\/\/futurehealthbiobank.com\/al\/sherbimet-tona\/ruajtja-e-qelizave-staminale\/pulpi-i-dhembit\/perpunimi-i-pulpit-te-dhembit\/\",\"name\":\"P\u00ebrpunimi i pulpit t\u00eb dh\u00ebmbit - Future Health Biobank Albania\",\"isPartOf\":{\"@id\":\"https:\/\/futurehealthbiobank.com\/al\/#website\"},\"datePublished\":\"2018-01-21T23:13:12+00:00\",\"dateModified\":\"2018-01-25T15:52:28+00:00\",\"breadcrumb\":{\"@id\":\"https:\/\/futurehealthbiobank.com\/al\/sherbimet-tona\/ruajtja-e-qelizave-staminale\/pulpi-i-dhembit\/perpunimi-i-pulpit-te-dhembit\/#breadcrumb\"},\"inLanguage\":\"sq\",\"potentialAction\":[{\"@type\":\"ReadAction\",\"target\":[\"https:\/\/futurehealthbiobank.com\/al\/sherbimet-tona\/ruajtja-e-qelizave-staminale\/pulpi-i-dhembit\/perpunimi-i-pulpit-te-dhembit\/\"]}]},{\"@type\":\"BreadcrumbList\",\"@id\":\"https:\/\/futurehealthbiobank.com\/al\/sherbimet-tona\/ruajtja-e-qelizave-staminale\/pulpi-i-dhembit\/perpunimi-i-pulpit-te-dhembit\/#breadcrumb\",\"itemListElement\":[{\"@type\":\"ListItem\",\"position\":1,\"name\":\"Kreu\",\"item\":\"https:\/\/futurehealthbiobank.com\/al\/\"},{\"@type\":\"ListItem\",\"position\":2,\"name\":\"Sh\u00ebrbimet tona\",\"item\":\"https:\/\/futurehealthbiobank.com\/al\/sherbimet-tona\/\"},{\"@type\":\"ListItem\",\"position\":3,\"name\":\"Ruajtja e qelizave staminale\",\"item\":\"https:\/\/futurehealthbiobank.com\/al\/sherbimet-tona\/ruajtja-e-qelizave-staminale\/\"},{\"@type\":\"ListItem\",\"position\":4,\"name\":\"Pulpi i dh\u00ebmbit\",\"item\":\"https:\/\/futurehealthbiobank.com\/al\/sherbimet-tona\/ruajtja-e-qelizave-staminale\/pulpi-i-dhembit\/\"},{\"@type\":\"ListItem\",\"position\":5,\"name\":\"P\u00ebrpunimi i pulpit t\u00eb dh\u00ebmbit\"}]},{\"@type\":\"WebSite\",\"@id\":\"https:\/\/futurehealthbiobank.com\/al\/#website\",\"url\":\"https:\/\/futurehealthbiobank.com\/al\/\",\"name\":\"Future Health Biobank Albania\",\"description\":\"\",\"potentialAction\":[{\"@type\":\"SearchAction\",\"target\":{\"@type\":\"EntryPoint\",\"urlTemplate\":\"https:\/\/futurehealthbiobank.com\/al\/?s={search_term_string}\"},\"query-input\":{\"@type\":\"PropertyValueSpecification\",\"valueRequired\":true,\"valueName\":\"search_term_string\"}}],\"inLanguage\":\"sq\"}]}<\/script>\n<!-- \/ Yoast SEO Premium plugin. -->","yoast_head_json":{"title":"P\u00ebrpunimi i pulpit t\u00eb dh\u00ebmbit - Future Health Biobank Albania","robots":{"index":"index","follow":"follow","max-snippet":"max-snippet:-1","max-image-preview":"max-image-preview:large","max-video-preview":"max-video-preview:-1"},"canonical":"https:\/\/futurehealthbiobank.com\/al\/sherbimet-tona\/ruajtja-e-qelizave-staminale\/pulpi-i-dhembit\/perpunimi-i-pulpit-te-dhembit\/","og_locale":"sq_AL","og_type":"article","og_title":"P\u00ebrpunimi i pulpit t\u00eb dh\u00ebmbit","og_url":"https:\/\/futurehealthbiobank.com\/al\/sherbimet-tona\/ruajtja-e-qelizave-staminale\/pulpi-i-dhembit\/perpunimi-i-pulpit-te-dhembit\/","og_site_name":"Future Health Biobank Albania","article_modified_time":"2018-01-25T15:52:28+00:00","twitter_card":"summary_large_image","schema":{"@context":"https:\/\/schema.org","@graph":[{"@type":"WebPage","@id":"https:\/\/futurehealthbiobank.com\/al\/sherbimet-tona\/ruajtja-e-qelizave-staminale\/pulpi-i-dhembit\/perpunimi-i-pulpit-te-dhembit\/","url":"https:\/\/futurehealthbiobank.com\/al\/sherbimet-tona\/ruajtja-e-qelizave-staminale\/pulpi-i-dhembit\/perpunimi-i-pulpit-te-dhembit\/","name":"P\u00ebrpunimi i pulpit t\u00eb dh\u00ebmbit - Future Health Biobank Albania","isPartOf":{"@id":"https:\/\/futurehealthbiobank.com\/al\/#website"},"datePublished":"2018-01-21T23:13:12+00:00","dateModified":"2018-01-25T15:52:28+00:00","breadcrumb":{"@id":"https:\/\/futurehealthbiobank.com\/al\/sherbimet-tona\/ruajtja-e-qelizave-staminale\/pulpi-i-dhembit\/perpunimi-i-pulpit-te-dhembit\/#breadcrumb"},"inLanguage":"sq","potentialAction":[{"@type":"ReadAction","target":["https:\/\/futurehealthbiobank.com\/al\/sherbimet-tona\/ruajtja-e-qelizave-staminale\/pulpi-i-dhembit\/perpunimi-i-pulpit-te-dhembit\/"]}]},{"@type":"BreadcrumbList","@id":"https:\/\/futurehealthbiobank.com\/al\/sherbimet-tona\/ruajtja-e-qelizave-staminale\/pulpi-i-dhembit\/perpunimi-i-pulpit-te-dhembit\/#breadcrumb","itemListElement":[{"@type":"ListItem","position":1,"name":"Kreu","item":"https:\/\/futurehealthbiobank.com\/al\/"},{"@type":"ListItem","position":2,"name":"Sh\u00ebrbimet tona","item":"https:\/\/futurehealthbiobank.com\/al\/sherbimet-tona\/"},{"@type":"ListItem","position":3,"name":"Ruajtja e qelizave staminale","item":"https:\/\/futurehealthbiobank.com\/al\/sherbimet-tona\/ruajtja-e-qelizave-staminale\/"},{"@type":"ListItem","position":4,"name":"Pulpi i dh\u00ebmbit","item":"https:\/\/futurehealthbiobank.com\/al\/sherbimet-tona\/ruajtja-e-qelizave-staminale\/pulpi-i-dhembit\/"},{"@type":"ListItem","position":5,"name":"P\u00ebrpunimi i pulpit t\u00eb dh\u00ebmbit"}]},{"@type":"WebSite","@id":"https:\/\/futurehealthbiobank.com\/al\/#website","url":"https:\/\/futurehealthbiobank.com\/al\/","name":"Future Health Biobank Albania","description":"","potentialAction":[{"@type":"SearchAction","target":{"@type":"EntryPoint","urlTemplate":"https:\/\/futurehealthbiobank.com\/al\/?s={search_term_string}"},"query-input":{"@type":"PropertyValueSpecification","valueRequired":true,"valueName":"search_term_string"}}],"inLanguage":"sq"}]}},"_links":{"self":[{"href":"https:\/\/futurehealthbiobank.com\/al\/wp-json\/wp\/v2\/pages\/3593","targetHints":{"allow":["GET"]}}],"collection":[{"href":"https:\/\/futurehealthbiobank.com\/al\/wp-json\/wp\/v2\/pages"}],"about":[{"href":"https:\/\/futurehealthbiobank.com\/al\/wp-json\/wp\/v2\/types\/page"}],"author":[{"embeddable":true,"href":"https:\/\/futurehealthbiobank.com\/al\/wp-json\/wp\/v2\/users\/25"}],"replies":[{"embeddable":true,"href":"https:\/\/futurehealthbiobank.com\/al\/wp-json\/wp\/v2\/comments?post=3593"}],"version-history":[{"count":0,"href":"https:\/\/futurehealthbiobank.com\/al\/wp-json\/wp\/v2\/pages\/3593\/revisions"}],"up":[{"embeddable":true,"href":"https:\/\/futurehealthbiobank.com\/al\/wp-json\/wp\/v2\/pages\/2374"}],"wp:attachment":[{"href":"https:\/\/futurehealthbiobank.com\/al\/wp-json\/wp\/v2\/media?parent=3593"}],"curies":[{"name":"wp","href":"https:\/\/api.w.org\/{rel}","templated":true}]}}