

{"id":1925,"date":"2016-02-01T09:25:58","date_gmt":"2016-02-01T09:25:58","guid":{"rendered":"https:\/\/futurehealthbiobank.com\/ba\/?page_id=1925"},"modified":"2018-10-26T16:14:10","modified_gmt":"2018-10-26T15:14:10","slug":"savjetodavni-odbor","status":"publish","type":"page","link":"https:\/\/futurehealthbiobank.com\/ba\/o-nama\/savjetodavni-odbor\/","title":{"rendered":"Savjetodavni odbor"},"content":{"rendered":"","protected":false},"excerpt":{"rendered":"","protected":false},"author":25,"featured_media":0,"parent":1706,"menu_order":0,"comment_status":"closed","ping_status":"closed","template":"page-page_template.php","meta":{"_acf_changed":false,"footnotes":""},"class_list":["post-1925","page","type-page","status-publish","hentry"],"acf":[],"yoast_head":"<!-- This site is optimized with the Yoast SEO Premium plugin v26.7 (Yoast SEO v26.7) - https:\/\/yoast.com\/wordpress\/plugins\/seo\/ -->\n<title>Savjetodavni odbor | Me\u0111unarodni tim stru\u010dnjaka<\/title>\n<meta name=\"description\" content=\"Tim stru\u010dnjaka omogu\u0107ava da Future Health Biobank ponudi svojim klijentima najbolju mogu\u0107u uslugu i novosti iz svijeta nauke.\" \/>\n<meta name=\"robots\" content=\"index, follow, max-snippet:-1, max-image-preview:large, max-video-preview:-1\" \/>\n<link rel=\"canonical\" href=\"https:\/\/futurehealthbiobank.com\/ba\/o-nama\/savjetodavni-odbor\/\" \/>\n<meta property=\"og:locale\" content=\"bs_BA\" \/>\n<meta property=\"og:type\" content=\"article\" \/>\n<meta property=\"og:title\" content=\"Savjetodavni odbor\" \/>\n<meta property=\"og:url\" content=\"https:\/\/futurehealthbiobank.com\/ba\/o-nama\/savjetodavni-odbor\/\" \/>\n<meta property=\"og:site_name\" content=\"Future Health Biobank Bosnia\" \/>\n<meta property=\"article:modified_time\" content=\"2018-10-26T15:14:10+00:00\" \/>\n<meta name=\"twitter:card\" content=\"summary_large_image\" \/>\n<script type=\"application\/ld+json\" class=\"yoast-schema-graph\">{\"@context\":\"https:\/\/schema.org\",\"@graph\":[{\"@type\":\"WebPage\",\"@id\":\"https:\/\/futurehealthbiobank.com\/ba\/o-nama\/savjetodavni-odbor\/\",\"url\":\"https:\/\/futurehealthbiobank.com\/ba\/o-nama\/savjetodavni-odbor\/\",\"name\":\"Savjetodavni odbor | Me\u0111unarodni tim stru\u010dnjaka\",\"isPartOf\":{\"@id\":\"https:\/\/futurehealthbiobank.com\/ba\/#website\"},\"datePublished\":\"2016-02-01T09:25:58+00:00\",\"dateModified\":\"2018-10-26T15:14:10+00:00\",\"description\":\"Tim stru\u010dnjaka omogu\u0107ava da Future Health Biobank ponudi svojim klijentima najbolju mogu\u0107u uslugu i novosti iz svijeta nauke.\",\"breadcrumb\":{\"@id\":\"https:\/\/futurehealthbiobank.com\/ba\/o-nama\/savjetodavni-odbor\/#breadcrumb\"},\"inLanguage\":\"bs-BA\",\"potentialAction\":[{\"@type\":\"ReadAction\",\"target\":[\"https:\/\/futurehealthbiobank.com\/ba\/o-nama\/savjetodavni-odbor\/\"]}]},{\"@type\":\"BreadcrumbList\",\"@id\":\"https:\/\/futurehealthbiobank.com\/ba\/o-nama\/savjetodavni-odbor\/#breadcrumb\",\"itemListElement\":[{\"@type\":\"ListItem\",\"position\":1,\"name\":\"Po\u010detna\",\"item\":\"https:\/\/futurehealthbiobank.com\/ba\/\"},{\"@type\":\"ListItem\",\"position\":2,\"name\":\"O Nama\",\"item\":\"https:\/\/futurehealthbiobank.com\/ba\/o-nama\/\"},{\"@type\":\"ListItem\",\"position\":3,\"name\":\"Savjetodavni odbor\"}]},{\"@type\":\"WebSite\",\"@id\":\"https:\/\/futurehealthbiobank.com\/ba\/#website\",\"url\":\"https:\/\/futurehealthbiobank.com\/ba\/\",\"name\":\"Future Health Biobank Bosnia\",\"description\":\"\",\"potentialAction\":[{\"@type\":\"SearchAction\",\"target\":{\"@type\":\"EntryPoint\",\"urlTemplate\":\"https:\/\/futurehealthbiobank.com\/ba\/?s={search_term_string}\"},\"query-input\":{\"@type\":\"PropertyValueSpecification\",\"valueRequired\":true,\"valueName\":\"search_term_string\"}}],\"inLanguage\":\"bs-BA\"}]}<\/script>\n<!-- \/ Yoast SEO Premium plugin. -->","yoast_head_json":{"title":"Savjetodavni odbor | Me\u0111unarodni tim stru\u010dnjaka","description":"Tim stru\u010dnjaka omogu\u0107ava da Future Health Biobank ponudi svojim klijentima najbolju mogu\u0107u uslugu i novosti iz svijeta nauke.","robots":{"index":"index","follow":"follow","max-snippet":"max-snippet:-1","max-image-preview":"max-image-preview:large","max-video-preview":"max-video-preview:-1"},"canonical":"https:\/\/futurehealthbiobank.com\/ba\/o-nama\/savjetodavni-odbor\/","og_locale":"bs_BA","og_type":"article","og_title":"Savjetodavni odbor","og_url":"https:\/\/futurehealthbiobank.com\/ba\/o-nama\/savjetodavni-odbor\/","og_site_name":"Future Health Biobank Bosnia","article_modified_time":"2018-10-26T15:14:10+00:00","twitter_card":"summary_large_image","schema":{"@context":"https:\/\/schema.org","@graph":[{"@type":"WebPage","@id":"https:\/\/futurehealthbiobank.com\/ba\/o-nama\/savjetodavni-odbor\/","url":"https:\/\/futurehealthbiobank.com\/ba\/o-nama\/savjetodavni-odbor\/","name":"Savjetodavni odbor | Me\u0111unarodni tim stru\u010dnjaka","isPartOf":{"@id":"https:\/\/futurehealthbiobank.com\/ba\/#website"},"datePublished":"2016-02-01T09:25:58+00:00","dateModified":"2018-10-26T15:14:10+00:00","description":"Tim stru\u010dnjaka omogu\u0107ava da Future Health Biobank ponudi svojim klijentima najbolju mogu\u0107u uslugu i novosti iz svijeta nauke.","breadcrumb":{"@id":"https:\/\/futurehealthbiobank.com\/ba\/o-nama\/savjetodavni-odbor\/#breadcrumb"},"inLanguage":"bs-BA","potentialAction":[{"@type":"ReadAction","target":["https:\/\/futurehealthbiobank.com\/ba\/o-nama\/savjetodavni-odbor\/"]}]},{"@type":"BreadcrumbList","@id":"https:\/\/futurehealthbiobank.com\/ba\/o-nama\/savjetodavni-odbor\/#breadcrumb","itemListElement":[{"@type":"ListItem","position":1,"name":"Po\u010detna","item":"https:\/\/futurehealthbiobank.com\/ba\/"},{"@type":"ListItem","position":2,"name":"O Nama","item":"https:\/\/futurehealthbiobank.com\/ba\/o-nama\/"},{"@type":"ListItem","position":3,"name":"Savjetodavni odbor"}]},{"@type":"WebSite","@id":"https:\/\/futurehealthbiobank.com\/ba\/#website","url":"https:\/\/futurehealthbiobank.com\/ba\/","name":"Future Health Biobank Bosnia","description":"","potentialAction":[{"@type":"SearchAction","target":{"@type":"EntryPoint","urlTemplate":"https:\/\/futurehealthbiobank.com\/ba\/?s={search_term_string}"},"query-input":{"@type":"PropertyValueSpecification","valueRequired":true,"valueName":"search_term_string"}}],"inLanguage":"bs-BA"}]}},"_links":{"self":[{"href":"https:\/\/futurehealthbiobank.com\/ba\/wp-json\/wp\/v2\/pages\/1925","targetHints":{"allow":["GET"]}}],"collection":[{"href":"https:\/\/futurehealthbiobank.com\/ba\/wp-json\/wp\/v2\/pages"}],"about":[{"href":"https:\/\/futurehealthbiobank.com\/ba\/wp-json\/wp\/v2\/types\/page"}],"author":[{"embeddable":true,"href":"https:\/\/futurehealthbiobank.com\/ba\/wp-json\/wp\/v2\/users\/25"}],"replies":[{"embeddable":true,"href":"https:\/\/futurehealthbiobank.com\/ba\/wp-json\/wp\/v2\/comments?post=1925"}],"version-history":[{"count":0,"href":"https:\/\/futurehealthbiobank.com\/ba\/wp-json\/wp\/v2\/pages\/1925\/revisions"}],"up":[{"embeddable":true,"href":"https:\/\/futurehealthbiobank.com\/ba\/wp-json\/wp\/v2\/pages\/1706"}],"wp:attachment":[{"href":"https:\/\/futurehealthbiobank.com\/ba\/wp-json\/wp\/v2\/media?parent=1925"}],"curies":[{"name":"wp","href":"https:\/\/api.w.org\/{rel}","templated":true}]}}