

{"id":2374,"date":"2016-02-15T00:36:03","date_gmt":"2016-02-15T00:36:03","guid":{"rendered":"https:\/\/futurehealthbiobank.com\/ba\/?page_id=2374"},"modified":"2018-01-30T16:55:40","modified_gmt":"2018-01-30T16:55:40","slug":"pohranjivanje-celija-dentalne-pulpe","status":"publish","type":"page","link":"https:\/\/futurehealthbiobank.com\/ba\/pohranjivanje-maticnih-celija\/pohranjivanje-celija-dentalne-pulpe\/","title":{"rendered":"Pohranjivanje \u0107elija dentalne pulpe"},"content":{"rendered":"","protected":false},"excerpt":{"rendered":"","protected":false},"author":25,"featured_media":0,"parent":2382,"menu_order":0,"comment_status":"closed","ping_status":"closed","template":"page-page_template.php","meta":{"_acf_changed":false,"footnotes":""},"class_list":["post-2374","page","type-page","status-publish","hentry"],"acf":[],"yoast_head":"<!-- This site is optimized with the Yoast SEO Premium plugin v26.7 (Yoast SEO v26.7) - https:\/\/yoast.com\/wordpress\/plugins\/seo\/ -->\n<title>Pohranjivanje \u0107elija dentalne pulpe | Mlije\u010dni zubi i umnjaci<\/title>\n<meta name=\"description\" content=\"\u0106elije dentalne pulpe mogu se na\u0107i unutar mlije\u010dnih zuba va\u0161e djece i unutar zdravih zuba odraslih, te se mogu koristiti u regenerativnoj medicini.\" \/>\n<meta name=\"robots\" content=\"index, follow, max-snippet:-1, max-image-preview:large, max-video-preview:-1\" \/>\n<link rel=\"canonical\" href=\"https:\/\/futurehealthbiobank.com\/ba\/pohranjivanje-maticnih-celija\/pohranjivanje-celija-dentalne-pulpe\/\" \/>\n<meta property=\"og:locale\" content=\"bs_BA\" \/>\n<meta property=\"og:type\" content=\"article\" \/>\n<meta property=\"og:title\" content=\"Pohranjivanje \u0107elija dentalne pulpe\" \/>\n<meta property=\"og:url\" content=\"https:\/\/futurehealthbiobank.com\/ba\/pohranjivanje-maticnih-celija\/pohranjivanje-celija-dentalne-pulpe\/\" \/>\n<meta property=\"og:site_name\" content=\"Future Health Biobank Bosnia\" \/>\n<meta property=\"article:modified_time\" content=\"2018-01-30T16:55:40+00:00\" \/>\n<meta name=\"twitter:card\" content=\"summary_large_image\" \/>\n<script type=\"application\/ld+json\" class=\"yoast-schema-graph\">{\"@context\":\"https:\/\/schema.org\",\"@graph\":[{\"@type\":\"WebPage\",\"@id\":\"https:\/\/futurehealthbiobank.com\/ba\/pohranjivanje-maticnih-celija\/pohranjivanje-celija-dentalne-pulpe\/\",\"url\":\"https:\/\/futurehealthbiobank.com\/ba\/pohranjivanje-maticnih-celija\/pohranjivanje-celija-dentalne-pulpe\/\",\"name\":\"Pohranjivanje \u0107elija dentalne pulpe | Mlije\u010dni zubi i umnjaci\",\"isPartOf\":{\"@id\":\"https:\/\/futurehealthbiobank.com\/ba\/#website\"},\"datePublished\":\"2016-02-15T00:36:03+00:00\",\"dateModified\":\"2018-01-30T16:55:40+00:00\",\"description\":\"\u0106elije dentalne pulpe mogu se na\u0107i unutar mlije\u010dnih zuba va\u0161e djece i unutar zdravih zuba odraslih, te se mogu koristiti u regenerativnoj medicini.\",\"breadcrumb\":{\"@id\":\"https:\/\/futurehealthbiobank.com\/ba\/pohranjivanje-maticnih-celija\/pohranjivanje-celija-dentalne-pulpe\/#breadcrumb\"},\"inLanguage\":\"bs-BA\",\"potentialAction\":[{\"@type\":\"ReadAction\",\"target\":[\"https:\/\/futurehealthbiobank.com\/ba\/pohranjivanje-maticnih-celija\/pohranjivanje-celija-dentalne-pulpe\/\"]}]},{\"@type\":\"BreadcrumbList\",\"@id\":\"https:\/\/futurehealthbiobank.com\/ba\/pohranjivanje-maticnih-celija\/pohranjivanje-celija-dentalne-pulpe\/#breadcrumb\",\"itemListElement\":[{\"@type\":\"ListItem\",\"position\":1,\"name\":\"Po\u010detna\",\"item\":\"https:\/\/futurehealthbiobank.com\/ba\/\"},{\"@type\":\"ListItem\",\"position\":2,\"name\":\"Pohranjivanje mati\u010dnih \u0107elija\",\"item\":\"https:\/\/futurehealthbiobank.com\/ba\/pohranjivanje-maticnih-celija\/\"},{\"@type\":\"ListItem\",\"position\":3,\"name\":\"Pohranjivanje \u0107elija dentalne pulpe\"}]},{\"@type\":\"WebSite\",\"@id\":\"https:\/\/futurehealthbiobank.com\/ba\/#website\",\"url\":\"https:\/\/futurehealthbiobank.com\/ba\/\",\"name\":\"Future Health Biobank Bosnia\",\"description\":\"\",\"potentialAction\":[{\"@type\":\"SearchAction\",\"target\":{\"@type\":\"EntryPoint\",\"urlTemplate\":\"https:\/\/futurehealthbiobank.com\/ba\/?s={search_term_string}\"},\"query-input\":{\"@type\":\"PropertyValueSpecification\",\"valueRequired\":true,\"valueName\":\"search_term_string\"}}],\"inLanguage\":\"bs-BA\"}]}<\/script>\n<!-- \/ Yoast SEO Premium plugin. -->","yoast_head_json":{"title":"Pohranjivanje \u0107elija dentalne pulpe | Mlije\u010dni zubi i umnjaci","description":"\u0106elije dentalne pulpe mogu se na\u0107i unutar mlije\u010dnih zuba va\u0161e djece i unutar zdravih zuba odraslih, te se mogu koristiti u regenerativnoj medicini.","robots":{"index":"index","follow":"follow","max-snippet":"max-snippet:-1","max-image-preview":"max-image-preview:large","max-video-preview":"max-video-preview:-1"},"canonical":"https:\/\/futurehealthbiobank.com\/ba\/pohranjivanje-maticnih-celija\/pohranjivanje-celija-dentalne-pulpe\/","og_locale":"bs_BA","og_type":"article","og_title":"Pohranjivanje \u0107elija dentalne pulpe","og_url":"https:\/\/futurehealthbiobank.com\/ba\/pohranjivanje-maticnih-celija\/pohranjivanje-celija-dentalne-pulpe\/","og_site_name":"Future Health Biobank Bosnia","article_modified_time":"2018-01-30T16:55:40+00:00","twitter_card":"summary_large_image","schema":{"@context":"https:\/\/schema.org","@graph":[{"@type":"WebPage","@id":"https:\/\/futurehealthbiobank.com\/ba\/pohranjivanje-maticnih-celija\/pohranjivanje-celija-dentalne-pulpe\/","url":"https:\/\/futurehealthbiobank.com\/ba\/pohranjivanje-maticnih-celija\/pohranjivanje-celija-dentalne-pulpe\/","name":"Pohranjivanje \u0107elija dentalne pulpe | Mlije\u010dni zubi i umnjaci","isPartOf":{"@id":"https:\/\/futurehealthbiobank.com\/ba\/#website"},"datePublished":"2016-02-15T00:36:03+00:00","dateModified":"2018-01-30T16:55:40+00:00","description":"\u0106elije dentalne pulpe mogu se na\u0107i unutar mlije\u010dnih zuba va\u0161e djece i unutar zdravih zuba odraslih, te se mogu koristiti u regenerativnoj medicini.","breadcrumb":{"@id":"https:\/\/futurehealthbiobank.com\/ba\/pohranjivanje-maticnih-celija\/pohranjivanje-celija-dentalne-pulpe\/#breadcrumb"},"inLanguage":"bs-BA","potentialAction":[{"@type":"ReadAction","target":["https:\/\/futurehealthbiobank.com\/ba\/pohranjivanje-maticnih-celija\/pohranjivanje-celija-dentalne-pulpe\/"]}]},{"@type":"BreadcrumbList","@id":"https:\/\/futurehealthbiobank.com\/ba\/pohranjivanje-maticnih-celija\/pohranjivanje-celija-dentalne-pulpe\/#breadcrumb","itemListElement":[{"@type":"ListItem","position":1,"name":"Po\u010detna","item":"https:\/\/futurehealthbiobank.com\/ba\/"},{"@type":"ListItem","position":2,"name":"Pohranjivanje mati\u010dnih \u0107elija","item":"https:\/\/futurehealthbiobank.com\/ba\/pohranjivanje-maticnih-celija\/"},{"@type":"ListItem","position":3,"name":"Pohranjivanje \u0107elija dentalne pulpe"}]},{"@type":"WebSite","@id":"https:\/\/futurehealthbiobank.com\/ba\/#website","url":"https:\/\/futurehealthbiobank.com\/ba\/","name":"Future Health Biobank Bosnia","description":"","potentialAction":[{"@type":"SearchAction","target":{"@type":"EntryPoint","urlTemplate":"https:\/\/futurehealthbiobank.com\/ba\/?s={search_term_string}"},"query-input":{"@type":"PropertyValueSpecification","valueRequired":true,"valueName":"search_term_string"}}],"inLanguage":"bs-BA"}]}},"_links":{"self":[{"href":"https:\/\/futurehealthbiobank.com\/ba\/wp-json\/wp\/v2\/pages\/2374","targetHints":{"allow":["GET"]}}],"collection":[{"href":"https:\/\/futurehealthbiobank.com\/ba\/wp-json\/wp\/v2\/pages"}],"about":[{"href":"https:\/\/futurehealthbiobank.com\/ba\/wp-json\/wp\/v2\/types\/page"}],"author":[{"embeddable":true,"href":"https:\/\/futurehealthbiobank.com\/ba\/wp-json\/wp\/v2\/users\/25"}],"replies":[{"embeddable":true,"href":"https:\/\/futurehealthbiobank.com\/ba\/wp-json\/wp\/v2\/comments?post=2374"}],"version-history":[{"count":0,"href":"https:\/\/futurehealthbiobank.com\/ba\/wp-json\/wp\/v2\/pages\/2374\/revisions"}],"up":[{"embeddable":true,"href":"https:\/\/futurehealthbiobank.com\/ba\/wp-json\/wp\/v2\/pages\/2382"}],"wp:attachment":[{"href":"https:\/\/futurehealthbiobank.com\/ba\/wp-json\/wp\/v2\/media?parent=2374"}],"curies":[{"name":"wp","href":"https:\/\/api.w.org\/{rel}","templated":true}]}}