

{"id":2935,"date":"2016-03-10T00:21:37","date_gmt":"2016-03-10T00:21:37","guid":{"rendered":"https:\/\/futurehealthbiobank.com\/ba\/?page_id=2935"},"modified":"2018-01-30T16:49:55","modified_gmt":"2018-01-30T16:49:55","slug":"pohrana-maticnih-celija-krvi-pupcane-vrpce","status":"publish","type":"page","link":"https:\/\/futurehealthbiobank.com\/ba\/pohranjivanje-maticnih-celija\/pohrana-maticnih-celija-krvi-pupcane-vrpce\/","title":{"rendered":"Pohrana mati\u010dnih \u0107elija krvi pup\u010dane vrpce"},"content":{"rendered":"","protected":false},"excerpt":{"rendered":"","protected":false},"author":25,"featured_media":0,"parent":2382,"menu_order":0,"comment_status":"closed","ping_status":"closed","template":"page-page_template.php","meta":{"_acf_changed":false,"footnotes":""},"class_list":["post-2935","page","type-page","status-publish","hentry"],"acf":[],"yoast_head":"<!-- This site is optimized with the Yoast SEO Premium plugin v26.7 (Yoast SEO v26.7) - https:\/\/yoast.com\/wordpress\/plugins\/seo\/ -->\n<title>Umbilical cord stem cell banking | Cord blood collection<\/title>\n<meta name=\"description\" content=\"Cord blood stem cells can treat over 85 different conditions including leukaemia. Offering a choice of processing method; volume reduced or whole blood\" \/>\n<meta name=\"robots\" content=\"index, follow, max-snippet:-1, max-image-preview:large, max-video-preview:-1\" \/>\n<link rel=\"canonical\" href=\"https:\/\/futurehealthbiobank.com\/ba\/pohranjivanje-maticnih-celija\/pohrana-maticnih-celija-krvi-pupcane-vrpce\/\" \/>\n<meta property=\"og:locale\" content=\"bs_BA\" \/>\n<meta property=\"og:type\" content=\"article\" \/>\n<meta property=\"og:title\" content=\"Pohrana mati\u010dnih \u0107elija krvi pup\u010dane vrpce\" \/>\n<meta property=\"og:url\" content=\"https:\/\/futurehealthbiobank.com\/ba\/pohranjivanje-maticnih-celija\/pohrana-maticnih-celija-krvi-pupcane-vrpce\/\" \/>\n<meta property=\"og:site_name\" content=\"Future Health Biobank Bosnia\" \/>\n<meta property=\"article:modified_time\" content=\"2018-01-30T16:49:55+00:00\" \/>\n<meta name=\"twitter:card\" content=\"summary_large_image\" \/>\n<script type=\"application\/ld+json\" class=\"yoast-schema-graph\">{\"@context\":\"https:\/\/schema.org\",\"@graph\":[{\"@type\":\"WebPage\",\"@id\":\"https:\/\/futurehealthbiobank.com\/ba\/pohranjivanje-maticnih-celija\/pohrana-maticnih-celija-krvi-pupcane-vrpce\/\",\"url\":\"https:\/\/futurehealthbiobank.com\/ba\/pohranjivanje-maticnih-celija\/pohrana-maticnih-celija-krvi-pupcane-vrpce\/\",\"name\":\"Umbilical cord stem cell banking | Cord blood collection\",\"isPartOf\":{\"@id\":\"https:\/\/futurehealthbiobank.com\/ba\/#website\"},\"datePublished\":\"2016-03-10T00:21:37+00:00\",\"dateModified\":\"2018-01-30T16:49:55+00:00\",\"description\":\"Cord blood stem cells can treat over 85 different conditions including leukaemia. Offering a choice of processing method; volume reduced or whole blood\",\"breadcrumb\":{\"@id\":\"https:\/\/futurehealthbiobank.com\/ba\/pohranjivanje-maticnih-celija\/pohrana-maticnih-celija-krvi-pupcane-vrpce\/#breadcrumb\"},\"inLanguage\":\"bs-BA\",\"potentialAction\":[{\"@type\":\"ReadAction\",\"target\":[\"https:\/\/futurehealthbiobank.com\/ba\/pohranjivanje-maticnih-celija\/pohrana-maticnih-celija-krvi-pupcane-vrpce\/\"]}]},{\"@type\":\"BreadcrumbList\",\"@id\":\"https:\/\/futurehealthbiobank.com\/ba\/pohranjivanje-maticnih-celija\/pohrana-maticnih-celija-krvi-pupcane-vrpce\/#breadcrumb\",\"itemListElement\":[{\"@type\":\"ListItem\",\"position\":1,\"name\":\"Po\u010detna\",\"item\":\"https:\/\/futurehealthbiobank.com\/ba\/\"},{\"@type\":\"ListItem\",\"position\":2,\"name\":\"Pohranjivanje mati\u010dnih \u0107elija\",\"item\":\"https:\/\/futurehealthbiobank.com\/ba\/pohranjivanje-maticnih-celija\/\"},{\"@type\":\"ListItem\",\"position\":3,\"name\":\"Pohrana mati\u010dnih \u0107elija krvi pup\u010dane vrpce\"}]},{\"@type\":\"WebSite\",\"@id\":\"https:\/\/futurehealthbiobank.com\/ba\/#website\",\"url\":\"https:\/\/futurehealthbiobank.com\/ba\/\",\"name\":\"Future Health Biobank Bosnia\",\"description\":\"\",\"potentialAction\":[{\"@type\":\"SearchAction\",\"target\":{\"@type\":\"EntryPoint\",\"urlTemplate\":\"https:\/\/futurehealthbiobank.com\/ba\/?s={search_term_string}\"},\"query-input\":{\"@type\":\"PropertyValueSpecification\",\"valueRequired\":true,\"valueName\":\"search_term_string\"}}],\"inLanguage\":\"bs-BA\"}]}<\/script>\n<!-- \/ Yoast SEO Premium plugin. -->","yoast_head_json":{"title":"Umbilical cord stem cell banking | Cord blood collection","description":"Cord blood stem cells can treat over 85 different conditions including leukaemia. Offering a choice of processing method; volume reduced or whole blood","robots":{"index":"index","follow":"follow","max-snippet":"max-snippet:-1","max-image-preview":"max-image-preview:large","max-video-preview":"max-video-preview:-1"},"canonical":"https:\/\/futurehealthbiobank.com\/ba\/pohranjivanje-maticnih-celija\/pohrana-maticnih-celija-krvi-pupcane-vrpce\/","og_locale":"bs_BA","og_type":"article","og_title":"Pohrana mati\u010dnih \u0107elija krvi pup\u010dane vrpce","og_url":"https:\/\/futurehealthbiobank.com\/ba\/pohranjivanje-maticnih-celija\/pohrana-maticnih-celija-krvi-pupcane-vrpce\/","og_site_name":"Future Health Biobank Bosnia","article_modified_time":"2018-01-30T16:49:55+00:00","twitter_card":"summary_large_image","schema":{"@context":"https:\/\/schema.org","@graph":[{"@type":"WebPage","@id":"https:\/\/futurehealthbiobank.com\/ba\/pohranjivanje-maticnih-celija\/pohrana-maticnih-celija-krvi-pupcane-vrpce\/","url":"https:\/\/futurehealthbiobank.com\/ba\/pohranjivanje-maticnih-celija\/pohrana-maticnih-celija-krvi-pupcane-vrpce\/","name":"Umbilical cord stem cell banking | Cord blood collection","isPartOf":{"@id":"https:\/\/futurehealthbiobank.com\/ba\/#website"},"datePublished":"2016-03-10T00:21:37+00:00","dateModified":"2018-01-30T16:49:55+00:00","description":"Cord blood stem cells can treat over 85 different conditions including leukaemia. Offering a choice of processing method; volume reduced or whole blood","breadcrumb":{"@id":"https:\/\/futurehealthbiobank.com\/ba\/pohranjivanje-maticnih-celija\/pohrana-maticnih-celija-krvi-pupcane-vrpce\/#breadcrumb"},"inLanguage":"bs-BA","potentialAction":[{"@type":"ReadAction","target":["https:\/\/futurehealthbiobank.com\/ba\/pohranjivanje-maticnih-celija\/pohrana-maticnih-celija-krvi-pupcane-vrpce\/"]}]},{"@type":"BreadcrumbList","@id":"https:\/\/futurehealthbiobank.com\/ba\/pohranjivanje-maticnih-celija\/pohrana-maticnih-celija-krvi-pupcane-vrpce\/#breadcrumb","itemListElement":[{"@type":"ListItem","position":1,"name":"Po\u010detna","item":"https:\/\/futurehealthbiobank.com\/ba\/"},{"@type":"ListItem","position":2,"name":"Pohranjivanje mati\u010dnih \u0107elija","item":"https:\/\/futurehealthbiobank.com\/ba\/pohranjivanje-maticnih-celija\/"},{"@type":"ListItem","position":3,"name":"Pohrana mati\u010dnih \u0107elija krvi pup\u010dane vrpce"}]},{"@type":"WebSite","@id":"https:\/\/futurehealthbiobank.com\/ba\/#website","url":"https:\/\/futurehealthbiobank.com\/ba\/","name":"Future Health Biobank Bosnia","description":"","potentialAction":[{"@type":"SearchAction","target":{"@type":"EntryPoint","urlTemplate":"https:\/\/futurehealthbiobank.com\/ba\/?s={search_term_string}"},"query-input":{"@type":"PropertyValueSpecification","valueRequired":true,"valueName":"search_term_string"}}],"inLanguage":"bs-BA"}]}},"_links":{"self":[{"href":"https:\/\/futurehealthbiobank.com\/ba\/wp-json\/wp\/v2\/pages\/2935","targetHints":{"allow":["GET"]}}],"collection":[{"href":"https:\/\/futurehealthbiobank.com\/ba\/wp-json\/wp\/v2\/pages"}],"about":[{"href":"https:\/\/futurehealthbiobank.com\/ba\/wp-json\/wp\/v2\/types\/page"}],"author":[{"embeddable":true,"href":"https:\/\/futurehealthbiobank.com\/ba\/wp-json\/wp\/v2\/users\/25"}],"replies":[{"embeddable":true,"href":"https:\/\/futurehealthbiobank.com\/ba\/wp-json\/wp\/v2\/comments?post=2935"}],"version-history":[{"count":0,"href":"https:\/\/futurehealthbiobank.com\/ba\/wp-json\/wp\/v2\/pages\/2935\/revisions"}],"up":[{"embeddable":true,"href":"https:\/\/futurehealthbiobank.com\/ba\/wp-json\/wp\/v2\/pages\/2382"}],"wp:attachment":[{"href":"https:\/\/futurehealthbiobank.com\/ba\/wp-json\/wp\/v2\/media?parent=2935"}],"curies":[{"name":"wp","href":"https:\/\/api.w.org\/{rel}","templated":true}]}}