

{"id":3649,"date":"2016-04-24T16:53:37","date_gmt":"2016-04-24T15:53:37","guid":{"rendered":"https:\/\/futurehealthbiobank.com\/ba\/?page_id=3649"},"modified":"2017-06-26T09:30:59","modified_gmt":"2017-06-26T08:30:59","slug":"metode-obrade","status":"publish","type":"page","link":"https:\/\/futurehealthbiobank.com\/ba\/pohranjivanje-maticnih-celija\/pohranjivanje-maticnih-celija-pupcane-vrpce\/metode-obrade\/","title":{"rendered":"Metode obrade"},"content":{"rendered":"","protected":false},"excerpt":{"rendered":"","protected":false},"author":25,"featured_media":0,"parent":2360,"menu_order":0,"comment_status":"closed","ping_status":"closed","template":"page-page_template.php","meta":{"_acf_changed":false,"footnotes":""},"class_list":["post-3649","page","type-page","status-publish","hentry"],"acf":[],"yoast_head":"<!-- This site is optimized with the Yoast SEO Premium plugin v26.7 (Yoast SEO v26.7) - https:\/\/yoast.com\/wordpress\/plugins\/seo\/ -->\n<title>Metode obrade | Banka mati\u010dnih \u0107elija Future Health<\/title>\n<meta name=\"description\" content=\"Future Health koristi metodu reduciranog volumena, \u0161to zna\u010di izdvajanja mati\u010dnih \u0107elija, koja je preporuka WHO.\" \/>\n<meta name=\"robots\" content=\"index, follow, max-snippet:-1, max-image-preview:large, max-video-preview:-1\" \/>\n<link rel=\"canonical\" href=\"https:\/\/futurehealthbiobank.com\/ba\/pohranjivanje-maticnih-celija\/pohranjivanje-maticnih-celija-pupcane-vrpce\/metode-obrade\/\" \/>\n<meta property=\"og:locale\" content=\"bs_BA\" \/>\n<meta property=\"og:type\" content=\"article\" \/>\n<meta property=\"og:title\" content=\"Metode obrade\" \/>\n<meta property=\"og:url\" content=\"https:\/\/futurehealthbiobank.com\/ba\/pohranjivanje-maticnih-celija\/pohranjivanje-maticnih-celija-pupcane-vrpce\/metode-obrade\/\" \/>\n<meta property=\"og:site_name\" content=\"Future Health Biobank Bosnia\" \/>\n<meta property=\"article:modified_time\" content=\"2017-06-26T08:30:59+00:00\" \/>\n<meta name=\"twitter:card\" content=\"summary_large_image\" \/>\n<script type=\"application\/ld+json\" class=\"yoast-schema-graph\">{\"@context\":\"https:\/\/schema.org\",\"@graph\":[{\"@type\":\"WebPage\",\"@id\":\"https:\/\/futurehealthbiobank.com\/ba\/pohranjivanje-maticnih-celija\/pohranjivanje-maticnih-celija-pupcane-vrpce\/metode-obrade\/\",\"url\":\"https:\/\/futurehealthbiobank.com\/ba\/pohranjivanje-maticnih-celija\/pohranjivanje-maticnih-celija-pupcane-vrpce\/metode-obrade\/\",\"name\":\"Metode obrade | Banka mati\u010dnih \u0107elija Future Health\",\"isPartOf\":{\"@id\":\"https:\/\/futurehealthbiobank.com\/ba\/#website\"},\"datePublished\":\"2016-04-24T15:53:37+00:00\",\"dateModified\":\"2017-06-26T08:30:59+00:00\",\"description\":\"Future Health koristi metodu reduciranog volumena, \u0161to zna\u010di izdvajanja mati\u010dnih \u0107elija, koja je preporuka WHO.\",\"breadcrumb\":{\"@id\":\"https:\/\/futurehealthbiobank.com\/ba\/pohranjivanje-maticnih-celija\/pohranjivanje-maticnih-celija-pupcane-vrpce\/metode-obrade\/#breadcrumb\"},\"inLanguage\":\"bs-BA\",\"potentialAction\":[{\"@type\":\"ReadAction\",\"target\":[\"https:\/\/futurehealthbiobank.com\/ba\/pohranjivanje-maticnih-celija\/pohranjivanje-maticnih-celija-pupcane-vrpce\/metode-obrade\/\"]}]},{\"@type\":\"BreadcrumbList\",\"@id\":\"https:\/\/futurehealthbiobank.com\/ba\/pohranjivanje-maticnih-celija\/pohranjivanje-maticnih-celija-pupcane-vrpce\/metode-obrade\/#breadcrumb\",\"itemListElement\":[{\"@type\":\"ListItem\",\"position\":1,\"name\":\"Po\u010detna\",\"item\":\"https:\/\/futurehealthbiobank.com\/ba\/\"},{\"@type\":\"ListItem\",\"position\":2,\"name\":\"Pohranjivanje mati\u010dnih \u0107elija\",\"item\":\"https:\/\/futurehealthbiobank.com\/ba\/pohranjivanje-maticnih-celija\/\"},{\"@type\":\"ListItem\",\"position\":3,\"name\":\"Pohranjivanje mati\u010dnih \u0107elija pup\u010dane vrpce\",\"item\":\"https:\/\/futurehealthbiobank.com\/ba\/pohranjivanje-maticnih-celija\/pohranjivanje-maticnih-celija-pupcane-vrpce\/\"},{\"@type\":\"ListItem\",\"position\":4,\"name\":\"Metode obrade\"}]},{\"@type\":\"WebSite\",\"@id\":\"https:\/\/futurehealthbiobank.com\/ba\/#website\",\"url\":\"https:\/\/futurehealthbiobank.com\/ba\/\",\"name\":\"Future Health Biobank Bosnia\",\"description\":\"\",\"potentialAction\":[{\"@type\":\"SearchAction\",\"target\":{\"@type\":\"EntryPoint\",\"urlTemplate\":\"https:\/\/futurehealthbiobank.com\/ba\/?s={search_term_string}\"},\"query-input\":{\"@type\":\"PropertyValueSpecification\",\"valueRequired\":true,\"valueName\":\"search_term_string\"}}],\"inLanguage\":\"bs-BA\"}]}<\/script>\n<!-- \/ Yoast SEO Premium plugin. -->","yoast_head_json":{"title":"Metode obrade | Banka mati\u010dnih \u0107elija Future Health","description":"Future Health koristi metodu reduciranog volumena, \u0161to zna\u010di izdvajanja mati\u010dnih \u0107elija, koja je preporuka WHO.","robots":{"index":"index","follow":"follow","max-snippet":"max-snippet:-1","max-image-preview":"max-image-preview:large","max-video-preview":"max-video-preview:-1"},"canonical":"https:\/\/futurehealthbiobank.com\/ba\/pohranjivanje-maticnih-celija\/pohranjivanje-maticnih-celija-pupcane-vrpce\/metode-obrade\/","og_locale":"bs_BA","og_type":"article","og_title":"Metode obrade","og_url":"https:\/\/futurehealthbiobank.com\/ba\/pohranjivanje-maticnih-celija\/pohranjivanje-maticnih-celija-pupcane-vrpce\/metode-obrade\/","og_site_name":"Future Health Biobank Bosnia","article_modified_time":"2017-06-26T08:30:59+00:00","twitter_card":"summary_large_image","schema":{"@context":"https:\/\/schema.org","@graph":[{"@type":"WebPage","@id":"https:\/\/futurehealthbiobank.com\/ba\/pohranjivanje-maticnih-celija\/pohranjivanje-maticnih-celija-pupcane-vrpce\/metode-obrade\/","url":"https:\/\/futurehealthbiobank.com\/ba\/pohranjivanje-maticnih-celija\/pohranjivanje-maticnih-celija-pupcane-vrpce\/metode-obrade\/","name":"Metode obrade | Banka mati\u010dnih \u0107elija Future Health","isPartOf":{"@id":"https:\/\/futurehealthbiobank.com\/ba\/#website"},"datePublished":"2016-04-24T15:53:37+00:00","dateModified":"2017-06-26T08:30:59+00:00","description":"Future Health koristi metodu reduciranog volumena, \u0161to zna\u010di izdvajanja mati\u010dnih \u0107elija, koja je preporuka WHO.","breadcrumb":{"@id":"https:\/\/futurehealthbiobank.com\/ba\/pohranjivanje-maticnih-celija\/pohranjivanje-maticnih-celija-pupcane-vrpce\/metode-obrade\/#breadcrumb"},"inLanguage":"bs-BA","potentialAction":[{"@type":"ReadAction","target":["https:\/\/futurehealthbiobank.com\/ba\/pohranjivanje-maticnih-celija\/pohranjivanje-maticnih-celija-pupcane-vrpce\/metode-obrade\/"]}]},{"@type":"BreadcrumbList","@id":"https:\/\/futurehealthbiobank.com\/ba\/pohranjivanje-maticnih-celija\/pohranjivanje-maticnih-celija-pupcane-vrpce\/metode-obrade\/#breadcrumb","itemListElement":[{"@type":"ListItem","position":1,"name":"Po\u010detna","item":"https:\/\/futurehealthbiobank.com\/ba\/"},{"@type":"ListItem","position":2,"name":"Pohranjivanje mati\u010dnih \u0107elija","item":"https:\/\/futurehealthbiobank.com\/ba\/pohranjivanje-maticnih-celija\/"},{"@type":"ListItem","position":3,"name":"Pohranjivanje mati\u010dnih \u0107elija pup\u010dane vrpce","item":"https:\/\/futurehealthbiobank.com\/ba\/pohranjivanje-maticnih-celija\/pohranjivanje-maticnih-celija-pupcane-vrpce\/"},{"@type":"ListItem","position":4,"name":"Metode obrade"}]},{"@type":"WebSite","@id":"https:\/\/futurehealthbiobank.com\/ba\/#website","url":"https:\/\/futurehealthbiobank.com\/ba\/","name":"Future Health Biobank Bosnia","description":"","potentialAction":[{"@type":"SearchAction","target":{"@type":"EntryPoint","urlTemplate":"https:\/\/futurehealthbiobank.com\/ba\/?s={search_term_string}"},"query-input":{"@type":"PropertyValueSpecification","valueRequired":true,"valueName":"search_term_string"}}],"inLanguage":"bs-BA"}]}},"_links":{"self":[{"href":"https:\/\/futurehealthbiobank.com\/ba\/wp-json\/wp\/v2\/pages\/3649","targetHints":{"allow":["GET"]}}],"collection":[{"href":"https:\/\/futurehealthbiobank.com\/ba\/wp-json\/wp\/v2\/pages"}],"about":[{"href":"https:\/\/futurehealthbiobank.com\/ba\/wp-json\/wp\/v2\/types\/page"}],"author":[{"embeddable":true,"href":"https:\/\/futurehealthbiobank.com\/ba\/wp-json\/wp\/v2\/users\/25"}],"replies":[{"embeddable":true,"href":"https:\/\/futurehealthbiobank.com\/ba\/wp-json\/wp\/v2\/comments?post=3649"}],"version-history":[{"count":0,"href":"https:\/\/futurehealthbiobank.com\/ba\/wp-json\/wp\/v2\/pages\/3649\/revisions"}],"up":[{"embeddable":true,"href":"https:\/\/futurehealthbiobank.com\/ba\/wp-json\/wp\/v2\/pages\/2360"}],"wp:attachment":[{"href":"https:\/\/futurehealthbiobank.com\/ba\/wp-json\/wp\/v2\/media?parent=3649"}],"curies":[{"name":"wp","href":"https:\/\/api.w.org\/{rel}","templated":true}]}}