

{"id":4225,"date":"2016-11-10T09:08:06","date_gmt":"2016-11-10T09:08:06","guid":{"rendered":"https:\/\/futurehealthbiobank.com\/ba\/?page_id=4225"},"modified":"2018-01-30T16:42:49","modified_gmt":"2018-01-30T16:42:49","slug":"osiguranje-u-slucaju-koristenja-uzorka","status":"publish","type":"page","link":"https:\/\/futurehealthbiobank.com\/ba\/blog\/specijalne-ponude\/osiguranje-u-slucaju-koristenja-uzorka\/","title":{"rendered":"Osiguranje u slu\u010daju kori\u0161tenja uzorka"},"content":{"rendered":"","protected":false},"excerpt":{"rendered":"","protected":false},"author":25,"featured_media":0,"parent":3450,"menu_order":0,"comment_status":"closed","ping_status":"closed","template":"page-page_template.php","meta":{"_acf_changed":false,"footnotes":""},"class_list":["post-4225","page","type-page","status-publish","hentry"],"acf":[],"yoast_head":"<!-- This site is optimized with the Yoast SEO Premium plugin v26.7 (Yoast SEO v26.7) - https:\/\/yoast.com\/wordpress\/plugins\/seo\/ -->\n<title>Osiguranje u slu\u010daju kori\u0161tenja uzorka | Future Health banka mati\u010dnih \u0107elija<\/title>\n<meta name=\"description\" content=\"Future Health pokriva tro\u0161kove lije\u010denja mati\u010dnim \u0107elijama koji ne prelaze 20.000 \u20ac. Transport uzorka potreban za lije\u010denje \u0107e biti obezbije\u0111en o na\u0161em tro\u0161ku.\" \/>\n<meta name=\"robots\" content=\"index, follow, max-snippet:-1, max-image-preview:large, max-video-preview:-1\" \/>\n<link rel=\"canonical\" href=\"https:\/\/futurehealthbiobank.com\/ba\/blog\/specijalne-ponude\/osiguranje-u-slucaju-koristenja-uzorka\/\" \/>\n<meta property=\"og:locale\" content=\"bs_BA\" \/>\n<meta property=\"og:type\" content=\"article\" \/>\n<meta property=\"og:title\" content=\"Osiguranje u slu\u010daju kori\u0161tenja uzorka\" \/>\n<meta property=\"og:url\" content=\"https:\/\/futurehealthbiobank.com\/ba\/blog\/specijalne-ponude\/osiguranje-u-slucaju-koristenja-uzorka\/\" \/>\n<meta property=\"og:site_name\" content=\"Future Health Biobank Bosnia\" \/>\n<meta property=\"article:modified_time\" content=\"2018-01-30T16:42:49+00:00\" \/>\n<meta name=\"twitter:card\" content=\"summary_large_image\" \/>\n<script type=\"application\/ld+json\" class=\"yoast-schema-graph\">{\"@context\":\"https:\/\/schema.org\",\"@graph\":[{\"@type\":\"WebPage\",\"@id\":\"https:\/\/futurehealthbiobank.com\/ba\/blog\/specijalne-ponude\/osiguranje-u-slucaju-koristenja-uzorka\/\",\"url\":\"https:\/\/futurehealthbiobank.com\/ba\/blog\/specijalne-ponude\/osiguranje-u-slucaju-koristenja-uzorka\/\",\"name\":\"Osiguranje u slu\u010daju kori\u0161tenja uzorka | Future Health banka mati\u010dnih \u0107elija\",\"isPartOf\":{\"@id\":\"https:\/\/futurehealthbiobank.com\/ba\/#website\"},\"datePublished\":\"2016-11-10T09:08:06+00:00\",\"dateModified\":\"2018-01-30T16:42:49+00:00\",\"description\":\"Future Health pokriva tro\u0161kove lije\u010denja mati\u010dnim \u0107elijama koji ne prelaze 20.000 \u20ac. Transport uzorka potreban za lije\u010denje \u0107e biti obezbije\u0111en o na\u0161em tro\u0161ku.\",\"breadcrumb\":{\"@id\":\"https:\/\/futurehealthbiobank.com\/ba\/blog\/specijalne-ponude\/osiguranje-u-slucaju-koristenja-uzorka\/#breadcrumb\"},\"inLanguage\":\"bs-BA\",\"potentialAction\":[{\"@type\":\"ReadAction\",\"target\":[\"https:\/\/futurehealthbiobank.com\/ba\/blog\/specijalne-ponude\/osiguranje-u-slucaju-koristenja-uzorka\/\"]}]},{\"@type\":\"BreadcrumbList\",\"@id\":\"https:\/\/futurehealthbiobank.com\/ba\/blog\/specijalne-ponude\/osiguranje-u-slucaju-koristenja-uzorka\/#breadcrumb\",\"itemListElement\":[{\"@type\":\"ListItem\",\"position\":1,\"name\":\"Po\u010detna\",\"item\":\"https:\/\/futurehealthbiobank.com\/ba\/\"},{\"@type\":\"ListItem\",\"position\":2,\"name\":\"Blog\",\"item\":\"https:\/\/futurehealthbiobank.com\/ba\/blog\/\"},{\"@type\":\"ListItem\",\"position\":3,\"name\":\"Specijalne ponude\",\"item\":\"https:\/\/futurehealthbiobank.com\/ba\/blog\/specijalne-ponude\/\"},{\"@type\":\"ListItem\",\"position\":4,\"name\":\"Osiguranje u slu\u010daju kori\u0161tenja uzorka\"}]},{\"@type\":\"WebSite\",\"@id\":\"https:\/\/futurehealthbiobank.com\/ba\/#website\",\"url\":\"https:\/\/futurehealthbiobank.com\/ba\/\",\"name\":\"Future Health Biobank Bosnia\",\"description\":\"\",\"potentialAction\":[{\"@type\":\"SearchAction\",\"target\":{\"@type\":\"EntryPoint\",\"urlTemplate\":\"https:\/\/futurehealthbiobank.com\/ba\/?s={search_term_string}\"},\"query-input\":{\"@type\":\"PropertyValueSpecification\",\"valueRequired\":true,\"valueName\":\"search_term_string\"}}],\"inLanguage\":\"bs-BA\"}]}<\/script>\n<!-- \/ Yoast SEO Premium plugin. -->","yoast_head_json":{"title":"Osiguranje u slu\u010daju kori\u0161tenja uzorka | Future Health banka mati\u010dnih \u0107elija","description":"Future Health pokriva tro\u0161kove lije\u010denja mati\u010dnim \u0107elijama koji ne prelaze 20.000 \u20ac. Transport uzorka potreban za lije\u010denje \u0107e biti obezbije\u0111en o na\u0161em tro\u0161ku.","robots":{"index":"index","follow":"follow","max-snippet":"max-snippet:-1","max-image-preview":"max-image-preview:large","max-video-preview":"max-video-preview:-1"},"canonical":"https:\/\/futurehealthbiobank.com\/ba\/blog\/specijalne-ponude\/osiguranje-u-slucaju-koristenja-uzorka\/","og_locale":"bs_BA","og_type":"article","og_title":"Osiguranje u slu\u010daju kori\u0161tenja uzorka","og_url":"https:\/\/futurehealthbiobank.com\/ba\/blog\/specijalne-ponude\/osiguranje-u-slucaju-koristenja-uzorka\/","og_site_name":"Future Health Biobank Bosnia","article_modified_time":"2018-01-30T16:42:49+00:00","twitter_card":"summary_large_image","schema":{"@context":"https:\/\/schema.org","@graph":[{"@type":"WebPage","@id":"https:\/\/futurehealthbiobank.com\/ba\/blog\/specijalne-ponude\/osiguranje-u-slucaju-koristenja-uzorka\/","url":"https:\/\/futurehealthbiobank.com\/ba\/blog\/specijalne-ponude\/osiguranje-u-slucaju-koristenja-uzorka\/","name":"Osiguranje u slu\u010daju kori\u0161tenja uzorka | Future Health banka mati\u010dnih \u0107elija","isPartOf":{"@id":"https:\/\/futurehealthbiobank.com\/ba\/#website"},"datePublished":"2016-11-10T09:08:06+00:00","dateModified":"2018-01-30T16:42:49+00:00","description":"Future Health pokriva tro\u0161kove lije\u010denja mati\u010dnim \u0107elijama koji ne prelaze 20.000 \u20ac. Transport uzorka potreban za lije\u010denje \u0107e biti obezbije\u0111en o na\u0161em tro\u0161ku.","breadcrumb":{"@id":"https:\/\/futurehealthbiobank.com\/ba\/blog\/specijalne-ponude\/osiguranje-u-slucaju-koristenja-uzorka\/#breadcrumb"},"inLanguage":"bs-BA","potentialAction":[{"@type":"ReadAction","target":["https:\/\/futurehealthbiobank.com\/ba\/blog\/specijalne-ponude\/osiguranje-u-slucaju-koristenja-uzorka\/"]}]},{"@type":"BreadcrumbList","@id":"https:\/\/futurehealthbiobank.com\/ba\/blog\/specijalne-ponude\/osiguranje-u-slucaju-koristenja-uzorka\/#breadcrumb","itemListElement":[{"@type":"ListItem","position":1,"name":"Po\u010detna","item":"https:\/\/futurehealthbiobank.com\/ba\/"},{"@type":"ListItem","position":2,"name":"Blog","item":"https:\/\/futurehealthbiobank.com\/ba\/blog\/"},{"@type":"ListItem","position":3,"name":"Specijalne ponude","item":"https:\/\/futurehealthbiobank.com\/ba\/blog\/specijalne-ponude\/"},{"@type":"ListItem","position":4,"name":"Osiguranje u slu\u010daju kori\u0161tenja uzorka"}]},{"@type":"WebSite","@id":"https:\/\/futurehealthbiobank.com\/ba\/#website","url":"https:\/\/futurehealthbiobank.com\/ba\/","name":"Future Health Biobank Bosnia","description":"","potentialAction":[{"@type":"SearchAction","target":{"@type":"EntryPoint","urlTemplate":"https:\/\/futurehealthbiobank.com\/ba\/?s={search_term_string}"},"query-input":{"@type":"PropertyValueSpecification","valueRequired":true,"valueName":"search_term_string"}}],"inLanguage":"bs-BA"}]}},"_links":{"self":[{"href":"https:\/\/futurehealthbiobank.com\/ba\/wp-json\/wp\/v2\/pages\/4225","targetHints":{"allow":["GET"]}}],"collection":[{"href":"https:\/\/futurehealthbiobank.com\/ba\/wp-json\/wp\/v2\/pages"}],"about":[{"href":"https:\/\/futurehealthbiobank.com\/ba\/wp-json\/wp\/v2\/types\/page"}],"author":[{"embeddable":true,"href":"https:\/\/futurehealthbiobank.com\/ba\/wp-json\/wp\/v2\/users\/25"}],"replies":[{"embeddable":true,"href":"https:\/\/futurehealthbiobank.com\/ba\/wp-json\/wp\/v2\/comments?post=4225"}],"version-history":[{"count":0,"href":"https:\/\/futurehealthbiobank.com\/ba\/wp-json\/wp\/v2\/pages\/4225\/revisions"}],"up":[{"embeddable":true,"href":"https:\/\/futurehealthbiobank.com\/ba\/wp-json\/wp\/v2\/pages\/3450"}],"wp:attachment":[{"href":"https:\/\/futurehealthbiobank.com\/ba\/wp-json\/wp\/v2\/media?parent=4225"}],"curies":[{"name":"wp","href":"https:\/\/api.w.org\/{rel}","templated":true}]}}