

{"id":97,"date":"2017-11-05T12:57:21","date_gmt":"2017-11-05T12:57:21","guid":{"rendered":"http:\/\/mctestdev.staging.wpengine.com\/?page_id=97"},"modified":"2018-01-29T16:27:32","modified_gmt":"2018-01-29T16:27:32","slug":"proces-prikupljanja-maticnih-celija","status":"publish","type":"page","link":"https:\/\/futurehealthbiobank.com\/ba\/pohranjivanje-maticnih-celija\/pohrana-maticnih-celija-krvi-pupcane-vrpce\/proces-prikupljanja-maticnih-celija\/","title":{"rendered":"Proces prikupljanja mati\u010dnih \u0107elija"},"content":{"rendered":"","protected":false},"excerpt":{"rendered":"","protected":false},"author":25,"featured_media":0,"parent":2935,"menu_order":0,"comment_status":"closed","ping_status":"closed","template":"page-collection.php","meta":{"_acf_changed":false,"footnotes":""},"class_list":["post-97","page","type-page","status-publish","hentry"],"acf":[],"yoast_head":"<!-- This site is optimized with the Yoast SEO Premium plugin v26.7 (Yoast SEO v26.7) - https:\/\/yoast.com\/wordpress\/plugins\/seo\/ -->\n<title>Cord blood collection process | Future Health Biobank<\/title>\n<meta name=\"description\" content=\"Learn about our professional and streamlined cord blood collection process, practices every time by a trained phlebotomist.\" \/>\n<meta name=\"robots\" content=\"index, follow, max-snippet:-1, max-image-preview:large, max-video-preview:-1\" \/>\n<link rel=\"canonical\" href=\"https:\/\/futurehealthbiobank.com\/ba\/pohranjivanje-maticnih-celija\/pohrana-maticnih-celija-krvi-pupcane-vrpce\/proces-prikupljanja-maticnih-celija\/\" \/>\n<meta property=\"og:locale\" content=\"bs_BA\" \/>\n<meta property=\"og:type\" content=\"article\" \/>\n<meta property=\"og:title\" content=\"Proces prikupljanja mati\u010dnih \u0107elija\" \/>\n<meta property=\"og:url\" content=\"https:\/\/futurehealthbiobank.com\/ba\/pohranjivanje-maticnih-celija\/pohrana-maticnih-celija-krvi-pupcane-vrpce\/proces-prikupljanja-maticnih-celija\/\" \/>\n<meta property=\"og:site_name\" content=\"Future Health Biobank Bosnia\" \/>\n<meta property=\"article:modified_time\" content=\"2018-01-29T16:27:32+00:00\" \/>\n<meta name=\"twitter:card\" content=\"summary_large_image\" \/>\n<script type=\"application\/ld+json\" class=\"yoast-schema-graph\">{\"@context\":\"https:\/\/schema.org\",\"@graph\":[{\"@type\":\"WebPage\",\"@id\":\"https:\/\/futurehealthbiobank.com\/ba\/pohranjivanje-maticnih-celija\/pohrana-maticnih-celija-krvi-pupcane-vrpce\/proces-prikupljanja-maticnih-celija\/\",\"url\":\"https:\/\/futurehealthbiobank.com\/ba\/pohranjivanje-maticnih-celija\/pohrana-maticnih-celija-krvi-pupcane-vrpce\/proces-prikupljanja-maticnih-celija\/\",\"name\":\"Cord blood collection process | Future Health Biobank\",\"isPartOf\":{\"@id\":\"https:\/\/futurehealthbiobank.com\/ba\/#website\"},\"datePublished\":\"2017-11-05T12:57:21+00:00\",\"dateModified\":\"2018-01-29T16:27:32+00:00\",\"description\":\"Learn about our professional and streamlined cord blood collection process, practices every time by a trained phlebotomist.\",\"breadcrumb\":{\"@id\":\"https:\/\/futurehealthbiobank.com\/ba\/pohranjivanje-maticnih-celija\/pohrana-maticnih-celija-krvi-pupcane-vrpce\/proces-prikupljanja-maticnih-celija\/#breadcrumb\"},\"inLanguage\":\"bs-BA\",\"potentialAction\":[{\"@type\":\"ReadAction\",\"target\":[\"https:\/\/futurehealthbiobank.com\/ba\/pohranjivanje-maticnih-celija\/pohrana-maticnih-celija-krvi-pupcane-vrpce\/proces-prikupljanja-maticnih-celija\/\"]}]},{\"@type\":\"BreadcrumbList\",\"@id\":\"https:\/\/futurehealthbiobank.com\/ba\/pohranjivanje-maticnih-celija\/pohrana-maticnih-celija-krvi-pupcane-vrpce\/proces-prikupljanja-maticnih-celija\/#breadcrumb\",\"itemListElement\":[{\"@type\":\"ListItem\",\"position\":1,\"name\":\"Po\u010detna\",\"item\":\"https:\/\/futurehealthbiobank.com\/ba\/\"},{\"@type\":\"ListItem\",\"position\":2,\"name\":\"Pohranjivanje mati\u010dnih \u0107elija\",\"item\":\"https:\/\/futurehealthbiobank.com\/ba\/pohranjivanje-maticnih-celija\/\"},{\"@type\":\"ListItem\",\"position\":3,\"name\":\"Pohrana mati\u010dnih \u0107elija krvi pup\u010dane vrpce\",\"item\":\"https:\/\/futurehealthbiobank.com\/ba\/pohranjivanje-maticnih-celija\/pohrana-maticnih-celija-krvi-pupcane-vrpce\/\"},{\"@type\":\"ListItem\",\"position\":4,\"name\":\"Proces prikupljanja mati\u010dnih \u0107elija\"}]},{\"@type\":\"WebSite\",\"@id\":\"https:\/\/futurehealthbiobank.com\/ba\/#website\",\"url\":\"https:\/\/futurehealthbiobank.com\/ba\/\",\"name\":\"Future Health Biobank Bosnia\",\"description\":\"\",\"potentialAction\":[{\"@type\":\"SearchAction\",\"target\":{\"@type\":\"EntryPoint\",\"urlTemplate\":\"https:\/\/futurehealthbiobank.com\/ba\/?s={search_term_string}\"},\"query-input\":{\"@type\":\"PropertyValueSpecification\",\"valueRequired\":true,\"valueName\":\"search_term_string\"}}],\"inLanguage\":\"bs-BA\"}]}<\/script>\n<!-- \/ Yoast SEO Premium plugin. -->","yoast_head_json":{"title":"Cord blood collection process | Future Health Biobank","description":"Learn about our professional and streamlined cord blood collection process, practices every time by a trained phlebotomist.","robots":{"index":"index","follow":"follow","max-snippet":"max-snippet:-1","max-image-preview":"max-image-preview:large","max-video-preview":"max-video-preview:-1"},"canonical":"https:\/\/futurehealthbiobank.com\/ba\/pohranjivanje-maticnih-celija\/pohrana-maticnih-celija-krvi-pupcane-vrpce\/proces-prikupljanja-maticnih-celija\/","og_locale":"bs_BA","og_type":"article","og_title":"Proces prikupljanja mati\u010dnih \u0107elija","og_url":"https:\/\/futurehealthbiobank.com\/ba\/pohranjivanje-maticnih-celija\/pohrana-maticnih-celija-krvi-pupcane-vrpce\/proces-prikupljanja-maticnih-celija\/","og_site_name":"Future Health Biobank Bosnia","article_modified_time":"2018-01-29T16:27:32+00:00","twitter_card":"summary_large_image","schema":{"@context":"https:\/\/schema.org","@graph":[{"@type":"WebPage","@id":"https:\/\/futurehealthbiobank.com\/ba\/pohranjivanje-maticnih-celija\/pohrana-maticnih-celija-krvi-pupcane-vrpce\/proces-prikupljanja-maticnih-celija\/","url":"https:\/\/futurehealthbiobank.com\/ba\/pohranjivanje-maticnih-celija\/pohrana-maticnih-celija-krvi-pupcane-vrpce\/proces-prikupljanja-maticnih-celija\/","name":"Cord blood collection process | Future Health Biobank","isPartOf":{"@id":"https:\/\/futurehealthbiobank.com\/ba\/#website"},"datePublished":"2017-11-05T12:57:21+00:00","dateModified":"2018-01-29T16:27:32+00:00","description":"Learn about our professional and streamlined cord blood collection process, practices every time by a trained phlebotomist.","breadcrumb":{"@id":"https:\/\/futurehealthbiobank.com\/ba\/pohranjivanje-maticnih-celija\/pohrana-maticnih-celija-krvi-pupcane-vrpce\/proces-prikupljanja-maticnih-celija\/#breadcrumb"},"inLanguage":"bs-BA","potentialAction":[{"@type":"ReadAction","target":["https:\/\/futurehealthbiobank.com\/ba\/pohranjivanje-maticnih-celija\/pohrana-maticnih-celija-krvi-pupcane-vrpce\/proces-prikupljanja-maticnih-celija\/"]}]},{"@type":"BreadcrumbList","@id":"https:\/\/futurehealthbiobank.com\/ba\/pohranjivanje-maticnih-celija\/pohrana-maticnih-celija-krvi-pupcane-vrpce\/proces-prikupljanja-maticnih-celija\/#breadcrumb","itemListElement":[{"@type":"ListItem","position":1,"name":"Po\u010detna","item":"https:\/\/futurehealthbiobank.com\/ba\/"},{"@type":"ListItem","position":2,"name":"Pohranjivanje mati\u010dnih \u0107elija","item":"https:\/\/futurehealthbiobank.com\/ba\/pohranjivanje-maticnih-celija\/"},{"@type":"ListItem","position":3,"name":"Pohrana mati\u010dnih \u0107elija krvi pup\u010dane vrpce","item":"https:\/\/futurehealthbiobank.com\/ba\/pohranjivanje-maticnih-celija\/pohrana-maticnih-celija-krvi-pupcane-vrpce\/"},{"@type":"ListItem","position":4,"name":"Proces prikupljanja mati\u010dnih \u0107elija"}]},{"@type":"WebSite","@id":"https:\/\/futurehealthbiobank.com\/ba\/#website","url":"https:\/\/futurehealthbiobank.com\/ba\/","name":"Future Health Biobank Bosnia","description":"","potentialAction":[{"@type":"SearchAction","target":{"@type":"EntryPoint","urlTemplate":"https:\/\/futurehealthbiobank.com\/ba\/?s={search_term_string}"},"query-input":{"@type":"PropertyValueSpecification","valueRequired":true,"valueName":"search_term_string"}}],"inLanguage":"bs-BA"}]}},"_links":{"self":[{"href":"https:\/\/futurehealthbiobank.com\/ba\/wp-json\/wp\/v2\/pages\/97","targetHints":{"allow":["GET"]}}],"collection":[{"href":"https:\/\/futurehealthbiobank.com\/ba\/wp-json\/wp\/v2\/pages"}],"about":[{"href":"https:\/\/futurehealthbiobank.com\/ba\/wp-json\/wp\/v2\/types\/page"}],"author":[{"embeddable":true,"href":"https:\/\/futurehealthbiobank.com\/ba\/wp-json\/wp\/v2\/users\/25"}],"replies":[{"embeddable":true,"href":"https:\/\/futurehealthbiobank.com\/ba\/wp-json\/wp\/v2\/comments?post=97"}],"version-history":[{"count":0,"href":"https:\/\/futurehealthbiobank.com\/ba\/wp-json\/wp\/v2\/pages\/97\/revisions"}],"up":[{"embeddable":true,"href":"https:\/\/futurehealthbiobank.com\/ba\/wp-json\/wp\/v2\/pages\/2935"}],"wp:attachment":[{"href":"https:\/\/futurehealthbiobank.com\/ba\/wp-json\/wp\/v2\/media?parent=97"}],"curies":[{"name":"wp","href":"https:\/\/api.w.org\/{rel}","templated":true}]}}