{"id":3523,"date":"2018-05-01T22:21:14","date_gmt":"2018-05-01T20:21:14","guid":{"rendered":"https:\/\/futurehealthbiobank.com\/?page_id=3523"},"modified":"2020-01-14T12:35:25","modified_gmt":"2020-01-14T11:35:25","slug":"politique-de-confidentialite","status":"publish","type":"page","link":"https:\/\/futurehealthbiobank.com\/ca-fr\/politique-de-confidentialite\/","title":{"rendered":"Politique de confidentialit\u00e9"},"content":{"rendered":"","protected":false},"excerpt":{"rendered":"","protected":false},"author":25,"featured_media":0,"parent":0,"menu_order":0,"comment_status":"closed","ping_status":"closed","template":"page-page_template.php","meta":{"_acf_changed":false,"footnotes":""},"class_list":["post-3523","page","type-page","status-publish","hentry"],"acf":[],"yoast_head":"<!-- This site is optimized with the Yoast SEO Premium plugin v26.7 (Yoast SEO v26.7) - https:\/\/yoast.com\/wordpress\/plugins\/seo\/ -->\n<title>Politique de confidentialit\u00e9 | Future Health Biobank<\/title>\n<meta name=\"description\" content=\"Future Health Biobank (\u201cnous\u201d et \u201cnotre\u201d) s&#039;est engag\u00e9 \u00e0 pr\u00e9server la vie priv\u00e9e des visiteurs et des utilisateurs de service de notre site web. Nous vous expliquerons par le biais de cette politique comment nous g\u00e9rons vos donn\u00e9es personnelles.\" \/>\n<meta name=\"robots\" content=\"index, follow, max-snippet:-1, max-image-preview:large, max-video-preview:-1\" \/>\n<link rel=\"canonical\" href=\"https:\/\/futurehealthbiobank.com\/ca-fr\/politique-de-confidentialite\/\" \/>\n<meta property=\"og:locale\" content=\"fr_FR\" \/>\n<meta property=\"og:type\" content=\"article\" \/>\n<meta property=\"og:title\" content=\"Politique de confidentialit\u00e9\" \/>\n<meta property=\"og:url\" content=\"https:\/\/futurehealthbiobank.com\/ca-fr\/politique-de-confidentialite\/\" \/>\n<meta property=\"og:site_name\" content=\"Future Health Biobank Canadian French\" \/>\n<meta property=\"article:modified_time\" content=\"2020-01-14T11:35:25+00:00\" \/>\n<meta name=\"twitter:card\" content=\"summary_large_image\" \/>\n<script type=\"application\/ld+json\" class=\"yoast-schema-graph\">{\"@context\":\"https:\/\/schema.org\",\"@graph\":[{\"@type\":\"WebPage\",\"@id\":\"https:\/\/futurehealthbiobank.com\/ca-fr\/politique-de-confidentialite\/\",\"url\":\"https:\/\/futurehealthbiobank.com\/ca-fr\/politique-de-confidentialite\/\",\"name\":\"Politique de confidentialit\u00e9 | Future Health Biobank\",\"isPartOf\":{\"@id\":\"https:\/\/futurehealthbiobank.com\/ca-fr\/#website\"},\"datePublished\":\"2018-05-01T20:21:14+00:00\",\"dateModified\":\"2020-01-14T11:35:25+00:00\",\"description\":\"Future Health Biobank (\u201cnous\u201d et \u201cnotre\u201d) s'est engag\u00e9 \u00e0 pr\u00e9server la vie priv\u00e9e des visiteurs et des utilisateurs de service de notre site web. Nous vous expliquerons par le biais de cette politique comment nous g\u00e9rons vos donn\u00e9es personnelles.\",\"breadcrumb\":{\"@id\":\"https:\/\/futurehealthbiobank.com\/ca-fr\/politique-de-confidentialite\/#breadcrumb\"},\"inLanguage\":\"fr-FR\",\"potentialAction\":[{\"@type\":\"ReadAction\",\"target\":[\"https:\/\/futurehealthbiobank.com\/ca-fr\/politique-de-confidentialite\/\"]}]},{\"@type\":\"BreadcrumbList\",\"@id\":\"https:\/\/futurehealthbiobank.com\/ca-fr\/politique-de-confidentialite\/#breadcrumb\",\"itemListElement\":[{\"@type\":\"ListItem\",\"position\":1,\"name\":\"Accueil\",\"item\":\"https:\/\/futurehealthbiobank.com\/ca-fr\/\"},{\"@type\":\"ListItem\",\"position\":2,\"name\":\"Politique de confidentialit\u00e9\"}]},{\"@type\":\"WebSite\",\"@id\":\"https:\/\/futurehealthbiobank.com\/ca-fr\/#website\",\"url\":\"https:\/\/futurehealthbiobank.com\/ca-fr\/\",\"name\":\"Future Health Biobank Canadian French\",\"description\":\"\",\"publisher\":{\"@id\":\"https:\/\/futurehealthbiobank.com\/ca-fr\/#organization\"},\"potentialAction\":[{\"@type\":\"SearchAction\",\"target\":{\"@type\":\"EntryPoint\",\"urlTemplate\":\"https:\/\/futurehealthbiobank.com\/ca-fr\/?s={search_term_string}\"},\"query-input\":{\"@type\":\"PropertyValueSpecification\",\"valueRequired\":true,\"valueName\":\"search_term_string\"}}],\"inLanguage\":\"fr-FR\"},{\"@type\":\"Organization\",\"@id\":\"https:\/\/futurehealthbiobank.com\/ca-fr\/#organization\",\"name\":\"Future Health Biobank\",\"url\":\"https:\/\/futurehealthbiobank.com\/ca-fr\/\",\"logo\":{\"@type\":\"ImageObject\",\"inLanguage\":\"fr-FR\",\"@id\":\"https:\/\/futurehealthbiobank.com\/ca-fr\/#\/schema\/logo\/image\/\",\"url\":\"https:\/\/futurehealthbiobank.com\/ca-fr\/wp-content\/uploads\/sites\/30\/2016\/05\/future-health-biobank.svg\",\"contentUrl\":\"https:\/\/futurehealthbiobank.com\/ca-fr\/wp-content\/uploads\/sites\/30\/2016\/05\/future-health-biobank.svg\",\"width\":1,\"height\":1,\"caption\":\"Future Health Biobank\"},\"image\":{\"@id\":\"https:\/\/futurehealthbiobank.com\/ca-fr\/#\/schema\/logo\/image\/\"}}]}<\/script>\n<!-- \/ Yoast SEO Premium plugin. -->","yoast_head_json":{"title":"Politique de confidentialit\u00e9 | Future Health Biobank","description":"Future Health Biobank (\u201cnous\u201d et \u201cnotre\u201d) s'est engag\u00e9 \u00e0 pr\u00e9server la vie priv\u00e9e des visiteurs et des utilisateurs de service de notre site web. Nous vous expliquerons par le biais de cette politique comment nous g\u00e9rons vos donn\u00e9es personnelles.","robots":{"index":"index","follow":"follow","max-snippet":"max-snippet:-1","max-image-preview":"max-image-preview:large","max-video-preview":"max-video-preview:-1"},"canonical":"https:\/\/futurehealthbiobank.com\/ca-fr\/politique-de-confidentialite\/","og_locale":"fr_FR","og_type":"article","og_title":"Politique de confidentialit\u00e9","og_url":"https:\/\/futurehealthbiobank.com\/ca-fr\/politique-de-confidentialite\/","og_site_name":"Future Health Biobank Canadian French","article_modified_time":"2020-01-14T11:35:25+00:00","twitter_card":"summary_large_image","schema":{"@context":"https:\/\/schema.org","@graph":[{"@type":"WebPage","@id":"https:\/\/futurehealthbiobank.com\/ca-fr\/politique-de-confidentialite\/","url":"https:\/\/futurehealthbiobank.com\/ca-fr\/politique-de-confidentialite\/","name":"Politique de confidentialit\u00e9 | Future Health Biobank","isPartOf":{"@id":"https:\/\/futurehealthbiobank.com\/ca-fr\/#website"},"datePublished":"2018-05-01T20:21:14+00:00","dateModified":"2020-01-14T11:35:25+00:00","description":"Future Health Biobank (\u201cnous\u201d et \u201cnotre\u201d) s'est engag\u00e9 \u00e0 pr\u00e9server la vie priv\u00e9e des visiteurs et des utilisateurs de service de notre site web. Nous vous expliquerons par le biais de cette politique comment nous g\u00e9rons vos donn\u00e9es personnelles.","breadcrumb":{"@id":"https:\/\/futurehealthbiobank.com\/ca-fr\/politique-de-confidentialite\/#breadcrumb"},"inLanguage":"fr-FR","potentialAction":[{"@type":"ReadAction","target":["https:\/\/futurehealthbiobank.com\/ca-fr\/politique-de-confidentialite\/"]}]},{"@type":"BreadcrumbList","@id":"https:\/\/futurehealthbiobank.com\/ca-fr\/politique-de-confidentialite\/#breadcrumb","itemListElement":[{"@type":"ListItem","position":1,"name":"Accueil","item":"https:\/\/futurehealthbiobank.com\/ca-fr\/"},{"@type":"ListItem","position":2,"name":"Politique de confidentialit\u00e9"}]},{"@type":"WebSite","@id":"https:\/\/futurehealthbiobank.com\/ca-fr\/#website","url":"https:\/\/futurehealthbiobank.com\/ca-fr\/","name":"Future Health Biobank Canadian French","description":"","publisher":{"@id":"https:\/\/futurehealthbiobank.com\/ca-fr\/#organization"},"potentialAction":[{"@type":"SearchAction","target":{"@type":"EntryPoint","urlTemplate":"https:\/\/futurehealthbiobank.com\/ca-fr\/?s={search_term_string}"},"query-input":{"@type":"PropertyValueSpecification","valueRequired":true,"valueName":"search_term_string"}}],"inLanguage":"fr-FR"},{"@type":"Organization","@id":"https:\/\/futurehealthbiobank.com\/ca-fr\/#organization","name":"Future Health Biobank","url":"https:\/\/futurehealthbiobank.com\/ca-fr\/","logo":{"@type":"ImageObject","inLanguage":"fr-FR","@id":"https:\/\/futurehealthbiobank.com\/ca-fr\/#\/schema\/logo\/image\/","url":"https:\/\/futurehealthbiobank.com\/ca-fr\/wp-content\/uploads\/sites\/30\/2016\/05\/future-health-biobank.svg","contentUrl":"https:\/\/futurehealthbiobank.com\/ca-fr\/wp-content\/uploads\/sites\/30\/2016\/05\/future-health-biobank.svg","width":1,"height":1,"caption":"Future Health Biobank"},"image":{"@id":"https:\/\/futurehealthbiobank.com\/ca-fr\/#\/schema\/logo\/image\/"}}]}},"_links":{"self":[{"href":"https:\/\/futurehealthbiobank.com\/ca-fr\/wp-json\/wp\/v2\/pages\/3523","targetHints":{"allow":["GET"]}}],"collection":[{"href":"https:\/\/futurehealthbiobank.com\/ca-fr\/wp-json\/wp\/v2\/pages"}],"about":[{"href":"https:\/\/futurehealthbiobank.com\/ca-fr\/wp-json\/wp\/v2\/types\/page"}],"author":[{"embeddable":true,"href":"https:\/\/futurehealthbiobank.com\/ca-fr\/wp-json\/wp\/v2\/users\/25"}],"replies":[{"embeddable":true,"href":"https:\/\/futurehealthbiobank.com\/ca-fr\/wp-json\/wp\/v2\/comments?post=3523"}],"version-history":[{"count":0,"href":"https:\/\/futurehealthbiobank.com\/ca-fr\/wp-json\/wp\/v2\/pages\/3523\/revisions"}],"wp:attachment":[{"href":"https:\/\/futurehealthbiobank.com\/ca-fr\/wp-json\/wp\/v2\/media?parent=3523"}],"curies":[{"name":"wp","href":"https:\/\/api.w.org\/{rel}","templated":true}]}}