{"id":838,"date":"2016-07-15T13:04:08","date_gmt":"2016-07-15T11:04:08","guid":{"rendered":"https:\/\/futurehealthbiobank.com\/ca-fr\/?page_id=838"},"modified":"2019-06-05T10:52:11","modified_gmt":"2019-06-05T08:52:11","slug":"besoin-daide","status":"publish","type":"page","link":"https:\/\/futurehealthbiobank.com\/ca-fr\/blog\/besoin-daide\/","title":{"rendered":"Besoin d&rsquo;aide"},"content":{"rendered":"","protected":false},"excerpt":{"rendered":"","protected":false},"author":25,"featured_media":0,"parent":574,"menu_order":0,"comment_status":"closed","ping_status":"closed","template":"page-page_template.php","meta":{"_acf_changed":false,"footnotes":""},"class_list":["post-838","page","type-page","status-publish","hentry"],"acf":[],"yoast_head":"<!-- This site is optimized with the Yoast SEO Premium plugin v26.7 (Yoast SEO v26.7) - https:\/\/yoast.com\/wordpress\/plugins\/seo\/ -->\n<title>Besoin d\u2019aide<\/title>\n<meta name=\"description\" content=\"Dans la partie offres sp\u00e9ciales se trouvent toutes nos offres et promotions exclusives pour nos clients Future Health Biobank.Chez Future Health Biobank, nous nous engageons \u00e0 offrir \u00e0 nos clients le meilleur rapport qualit\u00e9-prix. Veuillez visitez notre page offres sp\u00e9ciales pour plus d&#039;informations.\" \/>\n<meta name=\"robots\" content=\"index, follow, max-snippet:-1, max-image-preview:large, max-video-preview:-1\" \/>\n<link rel=\"canonical\" href=\"https:\/\/futurehealthbiobank.com\/ca-fr\/blog\/besoin-daide\/\" \/>\n<meta property=\"og:locale\" content=\"fr_FR\" \/>\n<meta property=\"og:type\" content=\"article\" \/>\n<meta property=\"og:title\" content=\"Besoin d&#039;aide\" \/>\n<meta property=\"og:url\" content=\"https:\/\/futurehealthbiobank.com\/ca-fr\/blog\/besoin-daide\/\" \/>\n<meta property=\"og:site_name\" content=\"Future Health Biobank Canadian French\" \/>\n<meta property=\"article:modified_time\" content=\"2019-06-05T08:52:11+00:00\" \/>\n<meta name=\"twitter:card\" content=\"summary_large_image\" \/>\n<script type=\"application\/ld+json\" class=\"yoast-schema-graph\">{\"@context\":\"https:\/\/schema.org\",\"@graph\":[{\"@type\":\"WebPage\",\"@id\":\"https:\/\/futurehealthbiobank.com\/ca-fr\/blog\/besoin-daide\/\",\"url\":\"https:\/\/futurehealthbiobank.com\/ca-fr\/blog\/besoin-daide\/\",\"name\":\"Besoin d\u2019aide\",\"isPartOf\":{\"@id\":\"https:\/\/futurehealthbiobank.com\/ca-fr\/#website\"},\"datePublished\":\"2016-07-15T11:04:08+00:00\",\"dateModified\":\"2019-06-05T08:52:11+00:00\",\"description\":\"Dans la partie offres sp\u00e9ciales se trouvent toutes nos offres et promotions exclusives pour nos clients Future Health Biobank.Chez Future Health Biobank, nous nous engageons \u00e0 offrir \u00e0 nos clients le meilleur rapport qualit\u00e9-prix. Veuillez visitez notre page offres sp\u00e9ciales pour plus d'informations.\",\"breadcrumb\":{\"@id\":\"https:\/\/futurehealthbiobank.com\/ca-fr\/blog\/besoin-daide\/#breadcrumb\"},\"inLanguage\":\"fr-FR\",\"potentialAction\":[{\"@type\":\"ReadAction\",\"target\":[\"https:\/\/futurehealthbiobank.com\/ca-fr\/blog\/besoin-daide\/\"]}]},{\"@type\":\"BreadcrumbList\",\"@id\":\"https:\/\/futurehealthbiobank.com\/ca-fr\/blog\/besoin-daide\/#breadcrumb\",\"itemListElement\":[{\"@type\":\"ListItem\",\"position\":1,\"name\":\"Accueil\",\"item\":\"https:\/\/futurehealthbiobank.com\/ca-fr\/\"},{\"@type\":\"ListItem\",\"position\":2,\"name\":\"Blog\",\"item\":\"https:\/\/futurehealthbiobank.com\/ca-fr\/blog\/\"},{\"@type\":\"ListItem\",\"position\":3,\"name\":\"Besoin d&rsquo;aide\"}]},{\"@type\":\"WebSite\",\"@id\":\"https:\/\/futurehealthbiobank.com\/ca-fr\/#website\",\"url\":\"https:\/\/futurehealthbiobank.com\/ca-fr\/\",\"name\":\"Future Health Biobank Canadian French\",\"description\":\"\",\"publisher\":{\"@id\":\"https:\/\/futurehealthbiobank.com\/ca-fr\/#organization\"},\"potentialAction\":[{\"@type\":\"SearchAction\",\"target\":{\"@type\":\"EntryPoint\",\"urlTemplate\":\"https:\/\/futurehealthbiobank.com\/ca-fr\/?s={search_term_string}\"},\"query-input\":{\"@type\":\"PropertyValueSpecification\",\"valueRequired\":true,\"valueName\":\"search_term_string\"}}],\"inLanguage\":\"fr-FR\"},{\"@type\":\"Organization\",\"@id\":\"https:\/\/futurehealthbiobank.com\/ca-fr\/#organization\",\"name\":\"Future Health Biobank\",\"url\":\"https:\/\/futurehealthbiobank.com\/ca-fr\/\",\"logo\":{\"@type\":\"ImageObject\",\"inLanguage\":\"fr-FR\",\"@id\":\"https:\/\/futurehealthbiobank.com\/ca-fr\/#\/schema\/logo\/image\/\",\"url\":\"https:\/\/futurehealthbiobank.com\/ca-fr\/wp-content\/uploads\/sites\/30\/2016\/05\/future-health-biobank.svg\",\"contentUrl\":\"https:\/\/futurehealthbiobank.com\/ca-fr\/wp-content\/uploads\/sites\/30\/2016\/05\/future-health-biobank.svg\",\"width\":1,\"height\":1,\"caption\":\"Future Health Biobank\"},\"image\":{\"@id\":\"https:\/\/futurehealthbiobank.com\/ca-fr\/#\/schema\/logo\/image\/\"}}]}<\/script>\n<!-- \/ Yoast SEO Premium plugin. -->","yoast_head_json":{"title":"Besoin d\u2019aide","description":"Dans la partie offres sp\u00e9ciales se trouvent toutes nos offres et promotions exclusives pour nos clients Future Health Biobank.Chez Future Health Biobank, nous nous engageons \u00e0 offrir \u00e0 nos clients le meilleur rapport qualit\u00e9-prix. Veuillez visitez notre page offres sp\u00e9ciales pour plus d'informations.","robots":{"index":"index","follow":"follow","max-snippet":"max-snippet:-1","max-image-preview":"max-image-preview:large","max-video-preview":"max-video-preview:-1"},"canonical":"https:\/\/futurehealthbiobank.com\/ca-fr\/blog\/besoin-daide\/","og_locale":"fr_FR","og_type":"article","og_title":"Besoin d'aide","og_url":"https:\/\/futurehealthbiobank.com\/ca-fr\/blog\/besoin-daide\/","og_site_name":"Future Health Biobank Canadian French","article_modified_time":"2019-06-05T08:52:11+00:00","twitter_card":"summary_large_image","schema":{"@context":"https:\/\/schema.org","@graph":[{"@type":"WebPage","@id":"https:\/\/futurehealthbiobank.com\/ca-fr\/blog\/besoin-daide\/","url":"https:\/\/futurehealthbiobank.com\/ca-fr\/blog\/besoin-daide\/","name":"Besoin d\u2019aide","isPartOf":{"@id":"https:\/\/futurehealthbiobank.com\/ca-fr\/#website"},"datePublished":"2016-07-15T11:04:08+00:00","dateModified":"2019-06-05T08:52:11+00:00","description":"Dans la partie offres sp\u00e9ciales se trouvent toutes nos offres et promotions exclusives pour nos clients Future Health Biobank.Chez Future Health Biobank, nous nous engageons \u00e0 offrir \u00e0 nos clients le meilleur rapport qualit\u00e9-prix. Veuillez visitez notre page offres sp\u00e9ciales pour plus d'informations.","breadcrumb":{"@id":"https:\/\/futurehealthbiobank.com\/ca-fr\/blog\/besoin-daide\/#breadcrumb"},"inLanguage":"fr-FR","potentialAction":[{"@type":"ReadAction","target":["https:\/\/futurehealthbiobank.com\/ca-fr\/blog\/besoin-daide\/"]}]},{"@type":"BreadcrumbList","@id":"https:\/\/futurehealthbiobank.com\/ca-fr\/blog\/besoin-daide\/#breadcrumb","itemListElement":[{"@type":"ListItem","position":1,"name":"Accueil","item":"https:\/\/futurehealthbiobank.com\/ca-fr\/"},{"@type":"ListItem","position":2,"name":"Blog","item":"https:\/\/futurehealthbiobank.com\/ca-fr\/blog\/"},{"@type":"ListItem","position":3,"name":"Besoin d&rsquo;aide"}]},{"@type":"WebSite","@id":"https:\/\/futurehealthbiobank.com\/ca-fr\/#website","url":"https:\/\/futurehealthbiobank.com\/ca-fr\/","name":"Future Health Biobank Canadian French","description":"","publisher":{"@id":"https:\/\/futurehealthbiobank.com\/ca-fr\/#organization"},"potentialAction":[{"@type":"SearchAction","target":{"@type":"EntryPoint","urlTemplate":"https:\/\/futurehealthbiobank.com\/ca-fr\/?s={search_term_string}"},"query-input":{"@type":"PropertyValueSpecification","valueRequired":true,"valueName":"search_term_string"}}],"inLanguage":"fr-FR"},{"@type":"Organization","@id":"https:\/\/futurehealthbiobank.com\/ca-fr\/#organization","name":"Future Health Biobank","url":"https:\/\/futurehealthbiobank.com\/ca-fr\/","logo":{"@type":"ImageObject","inLanguage":"fr-FR","@id":"https:\/\/futurehealthbiobank.com\/ca-fr\/#\/schema\/logo\/image\/","url":"https:\/\/futurehealthbiobank.com\/ca-fr\/wp-content\/uploads\/sites\/30\/2016\/05\/future-health-biobank.svg","contentUrl":"https:\/\/futurehealthbiobank.com\/ca-fr\/wp-content\/uploads\/sites\/30\/2016\/05\/future-health-biobank.svg","width":1,"height":1,"caption":"Future Health Biobank"},"image":{"@id":"https:\/\/futurehealthbiobank.com\/ca-fr\/#\/schema\/logo\/image\/"}}]}},"_links":{"self":[{"href":"https:\/\/futurehealthbiobank.com\/ca-fr\/wp-json\/wp\/v2\/pages\/838","targetHints":{"allow":["GET"]}}],"collection":[{"href":"https:\/\/futurehealthbiobank.com\/ca-fr\/wp-json\/wp\/v2\/pages"}],"about":[{"href":"https:\/\/futurehealthbiobank.com\/ca-fr\/wp-json\/wp\/v2\/types\/page"}],"author":[{"embeddable":true,"href":"https:\/\/futurehealthbiobank.com\/ca-fr\/wp-json\/wp\/v2\/users\/25"}],"replies":[{"embeddable":true,"href":"https:\/\/futurehealthbiobank.com\/ca-fr\/wp-json\/wp\/v2\/comments?post=838"}],"version-history":[{"count":0,"href":"https:\/\/futurehealthbiobank.com\/ca-fr\/wp-json\/wp\/v2\/pages\/838\/revisions"}],"up":[{"embeddable":true,"href":"https:\/\/futurehealthbiobank.com\/ca-fr\/wp-json\/wp\/v2\/pages\/574"}],"wp:attachment":[{"href":"https:\/\/futurehealthbiobank.com\/ca-fr\/wp-json\/wp\/v2\/media?parent=838"}],"curies":[{"name":"wp","href":"https:\/\/api.w.org\/{rel}","templated":true}]}}