{"id":11874,"date":"2020-01-01T15:07:04","date_gmt":"2020-01-01T14:07:04","guid":{"rendered":"https:\/\/futurehealthbiobank.com\/?page_id=11874"},"modified":"2023-01-11T13:09:01","modified_gmt":"2023-01-11T12:09:01","slug":"warum-zellen-aus-dem-zahnmark-einlagern","status":"publish","type":"page","link":"https:\/\/futurehealthbiobank.com\/ch-de\/warum-zellen-aus-dem-zahnmark-einlagern\/","title":{"rendered":"Warum Zellen aus dem Zahnmark einlagern?"},"content":{"rendered":"<div class=\"helpful-block-content wth-theme-thumbs\" data-title=\"\" >\n<ul>\n<li><span class=\"wth-title\">War dies hilfreich?<\/span><\/li>\n<li><a data-post=\"11874\" data-post-url=\"https:\/\/futurehealthbiobank.com\/ch-de\/warum-zellen-aus-dem-zahnmark-einlagern\/\" data-post-title=\"Warum Zellen aus dem Zahnmark einlagern?\" data-response=\"1\" href=\"#\" class=\"wth-green-btn icon-thumbsup icon1-thumbs-up4\">Ja<\/a><a data-response=\"0\" data-post=\"11874\" data-post-url=\"https:\/\/futurehealthbiobank.com\/ch-de\/warum-zellen-aus-dem-zahnmark-einlagern\/\" data-post-title=\"Warum Zellen aus dem Zahnmark einlagern?\" href=\"#\" class=\"wth-red-btn icon-thumbsdown icon1-thumbs-down4\">Nein<\/a><\/li>\n<\/ul>\n<\/div>","protected":false},"excerpt":{"rendered":"<p>War dies hilfreich? JaNein<\/p>\n","protected":false},"author":25,"featured_media":0,"parent":0,"menu_order":0,"comment_status":"closed","ping_status":"closed","template":"page-dental-pulp-new.php","meta":{"_acf_changed":false,"footnotes":""},"class_list":["post-11874","page","type-page","status-publish","hentry"],"acf":[],"yoast_head":"<!-- This site is optimized with the Yoast SEO Premium plugin v26.7 (Yoast SEO v26.7) - https:\/\/yoast.com\/wordpress\/plugins\/seo\/ -->\n<title>Warum Zellen aus dem Zahnmark einlagern? | Future Health Biobank<\/title>\n<meta name=\"description\" content=\"Eine wertvolle Quelle f\u00fcr Stammzellen befindet sich im Zahnmark unserer Z\u00e4hne. Zahnstammzellen haben die F\u00e4higkeit, Gewebezellen im K\u00f6rper zu reparieren\" \/>\n<meta name=\"robots\" content=\"index, follow, max-snippet:-1, max-image-preview:large, max-video-preview:-1\" \/>\n<link rel=\"canonical\" href=\"https:\/\/futurehealthbiobank.com\/ch-de\/warum-zellen-aus-dem-zahnmark-einlagern\/\" \/>\n<meta property=\"og:locale\" content=\"de_DE\" \/>\n<meta property=\"og:type\" content=\"article\" \/>\n<meta property=\"og:title\" content=\"Warum Zellen aus dem Zahnmark einlagern?\" \/>\n<meta property=\"og:url\" content=\"https:\/\/futurehealthbiobank.com\/ch-de\/warum-zellen-aus-dem-zahnmark-einlagern\/\" \/>\n<meta property=\"og:site_name\" content=\"Future Health Biobank Swiss German\" \/>\n<meta property=\"article:modified_time\" content=\"2023-01-11T12:09:01+00:00\" \/>\n<meta name=\"twitter:card\" content=\"summary_large_image\" \/>\n<script type=\"application\/ld+json\" class=\"yoast-schema-graph\">{\"@context\":\"https:\/\/schema.org\",\"@graph\":[{\"@type\":\"WebPage\",\"@id\":\"https:\/\/futurehealthbiobank.com\/ch-de\/warum-zellen-aus-dem-zahnmark-einlagern\/\",\"url\":\"https:\/\/futurehealthbiobank.com\/ch-de\/warum-zellen-aus-dem-zahnmark-einlagern\/\",\"name\":\"Warum Zellen aus dem Zahnmark einlagern? | Future Health Biobank\",\"isPartOf\":{\"@id\":\"https:\/\/futurehealthbiobank.com\/ch-de\/#website\"},\"datePublished\":\"2020-01-01T14:07:04+00:00\",\"dateModified\":\"2023-01-11T12:09:01+00:00\",\"description\":\"Eine wertvolle Quelle f\u00fcr Stammzellen befindet sich im Zahnmark unserer Z\u00e4hne. Zahnstammzellen haben die F\u00e4higkeit, Gewebezellen im K\u00f6rper zu reparieren\",\"breadcrumb\":{\"@id\":\"https:\/\/futurehealthbiobank.com\/ch-de\/warum-zellen-aus-dem-zahnmark-einlagern\/#breadcrumb\"},\"inLanguage\":\"de\",\"potentialAction\":[{\"@type\":\"ReadAction\",\"target\":[\"https:\/\/futurehealthbiobank.com\/ch-de\/warum-zellen-aus-dem-zahnmark-einlagern\/\"]}]},{\"@type\":\"BreadcrumbList\",\"@id\":\"https:\/\/futurehealthbiobank.com\/ch-de\/warum-zellen-aus-dem-zahnmark-einlagern\/#breadcrumb\",\"itemListElement\":[{\"@type\":\"ListItem\",\"position\":1,\"name\":\"Home\",\"item\":\"https:\/\/futurehealthbiobank.com\/ch-de\/\"},{\"@type\":\"ListItem\",\"position\":2,\"name\":\"Warum Zellen aus dem Zahnmark einlagern?\"}]},{\"@type\":\"WebSite\",\"@id\":\"https:\/\/futurehealthbiobank.com\/ch-de\/#website\",\"url\":\"https:\/\/futurehealthbiobank.com\/ch-de\/\",\"name\":\"Future Health Biobank Swiss German\",\"description\":\"\",\"potentialAction\":[{\"@type\":\"SearchAction\",\"target\":{\"@type\":\"EntryPoint\",\"urlTemplate\":\"https:\/\/futurehealthbiobank.com\/ch-de\/?s={search_term_string}\"},\"query-input\":{\"@type\":\"PropertyValueSpecification\",\"valueRequired\":true,\"valueName\":\"search_term_string\"}}],\"inLanguage\":\"de\"}]}<\/script>\n<!-- \/ Yoast SEO Premium plugin. -->","yoast_head_json":{"title":"Warum Zellen aus dem Zahnmark einlagern? | Future Health Biobank","description":"Eine wertvolle Quelle f\u00fcr Stammzellen befindet sich im Zahnmark unserer Z\u00e4hne. Zahnstammzellen haben die F\u00e4higkeit, Gewebezellen im K\u00f6rper zu reparieren","robots":{"index":"index","follow":"follow","max-snippet":"max-snippet:-1","max-image-preview":"max-image-preview:large","max-video-preview":"max-video-preview:-1"},"canonical":"https:\/\/futurehealthbiobank.com\/ch-de\/warum-zellen-aus-dem-zahnmark-einlagern\/","og_locale":"de_DE","og_type":"article","og_title":"Warum Zellen aus dem Zahnmark einlagern?","og_url":"https:\/\/futurehealthbiobank.com\/ch-de\/warum-zellen-aus-dem-zahnmark-einlagern\/","og_site_name":"Future Health Biobank Swiss German","article_modified_time":"2023-01-11T12:09:01+00:00","twitter_card":"summary_large_image","schema":{"@context":"https:\/\/schema.org","@graph":[{"@type":"WebPage","@id":"https:\/\/futurehealthbiobank.com\/ch-de\/warum-zellen-aus-dem-zahnmark-einlagern\/","url":"https:\/\/futurehealthbiobank.com\/ch-de\/warum-zellen-aus-dem-zahnmark-einlagern\/","name":"Warum Zellen aus dem Zahnmark einlagern? | Future Health Biobank","isPartOf":{"@id":"https:\/\/futurehealthbiobank.com\/ch-de\/#website"},"datePublished":"2020-01-01T14:07:04+00:00","dateModified":"2023-01-11T12:09:01+00:00","description":"Eine wertvolle Quelle f\u00fcr Stammzellen befindet sich im Zahnmark unserer Z\u00e4hne. Zahnstammzellen haben die F\u00e4higkeit, Gewebezellen im K\u00f6rper zu reparieren","breadcrumb":{"@id":"https:\/\/futurehealthbiobank.com\/ch-de\/warum-zellen-aus-dem-zahnmark-einlagern\/#breadcrumb"},"inLanguage":"de","potentialAction":[{"@type":"ReadAction","target":["https:\/\/futurehealthbiobank.com\/ch-de\/warum-zellen-aus-dem-zahnmark-einlagern\/"]}]},{"@type":"BreadcrumbList","@id":"https:\/\/futurehealthbiobank.com\/ch-de\/warum-zellen-aus-dem-zahnmark-einlagern\/#breadcrumb","itemListElement":[{"@type":"ListItem","position":1,"name":"Home","item":"https:\/\/futurehealthbiobank.com\/ch-de\/"},{"@type":"ListItem","position":2,"name":"Warum Zellen aus dem Zahnmark einlagern?"}]},{"@type":"WebSite","@id":"https:\/\/futurehealthbiobank.com\/ch-de\/#website","url":"https:\/\/futurehealthbiobank.com\/ch-de\/","name":"Future Health Biobank Swiss German","description":"","potentialAction":[{"@type":"SearchAction","target":{"@type":"EntryPoint","urlTemplate":"https:\/\/futurehealthbiobank.com\/ch-de\/?s={search_term_string}"},"query-input":{"@type":"PropertyValueSpecification","valueRequired":true,"valueName":"search_term_string"}}],"inLanguage":"de"}]}},"_links":{"self":[{"href":"https:\/\/futurehealthbiobank.com\/ch-de\/wp-json\/wp\/v2\/pages\/11874","targetHints":{"allow":["GET"]}}],"collection":[{"href":"https:\/\/futurehealthbiobank.com\/ch-de\/wp-json\/wp\/v2\/pages"}],"about":[{"href":"https:\/\/futurehealthbiobank.com\/ch-de\/wp-json\/wp\/v2\/types\/page"}],"author":[{"embeddable":true,"href":"https:\/\/futurehealthbiobank.com\/ch-de\/wp-json\/wp\/v2\/users\/25"}],"replies":[{"embeddable":true,"href":"https:\/\/futurehealthbiobank.com\/ch-de\/wp-json\/wp\/v2\/comments?post=11874"}],"version-history":[{"count":0,"href":"https:\/\/futurehealthbiobank.com\/ch-de\/wp-json\/wp\/v2\/pages\/11874\/revisions"}],"wp:attachment":[{"href":"https:\/\/futurehealthbiobank.com\/ch-de\/wp-json\/wp\/v2\/media?parent=11874"}],"curies":[{"name":"wp","href":"https:\/\/api.w.org\/{rel}","templated":true}]}}