{"id":30137,"date":"2019-08-06T14:35:54","date_gmt":"2019-08-06T13:35:54","guid":{"rendered":"http:\/\/fhbb.staging.wpengine.com\/?page_id=10867"},"modified":"2021-03-08T17:21:55","modified_gmt":"2021-03-08T16:21:55","slug":"stammzellentherapie-und-autismus","status":"publish","type":"page","link":"https:\/\/futurehealthbiobank.com\/ch-de\/krankheiten-behandelt\/stammzellentherapie-und-autismus\/","title":{"rendered":"Stammzellentherapie und Autismus"},"content":{"rendered":"<div class=\"helpful-block-content wth-theme-thumbs\" data-title=\"\" >\n<ul>\n<li><span class=\"wth-title\">War dies hilfreich?<\/span><\/li>\n<li><a data-post=\"30137\" data-post-url=\"https:\/\/futurehealthbiobank.com\/ch-de\/krankheiten-behandelt\/stammzellentherapie-und-autismus\/\" data-post-title=\"Stammzellentherapie und Autismus\" data-response=\"1\" href=\"#\" class=\"wth-green-btn icon-thumbsup icon1-thumbs-up4\">Ja<\/a><a data-response=\"0\" data-post=\"30137\" data-post-url=\"https:\/\/futurehealthbiobank.com\/ch-de\/krankheiten-behandelt\/stammzellentherapie-und-autismus\/\" data-post-title=\"Stammzellentherapie und Autismus\" href=\"#\" class=\"wth-red-btn icon-thumbsdown icon1-thumbs-down4\">Nein<\/a><\/li>\n<\/ul>\n<\/div>","protected":false},"excerpt":{"rendered":"<p>War dies hilfreich? JaNein<\/p>\n","protected":false},"author":25,"featured_media":0,"parent":12988,"menu_order":0,"comment_status":"closed","ping_status":"closed","template":"page-diseases.php","meta":{"_acf_changed":false,"footnotes":""},"class_list":["post-30137","page","type-page","status-publish","hentry"],"acf":[],"yoast_head":"<!-- This site is optimized with the Yoast SEO Premium plugin v26.7 (Yoast SEO v26.7) - https:\/\/yoast.com\/wordpress\/plugins\/seo\/ -->\n<title>Stammzelltherapie und Autismus | Future Health Biobank<\/title>\n<meta name=\"description\" content=\"Die Stammzelltherapie wird immer \u00f6fter als praktikable Strategie anerkannt, um Menschen mit Autismus zu helfen. Dies basiert auf der ausgepr\u00e4gten F\u00e4higkeit von Stammzellen, den Stoffwechsel und das Immunsystem zu beeinflussen und gesch\u00e4digte Zellen und Gewebe, einschlie\u00dflich K\u00f6rperorgane und -strukturen, wiederherzustellen.\" \/>\n<meta name=\"robots\" content=\"index, follow, max-snippet:-1, max-image-preview:large, max-video-preview:-1\" \/>\n<link rel=\"canonical\" href=\"https:\/\/futurehealthbiobank.com\/ch-de\/krankheiten-behandelt\/stammzellentherapie-und-autismus\/\" \/>\n<meta property=\"og:locale\" content=\"de_DE\" \/>\n<meta property=\"og:type\" content=\"article\" \/>\n<meta property=\"og:title\" content=\"Stammzellentherapie und Autismus\" \/>\n<meta property=\"og:url\" content=\"https:\/\/futurehealthbiobank.com\/ch-de\/krankheiten-behandelt\/stammzellentherapie-und-autismus\/\" \/>\n<meta property=\"og:site_name\" content=\"Future Health Biobank Swiss German\" \/>\n<meta property=\"article:modified_time\" content=\"2021-03-08T16:21:55+00:00\" \/>\n<meta name=\"twitter:card\" content=\"summary_large_image\" \/>\n<script type=\"application\/ld+json\" class=\"yoast-schema-graph\">{\"@context\":\"https:\/\/schema.org\",\"@graph\":[{\"@type\":\"WebPage\",\"@id\":\"https:\/\/futurehealthbiobank.com\/ch-de\/krankheiten-behandelt\/stammzellentherapie-und-autismus\/\",\"url\":\"https:\/\/futurehealthbiobank.com\/ch-de\/krankheiten-behandelt\/stammzellentherapie-und-autismus\/\",\"name\":\"Stammzelltherapie und Autismus | Future Health Biobank\",\"isPartOf\":{\"@id\":\"https:\/\/futurehealthbiobank.com\/ch-de\/#website\"},\"datePublished\":\"2019-08-06T13:35:54+00:00\",\"dateModified\":\"2021-03-08T16:21:55+00:00\",\"description\":\"Die Stammzelltherapie wird immer \u00f6fter als praktikable Strategie anerkannt, um Menschen mit Autismus zu helfen. Dies basiert auf der ausgepr\u00e4gten F\u00e4higkeit von Stammzellen, den Stoffwechsel und das Immunsystem zu beeinflussen und gesch\u00e4digte Zellen und Gewebe, einschlie\u00dflich K\u00f6rperorgane und -strukturen, wiederherzustellen.\",\"breadcrumb\":{\"@id\":\"https:\/\/futurehealthbiobank.com\/ch-de\/krankheiten-behandelt\/stammzellentherapie-und-autismus\/#breadcrumb\"},\"inLanguage\":\"de\",\"potentialAction\":[{\"@type\":\"ReadAction\",\"target\":[\"https:\/\/futurehealthbiobank.com\/ch-de\/krankheiten-behandelt\/stammzellentherapie-und-autismus\/\"]}]},{\"@type\":\"BreadcrumbList\",\"@id\":\"https:\/\/futurehealthbiobank.com\/ch-de\/krankheiten-behandelt\/stammzellentherapie-und-autismus\/#breadcrumb\",\"itemListElement\":[{\"@type\":\"ListItem\",\"position\":1,\"name\":\"Home\",\"item\":\"https:\/\/futurehealthbiobank.com\/ch-de\/\"},{\"@type\":\"ListItem\",\"position\":2,\"name\":\"Krankheiten behandelt\",\"item\":\"https:\/\/futurehealthbiobank.com\/ch-de\/krankheiten-behandelt\/\"},{\"@type\":\"ListItem\",\"position\":3,\"name\":\"Stammzellentherapie und Autismus\"}]},{\"@type\":\"WebSite\",\"@id\":\"https:\/\/futurehealthbiobank.com\/ch-de\/#website\",\"url\":\"https:\/\/futurehealthbiobank.com\/ch-de\/\",\"name\":\"Future Health Biobank Swiss German\",\"description\":\"\",\"potentialAction\":[{\"@type\":\"SearchAction\",\"target\":{\"@type\":\"EntryPoint\",\"urlTemplate\":\"https:\/\/futurehealthbiobank.com\/ch-de\/?s={search_term_string}\"},\"query-input\":{\"@type\":\"PropertyValueSpecification\",\"valueRequired\":true,\"valueName\":\"search_term_string\"}}],\"inLanguage\":\"de\"}]}<\/script>\n<!-- \/ Yoast SEO Premium plugin. -->","yoast_head_json":{"title":"Stammzelltherapie und Autismus | Future Health Biobank","description":"Die Stammzelltherapie wird immer \u00f6fter als praktikable Strategie anerkannt, um Menschen mit Autismus zu helfen. Dies basiert auf der ausgepr\u00e4gten F\u00e4higkeit von Stammzellen, den Stoffwechsel und das Immunsystem zu beeinflussen und gesch\u00e4digte Zellen und Gewebe, einschlie\u00dflich K\u00f6rperorgane und -strukturen, wiederherzustellen.","robots":{"index":"index","follow":"follow","max-snippet":"max-snippet:-1","max-image-preview":"max-image-preview:large","max-video-preview":"max-video-preview:-1"},"canonical":"https:\/\/futurehealthbiobank.com\/ch-de\/krankheiten-behandelt\/stammzellentherapie-und-autismus\/","og_locale":"de_DE","og_type":"article","og_title":"Stammzellentherapie und Autismus","og_url":"https:\/\/futurehealthbiobank.com\/ch-de\/krankheiten-behandelt\/stammzellentherapie-und-autismus\/","og_site_name":"Future Health Biobank Swiss German","article_modified_time":"2021-03-08T16:21:55+00:00","twitter_card":"summary_large_image","schema":{"@context":"https:\/\/schema.org","@graph":[{"@type":"WebPage","@id":"https:\/\/futurehealthbiobank.com\/ch-de\/krankheiten-behandelt\/stammzellentherapie-und-autismus\/","url":"https:\/\/futurehealthbiobank.com\/ch-de\/krankheiten-behandelt\/stammzellentherapie-und-autismus\/","name":"Stammzelltherapie und Autismus | Future Health Biobank","isPartOf":{"@id":"https:\/\/futurehealthbiobank.com\/ch-de\/#website"},"datePublished":"2019-08-06T13:35:54+00:00","dateModified":"2021-03-08T16:21:55+00:00","description":"Die Stammzelltherapie wird immer \u00f6fter als praktikable Strategie anerkannt, um Menschen mit Autismus zu helfen. Dies basiert auf der ausgepr\u00e4gten F\u00e4higkeit von Stammzellen, den Stoffwechsel und das Immunsystem zu beeinflussen und gesch\u00e4digte Zellen und Gewebe, einschlie\u00dflich K\u00f6rperorgane und -strukturen, wiederherzustellen.","breadcrumb":{"@id":"https:\/\/futurehealthbiobank.com\/ch-de\/krankheiten-behandelt\/stammzellentherapie-und-autismus\/#breadcrumb"},"inLanguage":"de","potentialAction":[{"@type":"ReadAction","target":["https:\/\/futurehealthbiobank.com\/ch-de\/krankheiten-behandelt\/stammzellentherapie-und-autismus\/"]}]},{"@type":"BreadcrumbList","@id":"https:\/\/futurehealthbiobank.com\/ch-de\/krankheiten-behandelt\/stammzellentherapie-und-autismus\/#breadcrumb","itemListElement":[{"@type":"ListItem","position":1,"name":"Home","item":"https:\/\/futurehealthbiobank.com\/ch-de\/"},{"@type":"ListItem","position":2,"name":"Krankheiten behandelt","item":"https:\/\/futurehealthbiobank.com\/ch-de\/krankheiten-behandelt\/"},{"@type":"ListItem","position":3,"name":"Stammzellentherapie und Autismus"}]},{"@type":"WebSite","@id":"https:\/\/futurehealthbiobank.com\/ch-de\/#website","url":"https:\/\/futurehealthbiobank.com\/ch-de\/","name":"Future Health Biobank Swiss German","description":"","potentialAction":[{"@type":"SearchAction","target":{"@type":"EntryPoint","urlTemplate":"https:\/\/futurehealthbiobank.com\/ch-de\/?s={search_term_string}"},"query-input":{"@type":"PropertyValueSpecification","valueRequired":true,"valueName":"search_term_string"}}],"inLanguage":"de"}]}},"_links":{"self":[{"href":"https:\/\/futurehealthbiobank.com\/ch-de\/wp-json\/wp\/v2\/pages\/30137","targetHints":{"allow":["GET"]}}],"collection":[{"href":"https:\/\/futurehealthbiobank.com\/ch-de\/wp-json\/wp\/v2\/pages"}],"about":[{"href":"https:\/\/futurehealthbiobank.com\/ch-de\/wp-json\/wp\/v2\/types\/page"}],"author":[{"embeddable":true,"href":"https:\/\/futurehealthbiobank.com\/ch-de\/wp-json\/wp\/v2\/users\/25"}],"replies":[{"embeddable":true,"href":"https:\/\/futurehealthbiobank.com\/ch-de\/wp-json\/wp\/v2\/comments?post=30137"}],"version-history":[{"count":0,"href":"https:\/\/futurehealthbiobank.com\/ch-de\/wp-json\/wp\/v2\/pages\/30137\/revisions"}],"up":[{"embeddable":true,"href":"https:\/\/futurehealthbiobank.com\/ch-de\/wp-json\/wp\/v2\/pages\/12988"}],"wp:attachment":[{"href":"https:\/\/futurehealthbiobank.com\/ch-de\/wp-json\/wp\/v2\/media?parent=30137"}],"curies":[{"name":"wp","href":"https:\/\/api.w.org\/{rel}","templated":true}]}}