{"id":30140,"date":"2019-08-06T12:39:41","date_gmt":"2019-08-06T11:39:41","guid":{"rendered":"http:\/\/fhbb.staging.wpengine.com\/?page_id=10895"},"modified":"2021-03-08T17:50:16","modified_gmt":"2021-03-08T16:50:16","slug":"stammzellentherapie-und-herzerkrankungen","status":"publish","type":"page","link":"https:\/\/futurehealthbiobank.com\/ch-de\/krankheiten-behandelt\/stammzellentherapie-und-herzerkrankungen\/","title":{"rendered":"Stammzellentherapie und Herzerkrankungen"},"content":{"rendered":"<div class=\"helpful-block-content wth-theme-thumbs\" data-title=\"\" >\n<ul>\n<li><span class=\"wth-title\">War dies hilfreich?<\/span><\/li>\n<li><a data-post=\"30140\" data-post-url=\"https:\/\/futurehealthbiobank.com\/ch-de\/krankheiten-behandelt\/stammzellentherapie-und-herzerkrankungen\/\" data-post-title=\"Stammzellentherapie und Herzerkrankungen\" data-response=\"1\" href=\"#\" class=\"wth-green-btn icon-thumbsup icon1-thumbs-up4\">Ja<\/a><a data-response=\"0\" data-post=\"30140\" data-post-url=\"https:\/\/futurehealthbiobank.com\/ch-de\/krankheiten-behandelt\/stammzellentherapie-und-herzerkrankungen\/\" data-post-title=\"Stammzellentherapie und Herzerkrankungen\" href=\"#\" class=\"wth-red-btn icon-thumbsdown icon1-thumbs-down4\">Nein<\/a><\/li>\n<\/ul>\n<\/div>","protected":false},"excerpt":{"rendered":"<p>War dies hilfreich? JaNein<\/p>\n","protected":false},"author":25,"featured_media":0,"parent":12988,"menu_order":0,"comment_status":"closed","ping_status":"closed","template":"page-diseases.php","meta":{"_acf_changed":false,"footnotes":""},"class_list":["post-30140","page","type-page","status-publish","hentry"],"acf":[],"yoast_head":"<!-- This site is optimized with the Yoast SEO Premium plugin v26.7 (Yoast SEO v26.7) - https:\/\/yoast.com\/wordpress\/plugins\/seo\/ -->\n<title>Stammzelltherapie und Herzkrankheiten | Future Health Biobank<\/title>\n<meta name=\"description\" content=\"Durchbr\u00fcche in der Forschung zur Stammzelltherapie haben m\u00f6glicherweise neue Methoden zur Unterst\u00fctzung gesch\u00e4digter Herzen identifiziert. In einer Reihe von Studien wird versucht, das gesch\u00e4digte Herzgewebe mit mesenchymalen Stammzellen (MSCs) zu reparieren oder zu ersetzen\" \/>\n<meta name=\"robots\" content=\"index, follow, max-snippet:-1, max-image-preview:large, max-video-preview:-1\" \/>\n<link rel=\"canonical\" href=\"https:\/\/futurehealthbiobank.com\/ch-de\/krankheiten-behandelt\/stammzellentherapie-und-herzerkrankungen\/\" \/>\n<meta property=\"og:locale\" content=\"de_DE\" \/>\n<meta property=\"og:type\" content=\"article\" \/>\n<meta property=\"og:title\" content=\"Stammzellentherapie und Herzerkrankungen\" \/>\n<meta property=\"og:url\" content=\"https:\/\/futurehealthbiobank.com\/ch-de\/krankheiten-behandelt\/stammzellentherapie-und-herzerkrankungen\/\" \/>\n<meta property=\"og:site_name\" content=\"Future Health Biobank Swiss German\" \/>\n<meta property=\"article:modified_time\" content=\"2021-03-08T16:50:16+00:00\" \/>\n<meta name=\"twitter:card\" content=\"summary_large_image\" \/>\n<script type=\"application\/ld+json\" class=\"yoast-schema-graph\">{\"@context\":\"https:\/\/schema.org\",\"@graph\":[{\"@type\":\"WebPage\",\"@id\":\"https:\/\/futurehealthbiobank.com\/ch-de\/krankheiten-behandelt\/stammzellentherapie-und-herzerkrankungen\/\",\"url\":\"https:\/\/futurehealthbiobank.com\/ch-de\/krankheiten-behandelt\/stammzellentherapie-und-herzerkrankungen\/\",\"name\":\"Stammzelltherapie und Herzkrankheiten | Future Health Biobank\",\"isPartOf\":{\"@id\":\"https:\/\/futurehealthbiobank.com\/ch-de\/#website\"},\"datePublished\":\"2019-08-06T11:39:41+00:00\",\"dateModified\":\"2021-03-08T16:50:16+00:00\",\"description\":\"Durchbr\u00fcche in der Forschung zur Stammzelltherapie haben m\u00f6glicherweise neue Methoden zur Unterst\u00fctzung gesch\u00e4digter Herzen identifiziert. In einer Reihe von Studien wird versucht, das gesch\u00e4digte Herzgewebe mit mesenchymalen Stammzellen (MSCs) zu reparieren oder zu ersetzen\",\"breadcrumb\":{\"@id\":\"https:\/\/futurehealthbiobank.com\/ch-de\/krankheiten-behandelt\/stammzellentherapie-und-herzerkrankungen\/#breadcrumb\"},\"inLanguage\":\"de\",\"potentialAction\":[{\"@type\":\"ReadAction\",\"target\":[\"https:\/\/futurehealthbiobank.com\/ch-de\/krankheiten-behandelt\/stammzellentherapie-und-herzerkrankungen\/\"]}]},{\"@type\":\"BreadcrumbList\",\"@id\":\"https:\/\/futurehealthbiobank.com\/ch-de\/krankheiten-behandelt\/stammzellentherapie-und-herzerkrankungen\/#breadcrumb\",\"itemListElement\":[{\"@type\":\"ListItem\",\"position\":1,\"name\":\"Home\",\"item\":\"https:\/\/futurehealthbiobank.com\/ch-de\/\"},{\"@type\":\"ListItem\",\"position\":2,\"name\":\"Krankheiten behandelt\",\"item\":\"https:\/\/futurehealthbiobank.com\/ch-de\/krankheiten-behandelt\/\"},{\"@type\":\"ListItem\",\"position\":3,\"name\":\"Stammzellentherapie und Herzerkrankungen\"}]},{\"@type\":\"WebSite\",\"@id\":\"https:\/\/futurehealthbiobank.com\/ch-de\/#website\",\"url\":\"https:\/\/futurehealthbiobank.com\/ch-de\/\",\"name\":\"Future Health Biobank Swiss German\",\"description\":\"\",\"potentialAction\":[{\"@type\":\"SearchAction\",\"target\":{\"@type\":\"EntryPoint\",\"urlTemplate\":\"https:\/\/futurehealthbiobank.com\/ch-de\/?s={search_term_string}\"},\"query-input\":{\"@type\":\"PropertyValueSpecification\",\"valueRequired\":true,\"valueName\":\"search_term_string\"}}],\"inLanguage\":\"de\"}]}<\/script>\n<!-- \/ Yoast SEO Premium plugin. -->","yoast_head_json":{"title":"Stammzelltherapie und Herzkrankheiten | Future Health Biobank","description":"Durchbr\u00fcche in der Forschung zur Stammzelltherapie haben m\u00f6glicherweise neue Methoden zur Unterst\u00fctzung gesch\u00e4digter Herzen identifiziert. In einer Reihe von Studien wird versucht, das gesch\u00e4digte Herzgewebe mit mesenchymalen Stammzellen (MSCs) zu reparieren oder zu ersetzen","robots":{"index":"index","follow":"follow","max-snippet":"max-snippet:-1","max-image-preview":"max-image-preview:large","max-video-preview":"max-video-preview:-1"},"canonical":"https:\/\/futurehealthbiobank.com\/ch-de\/krankheiten-behandelt\/stammzellentherapie-und-herzerkrankungen\/","og_locale":"de_DE","og_type":"article","og_title":"Stammzellentherapie und Herzerkrankungen","og_url":"https:\/\/futurehealthbiobank.com\/ch-de\/krankheiten-behandelt\/stammzellentherapie-und-herzerkrankungen\/","og_site_name":"Future Health Biobank Swiss German","article_modified_time":"2021-03-08T16:50:16+00:00","twitter_card":"summary_large_image","schema":{"@context":"https:\/\/schema.org","@graph":[{"@type":"WebPage","@id":"https:\/\/futurehealthbiobank.com\/ch-de\/krankheiten-behandelt\/stammzellentherapie-und-herzerkrankungen\/","url":"https:\/\/futurehealthbiobank.com\/ch-de\/krankheiten-behandelt\/stammzellentherapie-und-herzerkrankungen\/","name":"Stammzelltherapie und Herzkrankheiten | Future Health Biobank","isPartOf":{"@id":"https:\/\/futurehealthbiobank.com\/ch-de\/#website"},"datePublished":"2019-08-06T11:39:41+00:00","dateModified":"2021-03-08T16:50:16+00:00","description":"Durchbr\u00fcche in der Forschung zur Stammzelltherapie haben m\u00f6glicherweise neue Methoden zur Unterst\u00fctzung gesch\u00e4digter Herzen identifiziert. In einer Reihe von Studien wird versucht, das gesch\u00e4digte Herzgewebe mit mesenchymalen Stammzellen (MSCs) zu reparieren oder zu ersetzen","breadcrumb":{"@id":"https:\/\/futurehealthbiobank.com\/ch-de\/krankheiten-behandelt\/stammzellentherapie-und-herzerkrankungen\/#breadcrumb"},"inLanguage":"de","potentialAction":[{"@type":"ReadAction","target":["https:\/\/futurehealthbiobank.com\/ch-de\/krankheiten-behandelt\/stammzellentherapie-und-herzerkrankungen\/"]}]},{"@type":"BreadcrumbList","@id":"https:\/\/futurehealthbiobank.com\/ch-de\/krankheiten-behandelt\/stammzellentherapie-und-herzerkrankungen\/#breadcrumb","itemListElement":[{"@type":"ListItem","position":1,"name":"Home","item":"https:\/\/futurehealthbiobank.com\/ch-de\/"},{"@type":"ListItem","position":2,"name":"Krankheiten behandelt","item":"https:\/\/futurehealthbiobank.com\/ch-de\/krankheiten-behandelt\/"},{"@type":"ListItem","position":3,"name":"Stammzellentherapie und Herzerkrankungen"}]},{"@type":"WebSite","@id":"https:\/\/futurehealthbiobank.com\/ch-de\/#website","url":"https:\/\/futurehealthbiobank.com\/ch-de\/","name":"Future Health Biobank Swiss German","description":"","potentialAction":[{"@type":"SearchAction","target":{"@type":"EntryPoint","urlTemplate":"https:\/\/futurehealthbiobank.com\/ch-de\/?s={search_term_string}"},"query-input":{"@type":"PropertyValueSpecification","valueRequired":true,"valueName":"search_term_string"}}],"inLanguage":"de"}]}},"_links":{"self":[{"href":"https:\/\/futurehealthbiobank.com\/ch-de\/wp-json\/wp\/v2\/pages\/30140","targetHints":{"allow":["GET"]}}],"collection":[{"href":"https:\/\/futurehealthbiobank.com\/ch-de\/wp-json\/wp\/v2\/pages"}],"about":[{"href":"https:\/\/futurehealthbiobank.com\/ch-de\/wp-json\/wp\/v2\/types\/page"}],"author":[{"embeddable":true,"href":"https:\/\/futurehealthbiobank.com\/ch-de\/wp-json\/wp\/v2\/users\/25"}],"replies":[{"embeddable":true,"href":"https:\/\/futurehealthbiobank.com\/ch-de\/wp-json\/wp\/v2\/comments?post=30140"}],"version-history":[{"count":0,"href":"https:\/\/futurehealthbiobank.com\/ch-de\/wp-json\/wp\/v2\/pages\/30140\/revisions"}],"up":[{"embeddable":true,"href":"https:\/\/futurehealthbiobank.com\/ch-de\/wp-json\/wp\/v2\/pages\/12988"}],"wp:attachment":[{"href":"https:\/\/futurehealthbiobank.com\/ch-de\/wp-json\/wp\/v2\/media?parent=30140"}],"curies":[{"name":"wp","href":"https:\/\/api.w.org\/{rel}","templated":true}]}}