{"id":30148,"date":"2019-08-09T12:21:21","date_gmt":"2019-08-09T11:21:21","guid":{"rendered":"http:\/\/fhbb.staging.wpengine.com\/?page_id=10947"},"modified":"2021-03-09T13:35:24","modified_gmt":"2021-03-09T12:35:24","slug":"stammzellentherapie-und-rueckenmarkverletzung-sci","status":"publish","type":"page","link":"https:\/\/futurehealthbiobank.com\/ch-de\/krankheiten-behandelt\/stammzellentherapie-und-rueckenmarkverletzung-sci\/","title":{"rendered":"Stammzellentherapie und R\u00fcckenmarkverletzung (SCI)"},"content":{"rendered":"<div class=\"helpful-block-content wth-theme-thumbs\" data-title=\"\" >\n<ul>\n<li><span class=\"wth-title\">War dies hilfreich?<\/span><\/li>\n<li><a data-post=\"30148\" data-post-url=\"https:\/\/futurehealthbiobank.com\/ch-de\/krankheiten-behandelt\/stammzellentherapie-und-rueckenmarkverletzung-sci\/\" data-post-title=\"Stammzellentherapie und R\u00fcckenmarkverletzung (SCI)\" data-response=\"1\" href=\"#\" class=\"wth-green-btn icon-thumbsup icon1-thumbs-up4\">Ja<\/a><a data-response=\"0\" data-post=\"30148\" data-post-url=\"https:\/\/futurehealthbiobank.com\/ch-de\/krankheiten-behandelt\/stammzellentherapie-und-rueckenmarkverletzung-sci\/\" data-post-title=\"Stammzellentherapie und R\u00fcckenmarkverletzung (SCI)\" href=\"#\" class=\"wth-red-btn icon-thumbsdown icon1-thumbs-down4\">Nein<\/a><\/li>\n<\/ul>\n<\/div>","protected":false},"excerpt":{"rendered":"<p>War dies hilfreich? JaNein<\/p>\n","protected":false},"author":25,"featured_media":0,"parent":12988,"menu_order":0,"comment_status":"closed","ping_status":"closed","template":"page-diseases.php","meta":{"_acf_changed":false,"footnotes":""},"class_list":["post-30148","page","type-page","status-publish","hentry"],"acf":[],"yoast_head":"<!-- This site is optimized with the Yoast SEO Premium plugin v26.7 (Yoast SEO v26.7) - https:\/\/yoast.com\/wordpress\/plugins\/seo\/ -->\n<title>Stammzellentherapie und R\u00fcckenmarksverletzungen | Future Health Biobank<\/title>\n<meta name=\"description\" content=\"Die Stammzelltherapie entwickelt sich rasant weiter und k\u00f6nnte eine Behandlungsm\u00f6glichkeit f\u00fcr R\u00fcckenmarksverletzungen (SCI) bieten. Obwohl es bisher keine Behandlung gibt, die den durch diese Art von Verletzung hervorgerufenen Funktionsverlust wiederherstellen kann. Es gibt immer mehr Hinweise darauf, dass Stammzellinfusionen in die Wirbels\u00e4ule helfen k\u00f6nnten, das R\u00fcckenmark zu reparieren.\" \/>\n<meta name=\"robots\" content=\"index, follow, max-snippet:-1, max-image-preview:large, max-video-preview:-1\" \/>\n<link rel=\"canonical\" href=\"https:\/\/futurehealthbiobank.com\/ch-de\/krankheiten-behandelt\/stammzellentherapie-und-rueckenmarkverletzung-sci\/\" \/>\n<meta property=\"og:locale\" content=\"de_DE\" \/>\n<meta property=\"og:type\" content=\"article\" \/>\n<meta property=\"og:title\" content=\"Stammzellentherapie und R\u00fcckenmarkverletzung (SCI)\" \/>\n<meta property=\"og:url\" content=\"https:\/\/futurehealthbiobank.com\/ch-de\/krankheiten-behandelt\/stammzellentherapie-und-rueckenmarkverletzung-sci\/\" \/>\n<meta property=\"og:site_name\" content=\"Future Health Biobank Swiss German\" \/>\n<meta property=\"article:modified_time\" content=\"2021-03-09T12:35:24+00:00\" \/>\n<meta name=\"twitter:card\" content=\"summary_large_image\" \/>\n<script type=\"application\/ld+json\" class=\"yoast-schema-graph\">{\"@context\":\"https:\/\/schema.org\",\"@graph\":[{\"@type\":\"WebPage\",\"@id\":\"https:\/\/futurehealthbiobank.com\/ch-de\/krankheiten-behandelt\/stammzellentherapie-und-rueckenmarkverletzung-sci\/\",\"url\":\"https:\/\/futurehealthbiobank.com\/ch-de\/krankheiten-behandelt\/stammzellentherapie-und-rueckenmarkverletzung-sci\/\",\"name\":\"Stammzellentherapie und R\u00fcckenmarksverletzungen | Future Health Biobank\",\"isPartOf\":{\"@id\":\"https:\/\/futurehealthbiobank.com\/ch-de\/#website\"},\"datePublished\":\"2019-08-09T11:21:21+00:00\",\"dateModified\":\"2021-03-09T12:35:24+00:00\",\"description\":\"Die Stammzelltherapie entwickelt sich rasant weiter und k\u00f6nnte eine Behandlungsm\u00f6glichkeit f\u00fcr R\u00fcckenmarksverletzungen (SCI) bieten. Obwohl es bisher keine Behandlung gibt, die den durch diese Art von Verletzung hervorgerufenen Funktionsverlust wiederherstellen kann. Es gibt immer mehr Hinweise darauf, dass Stammzellinfusionen in die Wirbels\u00e4ule helfen k\u00f6nnten, das R\u00fcckenmark zu reparieren.\",\"breadcrumb\":{\"@id\":\"https:\/\/futurehealthbiobank.com\/ch-de\/krankheiten-behandelt\/stammzellentherapie-und-rueckenmarkverletzung-sci\/#breadcrumb\"},\"inLanguage\":\"de\",\"potentialAction\":[{\"@type\":\"ReadAction\",\"target\":[\"https:\/\/futurehealthbiobank.com\/ch-de\/krankheiten-behandelt\/stammzellentherapie-und-rueckenmarkverletzung-sci\/\"]}]},{\"@type\":\"BreadcrumbList\",\"@id\":\"https:\/\/futurehealthbiobank.com\/ch-de\/krankheiten-behandelt\/stammzellentherapie-und-rueckenmarkverletzung-sci\/#breadcrumb\",\"itemListElement\":[{\"@type\":\"ListItem\",\"position\":1,\"name\":\"Home\",\"item\":\"https:\/\/futurehealthbiobank.com\/ch-de\/\"},{\"@type\":\"ListItem\",\"position\":2,\"name\":\"Krankheiten behandelt\",\"item\":\"https:\/\/futurehealthbiobank.com\/ch-de\/krankheiten-behandelt\/\"},{\"@type\":\"ListItem\",\"position\":3,\"name\":\"Stammzellentherapie und R\u00fcckenmarkverletzung (SCI)\"}]},{\"@type\":\"WebSite\",\"@id\":\"https:\/\/futurehealthbiobank.com\/ch-de\/#website\",\"url\":\"https:\/\/futurehealthbiobank.com\/ch-de\/\",\"name\":\"Future Health Biobank Swiss German\",\"description\":\"\",\"potentialAction\":[{\"@type\":\"SearchAction\",\"target\":{\"@type\":\"EntryPoint\",\"urlTemplate\":\"https:\/\/futurehealthbiobank.com\/ch-de\/?s={search_term_string}\"},\"query-input\":{\"@type\":\"PropertyValueSpecification\",\"valueRequired\":true,\"valueName\":\"search_term_string\"}}],\"inLanguage\":\"de\"}]}<\/script>\n<!-- \/ Yoast SEO Premium plugin. -->","yoast_head_json":{"title":"Stammzellentherapie und R\u00fcckenmarksverletzungen | Future Health Biobank","description":"Die Stammzelltherapie entwickelt sich rasant weiter und k\u00f6nnte eine Behandlungsm\u00f6glichkeit f\u00fcr R\u00fcckenmarksverletzungen (SCI) bieten. Obwohl es bisher keine Behandlung gibt, die den durch diese Art von Verletzung hervorgerufenen Funktionsverlust wiederherstellen kann. Es gibt immer mehr Hinweise darauf, dass Stammzellinfusionen in die Wirbels\u00e4ule helfen k\u00f6nnten, das R\u00fcckenmark zu reparieren.","robots":{"index":"index","follow":"follow","max-snippet":"max-snippet:-1","max-image-preview":"max-image-preview:large","max-video-preview":"max-video-preview:-1"},"canonical":"https:\/\/futurehealthbiobank.com\/ch-de\/krankheiten-behandelt\/stammzellentherapie-und-rueckenmarkverletzung-sci\/","og_locale":"de_DE","og_type":"article","og_title":"Stammzellentherapie und R\u00fcckenmarkverletzung (SCI)","og_url":"https:\/\/futurehealthbiobank.com\/ch-de\/krankheiten-behandelt\/stammzellentherapie-und-rueckenmarkverletzung-sci\/","og_site_name":"Future Health Biobank Swiss German","article_modified_time":"2021-03-09T12:35:24+00:00","twitter_card":"summary_large_image","schema":{"@context":"https:\/\/schema.org","@graph":[{"@type":"WebPage","@id":"https:\/\/futurehealthbiobank.com\/ch-de\/krankheiten-behandelt\/stammzellentherapie-und-rueckenmarkverletzung-sci\/","url":"https:\/\/futurehealthbiobank.com\/ch-de\/krankheiten-behandelt\/stammzellentherapie-und-rueckenmarkverletzung-sci\/","name":"Stammzellentherapie und R\u00fcckenmarksverletzungen | Future Health Biobank","isPartOf":{"@id":"https:\/\/futurehealthbiobank.com\/ch-de\/#website"},"datePublished":"2019-08-09T11:21:21+00:00","dateModified":"2021-03-09T12:35:24+00:00","description":"Die Stammzelltherapie entwickelt sich rasant weiter und k\u00f6nnte eine Behandlungsm\u00f6glichkeit f\u00fcr R\u00fcckenmarksverletzungen (SCI) bieten. Obwohl es bisher keine Behandlung gibt, die den durch diese Art von Verletzung hervorgerufenen Funktionsverlust wiederherstellen kann. Es gibt immer mehr Hinweise darauf, dass Stammzellinfusionen in die Wirbels\u00e4ule helfen k\u00f6nnten, das R\u00fcckenmark zu reparieren.","breadcrumb":{"@id":"https:\/\/futurehealthbiobank.com\/ch-de\/krankheiten-behandelt\/stammzellentherapie-und-rueckenmarkverletzung-sci\/#breadcrumb"},"inLanguage":"de","potentialAction":[{"@type":"ReadAction","target":["https:\/\/futurehealthbiobank.com\/ch-de\/krankheiten-behandelt\/stammzellentherapie-und-rueckenmarkverletzung-sci\/"]}]},{"@type":"BreadcrumbList","@id":"https:\/\/futurehealthbiobank.com\/ch-de\/krankheiten-behandelt\/stammzellentherapie-und-rueckenmarkverletzung-sci\/#breadcrumb","itemListElement":[{"@type":"ListItem","position":1,"name":"Home","item":"https:\/\/futurehealthbiobank.com\/ch-de\/"},{"@type":"ListItem","position":2,"name":"Krankheiten behandelt","item":"https:\/\/futurehealthbiobank.com\/ch-de\/krankheiten-behandelt\/"},{"@type":"ListItem","position":3,"name":"Stammzellentherapie und R\u00fcckenmarkverletzung (SCI)"}]},{"@type":"WebSite","@id":"https:\/\/futurehealthbiobank.com\/ch-de\/#website","url":"https:\/\/futurehealthbiobank.com\/ch-de\/","name":"Future Health Biobank Swiss German","description":"","potentialAction":[{"@type":"SearchAction","target":{"@type":"EntryPoint","urlTemplate":"https:\/\/futurehealthbiobank.com\/ch-de\/?s={search_term_string}"},"query-input":{"@type":"PropertyValueSpecification","valueRequired":true,"valueName":"search_term_string"}}],"inLanguage":"de"}]}},"_links":{"self":[{"href":"https:\/\/futurehealthbiobank.com\/ch-de\/wp-json\/wp\/v2\/pages\/30148","targetHints":{"allow":["GET"]}}],"collection":[{"href":"https:\/\/futurehealthbiobank.com\/ch-de\/wp-json\/wp\/v2\/pages"}],"about":[{"href":"https:\/\/futurehealthbiobank.com\/ch-de\/wp-json\/wp\/v2\/types\/page"}],"author":[{"embeddable":true,"href":"https:\/\/futurehealthbiobank.com\/ch-de\/wp-json\/wp\/v2\/users\/25"}],"replies":[{"embeddable":true,"href":"https:\/\/futurehealthbiobank.com\/ch-de\/wp-json\/wp\/v2\/comments?post=30148"}],"version-history":[{"count":0,"href":"https:\/\/futurehealthbiobank.com\/ch-de\/wp-json\/wp\/v2\/pages\/30148\/revisions"}],"up":[{"embeddable":true,"href":"https:\/\/futurehealthbiobank.com\/ch-de\/wp-json\/wp\/v2\/pages\/12988"}],"wp:attachment":[{"href":"https:\/\/futurehealthbiobank.com\/ch-de\/wp-json\/wp\/v2\/media?parent=30148"}],"curies":[{"name":"wp","href":"https:\/\/api.w.org\/{rel}","templated":true}]}}