{"id":7490,"date":"2017-11-07T09:48:05","date_gmt":"2017-11-07T09:48:05","guid":{"rendered":"https:\/\/futurehealthbiobank.com\/?page_id=7375"},"modified":"2023-02-07T09:20:38","modified_gmt":"2023-02-07T08:20:38","slug":"warum-uns-wahlen","status":"publish","type":"page","link":"https:\/\/futurehealthbiobank.com\/ch-de\/warum-uns-wahlen\/","title":{"rendered":"Warum uns w\u00e4hlen"},"content":{"rendered":"<div class=\"helpful-block-content wth-theme-thumbs\" data-title=\"\" >\n<ul>\n<li><span class=\"wth-title\">War dies hilfreich?<\/span><\/li>\n<li><a data-post=\"7490\" data-post-url=\"https:\/\/futurehealthbiobank.com\/ch-de\/warum-uns-wahlen\/\" data-post-title=\"Warum uns w\u00e4hlen\" data-response=\"1\" href=\"#\" class=\"wth-green-btn icon-thumbsup icon1-thumbs-up4\">Ja<\/a><a data-response=\"0\" data-post=\"7490\" data-post-url=\"https:\/\/futurehealthbiobank.com\/ch-de\/warum-uns-wahlen\/\" data-post-title=\"Warum uns w\u00e4hlen\" href=\"#\" class=\"wth-red-btn icon-thumbsdown icon1-thumbs-down4\">Nein<\/a><\/li>\n<\/ul>\n<\/div>","protected":false},"excerpt":{"rendered":"<p>War dies hilfreich? JaNein<\/p>\n","protected":false},"author":25,"featured_media":0,"parent":0,"menu_order":0,"comment_status":"closed","ping_status":"closed","template":"page-why-choose-us-new.php","meta":{"_acf_changed":false,"footnotes":""},"class_list":["post-7490","page","type-page","status-publish","hentry"],"acf":[],"yoast_head":"<!-- This site is optimized with the Yoast SEO Premium plugin v26.7 (Yoast SEO v26.7) - https:\/\/yoast.com\/wordpress\/plugins\/seo\/ -->\n<title>Warum uns w\u00e4hlen | Future Health Biobank<\/title>\n<meta name=\"description\" content=\"Im Verlauf unserer 15-j\u00e4hrigen Geschichte, wurden wir zur gr\u00f6\u00dften und fortgeschrittensten britischen Stammzellenbank. Entdecken Sie unsere Vorteile und Schwerpunkte.\" \/>\n<meta name=\"robots\" content=\"index, follow, max-snippet:-1, max-image-preview:large, max-video-preview:-1\" \/>\n<link rel=\"canonical\" href=\"https:\/\/futurehealthbiobank.com\/ch-de\/warum-uns-wahlen\/\" \/>\n<meta property=\"og:locale\" content=\"de_DE\" \/>\n<meta property=\"og:type\" content=\"article\" \/>\n<meta property=\"og:title\" content=\"Warum uns w\u00e4hlen\" \/>\n<meta property=\"og:url\" content=\"https:\/\/futurehealthbiobank.com\/ch-de\/warum-uns-wahlen\/\" \/>\n<meta property=\"og:site_name\" content=\"Future Health Biobank Swiss German\" \/>\n<meta property=\"article:modified_time\" content=\"2023-02-07T08:20:38+00:00\" \/>\n<meta name=\"twitter:card\" content=\"summary_large_image\" \/>\n<script type=\"application\/ld+json\" class=\"yoast-schema-graph\">{\"@context\":\"https:\/\/schema.org\",\"@graph\":[{\"@type\":\"WebPage\",\"@id\":\"https:\/\/futurehealthbiobank.com\/ch-de\/warum-uns-wahlen\/\",\"url\":\"https:\/\/futurehealthbiobank.com\/ch-de\/warum-uns-wahlen\/\",\"name\":\"Warum uns w\u00e4hlen | Future Health Biobank\",\"isPartOf\":{\"@id\":\"https:\/\/futurehealthbiobank.com\/ch-de\/#website\"},\"datePublished\":\"2017-11-07T09:48:05+00:00\",\"dateModified\":\"2023-02-07T08:20:38+00:00\",\"description\":\"Im Verlauf unserer 15-j\u00e4hrigen Geschichte, wurden wir zur gr\u00f6\u00dften und fortgeschrittensten britischen Stammzellenbank. Entdecken Sie unsere Vorteile und Schwerpunkte.\",\"breadcrumb\":{\"@id\":\"https:\/\/futurehealthbiobank.com\/ch-de\/warum-uns-wahlen\/#breadcrumb\"},\"inLanguage\":\"de\",\"potentialAction\":[{\"@type\":\"ReadAction\",\"target\":[\"https:\/\/futurehealthbiobank.com\/ch-de\/warum-uns-wahlen\/\"]}]},{\"@type\":\"BreadcrumbList\",\"@id\":\"https:\/\/futurehealthbiobank.com\/ch-de\/warum-uns-wahlen\/#breadcrumb\",\"itemListElement\":[{\"@type\":\"ListItem\",\"position\":1,\"name\":\"Home\",\"item\":\"https:\/\/futurehealthbiobank.com\/ch-de\/\"},{\"@type\":\"ListItem\",\"position\":2,\"name\":\"Warum uns w\u00e4hlen\"}]},{\"@type\":\"WebSite\",\"@id\":\"https:\/\/futurehealthbiobank.com\/ch-de\/#website\",\"url\":\"https:\/\/futurehealthbiobank.com\/ch-de\/\",\"name\":\"Future Health Biobank Swiss German\",\"description\":\"\",\"potentialAction\":[{\"@type\":\"SearchAction\",\"target\":{\"@type\":\"EntryPoint\",\"urlTemplate\":\"https:\/\/futurehealthbiobank.com\/ch-de\/?s={search_term_string}\"},\"query-input\":{\"@type\":\"PropertyValueSpecification\",\"valueRequired\":true,\"valueName\":\"search_term_string\"}}],\"inLanguage\":\"de\"}]}<\/script>\n<!-- \/ Yoast SEO Premium plugin. -->","yoast_head_json":{"title":"Warum uns w\u00e4hlen | Future Health Biobank","description":"Im Verlauf unserer 15-j\u00e4hrigen Geschichte, wurden wir zur gr\u00f6\u00dften und fortgeschrittensten britischen Stammzellenbank. Entdecken Sie unsere Vorteile und Schwerpunkte.","robots":{"index":"index","follow":"follow","max-snippet":"max-snippet:-1","max-image-preview":"max-image-preview:large","max-video-preview":"max-video-preview:-1"},"canonical":"https:\/\/futurehealthbiobank.com\/ch-de\/warum-uns-wahlen\/","og_locale":"de_DE","og_type":"article","og_title":"Warum uns w\u00e4hlen","og_url":"https:\/\/futurehealthbiobank.com\/ch-de\/warum-uns-wahlen\/","og_site_name":"Future Health Biobank Swiss German","article_modified_time":"2023-02-07T08:20:38+00:00","twitter_card":"summary_large_image","schema":{"@context":"https:\/\/schema.org","@graph":[{"@type":"WebPage","@id":"https:\/\/futurehealthbiobank.com\/ch-de\/warum-uns-wahlen\/","url":"https:\/\/futurehealthbiobank.com\/ch-de\/warum-uns-wahlen\/","name":"Warum uns w\u00e4hlen | Future Health Biobank","isPartOf":{"@id":"https:\/\/futurehealthbiobank.com\/ch-de\/#website"},"datePublished":"2017-11-07T09:48:05+00:00","dateModified":"2023-02-07T08:20:38+00:00","description":"Im Verlauf unserer 15-j\u00e4hrigen Geschichte, wurden wir zur gr\u00f6\u00dften und fortgeschrittensten britischen Stammzellenbank. Entdecken Sie unsere Vorteile und Schwerpunkte.","breadcrumb":{"@id":"https:\/\/futurehealthbiobank.com\/ch-de\/warum-uns-wahlen\/#breadcrumb"},"inLanguage":"de","potentialAction":[{"@type":"ReadAction","target":["https:\/\/futurehealthbiobank.com\/ch-de\/warum-uns-wahlen\/"]}]},{"@type":"BreadcrumbList","@id":"https:\/\/futurehealthbiobank.com\/ch-de\/warum-uns-wahlen\/#breadcrumb","itemListElement":[{"@type":"ListItem","position":1,"name":"Home","item":"https:\/\/futurehealthbiobank.com\/ch-de\/"},{"@type":"ListItem","position":2,"name":"Warum uns w\u00e4hlen"}]},{"@type":"WebSite","@id":"https:\/\/futurehealthbiobank.com\/ch-de\/#website","url":"https:\/\/futurehealthbiobank.com\/ch-de\/","name":"Future Health Biobank Swiss German","description":"","potentialAction":[{"@type":"SearchAction","target":{"@type":"EntryPoint","urlTemplate":"https:\/\/futurehealthbiobank.com\/ch-de\/?s={search_term_string}"},"query-input":{"@type":"PropertyValueSpecification","valueRequired":true,"valueName":"search_term_string"}}],"inLanguage":"de"}]}},"_links":{"self":[{"href":"https:\/\/futurehealthbiobank.com\/ch-de\/wp-json\/wp\/v2\/pages\/7490","targetHints":{"allow":["GET"]}}],"collection":[{"href":"https:\/\/futurehealthbiobank.com\/ch-de\/wp-json\/wp\/v2\/pages"}],"about":[{"href":"https:\/\/futurehealthbiobank.com\/ch-de\/wp-json\/wp\/v2\/types\/page"}],"author":[{"embeddable":true,"href":"https:\/\/futurehealthbiobank.com\/ch-de\/wp-json\/wp\/v2\/users\/25"}],"replies":[{"embeddable":true,"href":"https:\/\/futurehealthbiobank.com\/ch-de\/wp-json\/wp\/v2\/comments?post=7490"}],"version-history":[{"count":0,"href":"https:\/\/futurehealthbiobank.com\/ch-de\/wp-json\/wp\/v2\/pages\/7490\/revisions"}],"wp:attachment":[{"href":"https:\/\/futurehealthbiobank.com\/ch-de\/wp-json\/wp\/v2\/media?parent=7490"}],"curies":[{"name":"wp","href":"https:\/\/api.w.org\/{rel}","templated":true}]}}