{"id":12952,"date":"2020-02-13T11:01:57","date_gmt":"2020-02-13T10:01:57","guid":{"rendered":"https:\/\/futurehealthbiobank.com\/ch-fr\/?page_id=12952"},"modified":"2021-09-21T14:30:54","modified_gmt":"2021-09-21T12:30:54","slug":"maladies-traitees","status":"publish","type":"page","link":"https:\/\/futurehealthbiobank.com\/ch-fr\/maladies-traitees\/","title":{"rendered":"Maladies trait\u00e9es"},"content":{"rendered":"<div class=\"helpful-block-content wth-theme-thumbs\" data-title=\"\" >\n<ul>\n<li><span class=\"wth-title\">Est-ce que cela a \u00e9t\u00e9 utile?<\/span><\/li>\n<li><a data-post=\"12952\" data-post-url=\"https:\/\/futurehealthbiobank.com\/ch-fr\/maladies-traitees\/\" data-post-title=\"Maladies trait\u00e9es\" data-response=\"1\" href=\"#\" class=\"wth-green-btn icon-thumbsup icon1-thumbs-up4\">Oui<\/a><a data-response=\"0\" data-post=\"12952\" data-post-url=\"https:\/\/futurehealthbiobank.com\/ch-fr\/maladies-traitees\/\" data-post-title=\"Maladies trait\u00e9es\" href=\"#\" class=\"wth-red-btn icon-thumbsdown icon1-thumbs-down4\">Non<\/a><\/li>\n<\/ul>\n<\/div>","protected":false},"excerpt":{"rendered":"<p>Est-ce que cela a \u00e9t\u00e9 utile? OuiNon<\/p>\n","protected":false},"author":25,"featured_media":0,"parent":0,"menu_order":0,"comment_status":"closed","ping_status":"closed","template":"page-deseaselist.php","meta":{"_acf_changed":false,"footnotes":""},"class_list":["post-12952","page","type-page","status-publish","hentry"],"acf":[],"yoast_head":"<!-- This site is optimized with the Yoast SEO Premium plugin v26.7 (Yoast SEO v26.7) - https:\/\/yoast.com\/wordpress\/plugins\/seo\/ -->\n<title>Maladies trait\u00e9es avec des cellules souches | Future Health Biobank<\/title>\n<meta name=\"description\" content=\"Informez-vous sur les maladies qui peuvent \u00eatre trait\u00e9es avec du sang ombilical, des tissus de cordon ombilical et des cellules souches dentaires\" \/>\n<meta name=\"robots\" content=\"index, follow, max-snippet:-1, max-image-preview:large, max-video-preview:-1\" \/>\n<link rel=\"canonical\" href=\"https:\/\/futurehealthbiobank.com\/ch-fr\/maladies-traitees\/\" \/>\n<meta property=\"og:locale\" content=\"fr_FR\" \/>\n<meta property=\"og:type\" content=\"article\" \/>\n<meta property=\"og:title\" content=\"Maladies trait\u00e9es\" \/>\n<meta property=\"og:url\" content=\"https:\/\/futurehealthbiobank.com\/ch-fr\/maladies-traitees\/\" \/>\n<meta property=\"og:site_name\" content=\"Future Health Biobank - Swiss french\" \/>\n<meta property=\"article:modified_time\" content=\"2021-09-21T12:30:54+00:00\" \/>\n<meta name=\"twitter:card\" content=\"summary_large_image\" \/>\n<script type=\"application\/ld+json\" class=\"yoast-schema-graph\">{\"@context\":\"https:\/\/schema.org\",\"@graph\":[{\"@type\":\"WebPage\",\"@id\":\"https:\/\/futurehealthbiobank.com\/ch-fr\/maladies-traitees\/\",\"url\":\"https:\/\/futurehealthbiobank.com\/ch-fr\/maladies-traitees\/\",\"name\":\"Maladies trait\u00e9es avec des cellules souches | Future Health Biobank\",\"isPartOf\":{\"@id\":\"https:\/\/futurehealthbiobank.com\/ch-fr\/#website\"},\"datePublished\":\"2020-02-13T10:01:57+00:00\",\"dateModified\":\"2021-09-21T12:30:54+00:00\",\"description\":\"Informez-vous sur les maladies qui peuvent \u00eatre trait\u00e9es avec du sang ombilical, des tissus de cordon ombilical et des cellules souches dentaires\",\"breadcrumb\":{\"@id\":\"https:\/\/futurehealthbiobank.com\/ch-fr\/maladies-traitees\/#breadcrumb\"},\"inLanguage\":\"fr-FR\",\"potentialAction\":[{\"@type\":\"ReadAction\",\"target\":[\"https:\/\/futurehealthbiobank.com\/ch-fr\/maladies-traitees\/\"]}]},{\"@type\":\"BreadcrumbList\",\"@id\":\"https:\/\/futurehealthbiobank.com\/ch-fr\/maladies-traitees\/#breadcrumb\",\"itemListElement\":[{\"@type\":\"ListItem\",\"position\":1,\"name\":\"Accueil\",\"item\":\"https:\/\/futurehealthbiobank.com\/ch-fr\/\"},{\"@type\":\"ListItem\",\"position\":2,\"name\":\"Maladies trait\u00e9es\"}]},{\"@type\":\"WebSite\",\"@id\":\"https:\/\/futurehealthbiobank.com\/ch-fr\/#website\",\"url\":\"https:\/\/futurehealthbiobank.com\/ch-fr\/\",\"name\":\"Future Health Biobank - Swiss french\",\"description\":\"\",\"publisher\":{\"@id\":\"https:\/\/futurehealthbiobank.com\/ch-fr\/#organization\"},\"potentialAction\":[{\"@type\":\"SearchAction\",\"target\":{\"@type\":\"EntryPoint\",\"urlTemplate\":\"https:\/\/futurehealthbiobank.com\/ch-fr\/?s={search_term_string}\"},\"query-input\":{\"@type\":\"PropertyValueSpecification\",\"valueRequired\":true,\"valueName\":\"search_term_string\"}}],\"inLanguage\":\"fr-FR\"},{\"@type\":\"Organization\",\"@id\":\"https:\/\/futurehealthbiobank.com\/ch-fr\/#organization\",\"name\":\"Future Health Biobank\",\"url\":\"https:\/\/futurehealthbiobank.com\/ch-fr\/\",\"logo\":{\"@type\":\"ImageObject\",\"inLanguage\":\"fr-FR\",\"@id\":\"https:\/\/futurehealthbiobank.com\/ch-fr\/#\/schema\/logo\/image\/\",\"url\":\"https:\/\/futurehealthbiobank.com\/ch-fr\/wp-content\/uploads\/sites\/11\/2016\/05\/future-health-biobank.svg\",\"contentUrl\":\"https:\/\/futurehealthbiobank.com\/ch-fr\/wp-content\/uploads\/sites\/11\/2016\/05\/future-health-biobank.svg\",\"width\":1,\"height\":1,\"caption\":\"Future Health Biobank\"},\"image\":{\"@id\":\"https:\/\/futurehealthbiobank.com\/ch-fr\/#\/schema\/logo\/image\/\"}}]}<\/script>\n<!-- \/ Yoast SEO Premium plugin. -->","yoast_head_json":{"title":"Maladies trait\u00e9es avec des cellules souches | Future Health Biobank","description":"Informez-vous sur les maladies qui peuvent \u00eatre trait\u00e9es avec du sang ombilical, des tissus de cordon ombilical et des cellules souches dentaires","robots":{"index":"index","follow":"follow","max-snippet":"max-snippet:-1","max-image-preview":"max-image-preview:large","max-video-preview":"max-video-preview:-1"},"canonical":"https:\/\/futurehealthbiobank.com\/ch-fr\/maladies-traitees\/","og_locale":"fr_FR","og_type":"article","og_title":"Maladies trait\u00e9es","og_url":"https:\/\/futurehealthbiobank.com\/ch-fr\/maladies-traitees\/","og_site_name":"Future Health Biobank - Swiss french","article_modified_time":"2021-09-21T12:30:54+00:00","twitter_card":"summary_large_image","schema":{"@context":"https:\/\/schema.org","@graph":[{"@type":"WebPage","@id":"https:\/\/futurehealthbiobank.com\/ch-fr\/maladies-traitees\/","url":"https:\/\/futurehealthbiobank.com\/ch-fr\/maladies-traitees\/","name":"Maladies trait\u00e9es avec des cellules souches | Future Health Biobank","isPartOf":{"@id":"https:\/\/futurehealthbiobank.com\/ch-fr\/#website"},"datePublished":"2020-02-13T10:01:57+00:00","dateModified":"2021-09-21T12:30:54+00:00","description":"Informez-vous sur les maladies qui peuvent \u00eatre trait\u00e9es avec du sang ombilical, des tissus de cordon ombilical et des cellules souches dentaires","breadcrumb":{"@id":"https:\/\/futurehealthbiobank.com\/ch-fr\/maladies-traitees\/#breadcrumb"},"inLanguage":"fr-FR","potentialAction":[{"@type":"ReadAction","target":["https:\/\/futurehealthbiobank.com\/ch-fr\/maladies-traitees\/"]}]},{"@type":"BreadcrumbList","@id":"https:\/\/futurehealthbiobank.com\/ch-fr\/maladies-traitees\/#breadcrumb","itemListElement":[{"@type":"ListItem","position":1,"name":"Accueil","item":"https:\/\/futurehealthbiobank.com\/ch-fr\/"},{"@type":"ListItem","position":2,"name":"Maladies trait\u00e9es"}]},{"@type":"WebSite","@id":"https:\/\/futurehealthbiobank.com\/ch-fr\/#website","url":"https:\/\/futurehealthbiobank.com\/ch-fr\/","name":"Future Health Biobank - Swiss french","description":"","publisher":{"@id":"https:\/\/futurehealthbiobank.com\/ch-fr\/#organization"},"potentialAction":[{"@type":"SearchAction","target":{"@type":"EntryPoint","urlTemplate":"https:\/\/futurehealthbiobank.com\/ch-fr\/?s={search_term_string}"},"query-input":{"@type":"PropertyValueSpecification","valueRequired":true,"valueName":"search_term_string"}}],"inLanguage":"fr-FR"},{"@type":"Organization","@id":"https:\/\/futurehealthbiobank.com\/ch-fr\/#organization","name":"Future Health Biobank","url":"https:\/\/futurehealthbiobank.com\/ch-fr\/","logo":{"@type":"ImageObject","inLanguage":"fr-FR","@id":"https:\/\/futurehealthbiobank.com\/ch-fr\/#\/schema\/logo\/image\/","url":"https:\/\/futurehealthbiobank.com\/ch-fr\/wp-content\/uploads\/sites\/11\/2016\/05\/future-health-biobank.svg","contentUrl":"https:\/\/futurehealthbiobank.com\/ch-fr\/wp-content\/uploads\/sites\/11\/2016\/05\/future-health-biobank.svg","width":1,"height":1,"caption":"Future Health Biobank"},"image":{"@id":"https:\/\/futurehealthbiobank.com\/ch-fr\/#\/schema\/logo\/image\/"}}]}},"_links":{"self":[{"href":"https:\/\/futurehealthbiobank.com\/ch-fr\/wp-json\/wp\/v2\/pages\/12952","targetHints":{"allow":["GET"]}}],"collection":[{"href":"https:\/\/futurehealthbiobank.com\/ch-fr\/wp-json\/wp\/v2\/pages"}],"about":[{"href":"https:\/\/futurehealthbiobank.com\/ch-fr\/wp-json\/wp\/v2\/types\/page"}],"author":[{"embeddable":true,"href":"https:\/\/futurehealthbiobank.com\/ch-fr\/wp-json\/wp\/v2\/users\/25"}],"replies":[{"embeddable":true,"href":"https:\/\/futurehealthbiobank.com\/ch-fr\/wp-json\/wp\/v2\/comments?post=12952"}],"version-history":[{"count":0,"href":"https:\/\/futurehealthbiobank.com\/ch-fr\/wp-json\/wp\/v2\/pages\/12952\/revisions"}],"wp:attachment":[{"href":"https:\/\/futurehealthbiobank.com\/ch-fr\/wp-json\/wp\/v2\/media?parent=12952"}],"curies":[{"name":"wp","href":"https:\/\/api.w.org\/{rel}","templated":true}]}}