{"id":30151,"date":"2019-08-23T15:41:43","date_gmt":"2019-08-23T14:41:43","guid":{"rendered":"http:\/\/fhbb.staging.wpengine.com\/?page_id=11194"},"modified":"2021-03-04T14:33:40","modified_gmt":"2021-03-04T13:33:40","slug":"la-therapie-par-cellules-souches-et-lanemie-de-diamond-blackfan-dba","status":"publish","type":"page","link":"https:\/\/futurehealthbiobank.com\/ch-fr\/maladies-traitees\/la-therapie-par-cellules-souches-et-lanemie-de-diamond-blackfan-dba\/","title":{"rendered":"La th\u00e9rapie par cellules souches et l&rsquo;an\u00e9mie de Diamond-Blackfan (DBA)"},"content":{"rendered":"<div class=\"helpful-block-content wth-theme-thumbs\" data-title=\"\" >\n<ul>\n<li><span class=\"wth-title\">Est-ce que cela a \u00e9t\u00e9 utile?<\/span><\/li>\n<li><a data-post=\"30151\" data-post-url=\"https:\/\/futurehealthbiobank.com\/ch-fr\/maladies-traitees\/la-therapie-par-cellules-souches-et-lanemie-de-diamond-blackfan-dba\/\" data-post-title=\"La th\u00e9rapie par cellules souches et l&rsquo;an\u00e9mie de Diamond-Blackfan (DBA)\" data-response=\"1\" href=\"#\" class=\"wth-green-btn icon-thumbsup icon1-thumbs-up4\">Oui<\/a><a data-response=\"0\" data-post=\"30151\" data-post-url=\"https:\/\/futurehealthbiobank.com\/ch-fr\/maladies-traitees\/la-therapie-par-cellules-souches-et-lanemie-de-diamond-blackfan-dba\/\" data-post-title=\"La th\u00e9rapie par cellules souches et l&rsquo;an\u00e9mie de Diamond-Blackfan (DBA)\" href=\"#\" class=\"wth-red-btn icon-thumbsdown icon1-thumbs-down4\">Non<\/a><\/li>\n<\/ul>\n<\/div>","protected":false},"excerpt":{"rendered":"<p>Est-ce que cela a \u00e9t\u00e9 utile? OuiNon<\/p>\n","protected":false},"author":25,"featured_media":0,"parent":12952,"menu_order":0,"comment_status":"closed","ping_status":"closed","template":"page-diseases.php","meta":{"_acf_changed":false,"footnotes":""},"class_list":["post-30151","page","type-page","status-publish","hentry"],"acf":[],"yoast_head":"<!-- This site is optimized with the Yoast SEO Premium plugin v26.7 (Yoast SEO v26.7) - https:\/\/yoast.com\/wordpress\/plugins\/seo\/ -->\n<title>Th\u00e9rapie par les cellules souches et an\u00e9mie de Diamond-Blackfan (DBA) | Future Health Biobank<\/title>\n<meta name=\"description\" content=\"Les recherches en cours ont prouv\u00e9 que les cellules souches h\u00e9matopo\u00ef\u00e9tiques (CSH) pr\u00e9sentes dans le sang du cordon ombilical peuvent atteindre un nombre normal de globules rouges chez les patients atteints d&#039;an\u00e9mie de Diamond-Blackfan.\" \/>\n<meta name=\"robots\" content=\"index, follow, max-snippet:-1, max-image-preview:large, max-video-preview:-1\" \/>\n<link rel=\"canonical\" href=\"https:\/\/futurehealthbiobank.com\/ch-fr\/maladies-traitees\/la-therapie-par-cellules-souches-et-lanemie-de-diamond-blackfan-dba\/\" \/>\n<meta property=\"og:locale\" content=\"fr_FR\" \/>\n<meta property=\"og:type\" content=\"article\" \/>\n<meta property=\"og:title\" content=\"La th\u00e9rapie par cellules souches et l&#039;an\u00e9mie de Diamond-Blackfan (DBA)\" \/>\n<meta property=\"og:url\" content=\"https:\/\/futurehealthbiobank.com\/ch-fr\/maladies-traitees\/la-therapie-par-cellules-souches-et-lanemie-de-diamond-blackfan-dba\/\" \/>\n<meta property=\"og:site_name\" content=\"Future Health Biobank - Swiss french\" \/>\n<meta property=\"article:modified_time\" content=\"2021-03-04T13:33:40+00:00\" \/>\n<meta name=\"twitter:card\" content=\"summary_large_image\" \/>\n<script type=\"application\/ld+json\" class=\"yoast-schema-graph\">{\"@context\":\"https:\/\/schema.org\",\"@graph\":[{\"@type\":\"WebPage\",\"@id\":\"https:\/\/futurehealthbiobank.com\/ch-fr\/maladies-traitees\/la-therapie-par-cellules-souches-et-lanemie-de-diamond-blackfan-dba\/\",\"url\":\"https:\/\/futurehealthbiobank.com\/ch-fr\/maladies-traitees\/la-therapie-par-cellules-souches-et-lanemie-de-diamond-blackfan-dba\/\",\"name\":\"Th\u00e9rapie par les cellules souches et an\u00e9mie de Diamond-Blackfan (DBA) | Future Health Biobank\",\"isPartOf\":{\"@id\":\"https:\/\/futurehealthbiobank.com\/ch-fr\/#website\"},\"datePublished\":\"2019-08-23T14:41:43+00:00\",\"dateModified\":\"2021-03-04T13:33:40+00:00\",\"description\":\"Les recherches en cours ont prouv\u00e9 que les cellules souches h\u00e9matopo\u00ef\u00e9tiques (CSH) pr\u00e9sentes dans le sang du cordon ombilical peuvent atteindre un nombre normal de globules rouges chez les patients atteints d'an\u00e9mie de Diamond-Blackfan.\",\"breadcrumb\":{\"@id\":\"https:\/\/futurehealthbiobank.com\/ch-fr\/maladies-traitees\/la-therapie-par-cellules-souches-et-lanemie-de-diamond-blackfan-dba\/#breadcrumb\"},\"inLanguage\":\"fr-FR\",\"potentialAction\":[{\"@type\":\"ReadAction\",\"target\":[\"https:\/\/futurehealthbiobank.com\/ch-fr\/maladies-traitees\/la-therapie-par-cellules-souches-et-lanemie-de-diamond-blackfan-dba\/\"]}]},{\"@type\":\"BreadcrumbList\",\"@id\":\"https:\/\/futurehealthbiobank.com\/ch-fr\/maladies-traitees\/la-therapie-par-cellules-souches-et-lanemie-de-diamond-blackfan-dba\/#breadcrumb\",\"itemListElement\":[{\"@type\":\"ListItem\",\"position\":1,\"name\":\"Accueil\",\"item\":\"https:\/\/futurehealthbiobank.com\/ch-fr\/\"},{\"@type\":\"ListItem\",\"position\":2,\"name\":\"Maladies trait\u00e9es\",\"item\":\"https:\/\/futurehealthbiobank.com\/ch-fr\/maladies-traitees\/\"},{\"@type\":\"ListItem\",\"position\":3,\"name\":\"La th\u00e9rapie par cellules souches et l&rsquo;an\u00e9mie de Diamond-Blackfan (DBA)\"}]},{\"@type\":\"WebSite\",\"@id\":\"https:\/\/futurehealthbiobank.com\/ch-fr\/#website\",\"url\":\"https:\/\/futurehealthbiobank.com\/ch-fr\/\",\"name\":\"Future Health Biobank - Swiss french\",\"description\":\"\",\"publisher\":{\"@id\":\"https:\/\/futurehealthbiobank.com\/ch-fr\/#organization\"},\"potentialAction\":[{\"@type\":\"SearchAction\",\"target\":{\"@type\":\"EntryPoint\",\"urlTemplate\":\"https:\/\/futurehealthbiobank.com\/ch-fr\/?s={search_term_string}\"},\"query-input\":{\"@type\":\"PropertyValueSpecification\",\"valueRequired\":true,\"valueName\":\"search_term_string\"}}],\"inLanguage\":\"fr-FR\"},{\"@type\":\"Organization\",\"@id\":\"https:\/\/futurehealthbiobank.com\/ch-fr\/#organization\",\"name\":\"Future Health Biobank\",\"url\":\"https:\/\/futurehealthbiobank.com\/ch-fr\/\",\"logo\":{\"@type\":\"ImageObject\",\"inLanguage\":\"fr-FR\",\"@id\":\"https:\/\/futurehealthbiobank.com\/ch-fr\/#\/schema\/logo\/image\/\",\"url\":\"https:\/\/futurehealthbiobank.com\/ch-fr\/wp-content\/uploads\/sites\/11\/2016\/05\/future-health-biobank.svg\",\"contentUrl\":\"https:\/\/futurehealthbiobank.com\/ch-fr\/wp-content\/uploads\/sites\/11\/2016\/05\/future-health-biobank.svg\",\"width\":1,\"height\":1,\"caption\":\"Future Health Biobank\"},\"image\":{\"@id\":\"https:\/\/futurehealthbiobank.com\/ch-fr\/#\/schema\/logo\/image\/\"}}]}<\/script>\n<!-- \/ Yoast SEO Premium plugin. -->","yoast_head_json":{"title":"Th\u00e9rapie par les cellules souches et an\u00e9mie de Diamond-Blackfan (DBA) | Future Health Biobank","description":"Les recherches en cours ont prouv\u00e9 que les cellules souches h\u00e9matopo\u00ef\u00e9tiques (CSH) pr\u00e9sentes dans le sang du cordon ombilical peuvent atteindre un nombre normal de globules rouges chez les patients atteints d'an\u00e9mie de Diamond-Blackfan.","robots":{"index":"index","follow":"follow","max-snippet":"max-snippet:-1","max-image-preview":"max-image-preview:large","max-video-preview":"max-video-preview:-1"},"canonical":"https:\/\/futurehealthbiobank.com\/ch-fr\/maladies-traitees\/la-therapie-par-cellules-souches-et-lanemie-de-diamond-blackfan-dba\/","og_locale":"fr_FR","og_type":"article","og_title":"La th\u00e9rapie par cellules souches et l'an\u00e9mie de Diamond-Blackfan (DBA)","og_url":"https:\/\/futurehealthbiobank.com\/ch-fr\/maladies-traitees\/la-therapie-par-cellules-souches-et-lanemie-de-diamond-blackfan-dba\/","og_site_name":"Future Health Biobank - Swiss french","article_modified_time":"2021-03-04T13:33:40+00:00","twitter_card":"summary_large_image","schema":{"@context":"https:\/\/schema.org","@graph":[{"@type":"WebPage","@id":"https:\/\/futurehealthbiobank.com\/ch-fr\/maladies-traitees\/la-therapie-par-cellules-souches-et-lanemie-de-diamond-blackfan-dba\/","url":"https:\/\/futurehealthbiobank.com\/ch-fr\/maladies-traitees\/la-therapie-par-cellules-souches-et-lanemie-de-diamond-blackfan-dba\/","name":"Th\u00e9rapie par les cellules souches et an\u00e9mie de Diamond-Blackfan (DBA) | Future Health Biobank","isPartOf":{"@id":"https:\/\/futurehealthbiobank.com\/ch-fr\/#website"},"datePublished":"2019-08-23T14:41:43+00:00","dateModified":"2021-03-04T13:33:40+00:00","description":"Les recherches en cours ont prouv\u00e9 que les cellules souches h\u00e9matopo\u00ef\u00e9tiques (CSH) pr\u00e9sentes dans le sang du cordon ombilical peuvent atteindre un nombre normal de globules rouges chez les patients atteints d'an\u00e9mie de Diamond-Blackfan.","breadcrumb":{"@id":"https:\/\/futurehealthbiobank.com\/ch-fr\/maladies-traitees\/la-therapie-par-cellules-souches-et-lanemie-de-diamond-blackfan-dba\/#breadcrumb"},"inLanguage":"fr-FR","potentialAction":[{"@type":"ReadAction","target":["https:\/\/futurehealthbiobank.com\/ch-fr\/maladies-traitees\/la-therapie-par-cellules-souches-et-lanemie-de-diamond-blackfan-dba\/"]}]},{"@type":"BreadcrumbList","@id":"https:\/\/futurehealthbiobank.com\/ch-fr\/maladies-traitees\/la-therapie-par-cellules-souches-et-lanemie-de-diamond-blackfan-dba\/#breadcrumb","itemListElement":[{"@type":"ListItem","position":1,"name":"Accueil","item":"https:\/\/futurehealthbiobank.com\/ch-fr\/"},{"@type":"ListItem","position":2,"name":"Maladies trait\u00e9es","item":"https:\/\/futurehealthbiobank.com\/ch-fr\/maladies-traitees\/"},{"@type":"ListItem","position":3,"name":"La th\u00e9rapie par cellules souches et l&rsquo;an\u00e9mie de Diamond-Blackfan (DBA)"}]},{"@type":"WebSite","@id":"https:\/\/futurehealthbiobank.com\/ch-fr\/#website","url":"https:\/\/futurehealthbiobank.com\/ch-fr\/","name":"Future Health Biobank - Swiss french","description":"","publisher":{"@id":"https:\/\/futurehealthbiobank.com\/ch-fr\/#organization"},"potentialAction":[{"@type":"SearchAction","target":{"@type":"EntryPoint","urlTemplate":"https:\/\/futurehealthbiobank.com\/ch-fr\/?s={search_term_string}"},"query-input":{"@type":"PropertyValueSpecification","valueRequired":true,"valueName":"search_term_string"}}],"inLanguage":"fr-FR"},{"@type":"Organization","@id":"https:\/\/futurehealthbiobank.com\/ch-fr\/#organization","name":"Future Health Biobank","url":"https:\/\/futurehealthbiobank.com\/ch-fr\/","logo":{"@type":"ImageObject","inLanguage":"fr-FR","@id":"https:\/\/futurehealthbiobank.com\/ch-fr\/#\/schema\/logo\/image\/","url":"https:\/\/futurehealthbiobank.com\/ch-fr\/wp-content\/uploads\/sites\/11\/2016\/05\/future-health-biobank.svg","contentUrl":"https:\/\/futurehealthbiobank.com\/ch-fr\/wp-content\/uploads\/sites\/11\/2016\/05\/future-health-biobank.svg","width":1,"height":1,"caption":"Future Health Biobank"},"image":{"@id":"https:\/\/futurehealthbiobank.com\/ch-fr\/#\/schema\/logo\/image\/"}}]}},"_links":{"self":[{"href":"https:\/\/futurehealthbiobank.com\/ch-fr\/wp-json\/wp\/v2\/pages\/30151","targetHints":{"allow":["GET"]}}],"collection":[{"href":"https:\/\/futurehealthbiobank.com\/ch-fr\/wp-json\/wp\/v2\/pages"}],"about":[{"href":"https:\/\/futurehealthbiobank.com\/ch-fr\/wp-json\/wp\/v2\/types\/page"}],"author":[{"embeddable":true,"href":"https:\/\/futurehealthbiobank.com\/ch-fr\/wp-json\/wp\/v2\/users\/25"}],"replies":[{"embeddable":true,"href":"https:\/\/futurehealthbiobank.com\/ch-fr\/wp-json\/wp\/v2\/comments?post=30151"}],"version-history":[{"count":0,"href":"https:\/\/futurehealthbiobank.com\/ch-fr\/wp-json\/wp\/v2\/pages\/30151\/revisions"}],"up":[{"embeddable":true,"href":"https:\/\/futurehealthbiobank.com\/ch-fr\/wp-json\/wp\/v2\/pages\/12952"}],"wp:attachment":[{"href":"https:\/\/futurehealthbiobank.com\/ch-fr\/wp-json\/wp\/v2\/media?parent=30151"}],"curies":[{"name":"wp","href":"https:\/\/api.w.org\/{rel}","templated":true}]}}