{"id":9359,"date":"2018-11-01T14:00:50","date_gmt":"2018-11-01T14:00:50","guid":{"rendered":"https:\/\/futurehealthbiobank.com\/?page_id=9359"},"modified":"2020-10-02T10:33:57","modified_gmt":"2020-10-02T08:33:57","slug":"que-sont-les-cellules-souches-de-la-pulpe-dentaire","status":"publish","type":"page","link":"https:\/\/futurehealthbiobank.com\/ch-fr\/que-sont-les-cellules-souches-de-la-pulpe-dentaire\/","title":{"rendered":"Que sont les cellules souches de la pulpe dentaire?"},"content":{"rendered":"<div class=\"helpful-block-content wth-theme-thumbs\" data-title=\"\" >\n<ul>\n<li><span class=\"wth-title\">Est-ce que cela a \u00e9t\u00e9 utile?<\/span><\/li>\n<li><a data-post=\"9359\" data-post-url=\"https:\/\/futurehealthbiobank.com\/ch-fr\/que-sont-les-cellules-souches-de-la-pulpe-dentaire\/\" data-post-title=\"Que sont les cellules souches de la pulpe dentaire?\" data-response=\"1\" href=\"#\" class=\"wth-green-btn icon-thumbsup icon1-thumbs-up4\">Oui<\/a><a data-response=\"0\" data-post=\"9359\" data-post-url=\"https:\/\/futurehealthbiobank.com\/ch-fr\/que-sont-les-cellules-souches-de-la-pulpe-dentaire\/\" data-post-title=\"Que sont les cellules souches de la pulpe dentaire?\" href=\"#\" class=\"wth-red-btn icon-thumbsdown icon1-thumbs-down4\">Non<\/a><\/li>\n<\/ul>\n<\/div>","protected":false},"excerpt":{"rendered":"<p>Est-ce que cela a \u00e9t\u00e9 utile? OuiNon<\/p>\n","protected":false},"author":25,"featured_media":0,"parent":0,"menu_order":0,"comment_status":"closed","ping_status":"closed","template":"page-landing.php","meta":{"_acf_changed":false,"footnotes":""},"class_list":["post-9359","page","type-page","status-publish","hentry"],"acf":[],"yoast_head":"<!-- This site is optimized with the Yoast SEO Premium plugin v26.7 (Yoast SEO v26.7) - https:\/\/yoast.com\/wordpress\/plugins\/seo\/ -->\n<title>Qu&#039;est-ce qu&#039;une cellule souche de la pulpe dentaire ?<\/title>\n<meta name=\"description\" content=\"Extraites des dents de lait et des dents de sagesse saines, ces cellules souches peuvent se transformer et se r\u00e9pliquer en une vari\u00e9t\u00e9 d\u2019autres cellules du corps\" \/>\n<meta name=\"robots\" content=\"index, follow, max-snippet:-1, max-image-preview:large, max-video-preview:-1\" \/>\n<link rel=\"canonical\" href=\"https:\/\/futurehealthbiobank.com\/ch-fr\/que-sont-les-cellules-souches-de-la-pulpe-dentaire\/\" \/>\n<meta property=\"og:locale\" content=\"fr_FR\" \/>\n<meta property=\"og:type\" content=\"article\" \/>\n<meta property=\"og:title\" content=\"Que sont les cellules souches de la pulpe dentaire?\" \/>\n<meta property=\"og:url\" content=\"https:\/\/futurehealthbiobank.com\/ch-fr\/que-sont-les-cellules-souches-de-la-pulpe-dentaire\/\" \/>\n<meta property=\"og:site_name\" content=\"Future Health Biobank - Swiss french\" \/>\n<meta property=\"article:modified_time\" content=\"2020-10-02T08:33:57+00:00\" \/>\n<meta name=\"twitter:card\" content=\"summary_large_image\" \/>\n<script type=\"application\/ld+json\" class=\"yoast-schema-graph\">{\"@context\":\"https:\/\/schema.org\",\"@graph\":[{\"@type\":\"WebPage\",\"@id\":\"https:\/\/futurehealthbiobank.com\/ch-fr\/que-sont-les-cellules-souches-de-la-pulpe-dentaire\/\",\"url\":\"https:\/\/futurehealthbiobank.com\/ch-fr\/que-sont-les-cellules-souches-de-la-pulpe-dentaire\/\",\"name\":\"Qu'est-ce qu'une cellule souche de la pulpe dentaire ?\",\"isPartOf\":{\"@id\":\"https:\/\/futurehealthbiobank.com\/ch-fr\/#website\"},\"datePublished\":\"2018-11-01T14:00:50+00:00\",\"dateModified\":\"2020-10-02T08:33:57+00:00\",\"description\":\"Extraites des dents de lait et des dents de sagesse saines, ces cellules souches peuvent se transformer et se r\u00e9pliquer en une vari\u00e9t\u00e9 d\u2019autres cellules du corps\",\"breadcrumb\":{\"@id\":\"https:\/\/futurehealthbiobank.com\/ch-fr\/que-sont-les-cellules-souches-de-la-pulpe-dentaire\/#breadcrumb\"},\"inLanguage\":\"fr-FR\",\"potentialAction\":[{\"@type\":\"ReadAction\",\"target\":[\"https:\/\/futurehealthbiobank.com\/ch-fr\/que-sont-les-cellules-souches-de-la-pulpe-dentaire\/\"]}]},{\"@type\":\"BreadcrumbList\",\"@id\":\"https:\/\/futurehealthbiobank.com\/ch-fr\/que-sont-les-cellules-souches-de-la-pulpe-dentaire\/#breadcrumb\",\"itemListElement\":[{\"@type\":\"ListItem\",\"position\":1,\"name\":\"Accueil\",\"item\":\"https:\/\/futurehealthbiobank.com\/ch-fr\/\"},{\"@type\":\"ListItem\",\"position\":2,\"name\":\"Que sont les cellules souches de la pulpe dentaire?\"}]},{\"@type\":\"WebSite\",\"@id\":\"https:\/\/futurehealthbiobank.com\/ch-fr\/#website\",\"url\":\"https:\/\/futurehealthbiobank.com\/ch-fr\/\",\"name\":\"Future Health Biobank - Swiss french\",\"description\":\"\",\"publisher\":{\"@id\":\"https:\/\/futurehealthbiobank.com\/ch-fr\/#organization\"},\"potentialAction\":[{\"@type\":\"SearchAction\",\"target\":{\"@type\":\"EntryPoint\",\"urlTemplate\":\"https:\/\/futurehealthbiobank.com\/ch-fr\/?s={search_term_string}\"},\"query-input\":{\"@type\":\"PropertyValueSpecification\",\"valueRequired\":true,\"valueName\":\"search_term_string\"}}],\"inLanguage\":\"fr-FR\"},{\"@type\":\"Organization\",\"@id\":\"https:\/\/futurehealthbiobank.com\/ch-fr\/#organization\",\"name\":\"Future Health Biobank\",\"url\":\"https:\/\/futurehealthbiobank.com\/ch-fr\/\",\"logo\":{\"@type\":\"ImageObject\",\"inLanguage\":\"fr-FR\",\"@id\":\"https:\/\/futurehealthbiobank.com\/ch-fr\/#\/schema\/logo\/image\/\",\"url\":\"https:\/\/futurehealthbiobank.com\/ch-fr\/wp-content\/uploads\/sites\/11\/2016\/05\/future-health-biobank.svg\",\"contentUrl\":\"https:\/\/futurehealthbiobank.com\/ch-fr\/wp-content\/uploads\/sites\/11\/2016\/05\/future-health-biobank.svg\",\"width\":1,\"height\":1,\"caption\":\"Future Health Biobank\"},\"image\":{\"@id\":\"https:\/\/futurehealthbiobank.com\/ch-fr\/#\/schema\/logo\/image\/\"}}]}<\/script>\n<!-- \/ Yoast SEO Premium plugin. -->","yoast_head_json":{"title":"Qu'est-ce qu'une cellule souche de la pulpe dentaire ?","description":"Extraites des dents de lait et des dents de sagesse saines, ces cellules souches peuvent se transformer et se r\u00e9pliquer en une vari\u00e9t\u00e9 d\u2019autres cellules du corps","robots":{"index":"index","follow":"follow","max-snippet":"max-snippet:-1","max-image-preview":"max-image-preview:large","max-video-preview":"max-video-preview:-1"},"canonical":"https:\/\/futurehealthbiobank.com\/ch-fr\/que-sont-les-cellules-souches-de-la-pulpe-dentaire\/","og_locale":"fr_FR","og_type":"article","og_title":"Que sont les cellules souches de la pulpe dentaire?","og_url":"https:\/\/futurehealthbiobank.com\/ch-fr\/que-sont-les-cellules-souches-de-la-pulpe-dentaire\/","og_site_name":"Future Health Biobank - Swiss french","article_modified_time":"2020-10-02T08:33:57+00:00","twitter_card":"summary_large_image","schema":{"@context":"https:\/\/schema.org","@graph":[{"@type":"WebPage","@id":"https:\/\/futurehealthbiobank.com\/ch-fr\/que-sont-les-cellules-souches-de-la-pulpe-dentaire\/","url":"https:\/\/futurehealthbiobank.com\/ch-fr\/que-sont-les-cellules-souches-de-la-pulpe-dentaire\/","name":"Qu'est-ce qu'une cellule souche de la pulpe dentaire ?","isPartOf":{"@id":"https:\/\/futurehealthbiobank.com\/ch-fr\/#website"},"datePublished":"2018-11-01T14:00:50+00:00","dateModified":"2020-10-02T08:33:57+00:00","description":"Extraites des dents de lait et des dents de sagesse saines, ces cellules souches peuvent se transformer et se r\u00e9pliquer en une vari\u00e9t\u00e9 d\u2019autres cellules du corps","breadcrumb":{"@id":"https:\/\/futurehealthbiobank.com\/ch-fr\/que-sont-les-cellules-souches-de-la-pulpe-dentaire\/#breadcrumb"},"inLanguage":"fr-FR","potentialAction":[{"@type":"ReadAction","target":["https:\/\/futurehealthbiobank.com\/ch-fr\/que-sont-les-cellules-souches-de-la-pulpe-dentaire\/"]}]},{"@type":"BreadcrumbList","@id":"https:\/\/futurehealthbiobank.com\/ch-fr\/que-sont-les-cellules-souches-de-la-pulpe-dentaire\/#breadcrumb","itemListElement":[{"@type":"ListItem","position":1,"name":"Accueil","item":"https:\/\/futurehealthbiobank.com\/ch-fr\/"},{"@type":"ListItem","position":2,"name":"Que sont les cellules souches de la pulpe dentaire?"}]},{"@type":"WebSite","@id":"https:\/\/futurehealthbiobank.com\/ch-fr\/#website","url":"https:\/\/futurehealthbiobank.com\/ch-fr\/","name":"Future Health Biobank - Swiss french","description":"","publisher":{"@id":"https:\/\/futurehealthbiobank.com\/ch-fr\/#organization"},"potentialAction":[{"@type":"SearchAction","target":{"@type":"EntryPoint","urlTemplate":"https:\/\/futurehealthbiobank.com\/ch-fr\/?s={search_term_string}"},"query-input":{"@type":"PropertyValueSpecification","valueRequired":true,"valueName":"search_term_string"}}],"inLanguage":"fr-FR"},{"@type":"Organization","@id":"https:\/\/futurehealthbiobank.com\/ch-fr\/#organization","name":"Future Health Biobank","url":"https:\/\/futurehealthbiobank.com\/ch-fr\/","logo":{"@type":"ImageObject","inLanguage":"fr-FR","@id":"https:\/\/futurehealthbiobank.com\/ch-fr\/#\/schema\/logo\/image\/","url":"https:\/\/futurehealthbiobank.com\/ch-fr\/wp-content\/uploads\/sites\/11\/2016\/05\/future-health-biobank.svg","contentUrl":"https:\/\/futurehealthbiobank.com\/ch-fr\/wp-content\/uploads\/sites\/11\/2016\/05\/future-health-biobank.svg","width":1,"height":1,"caption":"Future Health Biobank"},"image":{"@id":"https:\/\/futurehealthbiobank.com\/ch-fr\/#\/schema\/logo\/image\/"}}]}},"_links":{"self":[{"href":"https:\/\/futurehealthbiobank.com\/ch-fr\/wp-json\/wp\/v2\/pages\/9359","targetHints":{"allow":["GET"]}}],"collection":[{"href":"https:\/\/futurehealthbiobank.com\/ch-fr\/wp-json\/wp\/v2\/pages"}],"about":[{"href":"https:\/\/futurehealthbiobank.com\/ch-fr\/wp-json\/wp\/v2\/types\/page"}],"author":[{"embeddable":true,"href":"https:\/\/futurehealthbiobank.com\/ch-fr\/wp-json\/wp\/v2\/users\/25"}],"replies":[{"embeddable":true,"href":"https:\/\/futurehealthbiobank.com\/ch-fr\/wp-json\/wp\/v2\/comments?post=9359"}],"version-history":[{"count":0,"href":"https:\/\/futurehealthbiobank.com\/ch-fr\/wp-json\/wp\/v2\/pages\/9359\/revisions"}],"wp:attachment":[{"href":"https:\/\/futurehealthbiobank.com\/ch-fr\/wp-json\/wp\/v2\/media?parent=9359"}],"curies":[{"name":"wp","href":"https:\/\/api.w.org\/{rel}","templated":true}]}}