{"id":7985,"date":"2017-11-27T09:31:13","date_gmt":"2017-11-27T09:31:13","guid":{"rendered":"https:\/\/futurehealthbiobank.com\/?page_id=7399"},"modified":"2023-02-06T14:59:00","modified_gmt":"2023-02-06T13:59:00","slug":"cose-la-conservazione-della-polpa-dentale","status":"publish","type":"page","link":"https:\/\/futurehealthbiobank.com\/ch-it\/cose-la-conservazione-della-polpa-dentale\/","title":{"rendered":"Cos&#8217;\u00e8 la conservazione della Polpa Dentale?"},"content":{"rendered":"","protected":false},"excerpt":{"rendered":"","protected":false},"author":25,"featured_media":0,"parent":0,"menu_order":0,"comment_status":"closed","ping_status":"closed","template":"page-landing.php","meta":{"_acf_changed":false,"footnotes":""},"class_list":["post-7985","page","type-page","status-publish","hentry"],"acf":[],"yoast_head":"<!-- This site is optimized with the Yoast SEO Premium plugin v26.7 (Yoast SEO v26.7) - https:\/\/yoast.com\/wordpress\/plugins\/seo\/ -->\n<title>Cos&#039;\u00e8 la conservazione della Polpa Dentale? | Future Health Biobank<\/title>\n<meta name=\"description\" content=\"La polpa dentale dei denti da latte contiene cellule uniche per tuo figlio, il che significa una perfetta compatibilit\u00e0 con il bambino stesso ed una significativa probabilit\u00e0 di compatibilit\u00e0 con gli altri membri della famiglia.\" \/>\n<meta name=\"robots\" content=\"index, follow, max-snippet:-1, max-image-preview:large, max-video-preview:-1\" \/>\n<link rel=\"canonical\" href=\"https:\/\/futurehealthbiobank.com\/ch-it\/cose-la-conservazione-della-polpa-dentale\/\" \/>\n<meta property=\"og:locale\" content=\"it_IT\" \/>\n<meta property=\"og:type\" content=\"article\" \/>\n<meta property=\"og:title\" content=\"Cos&#039;\u00e8 la conservazione della Polpa Dentale?\" \/>\n<meta property=\"og:description\" content=\"La polpa dentale dei denti da latte contiene cellule uniche per tuo figlio, il che significa una perfetta compatibilit\u00e0 con il bambino stesso ed una significativa probabilit\u00e0 di compatibilit\u00e0 con gli altri membri della famiglia.\" \/>\n<meta property=\"og:url\" content=\"https:\/\/futurehealthbiobank.com\/ch-it\/cose-la-conservazione-della-polpa-dentale\/\" \/>\n<meta property=\"og:site_name\" content=\"Future Health Biobank Swiss Italian\" \/>\n<meta property=\"article:modified_time\" content=\"2023-02-06T13:59:00+00:00\" \/>\n<meta name=\"twitter:card\" content=\"summary_large_image\" \/>\n<script type=\"application\/ld+json\" class=\"yoast-schema-graph\">{\"@context\":\"https:\/\/schema.org\",\"@graph\":[{\"@type\":\"WebPage\",\"@id\":\"https:\/\/futurehealthbiobank.com\/ch-it\/cose-la-conservazione-della-polpa-dentale\/\",\"url\":\"https:\/\/futurehealthbiobank.com\/ch-it\/cose-la-conservazione-della-polpa-dentale\/\",\"name\":\"Cos'\u00e8 la conservazione della Polpa Dentale? | Future Health Biobank\",\"isPartOf\":{\"@id\":\"https:\/\/futurehealthbiobank.com\/ch-it\/#website\"},\"datePublished\":\"2017-11-27T09:31:13+00:00\",\"dateModified\":\"2023-02-06T13:59:00+00:00\",\"description\":\"La polpa dentale dei denti da latte contiene cellule uniche per tuo figlio, il che significa una perfetta compatibilit\u00e0 con il bambino stesso ed una significativa probabilit\u00e0 di compatibilit\u00e0 con gli altri membri della famiglia.\",\"breadcrumb\":{\"@id\":\"https:\/\/futurehealthbiobank.com\/ch-it\/cose-la-conservazione-della-polpa-dentale\/#breadcrumb\"},\"inLanguage\":\"it-IT\",\"potentialAction\":[{\"@type\":\"ReadAction\",\"target\":[\"https:\/\/futurehealthbiobank.com\/ch-it\/cose-la-conservazione-della-polpa-dentale\/\"]}]},{\"@type\":\"BreadcrumbList\",\"@id\":\"https:\/\/futurehealthbiobank.com\/ch-it\/cose-la-conservazione-della-polpa-dentale\/#breadcrumb\",\"itemListElement\":[{\"@type\":\"ListItem\",\"position\":1,\"name\":\"Home\",\"item\":\"https:\/\/futurehealthbiobank.com\/ch-it\/\"},{\"@type\":\"ListItem\",\"position\":2,\"name\":\"Cos&#8217;\u00e8 la conservazione della Polpa Dentale?\"}]},{\"@type\":\"WebSite\",\"@id\":\"https:\/\/futurehealthbiobank.com\/ch-it\/#website\",\"url\":\"https:\/\/futurehealthbiobank.com\/ch-it\/\",\"name\":\"Future Health Biobank Swiss Italian\",\"description\":\"\",\"potentialAction\":[{\"@type\":\"SearchAction\",\"target\":{\"@type\":\"EntryPoint\",\"urlTemplate\":\"https:\/\/futurehealthbiobank.com\/ch-it\/?s={search_term_string}\"},\"query-input\":{\"@type\":\"PropertyValueSpecification\",\"valueRequired\":true,\"valueName\":\"search_term_string\"}}],\"inLanguage\":\"it-IT\"}]}<\/script>\n<!-- \/ Yoast SEO Premium plugin. -->","yoast_head_json":{"title":"Cos'\u00e8 la conservazione della Polpa Dentale? | Future Health Biobank","description":"La polpa dentale dei denti da latte contiene cellule uniche per tuo figlio, il che significa una perfetta compatibilit\u00e0 con il bambino stesso ed una significativa probabilit\u00e0 di compatibilit\u00e0 con gli altri membri della famiglia.","robots":{"index":"index","follow":"follow","max-snippet":"max-snippet:-1","max-image-preview":"max-image-preview:large","max-video-preview":"max-video-preview:-1"},"canonical":"https:\/\/futurehealthbiobank.com\/ch-it\/cose-la-conservazione-della-polpa-dentale\/","og_locale":"it_IT","og_type":"article","og_title":"Cos'\u00e8 la conservazione della Polpa Dentale?","og_description":"La polpa dentale dei denti da latte contiene cellule uniche per tuo figlio, il che significa una perfetta compatibilit\u00e0 con il bambino stesso ed una significativa probabilit\u00e0 di compatibilit\u00e0 con gli altri membri della famiglia.","og_url":"https:\/\/futurehealthbiobank.com\/ch-it\/cose-la-conservazione-della-polpa-dentale\/","og_site_name":"Future Health Biobank Swiss Italian","article_modified_time":"2023-02-06T13:59:00+00:00","twitter_card":"summary_large_image","schema":{"@context":"https:\/\/schema.org","@graph":[{"@type":"WebPage","@id":"https:\/\/futurehealthbiobank.com\/ch-it\/cose-la-conservazione-della-polpa-dentale\/","url":"https:\/\/futurehealthbiobank.com\/ch-it\/cose-la-conservazione-della-polpa-dentale\/","name":"Cos'\u00e8 la conservazione della Polpa Dentale? | Future Health Biobank","isPartOf":{"@id":"https:\/\/futurehealthbiobank.com\/ch-it\/#website"},"datePublished":"2017-11-27T09:31:13+00:00","dateModified":"2023-02-06T13:59:00+00:00","description":"La polpa dentale dei denti da latte contiene cellule uniche per tuo figlio, il che significa una perfetta compatibilit\u00e0 con il bambino stesso ed una significativa probabilit\u00e0 di compatibilit\u00e0 con gli altri membri della famiglia.","breadcrumb":{"@id":"https:\/\/futurehealthbiobank.com\/ch-it\/cose-la-conservazione-della-polpa-dentale\/#breadcrumb"},"inLanguage":"it-IT","potentialAction":[{"@type":"ReadAction","target":["https:\/\/futurehealthbiobank.com\/ch-it\/cose-la-conservazione-della-polpa-dentale\/"]}]},{"@type":"BreadcrumbList","@id":"https:\/\/futurehealthbiobank.com\/ch-it\/cose-la-conservazione-della-polpa-dentale\/#breadcrumb","itemListElement":[{"@type":"ListItem","position":1,"name":"Home","item":"https:\/\/futurehealthbiobank.com\/ch-it\/"},{"@type":"ListItem","position":2,"name":"Cos&#8217;\u00e8 la conservazione della Polpa Dentale?"}]},{"@type":"WebSite","@id":"https:\/\/futurehealthbiobank.com\/ch-it\/#website","url":"https:\/\/futurehealthbiobank.com\/ch-it\/","name":"Future Health Biobank Swiss Italian","description":"","potentialAction":[{"@type":"SearchAction","target":{"@type":"EntryPoint","urlTemplate":"https:\/\/futurehealthbiobank.com\/ch-it\/?s={search_term_string}"},"query-input":{"@type":"PropertyValueSpecification","valueRequired":true,"valueName":"search_term_string"}}],"inLanguage":"it-IT"}]}},"_links":{"self":[{"href":"https:\/\/futurehealthbiobank.com\/ch-it\/wp-json\/wp\/v2\/pages\/7985","targetHints":{"allow":["GET"]}}],"collection":[{"href":"https:\/\/futurehealthbiobank.com\/ch-it\/wp-json\/wp\/v2\/pages"}],"about":[{"href":"https:\/\/futurehealthbiobank.com\/ch-it\/wp-json\/wp\/v2\/types\/page"}],"author":[{"embeddable":true,"href":"https:\/\/futurehealthbiobank.com\/ch-it\/wp-json\/wp\/v2\/users\/25"}],"replies":[{"embeddable":true,"href":"https:\/\/futurehealthbiobank.com\/ch-it\/wp-json\/wp\/v2\/comments?post=7985"}],"version-history":[{"count":0,"href":"https:\/\/futurehealthbiobank.com\/ch-it\/wp-json\/wp\/v2\/pages\/7985\/revisions"}],"wp:attachment":[{"href":"https:\/\/futurehealthbiobank.com\/ch-it\/wp-json\/wp\/v2\/media?parent=7985"}],"curies":[{"name":"wp","href":"https:\/\/api.w.org\/{rel}","templated":true}]}}