

{"id":1927,"date":"2016-02-01T09:26:52","date_gmt":"2016-02-01T09:26:52","guid":{"rendered":"https:\/\/futurehealthbiobank.com\/fhbb-2\/?page_id=1927"},"modified":"2022-01-24T12:11:02","modified_gmt":"2022-01-24T12:11:02","slug":"onay-belgelerimiz-akreditasyonlarimiz","status":"publish","type":"page","link":"https:\/\/futurehealthbiobank.com\/cy-tr\/hakkimizda\/onay-belgelerimiz-akreditasyonlarimiz\/","title":{"rendered":"Onay Belgelerimiz (akreditasyonlar\u0131m\u0131z)"},"content":{"rendered":"","protected":false},"excerpt":{"rendered":"","protected":false},"author":2,"featured_media":0,"parent":1706,"menu_order":0,"comment_status":"closed","ping_status":"closed","template":"page-page_template.php","meta":{"_acf_changed":false,"footnotes":""},"class_list":["post-1927","page","type-page","status-publish","hentry"],"acf":[],"yoast_head":"<!-- This site is optimized with the Yoast SEO Premium plugin v26.7 (Yoast SEO v26.7) - https:\/\/yoast.com\/wordpress\/plugins\/seo\/ -->\n<title>Onay Belgelerimiz | HTA akreditasyonu ve MHRA lisans\u0131<\/title>\n<meta name=\"description\" content=\"\u0130ngitere ve \u0130svi\u00e7re olmak \u00fczere iki tam onayl\u0131 laboratuar i\u015fletmesi ve HTA akreditasyonu ve MHRA lisans\u0131\" \/>\n<meta name=\"robots\" content=\"index, follow, max-snippet:-1, max-image-preview:large, max-video-preview:-1\" \/>\n<link rel=\"canonical\" href=\"https:\/\/futurehealthbiobank.com\/cy-tr\/hakkimizda\/onay-belgelerimiz-akreditasyonlarimiz\/\" \/>\n<meta property=\"og:locale\" content=\"tr_TR\" \/>\n<meta property=\"og:type\" content=\"article\" \/>\n<meta property=\"og:title\" content=\"Onay Belgelerimiz (akreditasyonlar\u0131m\u0131z)\" \/>\n<meta property=\"og:url\" content=\"https:\/\/futurehealthbiobank.com\/cy-tr\/hakkimizda\/onay-belgelerimiz-akreditasyonlarimiz\/\" \/>\n<meta property=\"og:site_name\" content=\"Future Health Biobank Cyprus Turkish\" \/>\n<meta property=\"article:modified_time\" content=\"2022-01-24T12:11:02+00:00\" \/>\n<meta name=\"twitter:card\" content=\"summary_large_image\" \/>\n<script type=\"application\/ld+json\" class=\"yoast-schema-graph\">{\"@context\":\"https:\/\/schema.org\",\"@graph\":[{\"@type\":\"WebPage\",\"@id\":\"https:\/\/futurehealthbiobank.com\/cy-tr\/hakkimizda\/onay-belgelerimiz-akreditasyonlarimiz\/\",\"url\":\"https:\/\/futurehealthbiobank.com\/cy-tr\/hakkimizda\/onay-belgelerimiz-akreditasyonlarimiz\/\",\"name\":\"Onay Belgelerimiz | HTA akreditasyonu ve MHRA lisans\u0131\",\"isPartOf\":{\"@id\":\"https:\/\/futurehealthbiobank.com\/cy-tr\/#website\"},\"datePublished\":\"2016-02-01T09:26:52+00:00\",\"dateModified\":\"2022-01-24T12:11:02+00:00\",\"description\":\"\u0130ngitere ve \u0130svi\u00e7re olmak \u00fczere iki tam onayl\u0131 laboratuar i\u015fletmesi ve HTA akreditasyonu ve MHRA lisans\u0131\",\"breadcrumb\":{\"@id\":\"https:\/\/futurehealthbiobank.com\/cy-tr\/hakkimizda\/onay-belgelerimiz-akreditasyonlarimiz\/#breadcrumb\"},\"inLanguage\":\"tr\",\"potentialAction\":[{\"@type\":\"ReadAction\",\"target\":[\"https:\/\/futurehealthbiobank.com\/cy-tr\/hakkimizda\/onay-belgelerimiz-akreditasyonlarimiz\/\"]}]},{\"@type\":\"BreadcrumbList\",\"@id\":\"https:\/\/futurehealthbiobank.com\/cy-tr\/hakkimizda\/onay-belgelerimiz-akreditasyonlarimiz\/#breadcrumb\",\"itemListElement\":[{\"@type\":\"ListItem\",\"position\":1,\"name\":\"Ana sayfa\",\"item\":\"https:\/\/futurehealthbiobank.com\/cy-tr\/\"},{\"@type\":\"ListItem\",\"position\":2,\"name\":\"Hakk\u0131m\u0131zda\",\"item\":\"https:\/\/futurehealthbiobank.com\/cy-tr\/hakkimizda\/\"},{\"@type\":\"ListItem\",\"position\":3,\"name\":\"Onay Belgelerimiz (akreditasyonlar\u0131m\u0131z)\"}]},{\"@type\":\"WebSite\",\"@id\":\"https:\/\/futurehealthbiobank.com\/cy-tr\/#website\",\"url\":\"https:\/\/futurehealthbiobank.com\/cy-tr\/\",\"name\":\"Future Health Biobank Cyprus Turkish\",\"description\":\"\",\"potentialAction\":[{\"@type\":\"SearchAction\",\"target\":{\"@type\":\"EntryPoint\",\"urlTemplate\":\"https:\/\/futurehealthbiobank.com\/cy-tr\/?s={search_term_string}\"},\"query-input\":{\"@type\":\"PropertyValueSpecification\",\"valueRequired\":true,\"valueName\":\"search_term_string\"}}],\"inLanguage\":\"tr\"}]}<\/script>\n<!-- \/ Yoast SEO Premium plugin. -->","yoast_head_json":{"title":"Onay Belgelerimiz | HTA akreditasyonu ve MHRA lisans\u0131","description":"\u0130ngitere ve \u0130svi\u00e7re olmak \u00fczere iki tam onayl\u0131 laboratuar i\u015fletmesi ve HTA akreditasyonu ve MHRA lisans\u0131","robots":{"index":"index","follow":"follow","max-snippet":"max-snippet:-1","max-image-preview":"max-image-preview:large","max-video-preview":"max-video-preview:-1"},"canonical":"https:\/\/futurehealthbiobank.com\/cy-tr\/hakkimizda\/onay-belgelerimiz-akreditasyonlarimiz\/","og_locale":"tr_TR","og_type":"article","og_title":"Onay Belgelerimiz (akreditasyonlar\u0131m\u0131z)","og_url":"https:\/\/futurehealthbiobank.com\/cy-tr\/hakkimizda\/onay-belgelerimiz-akreditasyonlarimiz\/","og_site_name":"Future Health Biobank Cyprus Turkish","article_modified_time":"2022-01-24T12:11:02+00:00","twitter_card":"summary_large_image","schema":{"@context":"https:\/\/schema.org","@graph":[{"@type":"WebPage","@id":"https:\/\/futurehealthbiobank.com\/cy-tr\/hakkimizda\/onay-belgelerimiz-akreditasyonlarimiz\/","url":"https:\/\/futurehealthbiobank.com\/cy-tr\/hakkimizda\/onay-belgelerimiz-akreditasyonlarimiz\/","name":"Onay Belgelerimiz | HTA akreditasyonu ve MHRA lisans\u0131","isPartOf":{"@id":"https:\/\/futurehealthbiobank.com\/cy-tr\/#website"},"datePublished":"2016-02-01T09:26:52+00:00","dateModified":"2022-01-24T12:11:02+00:00","description":"\u0130ngitere ve \u0130svi\u00e7re olmak \u00fczere iki tam onayl\u0131 laboratuar i\u015fletmesi ve HTA akreditasyonu ve MHRA lisans\u0131","breadcrumb":{"@id":"https:\/\/futurehealthbiobank.com\/cy-tr\/hakkimizda\/onay-belgelerimiz-akreditasyonlarimiz\/#breadcrumb"},"inLanguage":"tr","potentialAction":[{"@type":"ReadAction","target":["https:\/\/futurehealthbiobank.com\/cy-tr\/hakkimizda\/onay-belgelerimiz-akreditasyonlarimiz\/"]}]},{"@type":"BreadcrumbList","@id":"https:\/\/futurehealthbiobank.com\/cy-tr\/hakkimizda\/onay-belgelerimiz-akreditasyonlarimiz\/#breadcrumb","itemListElement":[{"@type":"ListItem","position":1,"name":"Ana sayfa","item":"https:\/\/futurehealthbiobank.com\/cy-tr\/"},{"@type":"ListItem","position":2,"name":"Hakk\u0131m\u0131zda","item":"https:\/\/futurehealthbiobank.com\/cy-tr\/hakkimizda\/"},{"@type":"ListItem","position":3,"name":"Onay Belgelerimiz (akreditasyonlar\u0131m\u0131z)"}]},{"@type":"WebSite","@id":"https:\/\/futurehealthbiobank.com\/cy-tr\/#website","url":"https:\/\/futurehealthbiobank.com\/cy-tr\/","name":"Future Health Biobank Cyprus Turkish","description":"","potentialAction":[{"@type":"SearchAction","target":{"@type":"EntryPoint","urlTemplate":"https:\/\/futurehealthbiobank.com\/cy-tr\/?s={search_term_string}"},"query-input":{"@type":"PropertyValueSpecification","valueRequired":true,"valueName":"search_term_string"}}],"inLanguage":"tr"}]}},"_links":{"self":[{"href":"https:\/\/futurehealthbiobank.com\/cy-tr\/wp-json\/wp\/v2\/pages\/1927","targetHints":{"allow":["GET"]}}],"collection":[{"href":"https:\/\/futurehealthbiobank.com\/cy-tr\/wp-json\/wp\/v2\/pages"}],"about":[{"href":"https:\/\/futurehealthbiobank.com\/cy-tr\/wp-json\/wp\/v2\/types\/page"}],"author":[{"embeddable":true,"href":"https:\/\/futurehealthbiobank.com\/cy-tr\/wp-json\/wp\/v2\/users\/2"}],"replies":[{"embeddable":true,"href":"https:\/\/futurehealthbiobank.com\/cy-tr\/wp-json\/wp\/v2\/comments?post=1927"}],"version-history":[{"count":0,"href":"https:\/\/futurehealthbiobank.com\/cy-tr\/wp-json\/wp\/v2\/pages\/1927\/revisions"}],"up":[{"embeddable":true,"href":"https:\/\/futurehealthbiobank.com\/cy-tr\/wp-json\/wp\/v2\/pages\/1706"}],"wp:attachment":[{"href":"https:\/\/futurehealthbiobank.com\/cy-tr\/wp-json\/wp\/v2\/media?parent=1927"}],"curies":[{"name":"wp","href":"https:\/\/api.w.org\/{rel}","templated":true}]}}