

{"id":2360,"date":"2016-02-14T23:37:34","date_gmt":"2016-02-14T23:37:34","guid":{"rendered":"https:\/\/futurehealthbiobank.com\/fhbb-2\/?page_id=2360"},"modified":"2019-12-27T15:39:08","modified_gmt":"2019-12-27T15:39:08","slug":"gobek-kordonu-kok-hucre-bankaciligi","status":"publish","type":"page","link":"https:\/\/futurehealthbiobank.com\/cy-tr\/gobek-kordonu-kok-hucre-bankaciligi\/","title":{"rendered":"G\u00f6bek kordonu k\u00f6k h\u00fccre bankac\u0131l\u0131\u011f\u0131"},"content":{"rendered":"","protected":false},"excerpt":{"rendered":"","protected":false},"author":2,"featured_media":0,"parent":0,"menu_order":0,"comment_status":"closed","ping_status":"closed","template":"page-page_template.php","meta":{"_acf_changed":false,"footnotes":""},"class_list":["post-2360","page","type-page","status-publish","hentry"],"acf":[],"yoast_head":"<!-- This site is optimized with the Yoast SEO Premium plugin v26.7 (Yoast SEO v26.7) - https:\/\/yoast.com\/wordpress\/plugins\/seo\/ -->\n<title>Kordon Kan\u0131 K\u00f6k H\u00fccre Bankac\u0131l\u0131\u011f\u0131 | Kordon Kan\u0131 ve Kordon Dokusu<\/title>\n<meta name=\"description\" content=\"\u0130ngiltere&#039;nin ilk ve en \u00e7ok tercih edilen k\u00f6k h\u00fccre bankas\u0131\" \/>\n<meta name=\"robots\" content=\"index, follow, max-snippet:-1, max-image-preview:large, max-video-preview:-1\" \/>\n<link rel=\"canonical\" href=\"https:\/\/futurehealthbiobank.com\/cy-tr\/gobek-kordonu-kok-hucre-bankaciligi\/\" \/>\n<meta property=\"og:locale\" content=\"tr_TR\" \/>\n<meta property=\"og:type\" content=\"article\" \/>\n<meta property=\"og:title\" content=\"G\u00f6bek kordonu k\u00f6k h\u00fccre bankac\u0131l\u0131\u011f\u0131\" \/>\n<meta property=\"og:url\" content=\"https:\/\/futurehealthbiobank.com\/cy-tr\/gobek-kordonu-kok-hucre-bankaciligi\/\" \/>\n<meta property=\"og:site_name\" content=\"Future Health Biobank Cyprus Turkish\" \/>\n<meta property=\"article:modified_time\" content=\"2019-12-27T15:39:08+00:00\" \/>\n<meta name=\"twitter:card\" content=\"summary_large_image\" \/>\n<script type=\"application\/ld+json\" class=\"yoast-schema-graph\">{\"@context\":\"https:\/\/schema.org\",\"@graph\":[{\"@type\":\"WebPage\",\"@id\":\"https:\/\/futurehealthbiobank.com\/cy-tr\/gobek-kordonu-kok-hucre-bankaciligi\/\",\"url\":\"https:\/\/futurehealthbiobank.com\/cy-tr\/gobek-kordonu-kok-hucre-bankaciligi\/\",\"name\":\"Kordon Kan\u0131 K\u00f6k H\u00fccre Bankac\u0131l\u0131\u011f\u0131 | Kordon Kan\u0131 ve Kordon Dokusu\",\"isPartOf\":{\"@id\":\"https:\/\/futurehealthbiobank.com\/cy-tr\/#website\"},\"datePublished\":\"2016-02-14T23:37:34+00:00\",\"dateModified\":\"2019-12-27T15:39:08+00:00\",\"description\":\"\u0130ngiltere'nin ilk ve en \u00e7ok tercih edilen k\u00f6k h\u00fccre bankas\u0131\",\"breadcrumb\":{\"@id\":\"https:\/\/futurehealthbiobank.com\/cy-tr\/gobek-kordonu-kok-hucre-bankaciligi\/#breadcrumb\"},\"inLanguage\":\"tr\",\"potentialAction\":[{\"@type\":\"ReadAction\",\"target\":[\"https:\/\/futurehealthbiobank.com\/cy-tr\/gobek-kordonu-kok-hucre-bankaciligi\/\"]}]},{\"@type\":\"BreadcrumbList\",\"@id\":\"https:\/\/futurehealthbiobank.com\/cy-tr\/gobek-kordonu-kok-hucre-bankaciligi\/#breadcrumb\",\"itemListElement\":[{\"@type\":\"ListItem\",\"position\":1,\"name\":\"Ana sayfa\",\"item\":\"https:\/\/futurehealthbiobank.com\/cy-tr\/\"},{\"@type\":\"ListItem\",\"position\":2,\"name\":\"G\u00f6bek kordonu k\u00f6k h\u00fccre bankac\u0131l\u0131\u011f\u0131\"}]},{\"@type\":\"WebSite\",\"@id\":\"https:\/\/futurehealthbiobank.com\/cy-tr\/#website\",\"url\":\"https:\/\/futurehealthbiobank.com\/cy-tr\/\",\"name\":\"Future Health Biobank Cyprus Turkish\",\"description\":\"\",\"potentialAction\":[{\"@type\":\"SearchAction\",\"target\":{\"@type\":\"EntryPoint\",\"urlTemplate\":\"https:\/\/futurehealthbiobank.com\/cy-tr\/?s={search_term_string}\"},\"query-input\":{\"@type\":\"PropertyValueSpecification\",\"valueRequired\":true,\"valueName\":\"search_term_string\"}}],\"inLanguage\":\"tr\"}]}<\/script>\n<!-- \/ Yoast SEO Premium plugin. -->","yoast_head_json":{"title":"Kordon Kan\u0131 K\u00f6k H\u00fccre Bankac\u0131l\u0131\u011f\u0131 | Kordon Kan\u0131 ve Kordon Dokusu","description":"\u0130ngiltere'nin ilk ve en \u00e7ok tercih edilen k\u00f6k h\u00fccre bankas\u0131","robots":{"index":"index","follow":"follow","max-snippet":"max-snippet:-1","max-image-preview":"max-image-preview:large","max-video-preview":"max-video-preview:-1"},"canonical":"https:\/\/futurehealthbiobank.com\/cy-tr\/gobek-kordonu-kok-hucre-bankaciligi\/","og_locale":"tr_TR","og_type":"article","og_title":"G\u00f6bek kordonu k\u00f6k h\u00fccre bankac\u0131l\u0131\u011f\u0131","og_url":"https:\/\/futurehealthbiobank.com\/cy-tr\/gobek-kordonu-kok-hucre-bankaciligi\/","og_site_name":"Future Health Biobank Cyprus Turkish","article_modified_time":"2019-12-27T15:39:08+00:00","twitter_card":"summary_large_image","schema":{"@context":"https:\/\/schema.org","@graph":[{"@type":"WebPage","@id":"https:\/\/futurehealthbiobank.com\/cy-tr\/gobek-kordonu-kok-hucre-bankaciligi\/","url":"https:\/\/futurehealthbiobank.com\/cy-tr\/gobek-kordonu-kok-hucre-bankaciligi\/","name":"Kordon Kan\u0131 K\u00f6k H\u00fccre Bankac\u0131l\u0131\u011f\u0131 | Kordon Kan\u0131 ve Kordon Dokusu","isPartOf":{"@id":"https:\/\/futurehealthbiobank.com\/cy-tr\/#website"},"datePublished":"2016-02-14T23:37:34+00:00","dateModified":"2019-12-27T15:39:08+00:00","description":"\u0130ngiltere'nin ilk ve en \u00e7ok tercih edilen k\u00f6k h\u00fccre bankas\u0131","breadcrumb":{"@id":"https:\/\/futurehealthbiobank.com\/cy-tr\/gobek-kordonu-kok-hucre-bankaciligi\/#breadcrumb"},"inLanguage":"tr","potentialAction":[{"@type":"ReadAction","target":["https:\/\/futurehealthbiobank.com\/cy-tr\/gobek-kordonu-kok-hucre-bankaciligi\/"]}]},{"@type":"BreadcrumbList","@id":"https:\/\/futurehealthbiobank.com\/cy-tr\/gobek-kordonu-kok-hucre-bankaciligi\/#breadcrumb","itemListElement":[{"@type":"ListItem","position":1,"name":"Ana sayfa","item":"https:\/\/futurehealthbiobank.com\/cy-tr\/"},{"@type":"ListItem","position":2,"name":"G\u00f6bek kordonu k\u00f6k h\u00fccre bankac\u0131l\u0131\u011f\u0131"}]},{"@type":"WebSite","@id":"https:\/\/futurehealthbiobank.com\/cy-tr\/#website","url":"https:\/\/futurehealthbiobank.com\/cy-tr\/","name":"Future Health Biobank Cyprus Turkish","description":"","potentialAction":[{"@type":"SearchAction","target":{"@type":"EntryPoint","urlTemplate":"https:\/\/futurehealthbiobank.com\/cy-tr\/?s={search_term_string}"},"query-input":{"@type":"PropertyValueSpecification","valueRequired":true,"valueName":"search_term_string"}}],"inLanguage":"tr"}]}},"_links":{"self":[{"href":"https:\/\/futurehealthbiobank.com\/cy-tr\/wp-json\/wp\/v2\/pages\/2360","targetHints":{"allow":["GET"]}}],"collection":[{"href":"https:\/\/futurehealthbiobank.com\/cy-tr\/wp-json\/wp\/v2\/pages"}],"about":[{"href":"https:\/\/futurehealthbiobank.com\/cy-tr\/wp-json\/wp\/v2\/types\/page"}],"author":[{"embeddable":true,"href":"https:\/\/futurehealthbiobank.com\/cy-tr\/wp-json\/wp\/v2\/users\/2"}],"replies":[{"embeddable":true,"href":"https:\/\/futurehealthbiobank.com\/cy-tr\/wp-json\/wp\/v2\/comments?post=2360"}],"version-history":[{"count":0,"href":"https:\/\/futurehealthbiobank.com\/cy-tr\/wp-json\/wp\/v2\/pages\/2360\/revisions"}],"wp:attachment":[{"href":"https:\/\/futurehealthbiobank.com\/cy-tr\/wp-json\/wp\/v2\/media?parent=2360"}],"curies":[{"name":"wp","href":"https:\/\/api.w.org\/{rel}","templated":true}]}}