

{"id":3364,"date":"2016-03-30T18:56:22","date_gmt":"2016-03-30T17:56:22","guid":{"rendered":"https:\/\/futurehealthbiobank.com\/fhbb-2\/?page_id=3364"},"modified":"2017-01-09T12:37:03","modified_gmt":"2017-01-09T12:37:03","slug":"kordon-dokusu-kok-hucre-toplama-islemi","status":"publish","type":"page","link":"https:\/\/futurehealthbiobank.com\/cy-tr\/gobek-kordonu-kok-hucre-bankaciligi\/kordon-dokusu-kok-hucre-bankaciligi\/kordon-dokusu-kok-hucre-toplama-islemi\/","title":{"rendered":"Kordon dokusu k\u00f6k h\u00fccre toplama i\u015flemi"},"content":{"rendered":"","protected":false},"excerpt":{"rendered":"","protected":false},"author":2,"featured_media":0,"parent":2937,"menu_order":0,"comment_status":"closed","ping_status":"closed","template":"page-page_template.php","meta":{"_acf_changed":false,"footnotes":""},"class_list":["post-3364","page","type-page","status-publish","hentry"],"acf":[],"yoast_head":"<!-- This site is optimized with the Yoast SEO Premium plugin v26.7 (Yoast SEO v26.7) - https:\/\/yoast.com\/wordpress\/plugins\/seo\/ -->\n<title>Stem cell collection process | Umbilical cord tissue<\/title>\n<meta name=\"description\" content=\"This 10 step process depicts the necessary method involved in collecting, processing and storing the umbilical cord tissue stem cells.\" \/>\n<meta name=\"robots\" content=\"index, follow, max-snippet:-1, max-image-preview:large, max-video-preview:-1\" \/>\n<link rel=\"canonical\" href=\"https:\/\/futurehealthbiobank.com\/cy-tr\/gobek-kordonu-kok-hucre-bankaciligi\/kordon-dokusu-kok-hucre-bankaciligi\/kordon-dokusu-kok-hucre-toplama-islemi\/\" \/>\n<meta property=\"og:locale\" content=\"tr_TR\" \/>\n<meta property=\"og:type\" content=\"article\" \/>\n<meta property=\"og:title\" content=\"Kordon dokusu k\u00f6k h\u00fccre toplama i\u015flemi\" \/>\n<meta property=\"og:url\" content=\"https:\/\/futurehealthbiobank.com\/cy-tr\/gobek-kordonu-kok-hucre-bankaciligi\/kordon-dokusu-kok-hucre-bankaciligi\/kordon-dokusu-kok-hucre-toplama-islemi\/\" \/>\n<meta property=\"og:site_name\" content=\"Future Health Biobank Cyprus Turkish\" \/>\n<meta property=\"article:modified_time\" content=\"2017-01-09T12:37:03+00:00\" \/>\n<meta name=\"twitter:card\" content=\"summary_large_image\" \/>\n<script type=\"application\/ld+json\" class=\"yoast-schema-graph\">{\"@context\":\"https:\/\/schema.org\",\"@graph\":[{\"@type\":\"WebPage\",\"@id\":\"https:\/\/futurehealthbiobank.com\/cy-tr\/gobek-kordonu-kok-hucre-bankaciligi\/kordon-dokusu-kok-hucre-bankaciligi\/kordon-dokusu-kok-hucre-toplama-islemi\/\",\"url\":\"https:\/\/futurehealthbiobank.com\/cy-tr\/gobek-kordonu-kok-hucre-bankaciligi\/kordon-dokusu-kok-hucre-bankaciligi\/kordon-dokusu-kok-hucre-toplama-islemi\/\",\"name\":\"Stem cell collection process | Umbilical cord tissue\",\"isPartOf\":{\"@id\":\"https:\/\/futurehealthbiobank.com\/cy-tr\/#website\"},\"datePublished\":\"2016-03-30T17:56:22+00:00\",\"dateModified\":\"2017-01-09T12:37:03+00:00\",\"description\":\"This 10 step process depicts the necessary method involved in collecting, processing and storing the umbilical cord tissue stem cells.\",\"breadcrumb\":{\"@id\":\"https:\/\/futurehealthbiobank.com\/cy-tr\/gobek-kordonu-kok-hucre-bankaciligi\/kordon-dokusu-kok-hucre-bankaciligi\/kordon-dokusu-kok-hucre-toplama-islemi\/#breadcrumb\"},\"inLanguage\":\"tr\",\"potentialAction\":[{\"@type\":\"ReadAction\",\"target\":[\"https:\/\/futurehealthbiobank.com\/cy-tr\/gobek-kordonu-kok-hucre-bankaciligi\/kordon-dokusu-kok-hucre-bankaciligi\/kordon-dokusu-kok-hucre-toplama-islemi\/\"]}]},{\"@type\":\"BreadcrumbList\",\"@id\":\"https:\/\/futurehealthbiobank.com\/cy-tr\/gobek-kordonu-kok-hucre-bankaciligi\/kordon-dokusu-kok-hucre-bankaciligi\/kordon-dokusu-kok-hucre-toplama-islemi\/#breadcrumb\",\"itemListElement\":[{\"@type\":\"ListItem\",\"position\":1,\"name\":\"Ana sayfa\",\"item\":\"https:\/\/futurehealthbiobank.com\/cy-tr\/\"},{\"@type\":\"ListItem\",\"position\":2,\"name\":\"G\u00f6bek kordonu k\u00f6k h\u00fccre bankac\u0131l\u0131\u011f\u0131\",\"item\":\"https:\/\/futurehealthbiobank.com\/cy-tr\/gobek-kordonu-kok-hucre-bankaciligi\/\"},{\"@type\":\"ListItem\",\"position\":3,\"name\":\"Kordon Dokusu k\u00f6k h\u00fccre bankac\u0131l\u0131\u011f\u0131\",\"item\":\"https:\/\/futurehealthbiobank.com\/cy-tr\/gobek-kordonu-kok-hucre-bankaciligi\/kordon-dokusu-kok-hucre-bankaciligi\/\"},{\"@type\":\"ListItem\",\"position\":4,\"name\":\"Kordon dokusu k\u00f6k h\u00fccre toplama i\u015flemi\"}]},{\"@type\":\"WebSite\",\"@id\":\"https:\/\/futurehealthbiobank.com\/cy-tr\/#website\",\"url\":\"https:\/\/futurehealthbiobank.com\/cy-tr\/\",\"name\":\"Future Health Biobank Cyprus Turkish\",\"description\":\"\",\"potentialAction\":[{\"@type\":\"SearchAction\",\"target\":{\"@type\":\"EntryPoint\",\"urlTemplate\":\"https:\/\/futurehealthbiobank.com\/cy-tr\/?s={search_term_string}\"},\"query-input\":{\"@type\":\"PropertyValueSpecification\",\"valueRequired\":true,\"valueName\":\"search_term_string\"}}],\"inLanguage\":\"tr\"}]}<\/script>\n<!-- \/ Yoast SEO Premium plugin. -->","yoast_head_json":{"title":"Stem cell collection process | Umbilical cord tissue","description":"This 10 step process depicts the necessary method involved in collecting, processing and storing the umbilical cord tissue stem cells.","robots":{"index":"index","follow":"follow","max-snippet":"max-snippet:-1","max-image-preview":"max-image-preview:large","max-video-preview":"max-video-preview:-1"},"canonical":"https:\/\/futurehealthbiobank.com\/cy-tr\/gobek-kordonu-kok-hucre-bankaciligi\/kordon-dokusu-kok-hucre-bankaciligi\/kordon-dokusu-kok-hucre-toplama-islemi\/","og_locale":"tr_TR","og_type":"article","og_title":"Kordon dokusu k\u00f6k h\u00fccre toplama i\u015flemi","og_url":"https:\/\/futurehealthbiobank.com\/cy-tr\/gobek-kordonu-kok-hucre-bankaciligi\/kordon-dokusu-kok-hucre-bankaciligi\/kordon-dokusu-kok-hucre-toplama-islemi\/","og_site_name":"Future Health Biobank Cyprus Turkish","article_modified_time":"2017-01-09T12:37:03+00:00","twitter_card":"summary_large_image","schema":{"@context":"https:\/\/schema.org","@graph":[{"@type":"WebPage","@id":"https:\/\/futurehealthbiobank.com\/cy-tr\/gobek-kordonu-kok-hucre-bankaciligi\/kordon-dokusu-kok-hucre-bankaciligi\/kordon-dokusu-kok-hucre-toplama-islemi\/","url":"https:\/\/futurehealthbiobank.com\/cy-tr\/gobek-kordonu-kok-hucre-bankaciligi\/kordon-dokusu-kok-hucre-bankaciligi\/kordon-dokusu-kok-hucre-toplama-islemi\/","name":"Stem cell collection process | Umbilical cord tissue","isPartOf":{"@id":"https:\/\/futurehealthbiobank.com\/cy-tr\/#website"},"datePublished":"2016-03-30T17:56:22+00:00","dateModified":"2017-01-09T12:37:03+00:00","description":"This 10 step process depicts the necessary method involved in collecting, processing and storing the umbilical cord tissue stem cells.","breadcrumb":{"@id":"https:\/\/futurehealthbiobank.com\/cy-tr\/gobek-kordonu-kok-hucre-bankaciligi\/kordon-dokusu-kok-hucre-bankaciligi\/kordon-dokusu-kok-hucre-toplama-islemi\/#breadcrumb"},"inLanguage":"tr","potentialAction":[{"@type":"ReadAction","target":["https:\/\/futurehealthbiobank.com\/cy-tr\/gobek-kordonu-kok-hucre-bankaciligi\/kordon-dokusu-kok-hucre-bankaciligi\/kordon-dokusu-kok-hucre-toplama-islemi\/"]}]},{"@type":"BreadcrumbList","@id":"https:\/\/futurehealthbiobank.com\/cy-tr\/gobek-kordonu-kok-hucre-bankaciligi\/kordon-dokusu-kok-hucre-bankaciligi\/kordon-dokusu-kok-hucre-toplama-islemi\/#breadcrumb","itemListElement":[{"@type":"ListItem","position":1,"name":"Ana sayfa","item":"https:\/\/futurehealthbiobank.com\/cy-tr\/"},{"@type":"ListItem","position":2,"name":"G\u00f6bek kordonu k\u00f6k h\u00fccre bankac\u0131l\u0131\u011f\u0131","item":"https:\/\/futurehealthbiobank.com\/cy-tr\/gobek-kordonu-kok-hucre-bankaciligi\/"},{"@type":"ListItem","position":3,"name":"Kordon Dokusu k\u00f6k h\u00fccre bankac\u0131l\u0131\u011f\u0131","item":"https:\/\/futurehealthbiobank.com\/cy-tr\/gobek-kordonu-kok-hucre-bankaciligi\/kordon-dokusu-kok-hucre-bankaciligi\/"},{"@type":"ListItem","position":4,"name":"Kordon dokusu k\u00f6k h\u00fccre toplama i\u015flemi"}]},{"@type":"WebSite","@id":"https:\/\/futurehealthbiobank.com\/cy-tr\/#website","url":"https:\/\/futurehealthbiobank.com\/cy-tr\/","name":"Future Health Biobank Cyprus Turkish","description":"","potentialAction":[{"@type":"SearchAction","target":{"@type":"EntryPoint","urlTemplate":"https:\/\/futurehealthbiobank.com\/cy-tr\/?s={search_term_string}"},"query-input":{"@type":"PropertyValueSpecification","valueRequired":true,"valueName":"search_term_string"}}],"inLanguage":"tr"}]}},"_links":{"self":[{"href":"https:\/\/futurehealthbiobank.com\/cy-tr\/wp-json\/wp\/v2\/pages\/3364","targetHints":{"allow":["GET"]}}],"collection":[{"href":"https:\/\/futurehealthbiobank.com\/cy-tr\/wp-json\/wp\/v2\/pages"}],"about":[{"href":"https:\/\/futurehealthbiobank.com\/cy-tr\/wp-json\/wp\/v2\/types\/page"}],"author":[{"embeddable":true,"href":"https:\/\/futurehealthbiobank.com\/cy-tr\/wp-json\/wp\/v2\/users\/2"}],"replies":[{"embeddable":true,"href":"https:\/\/futurehealthbiobank.com\/cy-tr\/wp-json\/wp\/v2\/comments?post=3364"}],"version-history":[{"count":0,"href":"https:\/\/futurehealthbiobank.com\/cy-tr\/wp-json\/wp\/v2\/pages\/3364\/revisions"}],"up":[{"embeddable":true,"href":"https:\/\/futurehealthbiobank.com\/cy-tr\/wp-json\/wp\/v2\/pages\/2937"}],"wp:attachment":[{"href":"https:\/\/futurehealthbiobank.com\/cy-tr\/wp-json\/wp\/v2\/media?parent=3364"}],"curies":[{"name":"wp","href":"https:\/\/api.w.org\/{rel}","templated":true}]}}