{"id":9051,"date":"2019-07-01T15:17:11","date_gmt":"2019-07-01T14:17:11","guid":{"rendered":"http:\/\/fhbbstg.wpengine.com\/?page_id=9051"},"modified":"2020-11-09T15:45:05","modified_gmt":"2020-11-09T15:45:05","slug":"que-son-las-celulas-madre-del-cordon-umbilical","status":"publish","type":"page","link":"https:\/\/futurehealthbiobank.com\/ec\/que-son-las-celulas-madre-del-cordon-umbilical\/","title":{"rendered":"\u00bfQu\u00e9 son las c\u00e9lulas madre del cord\u00f3n umbilical?"},"content":{"rendered":"","protected":false},"excerpt":{"rendered":"","protected":false},"author":10,"featured_media":0,"parent":0,"menu_order":0,"comment_status":"closed","ping_status":"closed","template":"page-landing.php","meta":{"_acf_changed":false,"footnotes":""},"class_list":["post-9051","page","type-page","status-publish","hentry"],"acf":[],"yoast_head":"<!-- This site is optimized with the Yoast SEO Premium plugin v26.7 (Yoast SEO v26.7) - https:\/\/yoast.com\/wordpress\/plugins\/seo\/ -->\n<title>What Are Umbilical Cord Stem Cells? | Future Health Biobank<\/title>\n<meta name=\"description\" content=\"Cord blood is important because it contains millions of stem cells, which can be used to treat over 85 diseases and conditions. If collected and stored at birth, cord blood stem cells can be used for numerous potential future treatments for your children.\" \/>\n<meta name=\"robots\" content=\"index, follow, max-snippet:-1, max-image-preview:large, max-video-preview:-1\" \/>\n<link rel=\"canonical\" href=\"https:\/\/futurehealthbiobank.com\/ec\/que-son-las-celulas-madre-del-cordon-umbilical\/\" \/>\n<meta property=\"og:locale\" content=\"en_GB\" \/>\n<meta property=\"og:type\" content=\"article\" \/>\n<meta property=\"og:title\" content=\"What Are Umbilical Cord Stem Cells? | Future Health Biobank\" \/>\n<meta property=\"og:description\" content=\"Cord blood is important because it contains millions of stem cells, which can be used to treat over 85 diseases and conditions. If collected and stored at birth, cord blood stem cells can be used for numerous potential future treatments for your children.\" \/>\n<meta property=\"og:url\" content=\"https:\/\/futurehealthbiobank.com\/ec\/que-son-las-celulas-madre-del-cordon-umbilical\/\" \/>\n<meta property=\"og:site_name\" content=\"Future Health Biobank Ecuador\" \/>\n<meta property=\"article:modified_time\" content=\"2020-11-09T15:45:05+00:00\" \/>\n<meta name=\"twitter:card\" content=\"summary_large_image\" \/>\n<script type=\"application\/ld+json\" class=\"yoast-schema-graph\">{\"@context\":\"https:\/\/schema.org\",\"@graph\":[{\"@type\":\"WebPage\",\"@id\":\"https:\/\/futurehealthbiobank.com\/ec\/que-son-las-celulas-madre-del-cordon-umbilical\/\",\"url\":\"https:\/\/futurehealthbiobank.com\/ec\/que-son-las-celulas-madre-del-cordon-umbilical\/\",\"name\":\"What Are Umbilical Cord Stem Cells? | Future Health Biobank\",\"isPartOf\":{\"@id\":\"https:\/\/futurehealthbiobank.com\/ec\/#website\"},\"datePublished\":\"2019-07-01T14:17:11+00:00\",\"dateModified\":\"2020-11-09T15:45:05+00:00\",\"description\":\"Cord blood is important because it contains millions of stem cells, which can be used to treat over 85 diseases and conditions. If collected and stored at birth, cord blood stem cells can be used for numerous potential future treatments for your children.\",\"inLanguage\":\"en-GB\",\"potentialAction\":[{\"@type\":\"ReadAction\",\"target\":[\"https:\/\/futurehealthbiobank.com\/ec\/que-son-las-celulas-madre-del-cordon-umbilical\/\"]}]},{\"@type\":\"WebSite\",\"@id\":\"https:\/\/futurehealthbiobank.com\/ec\/#website\",\"url\":\"https:\/\/futurehealthbiobank.com\/ec\/\",\"name\":\"Future Health Biobank Ecuador\",\"description\":\"\",\"potentialAction\":[{\"@type\":\"SearchAction\",\"target\":{\"@type\":\"EntryPoint\",\"urlTemplate\":\"https:\/\/futurehealthbiobank.com\/ec\/?s={search_term_string}\"},\"query-input\":{\"@type\":\"PropertyValueSpecification\",\"valueRequired\":true,\"valueName\":\"search_term_string\"}}],\"inLanguage\":\"en-GB\"}]}<\/script>\n<!-- \/ Yoast SEO Premium plugin. -->","yoast_head_json":{"title":"What Are Umbilical Cord Stem Cells? | Future Health Biobank","description":"Cord blood is important because it contains millions of stem cells, which can be used to treat over 85 diseases and conditions. If collected and stored at birth, cord blood stem cells can be used for numerous potential future treatments for your children.","robots":{"index":"index","follow":"follow","max-snippet":"max-snippet:-1","max-image-preview":"max-image-preview:large","max-video-preview":"max-video-preview:-1"},"canonical":"https:\/\/futurehealthbiobank.com\/ec\/que-son-las-celulas-madre-del-cordon-umbilical\/","og_locale":"en_GB","og_type":"article","og_title":"What Are Umbilical Cord Stem Cells? | Future Health Biobank","og_description":"Cord blood is important because it contains millions of stem cells, which can be used to treat over 85 diseases and conditions. If collected and stored at birth, cord blood stem cells can be used for numerous potential future treatments for your children.","og_url":"https:\/\/futurehealthbiobank.com\/ec\/que-son-las-celulas-madre-del-cordon-umbilical\/","og_site_name":"Future Health Biobank Ecuador","article_modified_time":"2020-11-09T15:45:05+00:00","twitter_card":"summary_large_image","schema":{"@context":"https:\/\/schema.org","@graph":[{"@type":"WebPage","@id":"https:\/\/futurehealthbiobank.com\/ec\/que-son-las-celulas-madre-del-cordon-umbilical\/","url":"https:\/\/futurehealthbiobank.com\/ec\/que-son-las-celulas-madre-del-cordon-umbilical\/","name":"What Are Umbilical Cord Stem Cells? | Future Health Biobank","isPartOf":{"@id":"https:\/\/futurehealthbiobank.com\/ec\/#website"},"datePublished":"2019-07-01T14:17:11+00:00","dateModified":"2020-11-09T15:45:05+00:00","description":"Cord blood is important because it contains millions of stem cells, which can be used to treat over 85 diseases and conditions. If collected and stored at birth, cord blood stem cells can be used for numerous potential future treatments for your children.","inLanguage":"en-GB","potentialAction":[{"@type":"ReadAction","target":["https:\/\/futurehealthbiobank.com\/ec\/que-son-las-celulas-madre-del-cordon-umbilical\/"]}]},{"@type":"WebSite","@id":"https:\/\/futurehealthbiobank.com\/ec\/#website","url":"https:\/\/futurehealthbiobank.com\/ec\/","name":"Future Health Biobank Ecuador","description":"","potentialAction":[{"@type":"SearchAction","target":{"@type":"EntryPoint","urlTemplate":"https:\/\/futurehealthbiobank.com\/ec\/?s={search_term_string}"},"query-input":{"@type":"PropertyValueSpecification","valueRequired":true,"valueName":"search_term_string"}}],"inLanguage":"en-GB"}]}},"_links":{"self":[{"href":"https:\/\/futurehealthbiobank.com\/ec\/wp-json\/wp\/v2\/pages\/9051","targetHints":{"allow":["GET"]}}],"collection":[{"href":"https:\/\/futurehealthbiobank.com\/ec\/wp-json\/wp\/v2\/pages"}],"about":[{"href":"https:\/\/futurehealthbiobank.com\/ec\/wp-json\/wp\/v2\/types\/page"}],"author":[{"embeddable":true,"href":"https:\/\/futurehealthbiobank.com\/ec\/wp-json\/wp\/v2\/users\/10"}],"replies":[{"embeddable":true,"href":"https:\/\/futurehealthbiobank.com\/ec\/wp-json\/wp\/v2\/comments?post=9051"}],"version-history":[{"count":0,"href":"https:\/\/futurehealthbiobank.com\/ec\/wp-json\/wp\/v2\/pages\/9051\/revisions"}],"wp:attachment":[{"href":"https:\/\/futurehealthbiobank.com\/ec\/wp-json\/wp\/v2\/media?parent=9051"}],"curies":[{"name":"wp","href":"https:\/\/api.w.org\/{rel}","templated":true}]}}