

{"id":2935,"date":"2016-03-10T00:21:37","date_gmt":"2016-03-10T00:21:37","guid":{"rendered":"https:\/\/futurehealthbiobank.com\/fhbb-2\/?page_id=2935"},"modified":"2024-04-29T12:55:27","modified_gmt":"2024-04-29T11:55:27","slug":"nabavaadivere-sailitamine","status":"publish","type":"page","link":"https:\/\/futurehealthbiobank.com\/ee\/tuvirakupank-mis-see-on\/nabavaadivere-sailitamine\/","title":{"rendered":"Nabav\u00e4\u00e4divere s\u00e4ilitamine"},"content":{"rendered":"","protected":false},"excerpt":{"rendered":"","protected":false},"author":25,"featured_media":0,"parent":2382,"menu_order":0,"comment_status":"closed","ping_status":"closed","template":"page-landing.php","meta":{"_acf_changed":false,"footnotes":""},"class_list":["post-2935","page","type-page","status-publish","hentry"],"acf":[],"yoast_head":"<!-- This site is optimized with the Yoast SEO Premium plugin v26.7 (Yoast SEO v26.7) - https:\/\/yoast.com\/wordpress\/plugins\/seo\/ -->\n<title>Umbilical cord stem cell banking | Cord blood collection<\/title>\n<meta name=\"description\" content=\"Cord blood stem cells can treat over 85 different conditions including leukaemia. Offering a choice of processing method; volume reduced or whole blood\" \/>\n<meta name=\"robots\" content=\"index, follow, max-snippet:-1, max-image-preview:large, max-video-preview:-1\" \/>\n<link rel=\"canonical\" href=\"https:\/\/futurehealthbiobank.com\/ee\/tuvirakupank-mis-see-on\/nabavaadivere-sailitamine\/\" \/>\n<meta property=\"og:locale\" content=\"en_GB\" \/>\n<meta property=\"og:type\" content=\"article\" \/>\n<meta property=\"og:title\" content=\"Nabav\u00e4\u00e4divere s\u00e4ilitamine\" \/>\n<meta property=\"og:description\" content=\"Cord blood stem cells can treat over 85 different conditions including leukaemia. Offering a choice of processing method; volume reduced or whole blood\" \/>\n<meta property=\"og:url\" content=\"https:\/\/futurehealthbiobank.com\/ee\/tuvirakupank-mis-see-on\/nabavaadivere-sailitamine\/\" \/>\n<meta property=\"og:site_name\" content=\"Future Health Biobank Eesti\" \/>\n<meta property=\"article:modified_time\" content=\"2024-04-29T11:55:27+00:00\" \/>\n<meta name=\"twitter:card\" content=\"summary_large_image\" \/>\n<script type=\"application\/ld+json\" class=\"yoast-schema-graph\">{\"@context\":\"https:\/\/schema.org\",\"@graph\":[{\"@type\":\"WebPage\",\"@id\":\"https:\/\/futurehealthbiobank.com\/ee\/tuvirakupank-mis-see-on\/nabavaadivere-sailitamine\/\",\"url\":\"https:\/\/futurehealthbiobank.com\/ee\/tuvirakupank-mis-see-on\/nabavaadivere-sailitamine\/\",\"name\":\"Umbilical cord stem cell banking | Cord blood collection\",\"isPartOf\":{\"@id\":\"https:\/\/futurehealthbiobank.com\/ee\/#website\"},\"datePublished\":\"2016-03-10T00:21:37+00:00\",\"dateModified\":\"2024-04-29T11:55:27+00:00\",\"description\":\"Cord blood stem cells can treat over 85 different conditions including leukaemia. Offering a choice of processing method; volume reduced or whole blood\",\"breadcrumb\":{\"@id\":\"https:\/\/futurehealthbiobank.com\/ee\/tuvirakupank-mis-see-on\/nabavaadivere-sailitamine\/#breadcrumb\"},\"inLanguage\":\"en-GB\",\"potentialAction\":[{\"@type\":\"ReadAction\",\"target\":[\"https:\/\/futurehealthbiobank.com\/ee\/tuvirakupank-mis-see-on\/nabavaadivere-sailitamine\/\"]}]},{\"@type\":\"BreadcrumbList\",\"@id\":\"https:\/\/futurehealthbiobank.com\/ee\/tuvirakupank-mis-see-on\/nabavaadivere-sailitamine\/#breadcrumb\",\"itemListElement\":[{\"@type\":\"ListItem\",\"position\":1,\"name\":\"Home\",\"item\":\"https:\/\/futurehealthbiobank.com\/ee\/\"},{\"@type\":\"ListItem\",\"position\":2,\"name\":\"T\u00fcvirakupank \u2013 mis see on?\",\"item\":\"https:\/\/futurehealthbiobank.com\/ee\/tuvirakupank-mis-see-on\/\"},{\"@type\":\"ListItem\",\"position\":3,\"name\":\"Nabav\u00e4\u00e4divere s\u00e4ilitamine\"}]},{\"@type\":\"WebSite\",\"@id\":\"https:\/\/futurehealthbiobank.com\/ee\/#website\",\"url\":\"https:\/\/futurehealthbiobank.com\/ee\/\",\"name\":\"Future Health Biobank Eesti\",\"description\":\"\",\"potentialAction\":[{\"@type\":\"SearchAction\",\"target\":{\"@type\":\"EntryPoint\",\"urlTemplate\":\"https:\/\/futurehealthbiobank.com\/ee\/?s={search_term_string}\"},\"query-input\":{\"@type\":\"PropertyValueSpecification\",\"valueRequired\":true,\"valueName\":\"search_term_string\"}}],\"inLanguage\":\"en-GB\"}]}<\/script>\n<!-- \/ Yoast SEO Premium plugin. -->","yoast_head_json":{"title":"Umbilical cord stem cell banking | Cord blood collection","description":"Cord blood stem cells can treat over 85 different conditions including leukaemia. Offering a choice of processing method; volume reduced or whole blood","robots":{"index":"index","follow":"follow","max-snippet":"max-snippet:-1","max-image-preview":"max-image-preview:large","max-video-preview":"max-video-preview:-1"},"canonical":"https:\/\/futurehealthbiobank.com\/ee\/tuvirakupank-mis-see-on\/nabavaadivere-sailitamine\/","og_locale":"en_GB","og_type":"article","og_title":"Nabav\u00e4\u00e4divere s\u00e4ilitamine","og_description":"Cord blood stem cells can treat over 85 different conditions including leukaemia. Offering a choice of processing method; volume reduced or whole blood","og_url":"https:\/\/futurehealthbiobank.com\/ee\/tuvirakupank-mis-see-on\/nabavaadivere-sailitamine\/","og_site_name":"Future Health Biobank Eesti","article_modified_time":"2024-04-29T11:55:27+00:00","twitter_card":"summary_large_image","schema":{"@context":"https:\/\/schema.org","@graph":[{"@type":"WebPage","@id":"https:\/\/futurehealthbiobank.com\/ee\/tuvirakupank-mis-see-on\/nabavaadivere-sailitamine\/","url":"https:\/\/futurehealthbiobank.com\/ee\/tuvirakupank-mis-see-on\/nabavaadivere-sailitamine\/","name":"Umbilical cord stem cell banking | Cord blood collection","isPartOf":{"@id":"https:\/\/futurehealthbiobank.com\/ee\/#website"},"datePublished":"2016-03-10T00:21:37+00:00","dateModified":"2024-04-29T11:55:27+00:00","description":"Cord blood stem cells can treat over 85 different conditions including leukaemia. Offering a choice of processing method; volume reduced or whole blood","breadcrumb":{"@id":"https:\/\/futurehealthbiobank.com\/ee\/tuvirakupank-mis-see-on\/nabavaadivere-sailitamine\/#breadcrumb"},"inLanguage":"en-GB","potentialAction":[{"@type":"ReadAction","target":["https:\/\/futurehealthbiobank.com\/ee\/tuvirakupank-mis-see-on\/nabavaadivere-sailitamine\/"]}]},{"@type":"BreadcrumbList","@id":"https:\/\/futurehealthbiobank.com\/ee\/tuvirakupank-mis-see-on\/nabavaadivere-sailitamine\/#breadcrumb","itemListElement":[{"@type":"ListItem","position":1,"name":"Home","item":"https:\/\/futurehealthbiobank.com\/ee\/"},{"@type":"ListItem","position":2,"name":"T\u00fcvirakupank \u2013 mis see on?","item":"https:\/\/futurehealthbiobank.com\/ee\/tuvirakupank-mis-see-on\/"},{"@type":"ListItem","position":3,"name":"Nabav\u00e4\u00e4divere s\u00e4ilitamine"}]},{"@type":"WebSite","@id":"https:\/\/futurehealthbiobank.com\/ee\/#website","url":"https:\/\/futurehealthbiobank.com\/ee\/","name":"Future Health Biobank Eesti","description":"","potentialAction":[{"@type":"SearchAction","target":{"@type":"EntryPoint","urlTemplate":"https:\/\/futurehealthbiobank.com\/ee\/?s={search_term_string}"},"query-input":{"@type":"PropertyValueSpecification","valueRequired":true,"valueName":"search_term_string"}}],"inLanguage":"en-GB"}]}},"_links":{"self":[{"href":"https:\/\/futurehealthbiobank.com\/ee\/wp-json\/wp\/v2\/pages\/2935","targetHints":{"allow":["GET"]}}],"collection":[{"href":"https:\/\/futurehealthbiobank.com\/ee\/wp-json\/wp\/v2\/pages"}],"about":[{"href":"https:\/\/futurehealthbiobank.com\/ee\/wp-json\/wp\/v2\/types\/page"}],"author":[{"embeddable":true,"href":"https:\/\/futurehealthbiobank.com\/ee\/wp-json\/wp\/v2\/users\/25"}],"replies":[{"embeddable":true,"href":"https:\/\/futurehealthbiobank.com\/ee\/wp-json\/wp\/v2\/comments?post=2935"}],"version-history":[{"count":1,"href":"https:\/\/futurehealthbiobank.com\/ee\/wp-json\/wp\/v2\/pages\/2935\/revisions"}],"predecessor-version":[{"id":32280,"href":"https:\/\/futurehealthbiobank.com\/ee\/wp-json\/wp\/v2\/pages\/2935\/revisions\/32280"}],"up":[{"embeddable":true,"href":"https:\/\/futurehealthbiobank.com\/ee\/wp-json\/wp\/v2\/pages\/2382"}],"wp:attachment":[{"href":"https:\/\/futurehealthbiobank.com\/ee\/wp-json\/wp\/v2\/media?parent=2935"}],"curies":[{"name":"wp","href":"https:\/\/api.w.org\/{rel}","templated":true}]}}