{"id":12415,"date":"2019-02-07T12:17:29","date_gmt":"2019-02-07T11:17:29","guid":{"rendered":"http:\/\/fhbb.staging.wpengine.com\/es\/?page_id=10026"},"modified":"2023-02-02T11:31:02","modified_gmt":"2023-02-02T10:31:02","slug":"precios-de-conservacion-de-celulas-madre-del-cordon-umbilical","status":"publish","type":"page","link":"https:\/\/futurehealthbiobank.com\/es\/precios\/precios-de-conservacion-de-celulas-madre-del-cordon-umbilical\/","title":{"rendered":"Precios de conservaci\u00f3n de c\u00e9lulas madre del cord\u00f3n umbilical"},"content":{"rendered":"<div class=\"helpful-block-content wth-theme-thumbs\" data-title=\"\" >\n<ul>\n<li><span class=\"wth-title\">\u00bfFue \u00fatil esto?<\/span><\/li>\n<li><a data-post=\"12415\" data-post-url=\"https:\/\/futurehealthbiobank.com\/es\/precios\/precios-de-conservacion-de-celulas-madre-del-cordon-umbilical\/\" data-post-title=\"Precios de conservaci\u00f3n de c\u00e9lulas madre del cord\u00f3n umbilical\" data-response=\"1\" href=\"#\" class=\"wth-green-btn icon-thumbsup icon1-thumbs-up4\">S\u00ed<\/a><a data-response=\"0\" data-post=\"12415\" data-post-url=\"https:\/\/futurehealthbiobank.com\/es\/precios\/precios-de-conservacion-de-celulas-madre-del-cordon-umbilical\/\" data-post-title=\"Precios de conservaci\u00f3n de c\u00e9lulas madre del cord\u00f3n umbilical\" href=\"#\" class=\"wth-red-btn icon-thumbsdown icon1-thumbs-down4\">No<\/a><\/li>\n<\/ul>\n<\/div>","protected":false},"excerpt":{"rendered":"<p>\u00bfFue \u00fatil esto? S\u00edNo<\/p>\n","protected":false},"author":25,"featured_media":0,"parent":654,"menu_order":0,"comment_status":"closed","ping_status":"closed","template":"page-pricingnewES.php","meta":{"_acf_changed":false,"footnotes":""},"class_list":["post-12415","page","type-page","status-publish","hentry"],"acf":[],"yoast_head":"<!-- This site is optimized with the Yoast SEO Premium plugin v26.7 (Yoast SEO v26.7) - https:\/\/yoast.com\/wordpress\/plugins\/seo\/ -->\n<title>Precios de conservaci\u00f3n de c\u00e9lulas madre del cord\u00f3n umbilical | Future Health Biobank<\/title>\n<meta name=\"description\" content=\"La sangre del cord\u00f3n contiene c\u00e9lulas madre \u00fanicas. Estas c\u00e9lulas especializadas pueden tratar m\u00e1s de 80 enfermedades de la sangre y afecciones como la leucemia, talasemia y anemia.\" \/>\n<meta name=\"robots\" content=\"index, follow, max-snippet:-1, max-image-preview:large, max-video-preview:-1\" \/>\n<link rel=\"canonical\" href=\"https:\/\/futurehealthbiobank.com\/es\/precios\/precios-de-conservacion-de-celulas-madre-del-cordon-umbilical\/\" \/>\n<meta property=\"og:locale\" content=\"es_ES\" \/>\n<meta property=\"og:type\" content=\"article\" \/>\n<meta property=\"og:title\" content=\"Precios de conservaci\u00f3n de c\u00e9lulas madre del cord\u00f3n umbilical\" \/>\n<meta property=\"og:url\" content=\"https:\/\/futurehealthbiobank.com\/es\/precios\/precios-de-conservacion-de-celulas-madre-del-cordon-umbilical\/\" \/>\n<meta property=\"og:site_name\" content=\"Future Health Biobank Spain\" \/>\n<meta property=\"article:modified_time\" content=\"2023-02-02T10:31:02+00:00\" \/>\n<meta name=\"twitter:card\" content=\"summary_large_image\" \/>\n<script type=\"application\/ld+json\" class=\"yoast-schema-graph\">{\"@context\":\"https:\/\/schema.org\",\"@graph\":[{\"@type\":\"WebPage\",\"@id\":\"https:\/\/futurehealthbiobank.com\/es\/precios\/precios-de-conservacion-de-celulas-madre-del-cordon-umbilical\/\",\"url\":\"https:\/\/futurehealthbiobank.com\/es\/precios\/precios-de-conservacion-de-celulas-madre-del-cordon-umbilical\/\",\"name\":\"Precios de conservaci\u00f3n de c\u00e9lulas madre del cord\u00f3n umbilical | Future Health Biobank\",\"isPartOf\":{\"@id\":\"https:\/\/futurehealthbiobank.com\/es\/#website\"},\"datePublished\":\"2019-02-07T11:17:29+00:00\",\"dateModified\":\"2023-02-02T10:31:02+00:00\",\"description\":\"La sangre del cord\u00f3n contiene c\u00e9lulas madre \u00fanicas. Estas c\u00e9lulas especializadas pueden tratar m\u00e1s de 80 enfermedades de la sangre y afecciones como la leucemia, talasemia y anemia.\",\"breadcrumb\":{\"@id\":\"https:\/\/futurehealthbiobank.com\/es\/precios\/precios-de-conservacion-de-celulas-madre-del-cordon-umbilical\/#breadcrumb\"},\"inLanguage\":\"es\",\"potentialAction\":[{\"@type\":\"ReadAction\",\"target\":[\"https:\/\/futurehealthbiobank.com\/es\/precios\/precios-de-conservacion-de-celulas-madre-del-cordon-umbilical\/\"]}]},{\"@type\":\"BreadcrumbList\",\"@id\":\"https:\/\/futurehealthbiobank.com\/es\/precios\/precios-de-conservacion-de-celulas-madre-del-cordon-umbilical\/#breadcrumb\",\"itemListElement\":[{\"@type\":\"ListItem\",\"position\":1,\"name\":\"Inicio\",\"item\":\"https:\/\/futurehealthbiobank.com\/es\/\"},{\"@type\":\"ListItem\",\"position\":2,\"name\":\"Precios\",\"item\":\"https:\/\/futurehealthbiobank.com\/es\/precios\/\"},{\"@type\":\"ListItem\",\"position\":3,\"name\":\"Precios de conservaci\u00f3n de c\u00e9lulas madre del cord\u00f3n umbilical\"}]},{\"@type\":\"WebSite\",\"@id\":\"https:\/\/futurehealthbiobank.com\/es\/#website\",\"url\":\"https:\/\/futurehealthbiobank.com\/es\/\",\"name\":\"Future Health Biobank Spain\",\"description\":\"\",\"publisher\":{\"@id\":\"https:\/\/futurehealthbiobank.com\/es\/#organization\"},\"potentialAction\":[{\"@type\":\"SearchAction\",\"target\":{\"@type\":\"EntryPoint\",\"urlTemplate\":\"https:\/\/futurehealthbiobank.com\/es\/?s={search_term_string}\"},\"query-input\":{\"@type\":\"PropertyValueSpecification\",\"valueRequired\":true,\"valueName\":\"search_term_string\"}}],\"inLanguage\":\"es\"},{\"@type\":\"Organization\",\"@id\":\"https:\/\/futurehealthbiobank.com\/es\/#organization\",\"name\":\"Future Health Biobank\",\"url\":\"https:\/\/futurehealthbiobank.com\/es\/\",\"logo\":{\"@type\":\"ImageObject\",\"inLanguage\":\"es\",\"@id\":\"https:\/\/futurehealthbiobank.com\/es\/#\/schema\/logo\/image\/\",\"url\":\"https:\/\/futurehealthbiobank.com\/es\/wp-content\/uploads\/sites\/9\/2016\/05\/future-health-biobank.svg\",\"contentUrl\":\"https:\/\/futurehealthbiobank.com\/es\/wp-content\/uploads\/sites\/9\/2016\/05\/future-health-biobank.svg\",\"width\":1,\"height\":1,\"caption\":\"Future Health Biobank\"},\"image\":{\"@id\":\"https:\/\/futurehealthbiobank.com\/es\/#\/schema\/logo\/image\/\"}}]}<\/script>\n<!-- \/ Yoast SEO Premium plugin. -->","yoast_head_json":{"title":"Precios de conservaci\u00f3n de c\u00e9lulas madre del cord\u00f3n umbilical | Future Health Biobank","description":"La sangre del cord\u00f3n contiene c\u00e9lulas madre \u00fanicas. Estas c\u00e9lulas especializadas pueden tratar m\u00e1s de 80 enfermedades de la sangre y afecciones como la leucemia, talasemia y anemia.","robots":{"index":"index","follow":"follow","max-snippet":"max-snippet:-1","max-image-preview":"max-image-preview:large","max-video-preview":"max-video-preview:-1"},"canonical":"https:\/\/futurehealthbiobank.com\/es\/precios\/precios-de-conservacion-de-celulas-madre-del-cordon-umbilical\/","og_locale":"es_ES","og_type":"article","og_title":"Precios de conservaci\u00f3n de c\u00e9lulas madre del cord\u00f3n umbilical","og_url":"https:\/\/futurehealthbiobank.com\/es\/precios\/precios-de-conservacion-de-celulas-madre-del-cordon-umbilical\/","og_site_name":"Future Health Biobank Spain","article_modified_time":"2023-02-02T10:31:02+00:00","twitter_card":"summary_large_image","schema":{"@context":"https:\/\/schema.org","@graph":[{"@type":"WebPage","@id":"https:\/\/futurehealthbiobank.com\/es\/precios\/precios-de-conservacion-de-celulas-madre-del-cordon-umbilical\/","url":"https:\/\/futurehealthbiobank.com\/es\/precios\/precios-de-conservacion-de-celulas-madre-del-cordon-umbilical\/","name":"Precios de conservaci\u00f3n de c\u00e9lulas madre del cord\u00f3n umbilical | Future Health Biobank","isPartOf":{"@id":"https:\/\/futurehealthbiobank.com\/es\/#website"},"datePublished":"2019-02-07T11:17:29+00:00","dateModified":"2023-02-02T10:31:02+00:00","description":"La sangre del cord\u00f3n contiene c\u00e9lulas madre \u00fanicas. Estas c\u00e9lulas especializadas pueden tratar m\u00e1s de 80 enfermedades de la sangre y afecciones como la leucemia, talasemia y anemia.","breadcrumb":{"@id":"https:\/\/futurehealthbiobank.com\/es\/precios\/precios-de-conservacion-de-celulas-madre-del-cordon-umbilical\/#breadcrumb"},"inLanguage":"es","potentialAction":[{"@type":"ReadAction","target":["https:\/\/futurehealthbiobank.com\/es\/precios\/precios-de-conservacion-de-celulas-madre-del-cordon-umbilical\/"]}]},{"@type":"BreadcrumbList","@id":"https:\/\/futurehealthbiobank.com\/es\/precios\/precios-de-conservacion-de-celulas-madre-del-cordon-umbilical\/#breadcrumb","itemListElement":[{"@type":"ListItem","position":1,"name":"Inicio","item":"https:\/\/futurehealthbiobank.com\/es\/"},{"@type":"ListItem","position":2,"name":"Precios","item":"https:\/\/futurehealthbiobank.com\/es\/precios\/"},{"@type":"ListItem","position":3,"name":"Precios de conservaci\u00f3n de c\u00e9lulas madre del cord\u00f3n umbilical"}]},{"@type":"WebSite","@id":"https:\/\/futurehealthbiobank.com\/es\/#website","url":"https:\/\/futurehealthbiobank.com\/es\/","name":"Future Health Biobank Spain","description":"","publisher":{"@id":"https:\/\/futurehealthbiobank.com\/es\/#organization"},"potentialAction":[{"@type":"SearchAction","target":{"@type":"EntryPoint","urlTemplate":"https:\/\/futurehealthbiobank.com\/es\/?s={search_term_string}"},"query-input":{"@type":"PropertyValueSpecification","valueRequired":true,"valueName":"search_term_string"}}],"inLanguage":"es"},{"@type":"Organization","@id":"https:\/\/futurehealthbiobank.com\/es\/#organization","name":"Future Health Biobank","url":"https:\/\/futurehealthbiobank.com\/es\/","logo":{"@type":"ImageObject","inLanguage":"es","@id":"https:\/\/futurehealthbiobank.com\/es\/#\/schema\/logo\/image\/","url":"https:\/\/futurehealthbiobank.com\/es\/wp-content\/uploads\/sites\/9\/2016\/05\/future-health-biobank.svg","contentUrl":"https:\/\/futurehealthbiobank.com\/es\/wp-content\/uploads\/sites\/9\/2016\/05\/future-health-biobank.svg","width":1,"height":1,"caption":"Future Health Biobank"},"image":{"@id":"https:\/\/futurehealthbiobank.com\/es\/#\/schema\/logo\/image\/"}}]}},"_links":{"self":[{"href":"https:\/\/futurehealthbiobank.com\/es\/wp-json\/wp\/v2\/pages\/12415","targetHints":{"allow":["GET"]}}],"collection":[{"href":"https:\/\/futurehealthbiobank.com\/es\/wp-json\/wp\/v2\/pages"}],"about":[{"href":"https:\/\/futurehealthbiobank.com\/es\/wp-json\/wp\/v2\/types\/page"}],"author":[{"embeddable":true,"href":"https:\/\/futurehealthbiobank.com\/es\/wp-json\/wp\/v2\/users\/25"}],"replies":[{"embeddable":true,"href":"https:\/\/futurehealthbiobank.com\/es\/wp-json\/wp\/v2\/comments?post=12415"}],"version-history":[{"count":0,"href":"https:\/\/futurehealthbiobank.com\/es\/wp-json\/wp\/v2\/pages\/12415\/revisions"}],"up":[{"embeddable":true,"href":"https:\/\/futurehealthbiobank.com\/es\/wp-json\/wp\/v2\/pages\/654"}],"wp:attachment":[{"href":"https:\/\/futurehealthbiobank.com\/es\/wp-json\/wp\/v2\/media?parent=12415"}],"curies":[{"name":"wp","href":"https:\/\/api.w.org\/{rel}","templated":true}]}}