{"id":7481,"date":"2018-12-06T15:58:19","date_gmt":"2018-12-06T15:58:19","guid":{"rendered":"http:\/\/fhbb.staging.wpengine.com\/?page_id=7481"},"modified":"2020-02-27T11:58:32","modified_gmt":"2020-02-27T10:58:32","slug":"enfermedades-tratadas","status":"publish","type":"page","link":"https:\/\/futurehealthbiobank.com\/es\/enfermedades-tratadas\/","title":{"rendered":"Enfermedades tratadas"},"content":{"rendered":"<div class=\"helpful-block-content wth-theme-thumbs\" data-title=\"\" >\n<ul>\n<li><span class=\"wth-title\">\u00bfFue \u00fatil esto?<\/span><\/li>\n<li><a data-post=\"7481\" data-post-url=\"https:\/\/futurehealthbiobank.com\/es\/enfermedades-tratadas\/\" data-post-title=\"Enfermedades tratadas\" data-response=\"1\" href=\"#\" class=\"wth-green-btn icon-thumbsup icon1-thumbs-up4\">S\u00ed<\/a><a data-response=\"0\" data-post=\"7481\" data-post-url=\"https:\/\/futurehealthbiobank.com\/es\/enfermedades-tratadas\/\" data-post-title=\"Enfermedades tratadas\" href=\"#\" class=\"wth-red-btn icon-thumbsdown icon1-thumbs-down4\">No<\/a><\/li>\n<\/ul>\n<\/div>","protected":false},"excerpt":{"rendered":"<p>\u00bfFue \u00fatil esto? S\u00edNo<\/p>\n","protected":false},"author":25,"featured_media":0,"parent":0,"menu_order":0,"comment_status":"closed","ping_status":"closed","template":"page-deseaselistES.php","meta":{"_acf_changed":false,"footnotes":""},"class_list":["post-7481","page","type-page","status-publish","hentry"],"acf":[],"yoast_head":"<!-- This site is optimized with the Yoast SEO Premium plugin v26.7 (Yoast SEO v26.7) - https:\/\/yoast.com\/wordpress\/plugins\/seo\/ -->\n<title>Enfermedades tratadas con c\u00e9lulas madre del cord\u00f3n umbilical | Future Health Biobank<\/title>\n<meta name=\"description\" content=\"Descubre las enfermedades tratadas - terapias est\u00e1ndar y ensayos cl\u00ednicos - con c\u00e9lulas madre de la sangre y del tejido del cord\u00f3n\" \/>\n<meta name=\"robots\" content=\"index, follow, max-snippet:-1, max-image-preview:large, max-video-preview:-1\" \/>\n<link rel=\"canonical\" href=\"https:\/\/futurehealthbiobank.com\/es\/enfermedades-tratadas\/\" \/>\n<meta property=\"og:locale\" content=\"es_ES\" \/>\n<meta property=\"og:type\" content=\"article\" \/>\n<meta property=\"og:title\" content=\"Enfermedades tratadas\" \/>\n<meta property=\"og:url\" content=\"https:\/\/futurehealthbiobank.com\/es\/enfermedades-tratadas\/\" \/>\n<meta property=\"og:site_name\" content=\"Future Health Biobank Spain\" \/>\n<meta property=\"article:modified_time\" content=\"2020-02-27T10:58:32+00:00\" \/>\n<meta name=\"twitter:card\" content=\"summary_large_image\" \/>\n<script type=\"application\/ld+json\" class=\"yoast-schema-graph\">{\"@context\":\"https:\/\/schema.org\",\"@graph\":[{\"@type\":\"WebPage\",\"@id\":\"https:\/\/futurehealthbiobank.com\/es\/enfermedades-tratadas\/\",\"url\":\"https:\/\/futurehealthbiobank.com\/es\/enfermedades-tratadas\/\",\"name\":\"Enfermedades tratadas con c\u00e9lulas madre del cord\u00f3n umbilical | Future Health Biobank\",\"isPartOf\":{\"@id\":\"https:\/\/futurehealthbiobank.com\/es\/#website\"},\"datePublished\":\"2018-12-06T15:58:19+00:00\",\"dateModified\":\"2020-02-27T10:58:32+00:00\",\"description\":\"Descubre las enfermedades tratadas - terapias est\u00e1ndar y ensayos cl\u00ednicos - con c\u00e9lulas madre de la sangre y del tejido del cord\u00f3n\",\"breadcrumb\":{\"@id\":\"https:\/\/futurehealthbiobank.com\/es\/enfermedades-tratadas\/#breadcrumb\"},\"inLanguage\":\"es\",\"potentialAction\":[{\"@type\":\"ReadAction\",\"target\":[\"https:\/\/futurehealthbiobank.com\/es\/enfermedades-tratadas\/\"]}]},{\"@type\":\"BreadcrumbList\",\"@id\":\"https:\/\/futurehealthbiobank.com\/es\/enfermedades-tratadas\/#breadcrumb\",\"itemListElement\":[{\"@type\":\"ListItem\",\"position\":1,\"name\":\"Inicio\",\"item\":\"https:\/\/futurehealthbiobank.com\/es\/\"},{\"@type\":\"ListItem\",\"position\":2,\"name\":\"Enfermedades tratadas\"}]},{\"@type\":\"WebSite\",\"@id\":\"https:\/\/futurehealthbiobank.com\/es\/#website\",\"url\":\"https:\/\/futurehealthbiobank.com\/es\/\",\"name\":\"Future Health Biobank Spain\",\"description\":\"\",\"publisher\":{\"@id\":\"https:\/\/futurehealthbiobank.com\/es\/#organization\"},\"potentialAction\":[{\"@type\":\"SearchAction\",\"target\":{\"@type\":\"EntryPoint\",\"urlTemplate\":\"https:\/\/futurehealthbiobank.com\/es\/?s={search_term_string}\"},\"query-input\":{\"@type\":\"PropertyValueSpecification\",\"valueRequired\":true,\"valueName\":\"search_term_string\"}}],\"inLanguage\":\"es\"},{\"@type\":\"Organization\",\"@id\":\"https:\/\/futurehealthbiobank.com\/es\/#organization\",\"name\":\"Future Health Biobank\",\"url\":\"https:\/\/futurehealthbiobank.com\/es\/\",\"logo\":{\"@type\":\"ImageObject\",\"inLanguage\":\"es\",\"@id\":\"https:\/\/futurehealthbiobank.com\/es\/#\/schema\/logo\/image\/\",\"url\":\"https:\/\/futurehealthbiobank.com\/es\/wp-content\/uploads\/sites\/9\/2016\/05\/future-health-biobank.svg\",\"contentUrl\":\"https:\/\/futurehealthbiobank.com\/es\/wp-content\/uploads\/sites\/9\/2016\/05\/future-health-biobank.svg\",\"width\":1,\"height\":1,\"caption\":\"Future Health Biobank\"},\"image\":{\"@id\":\"https:\/\/futurehealthbiobank.com\/es\/#\/schema\/logo\/image\/\"}}]}<\/script>\n<!-- \/ Yoast SEO Premium plugin. -->","yoast_head_json":{"title":"Enfermedades tratadas con c\u00e9lulas madre del cord\u00f3n umbilical | Future Health Biobank","description":"Descubre las enfermedades tratadas - terapias est\u00e1ndar y ensayos cl\u00ednicos - con c\u00e9lulas madre de la sangre y del tejido del cord\u00f3n","robots":{"index":"index","follow":"follow","max-snippet":"max-snippet:-1","max-image-preview":"max-image-preview:large","max-video-preview":"max-video-preview:-1"},"canonical":"https:\/\/futurehealthbiobank.com\/es\/enfermedades-tratadas\/","og_locale":"es_ES","og_type":"article","og_title":"Enfermedades tratadas","og_url":"https:\/\/futurehealthbiobank.com\/es\/enfermedades-tratadas\/","og_site_name":"Future Health Biobank Spain","article_modified_time":"2020-02-27T10:58:32+00:00","twitter_card":"summary_large_image","schema":{"@context":"https:\/\/schema.org","@graph":[{"@type":"WebPage","@id":"https:\/\/futurehealthbiobank.com\/es\/enfermedades-tratadas\/","url":"https:\/\/futurehealthbiobank.com\/es\/enfermedades-tratadas\/","name":"Enfermedades tratadas con c\u00e9lulas madre del cord\u00f3n umbilical | Future Health Biobank","isPartOf":{"@id":"https:\/\/futurehealthbiobank.com\/es\/#website"},"datePublished":"2018-12-06T15:58:19+00:00","dateModified":"2020-02-27T10:58:32+00:00","description":"Descubre las enfermedades tratadas - terapias est\u00e1ndar y ensayos cl\u00ednicos - con c\u00e9lulas madre de la sangre y del tejido del cord\u00f3n","breadcrumb":{"@id":"https:\/\/futurehealthbiobank.com\/es\/enfermedades-tratadas\/#breadcrumb"},"inLanguage":"es","potentialAction":[{"@type":"ReadAction","target":["https:\/\/futurehealthbiobank.com\/es\/enfermedades-tratadas\/"]}]},{"@type":"BreadcrumbList","@id":"https:\/\/futurehealthbiobank.com\/es\/enfermedades-tratadas\/#breadcrumb","itemListElement":[{"@type":"ListItem","position":1,"name":"Inicio","item":"https:\/\/futurehealthbiobank.com\/es\/"},{"@type":"ListItem","position":2,"name":"Enfermedades tratadas"}]},{"@type":"WebSite","@id":"https:\/\/futurehealthbiobank.com\/es\/#website","url":"https:\/\/futurehealthbiobank.com\/es\/","name":"Future Health Biobank Spain","description":"","publisher":{"@id":"https:\/\/futurehealthbiobank.com\/es\/#organization"},"potentialAction":[{"@type":"SearchAction","target":{"@type":"EntryPoint","urlTemplate":"https:\/\/futurehealthbiobank.com\/es\/?s={search_term_string}"},"query-input":{"@type":"PropertyValueSpecification","valueRequired":true,"valueName":"search_term_string"}}],"inLanguage":"es"},{"@type":"Organization","@id":"https:\/\/futurehealthbiobank.com\/es\/#organization","name":"Future Health Biobank","url":"https:\/\/futurehealthbiobank.com\/es\/","logo":{"@type":"ImageObject","inLanguage":"es","@id":"https:\/\/futurehealthbiobank.com\/es\/#\/schema\/logo\/image\/","url":"https:\/\/futurehealthbiobank.com\/es\/wp-content\/uploads\/sites\/9\/2016\/05\/future-health-biobank.svg","contentUrl":"https:\/\/futurehealthbiobank.com\/es\/wp-content\/uploads\/sites\/9\/2016\/05\/future-health-biobank.svg","width":1,"height":1,"caption":"Future Health Biobank"},"image":{"@id":"https:\/\/futurehealthbiobank.com\/es\/#\/schema\/logo\/image\/"}}]}},"_links":{"self":[{"href":"https:\/\/futurehealthbiobank.com\/es\/wp-json\/wp\/v2\/pages\/7481","targetHints":{"allow":["GET"]}}],"collection":[{"href":"https:\/\/futurehealthbiobank.com\/es\/wp-json\/wp\/v2\/pages"}],"about":[{"href":"https:\/\/futurehealthbiobank.com\/es\/wp-json\/wp\/v2\/types\/page"}],"author":[{"embeddable":true,"href":"https:\/\/futurehealthbiobank.com\/es\/wp-json\/wp\/v2\/users\/25"}],"replies":[{"embeddable":true,"href":"https:\/\/futurehealthbiobank.com\/es\/wp-json\/wp\/v2\/comments?post=7481"}],"version-history":[{"count":0,"href":"https:\/\/futurehealthbiobank.com\/es\/wp-json\/wp\/v2\/pages\/7481\/revisions"}],"wp:attachment":[{"href":"https:\/\/futurehealthbiobank.com\/es\/wp-json\/wp\/v2\/media?parent=7481"}],"curies":[{"name":"wp","href":"https:\/\/api.w.org\/{rel}","templated":true}]}}