{"id":9416,"date":"2018-08-03T10:18:56","date_gmt":"2018-08-03T08:18:56","guid":{"rendered":"https:\/\/futurehealthbiobank.com\/?page_id=9416"},"modified":"2020-10-16T14:33:19","modified_gmt":"2020-10-16T12:33:19","slug":"precios-del-test-prenatal-vision","status":"publish","type":"page","link":"https:\/\/futurehealthbiobank.com\/es\/precios\/precios-diagnosticos\/precios-del-test-prenatal-vision\/","title":{"rendered":"Precios del test prenatal Vision"},"content":{"rendered":"<div class=\"helpful-block-content wth-theme-thumbs\" data-title=\"\" >\n<ul>\n<li><span class=\"wth-title\">\u00bfFue \u00fatil esto?<\/span><\/li>\n<li><a data-post=\"9416\" data-post-url=\"https:\/\/futurehealthbiobank.com\/es\/precios\/precios-diagnosticos\/precios-del-test-prenatal-vision\/\" data-post-title=\"Precios del test prenatal Vision\" data-response=\"1\" href=\"#\" class=\"wth-green-btn icon-thumbsup icon1-thumbs-up4\">S\u00ed<\/a><a data-response=\"0\" data-post=\"9416\" data-post-url=\"https:\/\/futurehealthbiobank.com\/es\/precios\/precios-diagnosticos\/precios-del-test-prenatal-vision\/\" data-post-title=\"Precios del test prenatal Vision\" href=\"#\" class=\"wth-red-btn icon-thumbsdown icon1-thumbs-down4\">No<\/a><\/li>\n<\/ul>\n<\/div>","protected":false},"excerpt":{"rendered":"<p>\u00bfFue \u00fatil esto? S\u00edNo<\/p>\n","protected":false},"author":25,"featured_media":0,"parent":657,"menu_order":0,"comment_status":"closed","ping_status":"closed","template":"page-pricingvisionblue.php","meta":{"_acf_changed":false,"footnotes":""},"class_list":["post-9416","page","type-page","status-publish","hentry"],"acf":[],"yoast_head":"<!-- This site is optimized with the Yoast SEO Premium plugin v26.7 (Yoast SEO v26.7) - https:\/\/yoast.com\/wordpress\/plugins\/seo\/ -->\n<title>Precios Del Test Prenatal Vision | Future Health Biobank<\/title>\n<meta name=\"description\" content=\"Vea nuestros precios competitivos para la prueba prenatal no invasiva Vision. Cada uno busca anomal\u00edas gen\u00e9ticas diferentes, por lo que puede elegir la opci\u00f3n que sea adecuada para usted\" \/>\n<meta name=\"robots\" content=\"index, follow, max-snippet:-1, max-image-preview:large, max-video-preview:-1\" \/>\n<link rel=\"canonical\" href=\"https:\/\/futurehealthbiobank.com\/es\/precios\/precios-diagnosticos\/precios-del-test-prenatal-vision\/\" \/>\n<meta property=\"og:locale\" content=\"es_ES\" \/>\n<meta property=\"og:type\" content=\"article\" \/>\n<meta property=\"og:title\" content=\"Precios del test prenatal Vision\" \/>\n<meta property=\"og:url\" content=\"https:\/\/futurehealthbiobank.com\/es\/precios\/precios-diagnosticos\/precios-del-test-prenatal-vision\/\" \/>\n<meta property=\"og:site_name\" content=\"Future Health Biobank Spain\" \/>\n<meta property=\"article:modified_time\" content=\"2020-10-16T12:33:19+00:00\" \/>\n<meta name=\"twitter:card\" content=\"summary_large_image\" \/>\n<script type=\"application\/ld+json\" class=\"yoast-schema-graph\">{\"@context\":\"https:\/\/schema.org\",\"@graph\":[{\"@type\":\"WebPage\",\"@id\":\"https:\/\/futurehealthbiobank.com\/es\/precios\/precios-diagnosticos\/precios-del-test-prenatal-vision\/\",\"url\":\"https:\/\/futurehealthbiobank.com\/es\/precios\/precios-diagnosticos\/precios-del-test-prenatal-vision\/\",\"name\":\"Precios Del Test Prenatal Vision | Future Health Biobank\",\"isPartOf\":{\"@id\":\"https:\/\/futurehealthbiobank.com\/es\/#website\"},\"datePublished\":\"2018-08-03T08:18:56+00:00\",\"dateModified\":\"2020-10-16T12:33:19+00:00\",\"description\":\"Vea nuestros precios competitivos para la prueba prenatal no invasiva Vision. Cada uno busca anomal\u00edas gen\u00e9ticas diferentes, por lo que puede elegir la opci\u00f3n que sea adecuada para usted\",\"breadcrumb\":{\"@id\":\"https:\/\/futurehealthbiobank.com\/es\/precios\/precios-diagnosticos\/precios-del-test-prenatal-vision\/#breadcrumb\"},\"inLanguage\":\"es\",\"potentialAction\":[{\"@type\":\"ReadAction\",\"target\":[\"https:\/\/futurehealthbiobank.com\/es\/precios\/precios-diagnosticos\/precios-del-test-prenatal-vision\/\"]}]},{\"@type\":\"BreadcrumbList\",\"@id\":\"https:\/\/futurehealthbiobank.com\/es\/precios\/precios-diagnosticos\/precios-del-test-prenatal-vision\/#breadcrumb\",\"itemListElement\":[{\"@type\":\"ListItem\",\"position\":1,\"name\":\"Inicio\",\"item\":\"https:\/\/futurehealthbiobank.com\/es\/\"},{\"@type\":\"ListItem\",\"position\":2,\"name\":\"Precios\",\"item\":\"https:\/\/futurehealthbiobank.com\/es\/precios\/\"},{\"@type\":\"ListItem\",\"position\":3,\"name\":\"Precios de servicios de diagn\u00f3sticos\",\"item\":\"https:\/\/futurehealthbiobank.com\/es\/precios\/precios-diagnosticos\/\"},{\"@type\":\"ListItem\",\"position\":4,\"name\":\"Precios del test prenatal Vision\"}]},{\"@type\":\"WebSite\",\"@id\":\"https:\/\/futurehealthbiobank.com\/es\/#website\",\"url\":\"https:\/\/futurehealthbiobank.com\/es\/\",\"name\":\"Future Health Biobank Spain\",\"description\":\"\",\"publisher\":{\"@id\":\"https:\/\/futurehealthbiobank.com\/es\/#organization\"},\"potentialAction\":[{\"@type\":\"SearchAction\",\"target\":{\"@type\":\"EntryPoint\",\"urlTemplate\":\"https:\/\/futurehealthbiobank.com\/es\/?s={search_term_string}\"},\"query-input\":{\"@type\":\"PropertyValueSpecification\",\"valueRequired\":true,\"valueName\":\"search_term_string\"}}],\"inLanguage\":\"es\"},{\"@type\":\"Organization\",\"@id\":\"https:\/\/futurehealthbiobank.com\/es\/#organization\",\"name\":\"Future Health Biobank\",\"url\":\"https:\/\/futurehealthbiobank.com\/es\/\",\"logo\":{\"@type\":\"ImageObject\",\"inLanguage\":\"es\",\"@id\":\"https:\/\/futurehealthbiobank.com\/es\/#\/schema\/logo\/image\/\",\"url\":\"https:\/\/futurehealthbiobank.com\/es\/wp-content\/uploads\/sites\/9\/2016\/05\/future-health-biobank.svg\",\"contentUrl\":\"https:\/\/futurehealthbiobank.com\/es\/wp-content\/uploads\/sites\/9\/2016\/05\/future-health-biobank.svg\",\"width\":1,\"height\":1,\"caption\":\"Future Health Biobank\"},\"image\":{\"@id\":\"https:\/\/futurehealthbiobank.com\/es\/#\/schema\/logo\/image\/\"}}]}<\/script>\n<!-- \/ Yoast SEO Premium plugin. -->","yoast_head_json":{"title":"Precios Del Test Prenatal Vision | Future Health Biobank","description":"Vea nuestros precios competitivos para la prueba prenatal no invasiva Vision. Cada uno busca anomal\u00edas gen\u00e9ticas diferentes, por lo que puede elegir la opci\u00f3n que sea adecuada para usted","robots":{"index":"index","follow":"follow","max-snippet":"max-snippet:-1","max-image-preview":"max-image-preview:large","max-video-preview":"max-video-preview:-1"},"canonical":"https:\/\/futurehealthbiobank.com\/es\/precios\/precios-diagnosticos\/precios-del-test-prenatal-vision\/","og_locale":"es_ES","og_type":"article","og_title":"Precios del test prenatal Vision","og_url":"https:\/\/futurehealthbiobank.com\/es\/precios\/precios-diagnosticos\/precios-del-test-prenatal-vision\/","og_site_name":"Future Health Biobank Spain","article_modified_time":"2020-10-16T12:33:19+00:00","twitter_card":"summary_large_image","schema":{"@context":"https:\/\/schema.org","@graph":[{"@type":"WebPage","@id":"https:\/\/futurehealthbiobank.com\/es\/precios\/precios-diagnosticos\/precios-del-test-prenatal-vision\/","url":"https:\/\/futurehealthbiobank.com\/es\/precios\/precios-diagnosticos\/precios-del-test-prenatal-vision\/","name":"Precios Del Test Prenatal Vision | Future Health Biobank","isPartOf":{"@id":"https:\/\/futurehealthbiobank.com\/es\/#website"},"datePublished":"2018-08-03T08:18:56+00:00","dateModified":"2020-10-16T12:33:19+00:00","description":"Vea nuestros precios competitivos para la prueba prenatal no invasiva Vision. Cada uno busca anomal\u00edas gen\u00e9ticas diferentes, por lo que puede elegir la opci\u00f3n que sea adecuada para usted","breadcrumb":{"@id":"https:\/\/futurehealthbiobank.com\/es\/precios\/precios-diagnosticos\/precios-del-test-prenatal-vision\/#breadcrumb"},"inLanguage":"es","potentialAction":[{"@type":"ReadAction","target":["https:\/\/futurehealthbiobank.com\/es\/precios\/precios-diagnosticos\/precios-del-test-prenatal-vision\/"]}]},{"@type":"BreadcrumbList","@id":"https:\/\/futurehealthbiobank.com\/es\/precios\/precios-diagnosticos\/precios-del-test-prenatal-vision\/#breadcrumb","itemListElement":[{"@type":"ListItem","position":1,"name":"Inicio","item":"https:\/\/futurehealthbiobank.com\/es\/"},{"@type":"ListItem","position":2,"name":"Precios","item":"https:\/\/futurehealthbiobank.com\/es\/precios\/"},{"@type":"ListItem","position":3,"name":"Precios de servicios de diagn\u00f3sticos","item":"https:\/\/futurehealthbiobank.com\/es\/precios\/precios-diagnosticos\/"},{"@type":"ListItem","position":4,"name":"Precios del test prenatal Vision"}]},{"@type":"WebSite","@id":"https:\/\/futurehealthbiobank.com\/es\/#website","url":"https:\/\/futurehealthbiobank.com\/es\/","name":"Future Health Biobank Spain","description":"","publisher":{"@id":"https:\/\/futurehealthbiobank.com\/es\/#organization"},"potentialAction":[{"@type":"SearchAction","target":{"@type":"EntryPoint","urlTemplate":"https:\/\/futurehealthbiobank.com\/es\/?s={search_term_string}"},"query-input":{"@type":"PropertyValueSpecification","valueRequired":true,"valueName":"search_term_string"}}],"inLanguage":"es"},{"@type":"Organization","@id":"https:\/\/futurehealthbiobank.com\/es\/#organization","name":"Future Health Biobank","url":"https:\/\/futurehealthbiobank.com\/es\/","logo":{"@type":"ImageObject","inLanguage":"es","@id":"https:\/\/futurehealthbiobank.com\/es\/#\/schema\/logo\/image\/","url":"https:\/\/futurehealthbiobank.com\/es\/wp-content\/uploads\/sites\/9\/2016\/05\/future-health-biobank.svg","contentUrl":"https:\/\/futurehealthbiobank.com\/es\/wp-content\/uploads\/sites\/9\/2016\/05\/future-health-biobank.svg","width":1,"height":1,"caption":"Future Health Biobank"},"image":{"@id":"https:\/\/futurehealthbiobank.com\/es\/#\/schema\/logo\/image\/"}}]}},"_links":{"self":[{"href":"https:\/\/futurehealthbiobank.com\/es\/wp-json\/wp\/v2\/pages\/9416","targetHints":{"allow":["GET"]}}],"collection":[{"href":"https:\/\/futurehealthbiobank.com\/es\/wp-json\/wp\/v2\/pages"}],"about":[{"href":"https:\/\/futurehealthbiobank.com\/es\/wp-json\/wp\/v2\/types\/page"}],"author":[{"embeddable":true,"href":"https:\/\/futurehealthbiobank.com\/es\/wp-json\/wp\/v2\/users\/25"}],"replies":[{"embeddable":true,"href":"https:\/\/futurehealthbiobank.com\/es\/wp-json\/wp\/v2\/comments?post=9416"}],"version-history":[{"count":0,"href":"https:\/\/futurehealthbiobank.com\/es\/wp-json\/wp\/v2\/pages\/9416\/revisions"}],"up":[{"embeddable":true,"href":"https:\/\/futurehealthbiobank.com\/es\/wp-json\/wp\/v2\/pages\/657"}],"wp:attachment":[{"href":"https:\/\/futurehealthbiobank.com\/es\/wp-json\/wp\/v2\/media?parent=9416"}],"curies":[{"name":"wp","href":"https:\/\/api.w.org\/{rel}","templated":true}]}}