{"id":10345,"date":"2019-04-01T10:20:49","date_gmt":"2019-04-01T08:20:49","guid":{"rendered":"https:\/\/futurehealthbiobank.com\/?page_id=10345"},"modified":"2021-12-21T13:11:28","modified_gmt":"2021-12-21T12:11:28","slug":"stammzellenbanken-vergleichen","status":"publish","type":"page","link":"https:\/\/futurehealthbiobank.com\/lu-de\/stammzellenbanken-vergleichen\/","title":{"rendered":"Stammzellenbanken vergleichen"},"content":{"rendered":"","protected":false},"excerpt":{"rendered":"","protected":false},"author":24,"featured_media":0,"parent":0,"menu_order":0,"comment_status":"closed","ping_status":"closed","template":"page-compare.php","meta":{"_acf_changed":false,"footnotes":""},"class_list":["post-10345","page","type-page","status-publish","hentry"],"acf":[],"yoast_head":"<!-- This site is optimized with the Yoast SEO Premium plugin v26.7 (Yoast SEO v26.7) - https:\/\/yoast.com\/wordpress\/plugins\/seo\/ -->\n<title>Stammzellenbanken vergleichen | Future Health Biobank<\/title>\n<meta name=\"description\" content=\"Nat\u00fcrlich kann die Wahl einer kompetenten, vertrauensw\u00fcrdigen und sicheren Stammzellenbank schwierig erscheinen. Wir stellen deshalb den Eltern die Informationen und Ressourcen zur Verf\u00fcgung, die sie ben\u00f6tigen, um eine fundierte und endg\u00fcltige Entscheidung zu treffen.\" \/>\n<meta name=\"robots\" content=\"index, follow, max-snippet:-1, max-image-preview:large, max-video-preview:-1\" \/>\n<link rel=\"canonical\" href=\"https:\/\/futurehealthbiobank.com\/lu-de\/stammzellenbanken-vergleichen\/\" \/>\n<meta property=\"og:locale\" content=\"de_DE\" \/>\n<meta property=\"og:type\" content=\"article\" \/>\n<meta property=\"og:title\" content=\"Stammzellenbanken vergleichen\" \/>\n<meta property=\"og:url\" content=\"https:\/\/futurehealthbiobank.com\/lu-de\/stammzellenbanken-vergleichen\/\" \/>\n<meta property=\"og:site_name\" content=\"Future Health Biobank Luxembourg German\" \/>\n<meta property=\"article:modified_time\" content=\"2021-12-21T12:11:28+00:00\" \/>\n<meta name=\"twitter:card\" content=\"summary_large_image\" \/>\n<script type=\"application\/ld+json\" class=\"yoast-schema-graph\">{\"@context\":\"https:\/\/schema.org\",\"@graph\":[{\"@type\":\"WebPage\",\"@id\":\"https:\/\/futurehealthbiobank.com\/lu-de\/stammzellenbanken-vergleichen\/\",\"url\":\"https:\/\/futurehealthbiobank.com\/lu-de\/stammzellenbanken-vergleichen\/\",\"name\":\"Stammzellenbanken vergleichen | Future Health Biobank\",\"isPartOf\":{\"@id\":\"https:\/\/futurehealthbiobank.com\/lu-de\/#website\"},\"datePublished\":\"2019-04-01T08:20:49+00:00\",\"dateModified\":\"2021-12-21T12:11:28+00:00\",\"description\":\"Nat\u00fcrlich kann die Wahl einer kompetenten, vertrauensw\u00fcrdigen und sicheren Stammzellenbank schwierig erscheinen. Wir stellen deshalb den Eltern die Informationen und Ressourcen zur Verf\u00fcgung, die sie ben\u00f6tigen, um eine fundierte und endg\u00fcltige Entscheidung zu treffen.\",\"breadcrumb\":{\"@id\":\"https:\/\/futurehealthbiobank.com\/lu-de\/stammzellenbanken-vergleichen\/#breadcrumb\"},\"inLanguage\":\"de\",\"potentialAction\":[{\"@type\":\"ReadAction\",\"target\":[\"https:\/\/futurehealthbiobank.com\/lu-de\/stammzellenbanken-vergleichen\/\"]}]},{\"@type\":\"BreadcrumbList\",\"@id\":\"https:\/\/futurehealthbiobank.com\/lu-de\/stammzellenbanken-vergleichen\/#breadcrumb\",\"itemListElement\":[{\"@type\":\"ListItem\",\"position\":1,\"name\":\"Home\",\"item\":\"https:\/\/futurehealthbiobank.com\/lu-de\/\"},{\"@type\":\"ListItem\",\"position\":2,\"name\":\"Stammzellenbanken vergleichen\"}]},{\"@type\":\"WebSite\",\"@id\":\"https:\/\/futurehealthbiobank.com\/lu-de\/#website\",\"url\":\"https:\/\/futurehealthbiobank.com\/lu-de\/\",\"name\":\"Future Health Biobank Luxembourg German\",\"description\":\"\",\"potentialAction\":[{\"@type\":\"SearchAction\",\"target\":{\"@type\":\"EntryPoint\",\"urlTemplate\":\"https:\/\/futurehealthbiobank.com\/lu-de\/?s={search_term_string}\"},\"query-input\":{\"@type\":\"PropertyValueSpecification\",\"valueRequired\":true,\"valueName\":\"search_term_string\"}}],\"inLanguage\":\"de\"}]}<\/script>\n<!-- \/ Yoast SEO Premium plugin. -->","yoast_head_json":{"title":"Stammzellenbanken vergleichen | Future Health Biobank","description":"Nat\u00fcrlich kann die Wahl einer kompetenten, vertrauensw\u00fcrdigen und sicheren Stammzellenbank schwierig erscheinen. Wir stellen deshalb den Eltern die Informationen und Ressourcen zur Verf\u00fcgung, die sie ben\u00f6tigen, um eine fundierte und endg\u00fcltige Entscheidung zu treffen.","robots":{"index":"index","follow":"follow","max-snippet":"max-snippet:-1","max-image-preview":"max-image-preview:large","max-video-preview":"max-video-preview:-1"},"canonical":"https:\/\/futurehealthbiobank.com\/lu-de\/stammzellenbanken-vergleichen\/","og_locale":"de_DE","og_type":"article","og_title":"Stammzellenbanken vergleichen","og_url":"https:\/\/futurehealthbiobank.com\/lu-de\/stammzellenbanken-vergleichen\/","og_site_name":"Future Health Biobank Luxembourg German","article_modified_time":"2021-12-21T12:11:28+00:00","twitter_card":"summary_large_image","schema":{"@context":"https:\/\/schema.org","@graph":[{"@type":"WebPage","@id":"https:\/\/futurehealthbiobank.com\/lu-de\/stammzellenbanken-vergleichen\/","url":"https:\/\/futurehealthbiobank.com\/lu-de\/stammzellenbanken-vergleichen\/","name":"Stammzellenbanken vergleichen | Future Health Biobank","isPartOf":{"@id":"https:\/\/futurehealthbiobank.com\/lu-de\/#website"},"datePublished":"2019-04-01T08:20:49+00:00","dateModified":"2021-12-21T12:11:28+00:00","description":"Nat\u00fcrlich kann die Wahl einer kompetenten, vertrauensw\u00fcrdigen und sicheren Stammzellenbank schwierig erscheinen. Wir stellen deshalb den Eltern die Informationen und Ressourcen zur Verf\u00fcgung, die sie ben\u00f6tigen, um eine fundierte und endg\u00fcltige Entscheidung zu treffen.","breadcrumb":{"@id":"https:\/\/futurehealthbiobank.com\/lu-de\/stammzellenbanken-vergleichen\/#breadcrumb"},"inLanguage":"de","potentialAction":[{"@type":"ReadAction","target":["https:\/\/futurehealthbiobank.com\/lu-de\/stammzellenbanken-vergleichen\/"]}]},{"@type":"BreadcrumbList","@id":"https:\/\/futurehealthbiobank.com\/lu-de\/stammzellenbanken-vergleichen\/#breadcrumb","itemListElement":[{"@type":"ListItem","position":1,"name":"Home","item":"https:\/\/futurehealthbiobank.com\/lu-de\/"},{"@type":"ListItem","position":2,"name":"Stammzellenbanken vergleichen"}]},{"@type":"WebSite","@id":"https:\/\/futurehealthbiobank.com\/lu-de\/#website","url":"https:\/\/futurehealthbiobank.com\/lu-de\/","name":"Future Health Biobank Luxembourg German","description":"","potentialAction":[{"@type":"SearchAction","target":{"@type":"EntryPoint","urlTemplate":"https:\/\/futurehealthbiobank.com\/lu-de\/?s={search_term_string}"},"query-input":{"@type":"PropertyValueSpecification","valueRequired":true,"valueName":"search_term_string"}}],"inLanguage":"de"}]}},"_links":{"self":[{"href":"https:\/\/futurehealthbiobank.com\/lu-de\/wp-json\/wp\/v2\/pages\/10345","targetHints":{"allow":["GET"]}}],"collection":[{"href":"https:\/\/futurehealthbiobank.com\/lu-de\/wp-json\/wp\/v2\/pages"}],"about":[{"href":"https:\/\/futurehealthbiobank.com\/lu-de\/wp-json\/wp\/v2\/types\/page"}],"author":[{"embeddable":true,"href":"https:\/\/futurehealthbiobank.com\/lu-de\/wp-json\/wp\/v2\/users\/24"}],"replies":[{"embeddable":true,"href":"https:\/\/futurehealthbiobank.com\/lu-de\/wp-json\/wp\/v2\/comments?post=10345"}],"version-history":[{"count":0,"href":"https:\/\/futurehealthbiobank.com\/lu-de\/wp-json\/wp\/v2\/pages\/10345\/revisions"}],"wp:attachment":[{"href":"https:\/\/futurehealthbiobank.com\/lu-de\/wp-json\/wp\/v2\/media?parent=10345"}],"curies":[{"name":"wp","href":"https:\/\/api.w.org\/{rel}","templated":true}]}}