{"id":10457,"date":"2019-06-19T11:52:32","date_gmt":"2019-06-19T09:52:32","guid":{"rendered":"https:\/\/futurehealthbiobank.com\/ch-de\/?page_id=10457"},"modified":"2021-10-19T13:08:51","modified_gmt":"2021-10-19T11:08:51","slug":"was-sind-gentests","status":"publish","type":"page","link":"https:\/\/futurehealthbiobank.com\/lu-de\/was-sind-gentests\/","title":{"rendered":"Was sind Gentests?"},"content":{"rendered":"","protected":false},"excerpt":{"rendered":"","protected":false},"author":24,"featured_media":0,"parent":0,"menu_order":0,"comment_status":"closed","ping_status":"closed","template":"page-genetictesting.php","meta":{"_acf_changed":false,"footnotes":""},"class_list":["post-10457","page","type-page","status-publish","hentry"],"acf":[],"yoast_head":"<!-- This site is optimized with the Yoast SEO Premium plugin v26.7 (Yoast SEO v26.7) - https:\/\/yoast.com\/wordpress\/plugins\/seo\/ -->\n<title>Was sind Gentests? | Future Health Biobank<\/title>\n<meta name=\"description\" content=\"Gentests untersuchen die DNA einer Person, um genetische Unterschiede und Anomalien anzuzeigen oder auszuschliessen. Diese Tests liefern durch die Untersuchung von Ver\u00e4nderungen in Chromosomen, Genen oder Proteinen ein zuverl\u00e4ssiges Bild der zuk\u00fcnftigen Gesundheit.\" \/>\n<meta name=\"robots\" content=\"index, follow, max-snippet:-1, max-image-preview:large, max-video-preview:-1\" \/>\n<link rel=\"canonical\" href=\"https:\/\/futurehealthbiobank.com\/lu-de\/was-sind-gentests\/\" \/>\n<meta property=\"og:locale\" content=\"de_DE\" \/>\n<meta property=\"og:type\" content=\"article\" \/>\n<meta property=\"og:title\" content=\"Was sind Gentests?\" \/>\n<meta property=\"og:url\" content=\"https:\/\/futurehealthbiobank.com\/lu-de\/was-sind-gentests\/\" \/>\n<meta property=\"og:site_name\" content=\"Future Health Biobank Luxembourg German\" \/>\n<meta property=\"article:modified_time\" content=\"2021-10-19T11:08:51+00:00\" \/>\n<meta name=\"twitter:card\" content=\"summary_large_image\" \/>\n<script type=\"application\/ld+json\" class=\"yoast-schema-graph\">{\"@context\":\"https:\/\/schema.org\",\"@graph\":[{\"@type\":\"WebPage\",\"@id\":\"https:\/\/futurehealthbiobank.com\/lu-de\/was-sind-gentests\/\",\"url\":\"https:\/\/futurehealthbiobank.com\/lu-de\/was-sind-gentests\/\",\"name\":\"Was sind Gentests? | Future Health Biobank\",\"isPartOf\":{\"@id\":\"https:\/\/futurehealthbiobank.com\/lu-de\/#website\"},\"datePublished\":\"2019-06-19T09:52:32+00:00\",\"dateModified\":\"2021-10-19T11:08:51+00:00\",\"description\":\"Gentests untersuchen die DNA einer Person, um genetische Unterschiede und Anomalien anzuzeigen oder auszuschliessen. Diese Tests liefern durch die Untersuchung von Ver\u00e4nderungen in Chromosomen, Genen oder Proteinen ein zuverl\u00e4ssiges Bild der zuk\u00fcnftigen Gesundheit.\",\"breadcrumb\":{\"@id\":\"https:\/\/futurehealthbiobank.com\/lu-de\/was-sind-gentests\/#breadcrumb\"},\"inLanguage\":\"de\",\"potentialAction\":[{\"@type\":\"ReadAction\",\"target\":[\"https:\/\/futurehealthbiobank.com\/lu-de\/was-sind-gentests\/\"]}]},{\"@type\":\"BreadcrumbList\",\"@id\":\"https:\/\/futurehealthbiobank.com\/lu-de\/was-sind-gentests\/#breadcrumb\",\"itemListElement\":[{\"@type\":\"ListItem\",\"position\":1,\"name\":\"Home\",\"item\":\"https:\/\/futurehealthbiobank.com\/lu-de\/\"},{\"@type\":\"ListItem\",\"position\":2,\"name\":\"Was sind Gentests?\"}]},{\"@type\":\"WebSite\",\"@id\":\"https:\/\/futurehealthbiobank.com\/lu-de\/#website\",\"url\":\"https:\/\/futurehealthbiobank.com\/lu-de\/\",\"name\":\"Future Health Biobank Luxembourg German\",\"description\":\"\",\"potentialAction\":[{\"@type\":\"SearchAction\",\"target\":{\"@type\":\"EntryPoint\",\"urlTemplate\":\"https:\/\/futurehealthbiobank.com\/lu-de\/?s={search_term_string}\"},\"query-input\":{\"@type\":\"PropertyValueSpecification\",\"valueRequired\":true,\"valueName\":\"search_term_string\"}}],\"inLanguage\":\"de\"}]}<\/script>\n<!-- \/ Yoast SEO Premium plugin. -->","yoast_head_json":{"title":"Was sind Gentests? | Future Health Biobank","description":"Gentests untersuchen die DNA einer Person, um genetische Unterschiede und Anomalien anzuzeigen oder auszuschliessen. Diese Tests liefern durch die Untersuchung von Ver\u00e4nderungen in Chromosomen, Genen oder Proteinen ein zuverl\u00e4ssiges Bild der zuk\u00fcnftigen Gesundheit.","robots":{"index":"index","follow":"follow","max-snippet":"max-snippet:-1","max-image-preview":"max-image-preview:large","max-video-preview":"max-video-preview:-1"},"canonical":"https:\/\/futurehealthbiobank.com\/lu-de\/was-sind-gentests\/","og_locale":"de_DE","og_type":"article","og_title":"Was sind Gentests?","og_url":"https:\/\/futurehealthbiobank.com\/lu-de\/was-sind-gentests\/","og_site_name":"Future Health Biobank Luxembourg German","article_modified_time":"2021-10-19T11:08:51+00:00","twitter_card":"summary_large_image","schema":{"@context":"https:\/\/schema.org","@graph":[{"@type":"WebPage","@id":"https:\/\/futurehealthbiobank.com\/lu-de\/was-sind-gentests\/","url":"https:\/\/futurehealthbiobank.com\/lu-de\/was-sind-gentests\/","name":"Was sind Gentests? | Future Health Biobank","isPartOf":{"@id":"https:\/\/futurehealthbiobank.com\/lu-de\/#website"},"datePublished":"2019-06-19T09:52:32+00:00","dateModified":"2021-10-19T11:08:51+00:00","description":"Gentests untersuchen die DNA einer Person, um genetische Unterschiede und Anomalien anzuzeigen oder auszuschliessen. Diese Tests liefern durch die Untersuchung von Ver\u00e4nderungen in Chromosomen, Genen oder Proteinen ein zuverl\u00e4ssiges Bild der zuk\u00fcnftigen Gesundheit.","breadcrumb":{"@id":"https:\/\/futurehealthbiobank.com\/lu-de\/was-sind-gentests\/#breadcrumb"},"inLanguage":"de","potentialAction":[{"@type":"ReadAction","target":["https:\/\/futurehealthbiobank.com\/lu-de\/was-sind-gentests\/"]}]},{"@type":"BreadcrumbList","@id":"https:\/\/futurehealthbiobank.com\/lu-de\/was-sind-gentests\/#breadcrumb","itemListElement":[{"@type":"ListItem","position":1,"name":"Home","item":"https:\/\/futurehealthbiobank.com\/lu-de\/"},{"@type":"ListItem","position":2,"name":"Was sind Gentests?"}]},{"@type":"WebSite","@id":"https:\/\/futurehealthbiobank.com\/lu-de\/#website","url":"https:\/\/futurehealthbiobank.com\/lu-de\/","name":"Future Health Biobank Luxembourg German","description":"","potentialAction":[{"@type":"SearchAction","target":{"@type":"EntryPoint","urlTemplate":"https:\/\/futurehealthbiobank.com\/lu-de\/?s={search_term_string}"},"query-input":{"@type":"PropertyValueSpecification","valueRequired":true,"valueName":"search_term_string"}}],"inLanguage":"de"}]}},"_links":{"self":[{"href":"https:\/\/futurehealthbiobank.com\/lu-de\/wp-json\/wp\/v2\/pages\/10457","targetHints":{"allow":["GET"]}}],"collection":[{"href":"https:\/\/futurehealthbiobank.com\/lu-de\/wp-json\/wp\/v2\/pages"}],"about":[{"href":"https:\/\/futurehealthbiobank.com\/lu-de\/wp-json\/wp\/v2\/types\/page"}],"author":[{"embeddable":true,"href":"https:\/\/futurehealthbiobank.com\/lu-de\/wp-json\/wp\/v2\/users\/24"}],"replies":[{"embeddable":true,"href":"https:\/\/futurehealthbiobank.com\/lu-de\/wp-json\/wp\/v2\/comments?post=10457"}],"version-history":[{"count":0,"href":"https:\/\/futurehealthbiobank.com\/lu-de\/wp-json\/wp\/v2\/pages\/10457\/revisions"}],"wp:attachment":[{"href":"https:\/\/futurehealthbiobank.com\/lu-de\/wp-json\/wp\/v2\/media?parent=10457"}],"curies":[{"name":"wp","href":"https:\/\/api.w.org\/{rel}","templated":true}]}}