{"id":2374,"date":"2016-02-15T00:36:03","date_gmt":"2016-02-15T00:36:03","guid":{"rendered":"https:\/\/futurehealthbiobank.com\/lv\/?page_id=2374"},"modified":"2018-03-01T16:01:38","modified_gmt":"2018-03-01T14:01:38","slug":"zoba-pulpa-cilmes-sunu-uzglabasana","status":"publish","type":"page","link":"https:\/\/futurehealthbiobank.com\/lv\/cilmes-sunu-uzglabasana\/zoba-pulpa-cilmes-sunu-uzglabasana\/","title":{"rendered":"Zoba pulpa cilmes \u0161\u016bnu uzglab\u0101\u0161ana"},"content":{"rendered":"","protected":false},"excerpt":{"rendered":"","protected":false},"author":25,"featured_media":0,"parent":2382,"menu_order":0,"comment_status":"closed","ping_status":"closed","template":"page-page_template.php","meta":{"_acf_changed":false,"footnotes":""},"class_list":["post-2374","page","type-page","status-publish","hentry"],"acf":[],"yoast_head":"<!-- This site is optimized with the Yoast SEO Premium plugin v26.7 (Yoast SEO v26.7) - https:\/\/yoast.com\/wordpress\/plugins\/seo\/ -->\n<title>Dental pulp stem cell banking | Milk and wisdom teeth<\/title>\n<meta name=\"description\" content=\"Dental pulp stem cell banking can be used with milk or wisdom teeth. This service offers parents a second chance to store their child\u2019s precious stem cells\" \/>\n<meta name=\"robots\" content=\"index, follow, max-snippet:-1, max-image-preview:large, max-video-preview:-1\" \/>\n<link rel=\"canonical\" href=\"https:\/\/futurehealthbiobank.com\/lv\/cilmes-sunu-uzglabasana\/zoba-pulpa-cilmes-sunu-uzglabasana\/\" \/>\n<meta property=\"og:locale\" content=\"lv_LV\" \/>\n<meta property=\"og:type\" content=\"article\" \/>\n<meta property=\"og:title\" content=\"Zoba pulpa cilmes \u0161\u016bnu uzglab\u0101\u0161ana\" \/>\n<meta property=\"og:url\" content=\"https:\/\/futurehealthbiobank.com\/lv\/cilmes-sunu-uzglabasana\/zoba-pulpa-cilmes-sunu-uzglabasana\/\" \/>\n<meta property=\"og:site_name\" content=\"Future Health Biobank Latvia\" \/>\n<meta property=\"article:modified_time\" content=\"2018-03-01T14:01:38+00:00\" \/>\n<meta name=\"twitter:card\" content=\"summary_large_image\" \/>\n<script type=\"application\/ld+json\" class=\"yoast-schema-graph\">{\"@context\":\"https:\/\/schema.org\",\"@graph\":[{\"@type\":\"WebPage\",\"@id\":\"https:\/\/futurehealthbiobank.com\/lv\/cilmes-sunu-uzglabasana\/zoba-pulpa-cilmes-sunu-uzglabasana\/\",\"url\":\"https:\/\/futurehealthbiobank.com\/lv\/cilmes-sunu-uzglabasana\/zoba-pulpa-cilmes-sunu-uzglabasana\/\",\"name\":\"Dental pulp stem cell banking | Milk and wisdom teeth\",\"isPartOf\":{\"@id\":\"https:\/\/futurehealthbiobank.com\/lv\/#website\"},\"datePublished\":\"2016-02-15T00:36:03+00:00\",\"dateModified\":\"2018-03-01T14:01:38+00:00\",\"description\":\"Dental pulp stem cell banking can be used with milk or wisdom teeth. This service offers parents a second chance to store their child\u2019s precious stem cells\",\"breadcrumb\":{\"@id\":\"https:\/\/futurehealthbiobank.com\/lv\/cilmes-sunu-uzglabasana\/zoba-pulpa-cilmes-sunu-uzglabasana\/#breadcrumb\"},\"inLanguage\":\"lv-LV\",\"potentialAction\":[{\"@type\":\"ReadAction\",\"target\":[\"https:\/\/futurehealthbiobank.com\/lv\/cilmes-sunu-uzglabasana\/zoba-pulpa-cilmes-sunu-uzglabasana\/\"]}]},{\"@type\":\"BreadcrumbList\",\"@id\":\"https:\/\/futurehealthbiobank.com\/lv\/cilmes-sunu-uzglabasana\/zoba-pulpa-cilmes-sunu-uzglabasana\/#breadcrumb\",\"itemListElement\":[{\"@type\":\"ListItem\",\"position\":1,\"name\":\"S\u0101kums\",\"item\":\"https:\/\/futurehealthbiobank.com\/lv\/\"},{\"@type\":\"ListItem\",\"position\":2,\"name\":\"Cilmes \u0161\u016bnu uzglab\u0101\u0161ana\",\"item\":\"https:\/\/futurehealthbiobank.com\/lv\/cilmes-sunu-uzglabasana\/\"},{\"@type\":\"ListItem\",\"position\":3,\"name\":\"Zoba pulpa cilmes \u0161\u016bnu uzglab\u0101\u0161ana\"}]},{\"@type\":\"WebSite\",\"@id\":\"https:\/\/futurehealthbiobank.com\/lv\/#website\",\"url\":\"https:\/\/futurehealthbiobank.com\/lv\/\",\"name\":\"Future Health Biobank Latvia\",\"description\":\"\",\"potentialAction\":[{\"@type\":\"SearchAction\",\"target\":{\"@type\":\"EntryPoint\",\"urlTemplate\":\"https:\/\/futurehealthbiobank.com\/lv\/?s={search_term_string}\"},\"query-input\":{\"@type\":\"PropertyValueSpecification\",\"valueRequired\":true,\"valueName\":\"search_term_string\"}}],\"inLanguage\":\"lv-LV\"}]}<\/script>\n<!-- \/ Yoast SEO Premium plugin. -->","yoast_head_json":{"title":"Dental pulp stem cell banking | Milk and wisdom teeth","description":"Dental pulp stem cell banking can be used with milk or wisdom teeth. This service offers parents a second chance to store their child\u2019s precious stem cells","robots":{"index":"index","follow":"follow","max-snippet":"max-snippet:-1","max-image-preview":"max-image-preview:large","max-video-preview":"max-video-preview:-1"},"canonical":"https:\/\/futurehealthbiobank.com\/lv\/cilmes-sunu-uzglabasana\/zoba-pulpa-cilmes-sunu-uzglabasana\/","og_locale":"lv_LV","og_type":"article","og_title":"Zoba pulpa cilmes \u0161\u016bnu uzglab\u0101\u0161ana","og_url":"https:\/\/futurehealthbiobank.com\/lv\/cilmes-sunu-uzglabasana\/zoba-pulpa-cilmes-sunu-uzglabasana\/","og_site_name":"Future Health Biobank Latvia","article_modified_time":"2018-03-01T14:01:38+00:00","twitter_card":"summary_large_image","schema":{"@context":"https:\/\/schema.org","@graph":[{"@type":"WebPage","@id":"https:\/\/futurehealthbiobank.com\/lv\/cilmes-sunu-uzglabasana\/zoba-pulpa-cilmes-sunu-uzglabasana\/","url":"https:\/\/futurehealthbiobank.com\/lv\/cilmes-sunu-uzglabasana\/zoba-pulpa-cilmes-sunu-uzglabasana\/","name":"Dental pulp stem cell banking | Milk and wisdom teeth","isPartOf":{"@id":"https:\/\/futurehealthbiobank.com\/lv\/#website"},"datePublished":"2016-02-15T00:36:03+00:00","dateModified":"2018-03-01T14:01:38+00:00","description":"Dental pulp stem cell banking can be used with milk or wisdom teeth. This service offers parents a second chance to store their child\u2019s precious stem cells","breadcrumb":{"@id":"https:\/\/futurehealthbiobank.com\/lv\/cilmes-sunu-uzglabasana\/zoba-pulpa-cilmes-sunu-uzglabasana\/#breadcrumb"},"inLanguage":"lv-LV","potentialAction":[{"@type":"ReadAction","target":["https:\/\/futurehealthbiobank.com\/lv\/cilmes-sunu-uzglabasana\/zoba-pulpa-cilmes-sunu-uzglabasana\/"]}]},{"@type":"BreadcrumbList","@id":"https:\/\/futurehealthbiobank.com\/lv\/cilmes-sunu-uzglabasana\/zoba-pulpa-cilmes-sunu-uzglabasana\/#breadcrumb","itemListElement":[{"@type":"ListItem","position":1,"name":"S\u0101kums","item":"https:\/\/futurehealthbiobank.com\/lv\/"},{"@type":"ListItem","position":2,"name":"Cilmes \u0161\u016bnu uzglab\u0101\u0161ana","item":"https:\/\/futurehealthbiobank.com\/lv\/cilmes-sunu-uzglabasana\/"},{"@type":"ListItem","position":3,"name":"Zoba pulpa cilmes \u0161\u016bnu uzglab\u0101\u0161ana"}]},{"@type":"WebSite","@id":"https:\/\/futurehealthbiobank.com\/lv\/#website","url":"https:\/\/futurehealthbiobank.com\/lv\/","name":"Future Health Biobank Latvia","description":"","potentialAction":[{"@type":"SearchAction","target":{"@type":"EntryPoint","urlTemplate":"https:\/\/futurehealthbiobank.com\/lv\/?s={search_term_string}"},"query-input":{"@type":"PropertyValueSpecification","valueRequired":true,"valueName":"search_term_string"}}],"inLanguage":"lv-LV"}]}},"_links":{"self":[{"href":"https:\/\/futurehealthbiobank.com\/lv\/wp-json\/wp\/v2\/pages\/2374","targetHints":{"allow":["GET"]}}],"collection":[{"href":"https:\/\/futurehealthbiobank.com\/lv\/wp-json\/wp\/v2\/pages"}],"about":[{"href":"https:\/\/futurehealthbiobank.com\/lv\/wp-json\/wp\/v2\/types\/page"}],"author":[{"embeddable":true,"href":"https:\/\/futurehealthbiobank.com\/lv\/wp-json\/wp\/v2\/users\/25"}],"replies":[{"embeddable":true,"href":"https:\/\/futurehealthbiobank.com\/lv\/wp-json\/wp\/v2\/comments?post=2374"}],"version-history":[{"count":0,"href":"https:\/\/futurehealthbiobank.com\/lv\/wp-json\/wp\/v2\/pages\/2374\/revisions"}],"up":[{"embeddable":true,"href":"https:\/\/futurehealthbiobank.com\/lv\/wp-json\/wp\/v2\/pages\/2382"}],"wp:attachment":[{"href":"https:\/\/futurehealthbiobank.com\/lv\/wp-json\/wp\/v2\/media?parent=2374"}],"curies":[{"name":"wp","href":"https:\/\/api.w.org\/{rel}","templated":true}]}}