{"id":2816,"date":"2016-03-03T22:37:29","date_gmt":"2016-03-03T22:37:29","guid":{"rendered":"https:\/\/futurehealthbiobank.com\/lv\/?page_id=2816"},"modified":"2017-03-20T16:03:29","modified_gmt":"2017-03-20T14:03:29","slug":"neinvaziva-pirmsdzemdibu-testesana","status":"publish","type":"page","link":"https:\/\/futurehealthbiobank.com\/lv\/musu-pakalpojumi\/diagnostikas-testi\/neinvaziva-pirmsdzemdibu-testesana\/","title":{"rendered":"Neinvaz\u012bv\u0101 pirmsdzemd\u012bbu test\u0113\u0161ana"},"content":{"rendered":"","protected":false},"excerpt":{"rendered":"","protected":false},"author":25,"featured_media":0,"parent":2399,"menu_order":0,"comment_status":"closed","ping_status":"closed","template":"page-page_template.php","meta":{"_acf_changed":false,"footnotes":""},"class_list":["post-2816","page","type-page","status-publish","hentry"],"acf":[],"yoast_head":"<!-- This site is optimized with the Yoast SEO Premium plugin v26.7 (Yoast SEO v26.7) - https:\/\/yoast.com\/wordpress\/plugins\/seo\/ -->\n<title>Diagnostics | Non Invasive Prenatal Test<\/title>\n<meta name=\"description\" content=\"Our Non Invasive Prenatal Test (NIPT) screens for 3 life-altering conditions such as Down\u2019s syndrome, using just one simple blood draw.\" \/>\n<meta name=\"robots\" content=\"index, follow, max-snippet:-1, max-image-preview:large, max-video-preview:-1\" \/>\n<link rel=\"canonical\" href=\"https:\/\/futurehealthbiobank.com\/lv\/musu-pakalpojumi\/diagnostikas-testi\/neinvaziva-pirmsdzemdibu-testesana\/\" \/>\n<meta property=\"og:locale\" content=\"lv_LV\" \/>\n<meta property=\"og:type\" content=\"article\" \/>\n<meta property=\"og:title\" content=\"Neinvaz\u012bv\u0101 pirmsdzemd\u012bbu test\u0113\u0161ana\" \/>\n<meta property=\"og:url\" content=\"https:\/\/futurehealthbiobank.com\/lv\/musu-pakalpojumi\/diagnostikas-testi\/neinvaziva-pirmsdzemdibu-testesana\/\" \/>\n<meta property=\"og:site_name\" content=\"Future Health Biobank Latvia\" \/>\n<meta property=\"article:modified_time\" content=\"2017-03-20T14:03:29+00:00\" \/>\n<meta name=\"twitter:card\" content=\"summary_large_image\" \/>\n<script type=\"application\/ld+json\" class=\"yoast-schema-graph\">{\"@context\":\"https:\/\/schema.org\",\"@graph\":[{\"@type\":\"WebPage\",\"@id\":\"https:\/\/futurehealthbiobank.com\/lv\/musu-pakalpojumi\/diagnostikas-testi\/neinvaziva-pirmsdzemdibu-testesana\/\",\"url\":\"https:\/\/futurehealthbiobank.com\/lv\/musu-pakalpojumi\/diagnostikas-testi\/neinvaziva-pirmsdzemdibu-testesana\/\",\"name\":\"Diagnostics | Non Invasive Prenatal Test\",\"isPartOf\":{\"@id\":\"https:\/\/futurehealthbiobank.com\/lv\/#website\"},\"datePublished\":\"2016-03-03T22:37:29+00:00\",\"dateModified\":\"2017-03-20T14:03:29+00:00\",\"description\":\"Our Non Invasive Prenatal Test (NIPT) screens for 3 life-altering conditions such as Down\u2019s syndrome, using just one simple blood draw.\",\"breadcrumb\":{\"@id\":\"https:\/\/futurehealthbiobank.com\/lv\/musu-pakalpojumi\/diagnostikas-testi\/neinvaziva-pirmsdzemdibu-testesana\/#breadcrumb\"},\"inLanguage\":\"lv-LV\",\"potentialAction\":[{\"@type\":\"ReadAction\",\"target\":[\"https:\/\/futurehealthbiobank.com\/lv\/musu-pakalpojumi\/diagnostikas-testi\/neinvaziva-pirmsdzemdibu-testesana\/\"]}]},{\"@type\":\"BreadcrumbList\",\"@id\":\"https:\/\/futurehealthbiobank.com\/lv\/musu-pakalpojumi\/diagnostikas-testi\/neinvaziva-pirmsdzemdibu-testesana\/#breadcrumb\",\"itemListElement\":[{\"@type\":\"ListItem\",\"position\":1,\"name\":\"S\u0101kums\",\"item\":\"https:\/\/futurehealthbiobank.com\/lv\/\"},{\"@type\":\"ListItem\",\"position\":2,\"name\":\"M\u016bsu pakalpojumi\",\"item\":\"https:\/\/futurehealthbiobank.com\/lv\/musu-pakalpojumi\/\"},{\"@type\":\"ListItem\",\"position\":3,\"name\":\"Diagnostikas testi\",\"item\":\"https:\/\/futurehealthbiobank.com\/lv\/musu-pakalpojumi\/diagnostikas-testi\/\"},{\"@type\":\"ListItem\",\"position\":4,\"name\":\"Neinvaz\u012bv\u0101 pirmsdzemd\u012bbu test\u0113\u0161ana\"}]},{\"@type\":\"WebSite\",\"@id\":\"https:\/\/futurehealthbiobank.com\/lv\/#website\",\"url\":\"https:\/\/futurehealthbiobank.com\/lv\/\",\"name\":\"Future Health Biobank Latvia\",\"description\":\"\",\"potentialAction\":[{\"@type\":\"SearchAction\",\"target\":{\"@type\":\"EntryPoint\",\"urlTemplate\":\"https:\/\/futurehealthbiobank.com\/lv\/?s={search_term_string}\"},\"query-input\":{\"@type\":\"PropertyValueSpecification\",\"valueRequired\":true,\"valueName\":\"search_term_string\"}}],\"inLanguage\":\"lv-LV\"}]}<\/script>\n<!-- \/ Yoast SEO Premium plugin. -->","yoast_head_json":{"title":"Diagnostics | Non Invasive Prenatal Test","description":"Our Non Invasive Prenatal Test (NIPT) screens for 3 life-altering conditions such as Down\u2019s syndrome, using just one simple blood draw.","robots":{"index":"index","follow":"follow","max-snippet":"max-snippet:-1","max-image-preview":"max-image-preview:large","max-video-preview":"max-video-preview:-1"},"canonical":"https:\/\/futurehealthbiobank.com\/lv\/musu-pakalpojumi\/diagnostikas-testi\/neinvaziva-pirmsdzemdibu-testesana\/","og_locale":"lv_LV","og_type":"article","og_title":"Neinvaz\u012bv\u0101 pirmsdzemd\u012bbu test\u0113\u0161ana","og_url":"https:\/\/futurehealthbiobank.com\/lv\/musu-pakalpojumi\/diagnostikas-testi\/neinvaziva-pirmsdzemdibu-testesana\/","og_site_name":"Future Health Biobank Latvia","article_modified_time":"2017-03-20T14:03:29+00:00","twitter_card":"summary_large_image","schema":{"@context":"https:\/\/schema.org","@graph":[{"@type":"WebPage","@id":"https:\/\/futurehealthbiobank.com\/lv\/musu-pakalpojumi\/diagnostikas-testi\/neinvaziva-pirmsdzemdibu-testesana\/","url":"https:\/\/futurehealthbiobank.com\/lv\/musu-pakalpojumi\/diagnostikas-testi\/neinvaziva-pirmsdzemdibu-testesana\/","name":"Diagnostics | Non Invasive Prenatal Test","isPartOf":{"@id":"https:\/\/futurehealthbiobank.com\/lv\/#website"},"datePublished":"2016-03-03T22:37:29+00:00","dateModified":"2017-03-20T14:03:29+00:00","description":"Our Non Invasive Prenatal Test (NIPT) screens for 3 life-altering conditions such as Down\u2019s syndrome, using just one simple blood draw.","breadcrumb":{"@id":"https:\/\/futurehealthbiobank.com\/lv\/musu-pakalpojumi\/diagnostikas-testi\/neinvaziva-pirmsdzemdibu-testesana\/#breadcrumb"},"inLanguage":"lv-LV","potentialAction":[{"@type":"ReadAction","target":["https:\/\/futurehealthbiobank.com\/lv\/musu-pakalpojumi\/diagnostikas-testi\/neinvaziva-pirmsdzemdibu-testesana\/"]}]},{"@type":"BreadcrumbList","@id":"https:\/\/futurehealthbiobank.com\/lv\/musu-pakalpojumi\/diagnostikas-testi\/neinvaziva-pirmsdzemdibu-testesana\/#breadcrumb","itemListElement":[{"@type":"ListItem","position":1,"name":"S\u0101kums","item":"https:\/\/futurehealthbiobank.com\/lv\/"},{"@type":"ListItem","position":2,"name":"M\u016bsu pakalpojumi","item":"https:\/\/futurehealthbiobank.com\/lv\/musu-pakalpojumi\/"},{"@type":"ListItem","position":3,"name":"Diagnostikas testi","item":"https:\/\/futurehealthbiobank.com\/lv\/musu-pakalpojumi\/diagnostikas-testi\/"},{"@type":"ListItem","position":4,"name":"Neinvaz\u012bv\u0101 pirmsdzemd\u012bbu test\u0113\u0161ana"}]},{"@type":"WebSite","@id":"https:\/\/futurehealthbiobank.com\/lv\/#website","url":"https:\/\/futurehealthbiobank.com\/lv\/","name":"Future Health Biobank Latvia","description":"","potentialAction":[{"@type":"SearchAction","target":{"@type":"EntryPoint","urlTemplate":"https:\/\/futurehealthbiobank.com\/lv\/?s={search_term_string}"},"query-input":{"@type":"PropertyValueSpecification","valueRequired":true,"valueName":"search_term_string"}}],"inLanguage":"lv-LV"}]}},"_links":{"self":[{"href":"https:\/\/futurehealthbiobank.com\/lv\/wp-json\/wp\/v2\/pages\/2816","targetHints":{"allow":["GET"]}}],"collection":[{"href":"https:\/\/futurehealthbiobank.com\/lv\/wp-json\/wp\/v2\/pages"}],"about":[{"href":"https:\/\/futurehealthbiobank.com\/lv\/wp-json\/wp\/v2\/types\/page"}],"author":[{"embeddable":true,"href":"https:\/\/futurehealthbiobank.com\/lv\/wp-json\/wp\/v2\/users\/25"}],"replies":[{"embeddable":true,"href":"https:\/\/futurehealthbiobank.com\/lv\/wp-json\/wp\/v2\/comments?post=2816"}],"version-history":[{"count":1,"href":"https:\/\/futurehealthbiobank.com\/lv\/wp-json\/wp\/v2\/pages\/2816\/revisions"}],"predecessor-version":[{"id":9452,"href":"https:\/\/futurehealthbiobank.com\/lv\/wp-json\/wp\/v2\/pages\/2816\/revisions\/9452"}],"up":[{"embeddable":true,"href":"https:\/\/futurehealthbiobank.com\/lv\/wp-json\/wp\/v2\/pages\/2399"}],"wp:attachment":[{"href":"https:\/\/futurehealthbiobank.com\/lv\/wp-json\/wp\/v2\/media?parent=2816"}],"curies":[{"name":"wp","href":"https:\/\/api.w.org\/{rel}","templated":true}]}}