{"id":3386,"date":"2016-03-31T16:28:59","date_gmt":"2016-03-31T15:28:59","guid":{"rendered":"https:\/\/futurehealthbiobank.com\/lv\/?page_id=3386"},"modified":"2017-03-13T13:40:09","modified_gmt":"2017-03-13T11:40:09","slug":"medikamentu-izraisits-kurlums","status":"publish","type":"page","link":"https:\/\/futurehealthbiobank.com\/lv\/musu-pakalpojumi\/diagnostikas-testi\/jaundzimusa-genetiskais-skrinings\/medikamentu-izraisits-kurlums\/","title":{"rendered":"Medikamentu izrais\u012bts kurlums"},"content":{"rendered":"","protected":false},"excerpt":{"rendered":"","protected":false},"author":25,"featured_media":0,"parent":2940,"menu_order":0,"comment_status":"closed","ping_status":"closed","template":"page-page_template.php","meta":{"_acf_changed":false,"footnotes":""},"class_list":["post-3386","page","type-page","status-publish","hentry"],"acf":[],"yoast_head":"<!-- This site is optimized with the Yoast SEO Premium plugin v26.7 (Yoast SEO v26.7) - https:\/\/yoast.com\/wordpress\/plugins\/seo\/ -->\n<title>Medikamentu izrais\u012bts kurlums - Future Health Biobank Latvia<\/title>\n<meta name=\"robots\" content=\"index, follow, max-snippet:-1, max-image-preview:large, max-video-preview:-1\" \/>\n<link rel=\"canonical\" href=\"https:\/\/futurehealthbiobank.com\/lv\/musu-pakalpojumi\/diagnostikas-testi\/jaundzimusa-genetiskais-skrinings\/medikamentu-izraisits-kurlums\/\" \/>\n<meta property=\"og:locale\" content=\"lv_LV\" \/>\n<meta property=\"og:type\" content=\"article\" \/>\n<meta property=\"og:title\" content=\"Medikamentu izrais\u012bts kurlums\" \/>\n<meta property=\"og:url\" content=\"https:\/\/futurehealthbiobank.com\/lv\/musu-pakalpojumi\/diagnostikas-testi\/jaundzimusa-genetiskais-skrinings\/medikamentu-izraisits-kurlums\/\" \/>\n<meta property=\"og:site_name\" content=\"Future Health Biobank Latvia\" \/>\n<meta property=\"article:modified_time\" content=\"2017-03-13T11:40:09+00:00\" \/>\n<meta name=\"twitter:card\" content=\"summary_large_image\" \/>\n<script type=\"application\/ld+json\" class=\"yoast-schema-graph\">{\"@context\":\"https:\/\/schema.org\",\"@graph\":[{\"@type\":\"WebPage\",\"@id\":\"https:\/\/futurehealthbiobank.com\/lv\/musu-pakalpojumi\/diagnostikas-testi\/jaundzimusa-genetiskais-skrinings\/medikamentu-izraisits-kurlums\/\",\"url\":\"https:\/\/futurehealthbiobank.com\/lv\/musu-pakalpojumi\/diagnostikas-testi\/jaundzimusa-genetiskais-skrinings\/medikamentu-izraisits-kurlums\/\",\"name\":\"Medikamentu izrais\u012bts kurlums - Future Health Biobank Latvia\",\"isPartOf\":{\"@id\":\"https:\/\/futurehealthbiobank.com\/lv\/#website\"},\"datePublished\":\"2016-03-31T15:28:59+00:00\",\"dateModified\":\"2017-03-13T11:40:09+00:00\",\"breadcrumb\":{\"@id\":\"https:\/\/futurehealthbiobank.com\/lv\/musu-pakalpojumi\/diagnostikas-testi\/jaundzimusa-genetiskais-skrinings\/medikamentu-izraisits-kurlums\/#breadcrumb\"},\"inLanguage\":\"lv-LV\",\"potentialAction\":[{\"@type\":\"ReadAction\",\"target\":[\"https:\/\/futurehealthbiobank.com\/lv\/musu-pakalpojumi\/diagnostikas-testi\/jaundzimusa-genetiskais-skrinings\/medikamentu-izraisits-kurlums\/\"]}]},{\"@type\":\"BreadcrumbList\",\"@id\":\"https:\/\/futurehealthbiobank.com\/lv\/musu-pakalpojumi\/diagnostikas-testi\/jaundzimusa-genetiskais-skrinings\/medikamentu-izraisits-kurlums\/#breadcrumb\",\"itemListElement\":[{\"@type\":\"ListItem\",\"position\":1,\"name\":\"S\u0101kums\",\"item\":\"https:\/\/futurehealthbiobank.com\/lv\/\"},{\"@type\":\"ListItem\",\"position\":2,\"name\":\"M\u016bsu pakalpojumi\",\"item\":\"https:\/\/futurehealthbiobank.com\/lv\/musu-pakalpojumi\/\"},{\"@type\":\"ListItem\",\"position\":3,\"name\":\"Diagnostikas testi\",\"item\":\"https:\/\/futurehealthbiobank.com\/lv\/musu-pakalpojumi\/diagnostikas-testi\/\"},{\"@type\":\"ListItem\",\"position\":4,\"name\":\"Jaundzimu\u0161\u0101 \u0123en\u0113tiskais skr\u012bnings\",\"item\":\"https:\/\/futurehealthbiobank.com\/lv\/musu-pakalpojumi\/diagnostikas-testi\/jaundzimusa-genetiskais-skrinings\/\"},{\"@type\":\"ListItem\",\"position\":5,\"name\":\"Medikamentu izrais\u012bts kurlums\"}]},{\"@type\":\"WebSite\",\"@id\":\"https:\/\/futurehealthbiobank.com\/lv\/#website\",\"url\":\"https:\/\/futurehealthbiobank.com\/lv\/\",\"name\":\"Future Health Biobank Latvia\",\"description\":\"\",\"potentialAction\":[{\"@type\":\"SearchAction\",\"target\":{\"@type\":\"EntryPoint\",\"urlTemplate\":\"https:\/\/futurehealthbiobank.com\/lv\/?s={search_term_string}\"},\"query-input\":{\"@type\":\"PropertyValueSpecification\",\"valueRequired\":true,\"valueName\":\"search_term_string\"}}],\"inLanguage\":\"lv-LV\"}]}<\/script>\n<!-- \/ Yoast SEO Premium plugin. -->","yoast_head_json":{"title":"Medikamentu izrais\u012bts kurlums - Future Health Biobank Latvia","robots":{"index":"index","follow":"follow","max-snippet":"max-snippet:-1","max-image-preview":"max-image-preview:large","max-video-preview":"max-video-preview:-1"},"canonical":"https:\/\/futurehealthbiobank.com\/lv\/musu-pakalpojumi\/diagnostikas-testi\/jaundzimusa-genetiskais-skrinings\/medikamentu-izraisits-kurlums\/","og_locale":"lv_LV","og_type":"article","og_title":"Medikamentu izrais\u012bts kurlums","og_url":"https:\/\/futurehealthbiobank.com\/lv\/musu-pakalpojumi\/diagnostikas-testi\/jaundzimusa-genetiskais-skrinings\/medikamentu-izraisits-kurlums\/","og_site_name":"Future Health Biobank Latvia","article_modified_time":"2017-03-13T11:40:09+00:00","twitter_card":"summary_large_image","schema":{"@context":"https:\/\/schema.org","@graph":[{"@type":"WebPage","@id":"https:\/\/futurehealthbiobank.com\/lv\/musu-pakalpojumi\/diagnostikas-testi\/jaundzimusa-genetiskais-skrinings\/medikamentu-izraisits-kurlums\/","url":"https:\/\/futurehealthbiobank.com\/lv\/musu-pakalpojumi\/diagnostikas-testi\/jaundzimusa-genetiskais-skrinings\/medikamentu-izraisits-kurlums\/","name":"Medikamentu izrais\u012bts kurlums - Future Health Biobank Latvia","isPartOf":{"@id":"https:\/\/futurehealthbiobank.com\/lv\/#website"},"datePublished":"2016-03-31T15:28:59+00:00","dateModified":"2017-03-13T11:40:09+00:00","breadcrumb":{"@id":"https:\/\/futurehealthbiobank.com\/lv\/musu-pakalpojumi\/diagnostikas-testi\/jaundzimusa-genetiskais-skrinings\/medikamentu-izraisits-kurlums\/#breadcrumb"},"inLanguage":"lv-LV","potentialAction":[{"@type":"ReadAction","target":["https:\/\/futurehealthbiobank.com\/lv\/musu-pakalpojumi\/diagnostikas-testi\/jaundzimusa-genetiskais-skrinings\/medikamentu-izraisits-kurlums\/"]}]},{"@type":"BreadcrumbList","@id":"https:\/\/futurehealthbiobank.com\/lv\/musu-pakalpojumi\/diagnostikas-testi\/jaundzimusa-genetiskais-skrinings\/medikamentu-izraisits-kurlums\/#breadcrumb","itemListElement":[{"@type":"ListItem","position":1,"name":"S\u0101kums","item":"https:\/\/futurehealthbiobank.com\/lv\/"},{"@type":"ListItem","position":2,"name":"M\u016bsu pakalpojumi","item":"https:\/\/futurehealthbiobank.com\/lv\/musu-pakalpojumi\/"},{"@type":"ListItem","position":3,"name":"Diagnostikas testi","item":"https:\/\/futurehealthbiobank.com\/lv\/musu-pakalpojumi\/diagnostikas-testi\/"},{"@type":"ListItem","position":4,"name":"Jaundzimu\u0161\u0101 \u0123en\u0113tiskais skr\u012bnings","item":"https:\/\/futurehealthbiobank.com\/lv\/musu-pakalpojumi\/diagnostikas-testi\/jaundzimusa-genetiskais-skrinings\/"},{"@type":"ListItem","position":5,"name":"Medikamentu izrais\u012bts kurlums"}]},{"@type":"WebSite","@id":"https:\/\/futurehealthbiobank.com\/lv\/#website","url":"https:\/\/futurehealthbiobank.com\/lv\/","name":"Future Health Biobank Latvia","description":"","potentialAction":[{"@type":"SearchAction","target":{"@type":"EntryPoint","urlTemplate":"https:\/\/futurehealthbiobank.com\/lv\/?s={search_term_string}"},"query-input":{"@type":"PropertyValueSpecification","valueRequired":true,"valueName":"search_term_string"}}],"inLanguage":"lv-LV"}]}},"_links":{"self":[{"href":"https:\/\/futurehealthbiobank.com\/lv\/wp-json\/wp\/v2\/pages\/3386","targetHints":{"allow":["GET"]}}],"collection":[{"href":"https:\/\/futurehealthbiobank.com\/lv\/wp-json\/wp\/v2\/pages"}],"about":[{"href":"https:\/\/futurehealthbiobank.com\/lv\/wp-json\/wp\/v2\/types\/page"}],"author":[{"embeddable":true,"href":"https:\/\/futurehealthbiobank.com\/lv\/wp-json\/wp\/v2\/users\/25"}],"replies":[{"embeddable":true,"href":"https:\/\/futurehealthbiobank.com\/lv\/wp-json\/wp\/v2\/comments?post=3386"}],"version-history":[{"count":0,"href":"https:\/\/futurehealthbiobank.com\/lv\/wp-json\/wp\/v2\/pages\/3386\/revisions"}],"up":[{"embeddable":true,"href":"https:\/\/futurehealthbiobank.com\/lv\/wp-json\/wp\/v2\/pages\/2940"}],"wp:attachment":[{"href":"https:\/\/futurehealthbiobank.com\/lv\/wp-json\/wp\/v2\/media?parent=3386"}],"curies":[{"name":"wp","href":"https:\/\/api.w.org\/{rel}","templated":true}]}}