{"id":3974,"date":"2016-08-02T11:58:25","date_gmt":"2016-08-02T10:58:25","guid":{"rendered":"https:\/\/futurehealthbiobank.com\/lv\/?page_id=3974"},"modified":"2017-02-17T12:32:14","modified_gmt":"2017-02-17T11:32:14","slug":"ja-es-izvelos-novelotu-nabassaites-fiksaciju-vai-bus-pietiekami-daudz-asinu-parauga-panemsanai","status":"publish","type":"page","link":"https:\/\/futurehealthbiobank.com\/lv\/plasaka-informacija-par-cilmes-sunu-uzglabasanu\/ja-es-izvelos-novelotu-nabassaites-fiksaciju-vai-bus-pietiekami-daudz-asinu-parauga-panemsanai\/","title":{"rendered":"Ja es izv\u0113los nov\u0113lotu nabassaites fiks\u0101ciju, vai b\u016bs pietiekami daudz asi\u0146u parauga pa\u0146em\u0161anai?"},"content":{"rendered":"","protected":false},"excerpt":{"rendered":"","protected":false},"author":25,"featured_media":0,"parent":3051,"menu_order":0,"comment_status":"closed","ping_status":"closed","template":"page-page_template.php","meta":{"_acf_changed":false,"footnotes":""},"class_list":["post-3974","page","type-page","status-publish","hentry"],"acf":[],"yoast_head":"<!-- This site is optimized with the Yoast SEO Premium plugin v26.7 (Yoast SEO v26.7) - https:\/\/yoast.com\/wordpress\/plugins\/seo\/ -->\n<title>Ja es izv\u0113los nov\u0113lotu nabassaites fiks\u0101ciju, vai b\u016bs pietiekami daudz asi\u0146u parauga pa\u0146em\u0161anai? - Future Health Biobank Latvia<\/title>\n<meta name=\"robots\" content=\"index, follow, max-snippet:-1, max-image-preview:large, max-video-preview:-1\" \/>\n<link rel=\"canonical\" href=\"https:\/\/futurehealthbiobank.com\/lv\/plasaka-informacija-par-cilmes-sunu-uzglabasanu\/ja-es-izvelos-novelotu-nabassaites-fiksaciju-vai-bus-pietiekami-daudz-asinu-parauga-panemsanai\/\" \/>\n<meta property=\"og:locale\" content=\"lv_LV\" \/>\n<meta property=\"og:type\" content=\"article\" \/>\n<meta property=\"og:title\" content=\"Ja es izv\u0113los nov\u0113lotu nabassaites fiks\u0101ciju, vai b\u016bs pietiekami daudz asi\u0146u parauga pa\u0146em\u0161anai?\" \/>\n<meta property=\"og:url\" content=\"https:\/\/futurehealthbiobank.com\/lv\/plasaka-informacija-par-cilmes-sunu-uzglabasanu\/ja-es-izvelos-novelotu-nabassaites-fiksaciju-vai-bus-pietiekami-daudz-asinu-parauga-panemsanai\/\" \/>\n<meta property=\"og:site_name\" content=\"Future Health Biobank Latvia\" \/>\n<meta property=\"article:modified_time\" content=\"2017-02-17T11:32:14+00:00\" \/>\n<meta name=\"twitter:card\" content=\"summary_large_image\" \/>\n<script type=\"application\/ld+json\" class=\"yoast-schema-graph\">{\"@context\":\"https:\/\/schema.org\",\"@graph\":[{\"@type\":\"WebPage\",\"@id\":\"https:\/\/futurehealthbiobank.com\/lv\/plasaka-informacija-par-cilmes-sunu-uzglabasanu\/ja-es-izvelos-novelotu-nabassaites-fiksaciju-vai-bus-pietiekami-daudz-asinu-parauga-panemsanai\/\",\"url\":\"https:\/\/futurehealthbiobank.com\/lv\/plasaka-informacija-par-cilmes-sunu-uzglabasanu\/ja-es-izvelos-novelotu-nabassaites-fiksaciju-vai-bus-pietiekami-daudz-asinu-parauga-panemsanai\/\",\"name\":\"Ja es izv\u0113los nov\u0113lotu nabassaites fiks\u0101ciju, vai b\u016bs pietiekami daudz asi\u0146u parauga pa\u0146em\u0161anai? - Future Health Biobank Latvia\",\"isPartOf\":{\"@id\":\"https:\/\/futurehealthbiobank.com\/lv\/#website\"},\"datePublished\":\"2016-08-02T10:58:25+00:00\",\"dateModified\":\"2017-02-17T11:32:14+00:00\",\"breadcrumb\":{\"@id\":\"https:\/\/futurehealthbiobank.com\/lv\/plasaka-informacija-par-cilmes-sunu-uzglabasanu\/ja-es-izvelos-novelotu-nabassaites-fiksaciju-vai-bus-pietiekami-daudz-asinu-parauga-panemsanai\/#breadcrumb\"},\"inLanguage\":\"lv-LV\",\"potentialAction\":[{\"@type\":\"ReadAction\",\"target\":[\"https:\/\/futurehealthbiobank.com\/lv\/plasaka-informacija-par-cilmes-sunu-uzglabasanu\/ja-es-izvelos-novelotu-nabassaites-fiksaciju-vai-bus-pietiekami-daudz-asinu-parauga-panemsanai\/\"]}]},{\"@type\":\"BreadcrumbList\",\"@id\":\"https:\/\/futurehealthbiobank.com\/lv\/plasaka-informacija-par-cilmes-sunu-uzglabasanu\/ja-es-izvelos-novelotu-nabassaites-fiksaciju-vai-bus-pietiekami-daudz-asinu-parauga-panemsanai\/#breadcrumb\",\"itemListElement\":[{\"@type\":\"ListItem\",\"position\":1,\"name\":\"S\u0101kums\",\"item\":\"https:\/\/futurehealthbiobank.com\/lv\/\"},{\"@type\":\"ListItem\",\"position\":2,\"name\":\"Pla\u0161\u0101ka inform\u0101cija par cilmes \u0161\u016bnu uzglab\u0101\u0161anu\",\"item\":\"https:\/\/futurehealthbiobank.com\/lv\/plasaka-informacija-par-cilmes-sunu-uzglabasanu\/\"},{\"@type\":\"ListItem\",\"position\":3,\"name\":\"Ja es izv\u0113los nov\u0113lotu nabassaites fiks\u0101ciju, vai b\u016bs pietiekami daudz asi\u0146u parauga pa\u0146em\u0161anai?\"}]},{\"@type\":\"WebSite\",\"@id\":\"https:\/\/futurehealthbiobank.com\/lv\/#website\",\"url\":\"https:\/\/futurehealthbiobank.com\/lv\/\",\"name\":\"Future Health Biobank Latvia\",\"description\":\"\",\"potentialAction\":[{\"@type\":\"SearchAction\",\"target\":{\"@type\":\"EntryPoint\",\"urlTemplate\":\"https:\/\/futurehealthbiobank.com\/lv\/?s={search_term_string}\"},\"query-input\":{\"@type\":\"PropertyValueSpecification\",\"valueRequired\":true,\"valueName\":\"search_term_string\"}}],\"inLanguage\":\"lv-LV\"}]}<\/script>\n<!-- \/ Yoast SEO Premium plugin. -->","yoast_head_json":{"title":"Ja es izv\u0113los nov\u0113lotu nabassaites fiks\u0101ciju, vai b\u016bs pietiekami daudz asi\u0146u parauga pa\u0146em\u0161anai? - Future Health Biobank Latvia","robots":{"index":"index","follow":"follow","max-snippet":"max-snippet:-1","max-image-preview":"max-image-preview:large","max-video-preview":"max-video-preview:-1"},"canonical":"https:\/\/futurehealthbiobank.com\/lv\/plasaka-informacija-par-cilmes-sunu-uzglabasanu\/ja-es-izvelos-novelotu-nabassaites-fiksaciju-vai-bus-pietiekami-daudz-asinu-parauga-panemsanai\/","og_locale":"lv_LV","og_type":"article","og_title":"Ja es izv\u0113los nov\u0113lotu nabassaites fiks\u0101ciju, vai b\u016bs pietiekami daudz asi\u0146u parauga pa\u0146em\u0161anai?","og_url":"https:\/\/futurehealthbiobank.com\/lv\/plasaka-informacija-par-cilmes-sunu-uzglabasanu\/ja-es-izvelos-novelotu-nabassaites-fiksaciju-vai-bus-pietiekami-daudz-asinu-parauga-panemsanai\/","og_site_name":"Future Health Biobank Latvia","article_modified_time":"2017-02-17T11:32:14+00:00","twitter_card":"summary_large_image","schema":{"@context":"https:\/\/schema.org","@graph":[{"@type":"WebPage","@id":"https:\/\/futurehealthbiobank.com\/lv\/plasaka-informacija-par-cilmes-sunu-uzglabasanu\/ja-es-izvelos-novelotu-nabassaites-fiksaciju-vai-bus-pietiekami-daudz-asinu-parauga-panemsanai\/","url":"https:\/\/futurehealthbiobank.com\/lv\/plasaka-informacija-par-cilmes-sunu-uzglabasanu\/ja-es-izvelos-novelotu-nabassaites-fiksaciju-vai-bus-pietiekami-daudz-asinu-parauga-panemsanai\/","name":"Ja es izv\u0113los nov\u0113lotu nabassaites fiks\u0101ciju, vai b\u016bs pietiekami daudz asi\u0146u parauga pa\u0146em\u0161anai? - Future Health Biobank Latvia","isPartOf":{"@id":"https:\/\/futurehealthbiobank.com\/lv\/#website"},"datePublished":"2016-08-02T10:58:25+00:00","dateModified":"2017-02-17T11:32:14+00:00","breadcrumb":{"@id":"https:\/\/futurehealthbiobank.com\/lv\/plasaka-informacija-par-cilmes-sunu-uzglabasanu\/ja-es-izvelos-novelotu-nabassaites-fiksaciju-vai-bus-pietiekami-daudz-asinu-parauga-panemsanai\/#breadcrumb"},"inLanguage":"lv-LV","potentialAction":[{"@type":"ReadAction","target":["https:\/\/futurehealthbiobank.com\/lv\/plasaka-informacija-par-cilmes-sunu-uzglabasanu\/ja-es-izvelos-novelotu-nabassaites-fiksaciju-vai-bus-pietiekami-daudz-asinu-parauga-panemsanai\/"]}]},{"@type":"BreadcrumbList","@id":"https:\/\/futurehealthbiobank.com\/lv\/plasaka-informacija-par-cilmes-sunu-uzglabasanu\/ja-es-izvelos-novelotu-nabassaites-fiksaciju-vai-bus-pietiekami-daudz-asinu-parauga-panemsanai\/#breadcrumb","itemListElement":[{"@type":"ListItem","position":1,"name":"S\u0101kums","item":"https:\/\/futurehealthbiobank.com\/lv\/"},{"@type":"ListItem","position":2,"name":"Pla\u0161\u0101ka inform\u0101cija par cilmes \u0161\u016bnu uzglab\u0101\u0161anu","item":"https:\/\/futurehealthbiobank.com\/lv\/plasaka-informacija-par-cilmes-sunu-uzglabasanu\/"},{"@type":"ListItem","position":3,"name":"Ja es izv\u0113los nov\u0113lotu nabassaites fiks\u0101ciju, vai b\u016bs pietiekami daudz asi\u0146u parauga pa\u0146em\u0161anai?"}]},{"@type":"WebSite","@id":"https:\/\/futurehealthbiobank.com\/lv\/#website","url":"https:\/\/futurehealthbiobank.com\/lv\/","name":"Future Health Biobank Latvia","description":"","potentialAction":[{"@type":"SearchAction","target":{"@type":"EntryPoint","urlTemplate":"https:\/\/futurehealthbiobank.com\/lv\/?s={search_term_string}"},"query-input":{"@type":"PropertyValueSpecification","valueRequired":true,"valueName":"search_term_string"}}],"inLanguage":"lv-LV"}]}},"_links":{"self":[{"href":"https:\/\/futurehealthbiobank.com\/lv\/wp-json\/wp\/v2\/pages\/3974","targetHints":{"allow":["GET"]}}],"collection":[{"href":"https:\/\/futurehealthbiobank.com\/lv\/wp-json\/wp\/v2\/pages"}],"about":[{"href":"https:\/\/futurehealthbiobank.com\/lv\/wp-json\/wp\/v2\/types\/page"}],"author":[{"embeddable":true,"href":"https:\/\/futurehealthbiobank.com\/lv\/wp-json\/wp\/v2\/users\/25"}],"replies":[{"embeddable":true,"href":"https:\/\/futurehealthbiobank.com\/lv\/wp-json\/wp\/v2\/comments?post=3974"}],"version-history":[{"count":0,"href":"https:\/\/futurehealthbiobank.com\/lv\/wp-json\/wp\/v2\/pages\/3974\/revisions"}],"up":[{"embeddable":true,"href":"https:\/\/futurehealthbiobank.com\/lv\/wp-json\/wp\/v2\/pages\/3051"}],"wp:attachment":[{"href":"https:\/\/futurehealthbiobank.com\/lv\/wp-json\/wp\/v2\/media?parent=3974"}],"curies":[{"name":"wp","href":"https:\/\/api.w.org\/{rel}","templated":true}]}}