{"id":3991,"date":"2016-08-02T13:59:35","date_gmt":"2016-08-02T12:59:35","guid":{"rendered":"https:\/\/futurehealthbiobank.com\/lv\/?page_id=3991"},"modified":"2017-02-17T13:35:28","modified_gmt":"2017-02-17T12:35:28","slug":"kas-notiek-dabas-katastrofas-gadijuma","status":"publish","type":"page","link":"https:\/\/futurehealthbiobank.com\/lv\/plasaka-informacija-par-cilmes-sunu-uzglabasanu\/kas-notiek-dabas-katastrofas-gadijuma\/","title":{"rendered":"Kas notiek dabas katastrofas gad\u012bjum\u0101?"},"content":{"rendered":"","protected":false},"excerpt":{"rendered":"","protected":false},"author":25,"featured_media":0,"parent":3051,"menu_order":0,"comment_status":"closed","ping_status":"closed","template":"page-page_template.php","meta":{"_acf_changed":false,"footnotes":""},"class_list":["post-3991","page","type-page","status-publish","hentry"],"acf":[],"yoast_head":"<!-- This site is optimized with the Yoast SEO Premium plugin v26.7 (Yoast SEO v26.7) - https:\/\/yoast.com\/wordpress\/plugins\/seo\/ -->\n<title>Kas notiek dabas katastrofas gad\u012bjum\u0101? - Future Health Biobank Latvia<\/title>\n<meta name=\"robots\" content=\"index, follow, max-snippet:-1, max-image-preview:large, max-video-preview:-1\" \/>\n<link rel=\"canonical\" href=\"https:\/\/futurehealthbiobank.com\/lv\/plasaka-informacija-par-cilmes-sunu-uzglabasanu\/kas-notiek-dabas-katastrofas-gadijuma\/\" \/>\n<meta property=\"og:locale\" content=\"lv_LV\" \/>\n<meta property=\"og:type\" content=\"article\" \/>\n<meta property=\"og:title\" content=\"Kas notiek dabas katastrofas gad\u012bjum\u0101?\" \/>\n<meta property=\"og:url\" content=\"https:\/\/futurehealthbiobank.com\/lv\/plasaka-informacija-par-cilmes-sunu-uzglabasanu\/kas-notiek-dabas-katastrofas-gadijuma\/\" \/>\n<meta property=\"og:site_name\" content=\"Future Health Biobank Latvia\" \/>\n<meta property=\"article:modified_time\" content=\"2017-02-17T12:35:28+00:00\" \/>\n<meta name=\"twitter:card\" content=\"summary_large_image\" \/>\n<script type=\"application\/ld+json\" class=\"yoast-schema-graph\">{\"@context\":\"https:\/\/schema.org\",\"@graph\":[{\"@type\":\"WebPage\",\"@id\":\"https:\/\/futurehealthbiobank.com\/lv\/plasaka-informacija-par-cilmes-sunu-uzglabasanu\/kas-notiek-dabas-katastrofas-gadijuma\/\",\"url\":\"https:\/\/futurehealthbiobank.com\/lv\/plasaka-informacija-par-cilmes-sunu-uzglabasanu\/kas-notiek-dabas-katastrofas-gadijuma\/\",\"name\":\"Kas notiek dabas katastrofas gad\u012bjum\u0101? - Future Health Biobank Latvia\",\"isPartOf\":{\"@id\":\"https:\/\/futurehealthbiobank.com\/lv\/#website\"},\"datePublished\":\"2016-08-02T12:59:35+00:00\",\"dateModified\":\"2017-02-17T12:35:28+00:00\",\"breadcrumb\":{\"@id\":\"https:\/\/futurehealthbiobank.com\/lv\/plasaka-informacija-par-cilmes-sunu-uzglabasanu\/kas-notiek-dabas-katastrofas-gadijuma\/#breadcrumb\"},\"inLanguage\":\"lv-LV\",\"potentialAction\":[{\"@type\":\"ReadAction\",\"target\":[\"https:\/\/futurehealthbiobank.com\/lv\/plasaka-informacija-par-cilmes-sunu-uzglabasanu\/kas-notiek-dabas-katastrofas-gadijuma\/\"]}]},{\"@type\":\"BreadcrumbList\",\"@id\":\"https:\/\/futurehealthbiobank.com\/lv\/plasaka-informacija-par-cilmes-sunu-uzglabasanu\/kas-notiek-dabas-katastrofas-gadijuma\/#breadcrumb\",\"itemListElement\":[{\"@type\":\"ListItem\",\"position\":1,\"name\":\"S\u0101kums\",\"item\":\"https:\/\/futurehealthbiobank.com\/lv\/\"},{\"@type\":\"ListItem\",\"position\":2,\"name\":\"Pla\u0161\u0101ka inform\u0101cija par cilmes \u0161\u016bnu uzglab\u0101\u0161anu\",\"item\":\"https:\/\/futurehealthbiobank.com\/lv\/plasaka-informacija-par-cilmes-sunu-uzglabasanu\/\"},{\"@type\":\"ListItem\",\"position\":3,\"name\":\"Kas notiek dabas katastrofas gad\u012bjum\u0101?\"}]},{\"@type\":\"WebSite\",\"@id\":\"https:\/\/futurehealthbiobank.com\/lv\/#website\",\"url\":\"https:\/\/futurehealthbiobank.com\/lv\/\",\"name\":\"Future Health Biobank Latvia\",\"description\":\"\",\"potentialAction\":[{\"@type\":\"SearchAction\",\"target\":{\"@type\":\"EntryPoint\",\"urlTemplate\":\"https:\/\/futurehealthbiobank.com\/lv\/?s={search_term_string}\"},\"query-input\":{\"@type\":\"PropertyValueSpecification\",\"valueRequired\":true,\"valueName\":\"search_term_string\"}}],\"inLanguage\":\"lv-LV\"}]}<\/script>\n<!-- \/ Yoast SEO Premium plugin. -->","yoast_head_json":{"title":"Kas notiek dabas katastrofas gad\u012bjum\u0101? - Future Health Biobank Latvia","robots":{"index":"index","follow":"follow","max-snippet":"max-snippet:-1","max-image-preview":"max-image-preview:large","max-video-preview":"max-video-preview:-1"},"canonical":"https:\/\/futurehealthbiobank.com\/lv\/plasaka-informacija-par-cilmes-sunu-uzglabasanu\/kas-notiek-dabas-katastrofas-gadijuma\/","og_locale":"lv_LV","og_type":"article","og_title":"Kas notiek dabas katastrofas gad\u012bjum\u0101?","og_url":"https:\/\/futurehealthbiobank.com\/lv\/plasaka-informacija-par-cilmes-sunu-uzglabasanu\/kas-notiek-dabas-katastrofas-gadijuma\/","og_site_name":"Future Health Biobank Latvia","article_modified_time":"2017-02-17T12:35:28+00:00","twitter_card":"summary_large_image","schema":{"@context":"https:\/\/schema.org","@graph":[{"@type":"WebPage","@id":"https:\/\/futurehealthbiobank.com\/lv\/plasaka-informacija-par-cilmes-sunu-uzglabasanu\/kas-notiek-dabas-katastrofas-gadijuma\/","url":"https:\/\/futurehealthbiobank.com\/lv\/plasaka-informacija-par-cilmes-sunu-uzglabasanu\/kas-notiek-dabas-katastrofas-gadijuma\/","name":"Kas notiek dabas katastrofas gad\u012bjum\u0101? - Future Health Biobank Latvia","isPartOf":{"@id":"https:\/\/futurehealthbiobank.com\/lv\/#website"},"datePublished":"2016-08-02T12:59:35+00:00","dateModified":"2017-02-17T12:35:28+00:00","breadcrumb":{"@id":"https:\/\/futurehealthbiobank.com\/lv\/plasaka-informacija-par-cilmes-sunu-uzglabasanu\/kas-notiek-dabas-katastrofas-gadijuma\/#breadcrumb"},"inLanguage":"lv-LV","potentialAction":[{"@type":"ReadAction","target":["https:\/\/futurehealthbiobank.com\/lv\/plasaka-informacija-par-cilmes-sunu-uzglabasanu\/kas-notiek-dabas-katastrofas-gadijuma\/"]}]},{"@type":"BreadcrumbList","@id":"https:\/\/futurehealthbiobank.com\/lv\/plasaka-informacija-par-cilmes-sunu-uzglabasanu\/kas-notiek-dabas-katastrofas-gadijuma\/#breadcrumb","itemListElement":[{"@type":"ListItem","position":1,"name":"S\u0101kums","item":"https:\/\/futurehealthbiobank.com\/lv\/"},{"@type":"ListItem","position":2,"name":"Pla\u0161\u0101ka inform\u0101cija par cilmes \u0161\u016bnu uzglab\u0101\u0161anu","item":"https:\/\/futurehealthbiobank.com\/lv\/plasaka-informacija-par-cilmes-sunu-uzglabasanu\/"},{"@type":"ListItem","position":3,"name":"Kas notiek dabas katastrofas gad\u012bjum\u0101?"}]},{"@type":"WebSite","@id":"https:\/\/futurehealthbiobank.com\/lv\/#website","url":"https:\/\/futurehealthbiobank.com\/lv\/","name":"Future Health Biobank Latvia","description":"","potentialAction":[{"@type":"SearchAction","target":{"@type":"EntryPoint","urlTemplate":"https:\/\/futurehealthbiobank.com\/lv\/?s={search_term_string}"},"query-input":{"@type":"PropertyValueSpecification","valueRequired":true,"valueName":"search_term_string"}}],"inLanguage":"lv-LV"}]}},"_links":{"self":[{"href":"https:\/\/futurehealthbiobank.com\/lv\/wp-json\/wp\/v2\/pages\/3991","targetHints":{"allow":["GET"]}}],"collection":[{"href":"https:\/\/futurehealthbiobank.com\/lv\/wp-json\/wp\/v2\/pages"}],"about":[{"href":"https:\/\/futurehealthbiobank.com\/lv\/wp-json\/wp\/v2\/types\/page"}],"author":[{"embeddable":true,"href":"https:\/\/futurehealthbiobank.com\/lv\/wp-json\/wp\/v2\/users\/25"}],"replies":[{"embeddable":true,"href":"https:\/\/futurehealthbiobank.com\/lv\/wp-json\/wp\/v2\/comments?post=3991"}],"version-history":[{"count":1,"href":"https:\/\/futurehealthbiobank.com\/lv\/wp-json\/wp\/v2\/pages\/3991\/revisions"}],"predecessor-version":[{"id":9454,"href":"https:\/\/futurehealthbiobank.com\/lv\/wp-json\/wp\/v2\/pages\/3991\/revisions\/9454"}],"up":[{"embeddable":true,"href":"https:\/\/futurehealthbiobank.com\/lv\/wp-json\/wp\/v2\/pages\/3051"}],"wp:attachment":[{"href":"https:\/\/futurehealthbiobank.com\/lv\/wp-json\/wp\/v2\/media?parent=3991"}],"curies":[{"name":"wp","href":"https:\/\/api.w.org\/{rel}","templated":true}]}}