{"id":7490,"date":"2017-11-07T09:48:05","date_gmt":"2017-11-07T09:48:05","guid":{"rendered":"https:\/\/futurehealthbiobank.com\/?page_id=7375"},"modified":"2021-12-21T14:48:00","modified_gmt":"2021-12-21T12:48:00","slug":"kapec-izveleties-mus","status":"publish","type":"page","link":"https:\/\/futurehealthbiobank.com\/lv\/par-mums\/kapec-izveleties-mus\/","title":{"rendered":"K\u0101p\u0113c izv\u0113l\u0113ties m\u016bs"},"content":{"rendered":"","protected":false},"excerpt":{"rendered":"","protected":false},"author":25,"featured_media":0,"parent":1706,"menu_order":0,"comment_status":"closed","ping_status":"closed","template":"page-whychooseus.php","meta":{"_acf_changed":false,"footnotes":""},"class_list":["post-7490","page","type-page","status-publish","hentry"],"acf":[],"yoast_head":"<!-- This site is optimized with the Yoast SEO Premium plugin v26.7 (Yoast SEO v26.7) - https:\/\/yoast.com\/wordpress\/plugins\/seo\/ -->\n<title>Why choose us | Future Health Biobank<\/title>\n<meta name=\"description\" content=\"Aside from being the UK&#039;s largest, most accredited stem cell bank, there are many more benefits to choosing Future Health Biobank.\" \/>\n<meta name=\"robots\" content=\"index, follow, max-snippet:-1, max-image-preview:large, max-video-preview:-1\" \/>\n<link rel=\"canonical\" href=\"https:\/\/futurehealthbiobank.com\/lv\/par-mums\/kapec-izveleties-mus\/\" \/>\n<meta property=\"og:locale\" content=\"lv_LV\" \/>\n<meta property=\"og:type\" content=\"article\" \/>\n<meta property=\"og:title\" content=\"K\u0101p\u0113c izv\u0113l\u0113ties m\u016bs\" \/>\n<meta property=\"og:url\" content=\"https:\/\/futurehealthbiobank.com\/lv\/par-mums\/kapec-izveleties-mus\/\" \/>\n<meta property=\"og:site_name\" content=\"Future Health Biobank Latvia\" \/>\n<meta property=\"article:modified_time\" content=\"2021-12-21T12:48:00+00:00\" \/>\n<meta name=\"twitter:card\" content=\"summary_large_image\" \/>\n<script type=\"application\/ld+json\" class=\"yoast-schema-graph\">{\"@context\":\"https:\/\/schema.org\",\"@graph\":[{\"@type\":\"WebPage\",\"@id\":\"https:\/\/futurehealthbiobank.com\/lv\/par-mums\/kapec-izveleties-mus\/\",\"url\":\"https:\/\/futurehealthbiobank.com\/lv\/par-mums\/kapec-izveleties-mus\/\",\"name\":\"Why choose us | Future Health Biobank\",\"isPartOf\":{\"@id\":\"https:\/\/futurehealthbiobank.com\/lv\/#website\"},\"datePublished\":\"2017-11-07T09:48:05+00:00\",\"dateModified\":\"2021-12-21T12:48:00+00:00\",\"description\":\"Aside from being the UK's largest, most accredited stem cell bank, there are many more benefits to choosing Future Health Biobank.\",\"breadcrumb\":{\"@id\":\"https:\/\/futurehealthbiobank.com\/lv\/par-mums\/kapec-izveleties-mus\/#breadcrumb\"},\"inLanguage\":\"lv-LV\",\"potentialAction\":[{\"@type\":\"ReadAction\",\"target\":[\"https:\/\/futurehealthbiobank.com\/lv\/par-mums\/kapec-izveleties-mus\/\"]}]},{\"@type\":\"BreadcrumbList\",\"@id\":\"https:\/\/futurehealthbiobank.com\/lv\/par-mums\/kapec-izveleties-mus\/#breadcrumb\",\"itemListElement\":[{\"@type\":\"ListItem\",\"position\":1,\"name\":\"S\u0101kums\",\"item\":\"https:\/\/futurehealthbiobank.com\/lv\/\"},{\"@type\":\"ListItem\",\"position\":2,\"name\":\"Par mums\",\"item\":\"https:\/\/futurehealthbiobank.com\/lv\/par-mums\/\"},{\"@type\":\"ListItem\",\"position\":3,\"name\":\"K\u0101p\u0113c izv\u0113l\u0113ties m\u016bs\"}]},{\"@type\":\"WebSite\",\"@id\":\"https:\/\/futurehealthbiobank.com\/lv\/#website\",\"url\":\"https:\/\/futurehealthbiobank.com\/lv\/\",\"name\":\"Future Health Biobank Latvia\",\"description\":\"\",\"potentialAction\":[{\"@type\":\"SearchAction\",\"target\":{\"@type\":\"EntryPoint\",\"urlTemplate\":\"https:\/\/futurehealthbiobank.com\/lv\/?s={search_term_string}\"},\"query-input\":{\"@type\":\"PropertyValueSpecification\",\"valueRequired\":true,\"valueName\":\"search_term_string\"}}],\"inLanguage\":\"lv-LV\"}]}<\/script>\n<!-- \/ Yoast SEO Premium plugin. -->","yoast_head_json":{"title":"Why choose us | Future Health Biobank","description":"Aside from being the UK's largest, most accredited stem cell bank, there are many more benefits to choosing Future Health Biobank.","robots":{"index":"index","follow":"follow","max-snippet":"max-snippet:-1","max-image-preview":"max-image-preview:large","max-video-preview":"max-video-preview:-1"},"canonical":"https:\/\/futurehealthbiobank.com\/lv\/par-mums\/kapec-izveleties-mus\/","og_locale":"lv_LV","og_type":"article","og_title":"K\u0101p\u0113c izv\u0113l\u0113ties m\u016bs","og_url":"https:\/\/futurehealthbiobank.com\/lv\/par-mums\/kapec-izveleties-mus\/","og_site_name":"Future Health Biobank Latvia","article_modified_time":"2021-12-21T12:48:00+00:00","twitter_card":"summary_large_image","schema":{"@context":"https:\/\/schema.org","@graph":[{"@type":"WebPage","@id":"https:\/\/futurehealthbiobank.com\/lv\/par-mums\/kapec-izveleties-mus\/","url":"https:\/\/futurehealthbiobank.com\/lv\/par-mums\/kapec-izveleties-mus\/","name":"Why choose us | Future Health Biobank","isPartOf":{"@id":"https:\/\/futurehealthbiobank.com\/lv\/#website"},"datePublished":"2017-11-07T09:48:05+00:00","dateModified":"2021-12-21T12:48:00+00:00","description":"Aside from being the UK's largest, most accredited stem cell bank, there are many more benefits to choosing Future Health Biobank.","breadcrumb":{"@id":"https:\/\/futurehealthbiobank.com\/lv\/par-mums\/kapec-izveleties-mus\/#breadcrumb"},"inLanguage":"lv-LV","potentialAction":[{"@type":"ReadAction","target":["https:\/\/futurehealthbiobank.com\/lv\/par-mums\/kapec-izveleties-mus\/"]}]},{"@type":"BreadcrumbList","@id":"https:\/\/futurehealthbiobank.com\/lv\/par-mums\/kapec-izveleties-mus\/#breadcrumb","itemListElement":[{"@type":"ListItem","position":1,"name":"S\u0101kums","item":"https:\/\/futurehealthbiobank.com\/lv\/"},{"@type":"ListItem","position":2,"name":"Par mums","item":"https:\/\/futurehealthbiobank.com\/lv\/par-mums\/"},{"@type":"ListItem","position":3,"name":"K\u0101p\u0113c izv\u0113l\u0113ties m\u016bs"}]},{"@type":"WebSite","@id":"https:\/\/futurehealthbiobank.com\/lv\/#website","url":"https:\/\/futurehealthbiobank.com\/lv\/","name":"Future Health Biobank Latvia","description":"","potentialAction":[{"@type":"SearchAction","target":{"@type":"EntryPoint","urlTemplate":"https:\/\/futurehealthbiobank.com\/lv\/?s={search_term_string}"},"query-input":{"@type":"PropertyValueSpecification","valueRequired":true,"valueName":"search_term_string"}}],"inLanguage":"lv-LV"}]}},"_links":{"self":[{"href":"https:\/\/futurehealthbiobank.com\/lv\/wp-json\/wp\/v2\/pages\/7490","targetHints":{"allow":["GET"]}}],"collection":[{"href":"https:\/\/futurehealthbiobank.com\/lv\/wp-json\/wp\/v2\/pages"}],"about":[{"href":"https:\/\/futurehealthbiobank.com\/lv\/wp-json\/wp\/v2\/types\/page"}],"author":[{"embeddable":true,"href":"https:\/\/futurehealthbiobank.com\/lv\/wp-json\/wp\/v2\/users\/25"}],"replies":[{"embeddable":true,"href":"https:\/\/futurehealthbiobank.com\/lv\/wp-json\/wp\/v2\/comments?post=7490"}],"version-history":[{"count":0,"href":"https:\/\/futurehealthbiobank.com\/lv\/wp-json\/wp\/v2\/pages\/7490\/revisions"}],"up":[{"embeddable":true,"href":"https:\/\/futurehealthbiobank.com\/lv\/wp-json\/wp\/v2\/pages\/1706"}],"wp:attachment":[{"href":"https:\/\/futurehealthbiobank.com\/lv\/wp-json\/wp\/v2\/media?parent=7490"}],"curies":[{"name":"wp","href":"https:\/\/api.w.org\/{rel}","templated":true}]}}