{"id":891,"date":"2016-05-10T11:37:17","date_gmt":"2016-05-10T10:37:17","guid":{"rendered":"https:\/\/futurehealthbiobank.com\/pt\/?page_id=891"},"modified":"2025-06-26T09:01:21","modified_gmt":"2025-06-26T08:01:21","slug":"contacte-nos","status":"publish","type":"page","link":"https:\/\/futurehealthbiobank.com\/pt\/contacte-nos\/","title":{"rendered":"Contacte-nos"},"content":{"rendered":"<div class=\"helpful-block-content wth-theme-thumbs\" data-title=\"\">\n<ul>\n<li><span class=\"wth-title\">Isto foi \u00fatil?<\/span><\/li>\n<li><a data-post=\"891\" data-post-url=\"https:\/\/futurehealthbiobank.com\/pt\/contacte-nos\/\" data-post-title=\"Contacte-nos\" data-response=\"1\" href=\"#\" class=\"wth-green-btn icon-thumbs-o-up icon1-thumbs-o-up\">Sim<\/a><a data-response=\"0\" data-post=\"891\" data-post-url=\"https:\/\/futurehealthbiobank.com\/pt\/contacte-nos\/\" data-post-title=\"Contacte-nos\" href=\"#\" class=\"wth-red-btn icon-thumbs-o-down icon1-thumbs-o-down\">N\u00e3o<\/a><\/li>\n<\/ul>\n<\/div>","protected":false},"excerpt":{"rendered":"<p>Isto foi \u00fatil? SimN\u00e3o<\/p>\n","protected":false},"author":25,"featured_media":0,"parent":0,"menu_order":0,"comment_status":"closed","ping_status":"closed","template":"page-contact.php","meta":{"_acf_changed":false,"footnotes":""},"class_list":["post-891","page","type-page","status-publish","hentry"],"acf":[],"yoast_head":"<!-- This site is optimized with the Yoast SEO Premium plugin v26.7 (Yoast SEO v26.7) - https:\/\/yoast.com\/wordpress\/plugins\/seo\/ -->\n<title>Contacte-nos | contacte-nos e esclare\u00e7a as suas quest\u00f5es<\/title>\n<meta name=\"description\" content=\"Para quest\u00f5es ou mais informa\u00e7\u00f5es sobre os nossos servi\u00e7os contacte a nossa atenta equipa de apoio ao cliente, preencha o formul\u00e1rio ou ligue 800 104 480\" \/>\n<meta name=\"robots\" content=\"index, follow, max-snippet:-1, max-image-preview:large, max-video-preview:-1\" \/>\n<link rel=\"canonical\" href=\"https:\/\/futurehealthbiobank.com\/pt\/contacte-nos\/\" \/>\n<meta property=\"og:locale\" content=\"pt_PT\" \/>\n<meta property=\"og:type\" content=\"article\" \/>\n<meta property=\"og:title\" content=\"Contacte-nos\" \/>\n<meta property=\"og:url\" content=\"https:\/\/futurehealthbiobank.com\/pt\/contacte-nos\/\" \/>\n<meta property=\"og:site_name\" content=\"Future Health Biobank Portugal\" \/>\n<meta property=\"article:modified_time\" content=\"2025-06-26T08:01:21+00:00\" \/>\n<meta name=\"twitter:card\" content=\"summary_large_image\" \/>\n<meta name=\"twitter:label1\" content=\"Tempo estimado de leitura\" \/>\n\t<meta name=\"twitter:data1\" content=\"1 minuto\" \/>\n<script type=\"application\/ld+json\" class=\"yoast-schema-graph\">{\"@context\":\"https:\/\/schema.org\",\"@graph\":[{\"@type\":\"WebPage\",\"@id\":\"https:\/\/futurehealthbiobank.com\/pt\/contacte-nos\/\",\"url\":\"https:\/\/futurehealthbiobank.com\/pt\/contacte-nos\/\",\"name\":\"Contacte-nos | contacte-nos e esclare\u00e7a as suas quest\u00f5es\",\"isPartOf\":{\"@id\":\"https:\/\/futurehealthbiobank.com\/pt\/#website\"},\"datePublished\":\"2016-05-10T10:37:17+00:00\",\"dateModified\":\"2025-06-26T08:01:21+00:00\",\"description\":\"Para quest\u00f5es ou mais informa\u00e7\u00f5es sobre os nossos servi\u00e7os contacte a nossa atenta equipa de apoio ao cliente, preencha o formul\u00e1rio ou ligue 800 104 480\",\"breadcrumb\":{\"@id\":\"https:\/\/futurehealthbiobank.com\/pt\/contacte-nos\/#breadcrumb\"},\"inLanguage\":\"pt-PT\",\"potentialAction\":[{\"@type\":\"ReadAction\",\"target\":[\"https:\/\/futurehealthbiobank.com\/pt\/contacte-nos\/\"]}]},{\"@type\":\"BreadcrumbList\",\"@id\":\"https:\/\/futurehealthbiobank.com\/pt\/contacte-nos\/#breadcrumb\",\"itemListElement\":[{\"@type\":\"ListItem\",\"position\":1,\"name\":\"In\u00edcio\",\"item\":\"https:\/\/futurehealthbiobank.com\/pt\/\"},{\"@type\":\"ListItem\",\"position\":2,\"name\":\"Contacte-nos\"}]},{\"@type\":\"WebSite\",\"@id\":\"https:\/\/futurehealthbiobank.com\/pt\/#website\",\"url\":\"https:\/\/futurehealthbiobank.com\/pt\/\",\"name\":\"Future Health Biobank Portugal\",\"description\":\"\",\"publisher\":{\"@id\":\"https:\/\/futurehealthbiobank.com\/pt\/#organization\"},\"potentialAction\":[{\"@type\":\"SearchAction\",\"target\":{\"@type\":\"EntryPoint\",\"urlTemplate\":\"https:\/\/futurehealthbiobank.com\/pt\/?s={search_term_string}\"},\"query-input\":{\"@type\":\"PropertyValueSpecification\",\"valueRequired\":true,\"valueName\":\"search_term_string\"}}],\"inLanguage\":\"pt-PT\"},{\"@type\":\"Organization\",\"@id\":\"https:\/\/futurehealthbiobank.com\/pt\/#organization\",\"name\":\"Future Health Biobank\",\"url\":\"https:\/\/futurehealthbiobank.com\/pt\/\",\"logo\":{\"@type\":\"ImageObject\",\"inLanguage\":\"pt-PT\",\"@id\":\"https:\/\/futurehealthbiobank.com\/pt\/#\/schema\/logo\/image\/\",\"url\":\"https:\/\/futurehealthbiobank.com\/pt\/wp-content\/uploads\/sites\/10\/2016\/05\/future-health-biobank.svg\",\"contentUrl\":\"https:\/\/futurehealthbiobank.com\/pt\/wp-content\/uploads\/sites\/10\/2016\/05\/future-health-biobank.svg\",\"width\":1,\"height\":1,\"caption\":\"Future Health Biobank\"},\"image\":{\"@id\":\"https:\/\/futurehealthbiobank.com\/pt\/#\/schema\/logo\/image\/\"}}]}<\/script>\n<!-- \/ Yoast SEO Premium plugin. -->","yoast_head_json":{"title":"Contacte-nos | contacte-nos e esclare\u00e7a as suas quest\u00f5es","description":"Para quest\u00f5es ou mais informa\u00e7\u00f5es sobre os nossos servi\u00e7os contacte a nossa atenta equipa de apoio ao cliente, preencha o formul\u00e1rio ou ligue 800 104 480","robots":{"index":"index","follow":"follow","max-snippet":"max-snippet:-1","max-image-preview":"max-image-preview:large","max-video-preview":"max-video-preview:-1"},"canonical":"https:\/\/futurehealthbiobank.com\/pt\/contacte-nos\/","og_locale":"pt_PT","og_type":"article","og_title":"Contacte-nos","og_url":"https:\/\/futurehealthbiobank.com\/pt\/contacte-nos\/","og_site_name":"Future Health Biobank Portugal","article_modified_time":"2025-06-26T08:01:21+00:00","twitter_card":"summary_large_image","twitter_misc":{"Tempo estimado de leitura":"1 minuto"},"schema":{"@context":"https:\/\/schema.org","@graph":[{"@type":"WebPage","@id":"https:\/\/futurehealthbiobank.com\/pt\/contacte-nos\/","url":"https:\/\/futurehealthbiobank.com\/pt\/contacte-nos\/","name":"Contacte-nos | contacte-nos e esclare\u00e7a as suas quest\u00f5es","isPartOf":{"@id":"https:\/\/futurehealthbiobank.com\/pt\/#website"},"datePublished":"2016-05-10T10:37:17+00:00","dateModified":"2025-06-26T08:01:21+00:00","description":"Para quest\u00f5es ou mais informa\u00e7\u00f5es sobre os nossos servi\u00e7os contacte a nossa atenta equipa de apoio ao cliente, preencha o formul\u00e1rio ou ligue 800 104 480","breadcrumb":{"@id":"https:\/\/futurehealthbiobank.com\/pt\/contacte-nos\/#breadcrumb"},"inLanguage":"pt-PT","potentialAction":[{"@type":"ReadAction","target":["https:\/\/futurehealthbiobank.com\/pt\/contacte-nos\/"]}]},{"@type":"BreadcrumbList","@id":"https:\/\/futurehealthbiobank.com\/pt\/contacte-nos\/#breadcrumb","itemListElement":[{"@type":"ListItem","position":1,"name":"In\u00edcio","item":"https:\/\/futurehealthbiobank.com\/pt\/"},{"@type":"ListItem","position":2,"name":"Contacte-nos"}]},{"@type":"WebSite","@id":"https:\/\/futurehealthbiobank.com\/pt\/#website","url":"https:\/\/futurehealthbiobank.com\/pt\/","name":"Future Health Biobank Portugal","description":"","publisher":{"@id":"https:\/\/futurehealthbiobank.com\/pt\/#organization"},"potentialAction":[{"@type":"SearchAction","target":{"@type":"EntryPoint","urlTemplate":"https:\/\/futurehealthbiobank.com\/pt\/?s={search_term_string}"},"query-input":{"@type":"PropertyValueSpecification","valueRequired":true,"valueName":"search_term_string"}}],"inLanguage":"pt-PT"},{"@type":"Organization","@id":"https:\/\/futurehealthbiobank.com\/pt\/#organization","name":"Future Health Biobank","url":"https:\/\/futurehealthbiobank.com\/pt\/","logo":{"@type":"ImageObject","inLanguage":"pt-PT","@id":"https:\/\/futurehealthbiobank.com\/pt\/#\/schema\/logo\/image\/","url":"https:\/\/futurehealthbiobank.com\/pt\/wp-content\/uploads\/sites\/10\/2016\/05\/future-health-biobank.svg","contentUrl":"https:\/\/futurehealthbiobank.com\/pt\/wp-content\/uploads\/sites\/10\/2016\/05\/future-health-biobank.svg","width":1,"height":1,"caption":"Future Health Biobank"},"image":{"@id":"https:\/\/futurehealthbiobank.com\/pt\/#\/schema\/logo\/image\/"}}]}},"_links":{"self":[{"href":"https:\/\/futurehealthbiobank.com\/pt\/wp-json\/wp\/v2\/pages\/891","targetHints":{"allow":["GET"]}}],"collection":[{"href":"https:\/\/futurehealthbiobank.com\/pt\/wp-json\/wp\/v2\/pages"}],"about":[{"href":"https:\/\/futurehealthbiobank.com\/pt\/wp-json\/wp\/v2\/types\/page"}],"author":[{"embeddable":true,"href":"https:\/\/futurehealthbiobank.com\/pt\/wp-json\/wp\/v2\/users\/25"}],"replies":[{"embeddable":true,"href":"https:\/\/futurehealthbiobank.com\/pt\/wp-json\/wp\/v2\/comments?post=891"}],"version-history":[{"count":1,"href":"https:\/\/futurehealthbiobank.com\/pt\/wp-json\/wp\/v2\/pages\/891\/revisions"}],"predecessor-version":[{"id":32982,"href":"https:\/\/futurehealthbiobank.com\/pt\/wp-json\/wp\/v2\/pages\/891\/revisions\/32982"}],"wp:attachment":[{"href":"https:\/\/futurehealthbiobank.com\/pt\/wp-json\/wp\/v2\/media?parent=891"}],"curies":[{"name":"wp","href":"https:\/\/api.w.org\/{rel}","templated":true}]}}