{"id":960,"date":"2019-10-01T16:46:16","date_gmt":"2019-10-01T15:46:16","guid":{"rendered":"http:\/\/fhbb.staging.wpengine.com\/pt\/?page_id=960"},"modified":"2022-11-03T08:23:09","modified_gmt":"2022-11-03T08:23:09","slug":"precos-vision-teste-pre-natal-nao-invasivo","status":"publish","type":"page","link":"https:\/\/futurehealthbiobank.com\/pt\/precos-vision-teste-pre-natal-nao-invasivo\/","title":{"rendered":"Vision &#8211; Teste pr\u00e9-natal n\u00e3o invasivo"},"content":{"rendered":"<div class=\"helpful-block-content wth-theme-thumbs\" data-title=\"\">\n<ul>\n<li><span class=\"wth-title\">Isto foi \u00fatil?<\/span><\/li>\n<li><a data-post=\"960\" data-post-url=\"https:\/\/futurehealthbiobank.com\/pt\/precos-vision-teste-pre-natal-nao-invasivo\/\" data-post-title=\"Vision &#8211; Teste pr\u00e9-natal n\u00e3o invasivo\" data-response=\"1\" href=\"#\" class=\"wth-green-btn icon-thumbs-o-up icon1-thumbs-o-up\">Sim<\/a><a data-response=\"0\" data-post=\"960\" data-post-url=\"https:\/\/futurehealthbiobank.com\/pt\/precos-vision-teste-pre-natal-nao-invasivo\/\" data-post-title=\"Vision &#8211; Teste pr\u00e9-natal n\u00e3o invasivo\" href=\"#\" class=\"wth-red-btn icon-thumbs-o-down icon1-thumbs-o-down\">N\u00e3o<\/a><\/li>\n<\/ul>\n<\/div>","protected":false},"excerpt":{"rendered":"<p>Isto foi \u00fatil? SimN\u00e3o<\/p>\n","protected":false},"author":25,"featured_media":0,"parent":0,"menu_order":0,"comment_status":"closed","ping_status":"closed","template":"page-visionpricing.php","meta":{"_acf_changed":false,"footnotes":""},"class_list":["post-960","page","type-page","status-publish","hentry"],"acf":[],"yoast_head":"<!-- This site is optimized with the Yoast SEO Premium plugin v26.7 (Yoast SEO v26.7) - https:\/\/yoast.com\/wordpress\/plugins\/seo\/ -->\n<title>Pre\u00e7o do teste pr\u00e9-natal n\u00e3o invasivo (TPNI) | Future Health Biobank<\/title>\n<meta name=\"description\" content=\"Nossos pre\u00e7os de teste pr\u00e9-natal n\u00e3o invasivos que detectam tr\u00eas condi\u00e7\u00f5es, incluindo a s\u00edndrome de Down. Veja as possibilidades de pagamento por etapas sem juros\" \/>\n<meta name=\"robots\" content=\"index, follow, max-snippet:-1, max-image-preview:large, max-video-preview:-1\" \/>\n<link rel=\"canonical\" href=\"https:\/\/futurehealthbiobank.com\/pt\/precos-vision-teste-pre-natal-nao-invasivo\/\" \/>\n<meta property=\"og:locale\" content=\"pt_PT\" \/>\n<meta property=\"og:type\" content=\"article\" \/>\n<meta property=\"og:title\" content=\"Vision - Teste pr\u00e9-natal n\u00e3o invasivo\" \/>\n<meta property=\"og:url\" content=\"https:\/\/futurehealthbiobank.com\/pt\/precos-vision-teste-pre-natal-nao-invasivo\/\" \/>\n<meta property=\"og:site_name\" content=\"Future Health Biobank Portugal\" \/>\n<meta property=\"article:modified_time\" content=\"2022-11-03T08:23:09+00:00\" \/>\n<meta name=\"twitter:card\" content=\"summary_large_image\" \/>\n<script type=\"application\/ld+json\" class=\"yoast-schema-graph\">{\"@context\":\"https:\/\/schema.org\",\"@graph\":[{\"@type\":\"WebPage\",\"@id\":\"https:\/\/futurehealthbiobank.com\/pt\/precos-vision-teste-pre-natal-nao-invasivo\/\",\"url\":\"https:\/\/futurehealthbiobank.com\/pt\/precos-vision-teste-pre-natal-nao-invasivo\/\",\"name\":\"Pre\u00e7o do teste pr\u00e9-natal n\u00e3o invasivo (TPNI) | Future Health Biobank\",\"isPartOf\":{\"@id\":\"https:\/\/futurehealthbiobank.com\/pt\/#website\"},\"datePublished\":\"2019-10-01T15:46:16+00:00\",\"dateModified\":\"2022-11-03T08:23:09+00:00\",\"description\":\"Nossos pre\u00e7os de teste pr\u00e9-natal n\u00e3o invasivos que detectam tr\u00eas condi\u00e7\u00f5es, incluindo a s\u00edndrome de Down. Veja as possibilidades de pagamento por etapas sem juros\",\"breadcrumb\":{\"@id\":\"https:\/\/futurehealthbiobank.com\/pt\/precos-vision-teste-pre-natal-nao-invasivo\/#breadcrumb\"},\"inLanguage\":\"pt-PT\",\"potentialAction\":[{\"@type\":\"ReadAction\",\"target\":[\"https:\/\/futurehealthbiobank.com\/pt\/precos-vision-teste-pre-natal-nao-invasivo\/\"]}]},{\"@type\":\"BreadcrumbList\",\"@id\":\"https:\/\/futurehealthbiobank.com\/pt\/precos-vision-teste-pre-natal-nao-invasivo\/#breadcrumb\",\"itemListElement\":[{\"@type\":\"ListItem\",\"position\":1,\"name\":\"In\u00edcio\",\"item\":\"https:\/\/futurehealthbiobank.com\/pt\/\"},{\"@type\":\"ListItem\",\"position\":2,\"name\":\"Vision &#8211; Teste pr\u00e9-natal n\u00e3o invasivo\"}]},{\"@type\":\"WebSite\",\"@id\":\"https:\/\/futurehealthbiobank.com\/pt\/#website\",\"url\":\"https:\/\/futurehealthbiobank.com\/pt\/\",\"name\":\"Future Health Biobank Portugal\",\"description\":\"\",\"publisher\":{\"@id\":\"https:\/\/futurehealthbiobank.com\/pt\/#organization\"},\"potentialAction\":[{\"@type\":\"SearchAction\",\"target\":{\"@type\":\"EntryPoint\",\"urlTemplate\":\"https:\/\/futurehealthbiobank.com\/pt\/?s={search_term_string}\"},\"query-input\":{\"@type\":\"PropertyValueSpecification\",\"valueRequired\":true,\"valueName\":\"search_term_string\"}}],\"inLanguage\":\"pt-PT\"},{\"@type\":\"Organization\",\"@id\":\"https:\/\/futurehealthbiobank.com\/pt\/#organization\",\"name\":\"Future Health Biobank\",\"url\":\"https:\/\/futurehealthbiobank.com\/pt\/\",\"logo\":{\"@type\":\"ImageObject\",\"inLanguage\":\"pt-PT\",\"@id\":\"https:\/\/futurehealthbiobank.com\/pt\/#\/schema\/logo\/image\/\",\"url\":\"https:\/\/futurehealthbiobank.com\/pt\/wp-content\/uploads\/sites\/10\/2016\/05\/future-health-biobank.svg\",\"contentUrl\":\"https:\/\/futurehealthbiobank.com\/pt\/wp-content\/uploads\/sites\/10\/2016\/05\/future-health-biobank.svg\",\"width\":1,\"height\":1,\"caption\":\"Future Health Biobank\"},\"image\":{\"@id\":\"https:\/\/futurehealthbiobank.com\/pt\/#\/schema\/logo\/image\/\"}}]}<\/script>\n<!-- \/ Yoast SEO Premium plugin. -->","yoast_head_json":{"title":"Pre\u00e7o do teste pr\u00e9-natal n\u00e3o invasivo (TPNI) | Future Health Biobank","description":"Nossos pre\u00e7os de teste pr\u00e9-natal n\u00e3o invasivos que detectam tr\u00eas condi\u00e7\u00f5es, incluindo a s\u00edndrome de Down. Veja as possibilidades de pagamento por etapas sem juros","robots":{"index":"index","follow":"follow","max-snippet":"max-snippet:-1","max-image-preview":"max-image-preview:large","max-video-preview":"max-video-preview:-1"},"canonical":"https:\/\/futurehealthbiobank.com\/pt\/precos-vision-teste-pre-natal-nao-invasivo\/","og_locale":"pt_PT","og_type":"article","og_title":"Vision - Teste pr\u00e9-natal n\u00e3o invasivo","og_url":"https:\/\/futurehealthbiobank.com\/pt\/precos-vision-teste-pre-natal-nao-invasivo\/","og_site_name":"Future Health Biobank Portugal","article_modified_time":"2022-11-03T08:23:09+00:00","twitter_card":"summary_large_image","schema":{"@context":"https:\/\/schema.org","@graph":[{"@type":"WebPage","@id":"https:\/\/futurehealthbiobank.com\/pt\/precos-vision-teste-pre-natal-nao-invasivo\/","url":"https:\/\/futurehealthbiobank.com\/pt\/precos-vision-teste-pre-natal-nao-invasivo\/","name":"Pre\u00e7o do teste pr\u00e9-natal n\u00e3o invasivo (TPNI) | Future Health Biobank","isPartOf":{"@id":"https:\/\/futurehealthbiobank.com\/pt\/#website"},"datePublished":"2019-10-01T15:46:16+00:00","dateModified":"2022-11-03T08:23:09+00:00","description":"Nossos pre\u00e7os de teste pr\u00e9-natal n\u00e3o invasivos que detectam tr\u00eas condi\u00e7\u00f5es, incluindo a s\u00edndrome de Down. Veja as possibilidades de pagamento por etapas sem juros","breadcrumb":{"@id":"https:\/\/futurehealthbiobank.com\/pt\/precos-vision-teste-pre-natal-nao-invasivo\/#breadcrumb"},"inLanguage":"pt-PT","potentialAction":[{"@type":"ReadAction","target":["https:\/\/futurehealthbiobank.com\/pt\/precos-vision-teste-pre-natal-nao-invasivo\/"]}]},{"@type":"BreadcrumbList","@id":"https:\/\/futurehealthbiobank.com\/pt\/precos-vision-teste-pre-natal-nao-invasivo\/#breadcrumb","itemListElement":[{"@type":"ListItem","position":1,"name":"In\u00edcio","item":"https:\/\/futurehealthbiobank.com\/pt\/"},{"@type":"ListItem","position":2,"name":"Vision &#8211; Teste pr\u00e9-natal n\u00e3o invasivo"}]},{"@type":"WebSite","@id":"https:\/\/futurehealthbiobank.com\/pt\/#website","url":"https:\/\/futurehealthbiobank.com\/pt\/","name":"Future Health Biobank Portugal","description":"","publisher":{"@id":"https:\/\/futurehealthbiobank.com\/pt\/#organization"},"potentialAction":[{"@type":"SearchAction","target":{"@type":"EntryPoint","urlTemplate":"https:\/\/futurehealthbiobank.com\/pt\/?s={search_term_string}"},"query-input":{"@type":"PropertyValueSpecification","valueRequired":true,"valueName":"search_term_string"}}],"inLanguage":"pt-PT"},{"@type":"Organization","@id":"https:\/\/futurehealthbiobank.com\/pt\/#organization","name":"Future Health Biobank","url":"https:\/\/futurehealthbiobank.com\/pt\/","logo":{"@type":"ImageObject","inLanguage":"pt-PT","@id":"https:\/\/futurehealthbiobank.com\/pt\/#\/schema\/logo\/image\/","url":"https:\/\/futurehealthbiobank.com\/pt\/wp-content\/uploads\/sites\/10\/2016\/05\/future-health-biobank.svg","contentUrl":"https:\/\/futurehealthbiobank.com\/pt\/wp-content\/uploads\/sites\/10\/2016\/05\/future-health-biobank.svg","width":1,"height":1,"caption":"Future Health Biobank"},"image":{"@id":"https:\/\/futurehealthbiobank.com\/pt\/#\/schema\/logo\/image\/"}}]}},"_links":{"self":[{"href":"https:\/\/futurehealthbiobank.com\/pt\/wp-json\/wp\/v2\/pages\/960","targetHints":{"allow":["GET"]}}],"collection":[{"href":"https:\/\/futurehealthbiobank.com\/pt\/wp-json\/wp\/v2\/pages"}],"about":[{"href":"https:\/\/futurehealthbiobank.com\/pt\/wp-json\/wp\/v2\/types\/page"}],"author":[{"embeddable":true,"href":"https:\/\/futurehealthbiobank.com\/pt\/wp-json\/wp\/v2\/users\/25"}],"replies":[{"embeddable":true,"href":"https:\/\/futurehealthbiobank.com\/pt\/wp-json\/wp\/v2\/comments?post=960"}],"version-history":[{"count":0,"href":"https:\/\/futurehealthbiobank.com\/pt\/wp-json\/wp\/v2\/pages\/960\/revisions"}],"wp:attachment":[{"href":"https:\/\/futurehealthbiobank.com\/pt\/wp-json\/wp\/v2\/media?parent=960"}],"curies":[{"name":"wp","href":"https:\/\/api.w.org\/{rel}","templated":true}]}}