

{"id":1002,"date":"2016-09-07T11:42:51","date_gmt":"2016-09-07T09:42:51","guid":{"rendered":"https:\/\/futurehealthbiobank.com\/rs\/?page_id=1002"},"modified":"2016-10-18T15:40:28","modified_gmt":"2016-10-18T13:40:28","slug":"sta-je-standardna-zapremina-prikupljene-krvi-i-koliko-maticnih-celija-moze-da-sadrzi","status":"publish","type":"page","link":"https:\/\/futurehealthbiobank.com\/rs\/panel-za-pruzanje-saveta-o-cuvanju-maticnih-celija\/sta-je-standardna-zapremina-prikupljene-krvi-i-koliko-maticnih-celija-moze-da-sadrzi\/","title":{"rendered":"\u0160ta je standardna zapremina  prikupljene krvi i koliko mati\u010dnih \u0107elija mo\u017ee da sadr\u017ei?"},"content":{"rendered":"","protected":false},"excerpt":{"rendered":"","protected":false},"author":25,"featured_media":0,"parent":610,"menu_order":0,"comment_status":"closed","ping_status":"closed","template":"page-page_template.php","meta":{"_acf_changed":false,"footnotes":""},"class_list":["post-1002","page","type-page","status-publish","hentry"],"acf":[],"yoast_head":"<!-- This site is optimized with the Yoast SEO Premium plugin v26.7 (Yoast SEO v26.7) - https:\/\/yoast.com\/wordpress\/plugins\/seo\/ -->\n<title>Panel za pru\u017eanje saveta | standardna zapremina<\/title>\n<meta name=\"description\" content=\"Tipi\u010dan uzorak krvi iz pup\u010danika \u0107e sadr\u017eati zapreminu u opsegu izme\u0111u 20ml do 60ml...\" \/>\n<meta name=\"robots\" content=\"index, follow, max-snippet:-1, max-image-preview:large, max-video-preview:-1\" \/>\n<link rel=\"canonical\" href=\"https:\/\/futurehealthbiobank.com\/rs\/panel-za-pruzanje-saveta-o-cuvanju-maticnih-celija\/sta-je-standardna-zapremina-prikupljene-krvi-i-koliko-maticnih-celija-moze-da-sadrzi\/\" \/>\n<meta property=\"og:locale\" content=\"sr_RS\" \/>\n<meta property=\"og:type\" content=\"article\" \/>\n<meta property=\"og:title\" content=\"\u0160ta je standardna zapremina prikupljene krvi i koliko mati\u010dnih \u0107elija mo\u017ee da sadr\u017ei?\" \/>\n<meta property=\"og:description\" content=\"Tipi\u010dan uzorak krvi iz pup\u010danika \u0107e sadr\u017eati zapreminu u opsegu izme\u0111u 20ml do 60ml...\" \/>\n<meta property=\"og:url\" content=\"https:\/\/futurehealthbiobank.com\/rs\/panel-za-pruzanje-saveta-o-cuvanju-maticnih-celija\/sta-je-standardna-zapremina-prikupljene-krvi-i-koliko-maticnih-celija-moze-da-sadrzi\/\" \/>\n<meta property=\"og:site_name\" content=\"Future Health Biobank Serbia\" \/>\n<meta property=\"article:modified_time\" content=\"2016-10-18T13:40:28+00:00\" \/>\n<meta name=\"twitter:card\" content=\"summary_large_image\" \/>\n<script type=\"application\/ld+json\" class=\"yoast-schema-graph\">{\"@context\":\"https:\/\/schema.org\",\"@graph\":[{\"@type\":\"WebPage\",\"@id\":\"https:\/\/futurehealthbiobank.com\/rs\/panel-za-pruzanje-saveta-o-cuvanju-maticnih-celija\/sta-je-standardna-zapremina-prikupljene-krvi-i-koliko-maticnih-celija-moze-da-sadrzi\/\",\"url\":\"https:\/\/futurehealthbiobank.com\/rs\/panel-za-pruzanje-saveta-o-cuvanju-maticnih-celija\/sta-je-standardna-zapremina-prikupljene-krvi-i-koliko-maticnih-celija-moze-da-sadrzi\/\",\"name\":\"Panel za pru\u017eanje saveta | standardna zapremina\",\"isPartOf\":{\"@id\":\"https:\/\/futurehealthbiobank.com\/rs\/#website\"},\"datePublished\":\"2016-09-07T09:42:51+00:00\",\"dateModified\":\"2016-10-18T13:40:28+00:00\",\"description\":\"Tipi\u010dan uzorak krvi iz pup\u010danika \u0107e sadr\u017eati zapreminu u opsegu izme\u0111u 20ml do 60ml...\",\"breadcrumb\":{\"@id\":\"https:\/\/futurehealthbiobank.com\/rs\/panel-za-pruzanje-saveta-o-cuvanju-maticnih-celija\/sta-je-standardna-zapremina-prikupljene-krvi-i-koliko-maticnih-celija-moze-da-sadrzi\/#breadcrumb\"},\"inLanguage\":\"sr-RS\",\"potentialAction\":[{\"@type\":\"ReadAction\",\"target\":[\"https:\/\/futurehealthbiobank.com\/rs\/panel-za-pruzanje-saveta-o-cuvanju-maticnih-celija\/sta-je-standardna-zapremina-prikupljene-krvi-i-koliko-maticnih-celija-moze-da-sadrzi\/\"]}]},{\"@type\":\"BreadcrumbList\",\"@id\":\"https:\/\/futurehealthbiobank.com\/rs\/panel-za-pruzanje-saveta-o-cuvanju-maticnih-celija\/sta-je-standardna-zapremina-prikupljene-krvi-i-koliko-maticnih-celija-moze-da-sadrzi\/#breadcrumb\",\"itemListElement\":[{\"@type\":\"ListItem\",\"position\":1,\"name\":\"Po\u010detna strana\",\"item\":\"https:\/\/futurehealthbiobank.com\/rs\/\"},{\"@type\":\"ListItem\",\"position\":2,\"name\":\"Panel za pru\u017eanje saveta o \u010duvanju mati\u010dnih \u0107elija\",\"item\":\"https:\/\/futurehealthbiobank.com\/rs\/panel-za-pruzanje-saveta-o-cuvanju-maticnih-celija\/\"},{\"@type\":\"ListItem\",\"position\":3,\"name\":\"\u0160ta je standardna zapremina prikupljene krvi i koliko mati\u010dnih \u0107elija mo\u017ee da sadr\u017ei?\"}]},{\"@type\":\"WebSite\",\"@id\":\"https:\/\/futurehealthbiobank.com\/rs\/#website\",\"url\":\"https:\/\/futurehealthbiobank.com\/rs\/\",\"name\":\"Future Health Biobank Serbia\",\"description\":\"\",\"potentialAction\":[{\"@type\":\"SearchAction\",\"target\":{\"@type\":\"EntryPoint\",\"urlTemplate\":\"https:\/\/futurehealthbiobank.com\/rs\/?s={search_term_string}\"},\"query-input\":{\"@type\":\"PropertyValueSpecification\",\"valueRequired\":true,\"valueName\":\"search_term_string\"}}],\"inLanguage\":\"sr-RS\"}]}<\/script>\n<!-- \/ Yoast SEO Premium plugin. -->","yoast_head_json":{"title":"Panel za pru\u017eanje saveta | standardna zapremina","description":"Tipi\u010dan uzorak krvi iz pup\u010danika \u0107e sadr\u017eati zapreminu u opsegu izme\u0111u 20ml do 60ml...","robots":{"index":"index","follow":"follow","max-snippet":"max-snippet:-1","max-image-preview":"max-image-preview:large","max-video-preview":"max-video-preview:-1"},"canonical":"https:\/\/futurehealthbiobank.com\/rs\/panel-za-pruzanje-saveta-o-cuvanju-maticnih-celija\/sta-je-standardna-zapremina-prikupljene-krvi-i-koliko-maticnih-celija-moze-da-sadrzi\/","og_locale":"sr_RS","og_type":"article","og_title":"\u0160ta je standardna zapremina prikupljene krvi i koliko mati\u010dnih \u0107elija mo\u017ee da sadr\u017ei?","og_description":"Tipi\u010dan uzorak krvi iz pup\u010danika \u0107e sadr\u017eati zapreminu u opsegu izme\u0111u 20ml do 60ml...","og_url":"https:\/\/futurehealthbiobank.com\/rs\/panel-za-pruzanje-saveta-o-cuvanju-maticnih-celija\/sta-je-standardna-zapremina-prikupljene-krvi-i-koliko-maticnih-celija-moze-da-sadrzi\/","og_site_name":"Future Health Biobank Serbia","article_modified_time":"2016-10-18T13:40:28+00:00","twitter_card":"summary_large_image","schema":{"@context":"https:\/\/schema.org","@graph":[{"@type":"WebPage","@id":"https:\/\/futurehealthbiobank.com\/rs\/panel-za-pruzanje-saveta-o-cuvanju-maticnih-celija\/sta-je-standardna-zapremina-prikupljene-krvi-i-koliko-maticnih-celija-moze-da-sadrzi\/","url":"https:\/\/futurehealthbiobank.com\/rs\/panel-za-pruzanje-saveta-o-cuvanju-maticnih-celija\/sta-je-standardna-zapremina-prikupljene-krvi-i-koliko-maticnih-celija-moze-da-sadrzi\/","name":"Panel za pru\u017eanje saveta | standardna zapremina","isPartOf":{"@id":"https:\/\/futurehealthbiobank.com\/rs\/#website"},"datePublished":"2016-09-07T09:42:51+00:00","dateModified":"2016-10-18T13:40:28+00:00","description":"Tipi\u010dan uzorak krvi iz pup\u010danika \u0107e sadr\u017eati zapreminu u opsegu izme\u0111u 20ml do 60ml...","breadcrumb":{"@id":"https:\/\/futurehealthbiobank.com\/rs\/panel-za-pruzanje-saveta-o-cuvanju-maticnih-celija\/sta-je-standardna-zapremina-prikupljene-krvi-i-koliko-maticnih-celija-moze-da-sadrzi\/#breadcrumb"},"inLanguage":"sr-RS","potentialAction":[{"@type":"ReadAction","target":["https:\/\/futurehealthbiobank.com\/rs\/panel-za-pruzanje-saveta-o-cuvanju-maticnih-celija\/sta-je-standardna-zapremina-prikupljene-krvi-i-koliko-maticnih-celija-moze-da-sadrzi\/"]}]},{"@type":"BreadcrumbList","@id":"https:\/\/futurehealthbiobank.com\/rs\/panel-za-pruzanje-saveta-o-cuvanju-maticnih-celija\/sta-je-standardna-zapremina-prikupljene-krvi-i-koliko-maticnih-celija-moze-da-sadrzi\/#breadcrumb","itemListElement":[{"@type":"ListItem","position":1,"name":"Po\u010detna strana","item":"https:\/\/futurehealthbiobank.com\/rs\/"},{"@type":"ListItem","position":2,"name":"Panel za pru\u017eanje saveta o \u010duvanju mati\u010dnih \u0107elija","item":"https:\/\/futurehealthbiobank.com\/rs\/panel-za-pruzanje-saveta-o-cuvanju-maticnih-celija\/"},{"@type":"ListItem","position":3,"name":"\u0160ta je standardna zapremina prikupljene krvi i koliko mati\u010dnih \u0107elija mo\u017ee da sadr\u017ei?"}]},{"@type":"WebSite","@id":"https:\/\/futurehealthbiobank.com\/rs\/#website","url":"https:\/\/futurehealthbiobank.com\/rs\/","name":"Future Health Biobank Serbia","description":"","potentialAction":[{"@type":"SearchAction","target":{"@type":"EntryPoint","urlTemplate":"https:\/\/futurehealthbiobank.com\/rs\/?s={search_term_string}"},"query-input":{"@type":"PropertyValueSpecification","valueRequired":true,"valueName":"search_term_string"}}],"inLanguage":"sr-RS"}]}},"_links":{"self":[{"href":"https:\/\/futurehealthbiobank.com\/rs\/wp-json\/wp\/v2\/pages\/1002","targetHints":{"allow":["GET"]}}],"collection":[{"href":"https:\/\/futurehealthbiobank.com\/rs\/wp-json\/wp\/v2\/pages"}],"about":[{"href":"https:\/\/futurehealthbiobank.com\/rs\/wp-json\/wp\/v2\/types\/page"}],"author":[{"embeddable":true,"href":"https:\/\/futurehealthbiobank.com\/rs\/wp-json\/wp\/v2\/users\/25"}],"replies":[{"embeddable":true,"href":"https:\/\/futurehealthbiobank.com\/rs\/wp-json\/wp\/v2\/comments?post=1002"}],"version-history":[{"count":0,"href":"https:\/\/futurehealthbiobank.com\/rs\/wp-json\/wp\/v2\/pages\/1002\/revisions"}],"up":[{"embeddable":true,"href":"https:\/\/futurehealthbiobank.com\/rs\/wp-json\/wp\/v2\/pages\/610"}],"wp:attachment":[{"href":"https:\/\/futurehealthbiobank.com\/rs\/wp-json\/wp\/v2\/media?parent=1002"}],"curies":[{"name":"wp","href":"https:\/\/api.w.org\/{rel}","templated":true}]}}