

{"id":1006,"date":"2016-09-07T12:19:44","date_gmt":"2016-09-07T10:19:44","guid":{"rendered":"https:\/\/futurehealthbiobank.com\/rs\/?page_id=1006"},"modified":"2016-10-18T15:42:21","modified_gmt":"2016-10-18T13:42:21","slug":"gde-ce-uzorak-moga-deteta-biti-skladisten","status":"publish","type":"page","link":"https:\/\/futurehealthbiobank.com\/rs\/panel-za-pruzanje-saveta-o-cuvanju-maticnih-celija\/gde-ce-uzorak-moga-deteta-biti-skladisten\/","title":{"rendered":"Gde \u0107e uzorak moga deteta biti skladi\u0161ten?"},"content":{"rendered":"","protected":false},"excerpt":{"rendered":"","protected":false},"author":25,"featured_media":0,"parent":610,"menu_order":0,"comment_status":"closed","ping_status":"closed","template":"page-page_template.php","meta":{"_acf_changed":false,"footnotes":""},"class_list":["post-1006","page","type-page","status-publish","hentry"],"acf":[],"yoast_head":"<!-- This site is optimized with the Yoast SEO Premium plugin v26.7 (Yoast SEO v26.7) - https:\/\/yoast.com\/wordpress\/plugins\/seo\/ -->\n<title>Panel za pru\u017eanje saveta | gde se skladi\u0161ti uzorak<\/title>\n<meta name=\"description\" content=\"Mati\u010dne \u0107elije Va\u0161eg deteta \u0107e biti procesuirane i skladi\u0161tene u na\u0161im specijalizovanim pogonima u Velikoj Britaniji ili \u0160vajcarskoj.\" \/>\n<meta name=\"robots\" content=\"index, follow, max-snippet:-1, max-image-preview:large, max-video-preview:-1\" \/>\n<link rel=\"canonical\" href=\"https:\/\/futurehealthbiobank.com\/rs\/panel-za-pruzanje-saveta-o-cuvanju-maticnih-celija\/gde-ce-uzorak-moga-deteta-biti-skladisten\/\" \/>\n<meta property=\"og:locale\" content=\"sr_RS\" \/>\n<meta property=\"og:type\" content=\"article\" \/>\n<meta property=\"og:title\" content=\"Gde \u0107e uzorak moga deteta biti skladi\u0161ten?\" \/>\n<meta property=\"og:description\" content=\"Mati\u010dne \u0107elije Va\u0161eg deteta \u0107e biti procesuirane i skladi\u0161tene u na\u0161im specijalizovanim pogonima u Velikoj Britaniji ili \u0160vajcarskoj.\" \/>\n<meta property=\"og:url\" content=\"https:\/\/futurehealthbiobank.com\/rs\/panel-za-pruzanje-saveta-o-cuvanju-maticnih-celija\/gde-ce-uzorak-moga-deteta-biti-skladisten\/\" \/>\n<meta property=\"og:site_name\" content=\"Future Health Biobank Serbia\" \/>\n<meta property=\"article:modified_time\" content=\"2016-10-18T13:42:21+00:00\" \/>\n<meta name=\"twitter:card\" content=\"summary_large_image\" \/>\n<script type=\"application\/ld+json\" class=\"yoast-schema-graph\">{\"@context\":\"https:\/\/schema.org\",\"@graph\":[{\"@type\":\"WebPage\",\"@id\":\"https:\/\/futurehealthbiobank.com\/rs\/panel-za-pruzanje-saveta-o-cuvanju-maticnih-celija\/gde-ce-uzorak-moga-deteta-biti-skladisten\/\",\"url\":\"https:\/\/futurehealthbiobank.com\/rs\/panel-za-pruzanje-saveta-o-cuvanju-maticnih-celija\/gde-ce-uzorak-moga-deteta-biti-skladisten\/\",\"name\":\"Panel za pru\u017eanje saveta | gde se skladi\u0161ti uzorak\",\"isPartOf\":{\"@id\":\"https:\/\/futurehealthbiobank.com\/rs\/#website\"},\"datePublished\":\"2016-09-07T10:19:44+00:00\",\"dateModified\":\"2016-10-18T13:42:21+00:00\",\"description\":\"Mati\u010dne \u0107elije Va\u0161eg deteta \u0107e biti procesuirane i skladi\u0161tene u na\u0161im specijalizovanim pogonima u Velikoj Britaniji ili \u0160vajcarskoj.\",\"breadcrumb\":{\"@id\":\"https:\/\/futurehealthbiobank.com\/rs\/panel-za-pruzanje-saveta-o-cuvanju-maticnih-celija\/gde-ce-uzorak-moga-deteta-biti-skladisten\/#breadcrumb\"},\"inLanguage\":\"sr-RS\",\"potentialAction\":[{\"@type\":\"ReadAction\",\"target\":[\"https:\/\/futurehealthbiobank.com\/rs\/panel-za-pruzanje-saveta-o-cuvanju-maticnih-celija\/gde-ce-uzorak-moga-deteta-biti-skladisten\/\"]}]},{\"@type\":\"BreadcrumbList\",\"@id\":\"https:\/\/futurehealthbiobank.com\/rs\/panel-za-pruzanje-saveta-o-cuvanju-maticnih-celija\/gde-ce-uzorak-moga-deteta-biti-skladisten\/#breadcrumb\",\"itemListElement\":[{\"@type\":\"ListItem\",\"position\":1,\"name\":\"Po\u010detna strana\",\"item\":\"https:\/\/futurehealthbiobank.com\/rs\/\"},{\"@type\":\"ListItem\",\"position\":2,\"name\":\"Panel za pru\u017eanje saveta o \u010duvanju mati\u010dnih \u0107elija\",\"item\":\"https:\/\/futurehealthbiobank.com\/rs\/panel-za-pruzanje-saveta-o-cuvanju-maticnih-celija\/\"},{\"@type\":\"ListItem\",\"position\":3,\"name\":\"Gde \u0107e uzorak moga deteta biti skladi\u0161ten?\"}]},{\"@type\":\"WebSite\",\"@id\":\"https:\/\/futurehealthbiobank.com\/rs\/#website\",\"url\":\"https:\/\/futurehealthbiobank.com\/rs\/\",\"name\":\"Future Health Biobank Serbia\",\"description\":\"\",\"potentialAction\":[{\"@type\":\"SearchAction\",\"target\":{\"@type\":\"EntryPoint\",\"urlTemplate\":\"https:\/\/futurehealthbiobank.com\/rs\/?s={search_term_string}\"},\"query-input\":{\"@type\":\"PropertyValueSpecification\",\"valueRequired\":true,\"valueName\":\"search_term_string\"}}],\"inLanguage\":\"sr-RS\"}]}<\/script>\n<!-- \/ Yoast SEO Premium plugin. -->","yoast_head_json":{"title":"Panel za pru\u017eanje saveta | gde se skladi\u0161ti uzorak","description":"Mati\u010dne \u0107elije Va\u0161eg deteta \u0107e biti procesuirane i skladi\u0161tene u na\u0161im specijalizovanim pogonima u Velikoj Britaniji ili \u0160vajcarskoj.","robots":{"index":"index","follow":"follow","max-snippet":"max-snippet:-1","max-image-preview":"max-image-preview:large","max-video-preview":"max-video-preview:-1"},"canonical":"https:\/\/futurehealthbiobank.com\/rs\/panel-za-pruzanje-saveta-o-cuvanju-maticnih-celija\/gde-ce-uzorak-moga-deteta-biti-skladisten\/","og_locale":"sr_RS","og_type":"article","og_title":"Gde \u0107e uzorak moga deteta biti skladi\u0161ten?","og_description":"Mati\u010dne \u0107elije Va\u0161eg deteta \u0107e biti procesuirane i skladi\u0161tene u na\u0161im specijalizovanim pogonima u Velikoj Britaniji ili \u0160vajcarskoj.","og_url":"https:\/\/futurehealthbiobank.com\/rs\/panel-za-pruzanje-saveta-o-cuvanju-maticnih-celija\/gde-ce-uzorak-moga-deteta-biti-skladisten\/","og_site_name":"Future Health Biobank Serbia","article_modified_time":"2016-10-18T13:42:21+00:00","twitter_card":"summary_large_image","schema":{"@context":"https:\/\/schema.org","@graph":[{"@type":"WebPage","@id":"https:\/\/futurehealthbiobank.com\/rs\/panel-za-pruzanje-saveta-o-cuvanju-maticnih-celija\/gde-ce-uzorak-moga-deteta-biti-skladisten\/","url":"https:\/\/futurehealthbiobank.com\/rs\/panel-za-pruzanje-saveta-o-cuvanju-maticnih-celija\/gde-ce-uzorak-moga-deteta-biti-skladisten\/","name":"Panel za pru\u017eanje saveta | gde se skladi\u0161ti uzorak","isPartOf":{"@id":"https:\/\/futurehealthbiobank.com\/rs\/#website"},"datePublished":"2016-09-07T10:19:44+00:00","dateModified":"2016-10-18T13:42:21+00:00","description":"Mati\u010dne \u0107elije Va\u0161eg deteta \u0107e biti procesuirane i skladi\u0161tene u na\u0161im specijalizovanim pogonima u Velikoj Britaniji ili \u0160vajcarskoj.","breadcrumb":{"@id":"https:\/\/futurehealthbiobank.com\/rs\/panel-za-pruzanje-saveta-o-cuvanju-maticnih-celija\/gde-ce-uzorak-moga-deteta-biti-skladisten\/#breadcrumb"},"inLanguage":"sr-RS","potentialAction":[{"@type":"ReadAction","target":["https:\/\/futurehealthbiobank.com\/rs\/panel-za-pruzanje-saveta-o-cuvanju-maticnih-celija\/gde-ce-uzorak-moga-deteta-biti-skladisten\/"]}]},{"@type":"BreadcrumbList","@id":"https:\/\/futurehealthbiobank.com\/rs\/panel-za-pruzanje-saveta-o-cuvanju-maticnih-celija\/gde-ce-uzorak-moga-deteta-biti-skladisten\/#breadcrumb","itemListElement":[{"@type":"ListItem","position":1,"name":"Po\u010detna strana","item":"https:\/\/futurehealthbiobank.com\/rs\/"},{"@type":"ListItem","position":2,"name":"Panel za pru\u017eanje saveta o \u010duvanju mati\u010dnih \u0107elija","item":"https:\/\/futurehealthbiobank.com\/rs\/panel-za-pruzanje-saveta-o-cuvanju-maticnih-celija\/"},{"@type":"ListItem","position":3,"name":"Gde \u0107e uzorak moga deteta biti skladi\u0161ten?"}]},{"@type":"WebSite","@id":"https:\/\/futurehealthbiobank.com\/rs\/#website","url":"https:\/\/futurehealthbiobank.com\/rs\/","name":"Future Health Biobank Serbia","description":"","potentialAction":[{"@type":"SearchAction","target":{"@type":"EntryPoint","urlTemplate":"https:\/\/futurehealthbiobank.com\/rs\/?s={search_term_string}"},"query-input":{"@type":"PropertyValueSpecification","valueRequired":true,"valueName":"search_term_string"}}],"inLanguage":"sr-RS"}]}},"_links":{"self":[{"href":"https:\/\/futurehealthbiobank.com\/rs\/wp-json\/wp\/v2\/pages\/1006","targetHints":{"allow":["GET"]}}],"collection":[{"href":"https:\/\/futurehealthbiobank.com\/rs\/wp-json\/wp\/v2\/pages"}],"about":[{"href":"https:\/\/futurehealthbiobank.com\/rs\/wp-json\/wp\/v2\/types\/page"}],"author":[{"embeddable":true,"href":"https:\/\/futurehealthbiobank.com\/rs\/wp-json\/wp\/v2\/users\/25"}],"replies":[{"embeddable":true,"href":"https:\/\/futurehealthbiobank.com\/rs\/wp-json\/wp\/v2\/comments?post=1006"}],"version-history":[{"count":0,"href":"https:\/\/futurehealthbiobank.com\/rs\/wp-json\/wp\/v2\/pages\/1006\/revisions"}],"up":[{"embeddable":true,"href":"https:\/\/futurehealthbiobank.com\/rs\/wp-json\/wp\/v2\/pages\/610"}],"wp:attachment":[{"href":"https:\/\/futurehealthbiobank.com\/rs\/wp-json\/wp\/v2\/media?parent=1006"}],"curies":[{"name":"wp","href":"https:\/\/api.w.org\/{rel}","templated":true}]}}