

{"id":483,"date":"2016-06-21T14:24:12","date_gmt":"2016-06-21T13:24:12","guid":{"rendered":"https:\/\/futurehealthbiobank.com\/rs\/?page_id=483"},"modified":"2016-07-25T11:11:58","modified_gmt":"2016-07-25T10:11:58","slug":"procedura-prikupljanja-maticnih-celija","status":"publish","type":"page","link":"https:\/\/futurehealthbiobank.com\/rs\/cuvanje-maticnih-celija\/cuvanje-maticnih-celija-iz-pupcane-vrpce\/prikupljanje-maticnih-celija-iz-krvi-i-tkiva-pupcane-vrpce\/procedura-prikupljanja-maticnih-celija\/","title":{"rendered":"Procedura prikupljanja mati\u010dnih \u0107elija"},"content":{"rendered":"","protected":false},"excerpt":{"rendered":"","protected":false},"author":25,"featured_media":0,"parent":481,"menu_order":0,"comment_status":"closed","ping_status":"closed","template":"page-page_template.php","meta":{"_acf_changed":false,"footnotes":""},"class_list":["post-483","page","type-page","status-publish","hentry"],"acf":[],"yoast_head":"<!-- This site is optimized with the Yoast SEO Premium plugin v26.7 (Yoast SEO v26.7) - https:\/\/yoast.com\/wordpress\/plugins\/seo\/ -->\n<title>Procedura prikupljanja mati\u010dnih \u0107elija - Future Health Biobank Serbia<\/title>\n<meta name=\"robots\" content=\"index, follow, max-snippet:-1, max-image-preview:large, max-video-preview:-1\" \/>\n<link rel=\"canonical\" href=\"https:\/\/futurehealthbiobank.com\/rs\/cuvanje-maticnih-celija\/cuvanje-maticnih-celija-iz-pupcane-vrpce\/prikupljanje-maticnih-celija-iz-krvi-i-tkiva-pupcane-vrpce\/procedura-prikupljanja-maticnih-celija\/\" \/>\n<meta property=\"og:locale\" content=\"sr_RS\" \/>\n<meta property=\"og:type\" content=\"article\" \/>\n<meta property=\"og:title\" content=\"Procedura prikupljanja mati\u010dnih \u0107elija\" \/>\n<meta property=\"og:url\" content=\"https:\/\/futurehealthbiobank.com\/rs\/cuvanje-maticnih-celija\/cuvanje-maticnih-celija-iz-pupcane-vrpce\/prikupljanje-maticnih-celija-iz-krvi-i-tkiva-pupcane-vrpce\/procedura-prikupljanja-maticnih-celija\/\" \/>\n<meta property=\"og:site_name\" content=\"Future Health Biobank Serbia\" \/>\n<meta property=\"article:modified_time\" content=\"2016-07-25T10:11:58+00:00\" \/>\n<meta name=\"twitter:card\" content=\"summary_large_image\" \/>\n<script type=\"application\/ld+json\" class=\"yoast-schema-graph\">{\"@context\":\"https:\/\/schema.org\",\"@graph\":[{\"@type\":\"WebPage\",\"@id\":\"https:\/\/futurehealthbiobank.com\/rs\/cuvanje-maticnih-celija\/cuvanje-maticnih-celija-iz-pupcane-vrpce\/prikupljanje-maticnih-celija-iz-krvi-i-tkiva-pupcane-vrpce\/procedura-prikupljanja-maticnih-celija\/\",\"url\":\"https:\/\/futurehealthbiobank.com\/rs\/cuvanje-maticnih-celija\/cuvanje-maticnih-celija-iz-pupcane-vrpce\/prikupljanje-maticnih-celija-iz-krvi-i-tkiva-pupcane-vrpce\/procedura-prikupljanja-maticnih-celija\/\",\"name\":\"Procedura prikupljanja mati\u010dnih \u0107elija - Future Health Biobank Serbia\",\"isPartOf\":{\"@id\":\"https:\/\/futurehealthbiobank.com\/rs\/#website\"},\"datePublished\":\"2016-06-21T13:24:12+00:00\",\"dateModified\":\"2016-07-25T10:11:58+00:00\",\"breadcrumb\":{\"@id\":\"https:\/\/futurehealthbiobank.com\/rs\/cuvanje-maticnih-celija\/cuvanje-maticnih-celija-iz-pupcane-vrpce\/prikupljanje-maticnih-celija-iz-krvi-i-tkiva-pupcane-vrpce\/procedura-prikupljanja-maticnih-celija\/#breadcrumb\"},\"inLanguage\":\"sr-RS\",\"potentialAction\":[{\"@type\":\"ReadAction\",\"target\":[\"https:\/\/futurehealthbiobank.com\/rs\/cuvanje-maticnih-celija\/cuvanje-maticnih-celija-iz-pupcane-vrpce\/prikupljanje-maticnih-celija-iz-krvi-i-tkiva-pupcane-vrpce\/procedura-prikupljanja-maticnih-celija\/\"]}]},{\"@type\":\"BreadcrumbList\",\"@id\":\"https:\/\/futurehealthbiobank.com\/rs\/cuvanje-maticnih-celija\/cuvanje-maticnih-celija-iz-pupcane-vrpce\/prikupljanje-maticnih-celija-iz-krvi-i-tkiva-pupcane-vrpce\/procedura-prikupljanja-maticnih-celija\/#breadcrumb\",\"itemListElement\":[{\"@type\":\"ListItem\",\"position\":1,\"name\":\"Po\u010detna strana\",\"item\":\"https:\/\/futurehealthbiobank.com\/rs\/\"},{\"@type\":\"ListItem\",\"position\":2,\"name\":\"\u010cuvanje mati\u010dnih \u0107elija-nase\",\"item\":\"https:\/\/futurehealthbiobank.com\/rs\/cuvanje-maticnih-celija\/\"},{\"@type\":\"ListItem\",\"position\":3,\"name\":\"\u041f\u0440\u0438\u0432\u0430\u0442\u043d\u043e: \u010cuvanje mati\u010dnih \u0107elija iz pup\u010dane vrpce\",\"item\":\"https:\/\/futurehealthbiobank.com\/rs\/?page_id=477\"},{\"@type\":\"ListItem\",\"position\":4,\"name\":\"\u041f\u0440\u0438\u0432\u0430\u0442\u043d\u043e: Prikupljanje mati\u010dnih \u0107elija iz krvi i tkiva pup\u010dane vrpce\",\"item\":\"https:\/\/futurehealthbiobank.com\/rs\/?page_id=481\"},{\"@type\":\"ListItem\",\"position\":5,\"name\":\"Procedura prikupljanja mati\u010dnih \u0107elija\"}]},{\"@type\":\"WebSite\",\"@id\":\"https:\/\/futurehealthbiobank.com\/rs\/#website\",\"url\":\"https:\/\/futurehealthbiobank.com\/rs\/\",\"name\":\"Future Health Biobank Serbia\",\"description\":\"\",\"potentialAction\":[{\"@type\":\"SearchAction\",\"target\":{\"@type\":\"EntryPoint\",\"urlTemplate\":\"https:\/\/futurehealthbiobank.com\/rs\/?s={search_term_string}\"},\"query-input\":{\"@type\":\"PropertyValueSpecification\",\"valueRequired\":true,\"valueName\":\"search_term_string\"}}],\"inLanguage\":\"sr-RS\"}]}<\/script>\n<!-- \/ Yoast SEO Premium plugin. -->","yoast_head_json":{"title":"Procedura prikupljanja mati\u010dnih \u0107elija - Future Health Biobank Serbia","robots":{"index":"index","follow":"follow","max-snippet":"max-snippet:-1","max-image-preview":"max-image-preview:large","max-video-preview":"max-video-preview:-1"},"canonical":"https:\/\/futurehealthbiobank.com\/rs\/cuvanje-maticnih-celija\/cuvanje-maticnih-celija-iz-pupcane-vrpce\/prikupljanje-maticnih-celija-iz-krvi-i-tkiva-pupcane-vrpce\/procedura-prikupljanja-maticnih-celija\/","og_locale":"sr_RS","og_type":"article","og_title":"Procedura prikupljanja mati\u010dnih \u0107elija","og_url":"https:\/\/futurehealthbiobank.com\/rs\/cuvanje-maticnih-celija\/cuvanje-maticnih-celija-iz-pupcane-vrpce\/prikupljanje-maticnih-celija-iz-krvi-i-tkiva-pupcane-vrpce\/procedura-prikupljanja-maticnih-celija\/","og_site_name":"Future Health Biobank Serbia","article_modified_time":"2016-07-25T10:11:58+00:00","twitter_card":"summary_large_image","schema":{"@context":"https:\/\/schema.org","@graph":[{"@type":"WebPage","@id":"https:\/\/futurehealthbiobank.com\/rs\/cuvanje-maticnih-celija\/cuvanje-maticnih-celija-iz-pupcane-vrpce\/prikupljanje-maticnih-celija-iz-krvi-i-tkiva-pupcane-vrpce\/procedura-prikupljanja-maticnih-celija\/","url":"https:\/\/futurehealthbiobank.com\/rs\/cuvanje-maticnih-celija\/cuvanje-maticnih-celija-iz-pupcane-vrpce\/prikupljanje-maticnih-celija-iz-krvi-i-tkiva-pupcane-vrpce\/procedura-prikupljanja-maticnih-celija\/","name":"Procedura prikupljanja mati\u010dnih \u0107elija - Future Health Biobank Serbia","isPartOf":{"@id":"https:\/\/futurehealthbiobank.com\/rs\/#website"},"datePublished":"2016-06-21T13:24:12+00:00","dateModified":"2016-07-25T10:11:58+00:00","breadcrumb":{"@id":"https:\/\/futurehealthbiobank.com\/rs\/cuvanje-maticnih-celija\/cuvanje-maticnih-celija-iz-pupcane-vrpce\/prikupljanje-maticnih-celija-iz-krvi-i-tkiva-pupcane-vrpce\/procedura-prikupljanja-maticnih-celija\/#breadcrumb"},"inLanguage":"sr-RS","potentialAction":[{"@type":"ReadAction","target":["https:\/\/futurehealthbiobank.com\/rs\/cuvanje-maticnih-celija\/cuvanje-maticnih-celija-iz-pupcane-vrpce\/prikupljanje-maticnih-celija-iz-krvi-i-tkiva-pupcane-vrpce\/procedura-prikupljanja-maticnih-celija\/"]}]},{"@type":"BreadcrumbList","@id":"https:\/\/futurehealthbiobank.com\/rs\/cuvanje-maticnih-celija\/cuvanje-maticnih-celija-iz-pupcane-vrpce\/prikupljanje-maticnih-celija-iz-krvi-i-tkiva-pupcane-vrpce\/procedura-prikupljanja-maticnih-celija\/#breadcrumb","itemListElement":[{"@type":"ListItem","position":1,"name":"Po\u010detna strana","item":"https:\/\/futurehealthbiobank.com\/rs\/"},{"@type":"ListItem","position":2,"name":"\u010cuvanje mati\u010dnih \u0107elija-nase","item":"https:\/\/futurehealthbiobank.com\/rs\/cuvanje-maticnih-celija\/"},{"@type":"ListItem","position":3,"name":"\u041f\u0440\u0438\u0432\u0430\u0442\u043d\u043e: \u010cuvanje mati\u010dnih \u0107elija iz pup\u010dane vrpce","item":"https:\/\/futurehealthbiobank.com\/rs\/?page_id=477"},{"@type":"ListItem","position":4,"name":"\u041f\u0440\u0438\u0432\u0430\u0442\u043d\u043e: Prikupljanje mati\u010dnih \u0107elija iz krvi i tkiva pup\u010dane vrpce","item":"https:\/\/futurehealthbiobank.com\/rs\/?page_id=481"},{"@type":"ListItem","position":5,"name":"Procedura prikupljanja mati\u010dnih \u0107elija"}]},{"@type":"WebSite","@id":"https:\/\/futurehealthbiobank.com\/rs\/#website","url":"https:\/\/futurehealthbiobank.com\/rs\/","name":"Future Health Biobank Serbia","description":"","potentialAction":[{"@type":"SearchAction","target":{"@type":"EntryPoint","urlTemplate":"https:\/\/futurehealthbiobank.com\/rs\/?s={search_term_string}"},"query-input":{"@type":"PropertyValueSpecification","valueRequired":true,"valueName":"search_term_string"}}],"inLanguage":"sr-RS"}]}},"_links":{"self":[{"href":"https:\/\/futurehealthbiobank.com\/rs\/wp-json\/wp\/v2\/pages\/483","targetHints":{"allow":["GET"]}}],"collection":[{"href":"https:\/\/futurehealthbiobank.com\/rs\/wp-json\/wp\/v2\/pages"}],"about":[{"href":"https:\/\/futurehealthbiobank.com\/rs\/wp-json\/wp\/v2\/types\/page"}],"author":[{"embeddable":true,"href":"https:\/\/futurehealthbiobank.com\/rs\/wp-json\/wp\/v2\/users\/25"}],"replies":[{"embeddable":true,"href":"https:\/\/futurehealthbiobank.com\/rs\/wp-json\/wp\/v2\/comments?post=483"}],"version-history":[{"count":0,"href":"https:\/\/futurehealthbiobank.com\/rs\/wp-json\/wp\/v2\/pages\/483\/revisions"}],"up":[{"embeddable":true,"href":"https:\/\/futurehealthbiobank.com\/rs\/wp-json\/wp\/v2\/pages\/481"}],"wp:attachment":[{"href":"https:\/\/futurehealthbiobank.com\/rs\/wp-json\/wp\/v2\/media?parent=483"}],"curies":[{"name":"wp","href":"https:\/\/api.w.org\/{rel}","templated":true}]}}