

{"id":575,"date":"2016-06-22T11:32:36","date_gmt":"2016-06-22T10:32:36","guid":{"rendered":"https:\/\/futurehealthbiobank.com\/rs\/?page_id=575"},"modified":"2016-10-18T16:07:23","modified_gmt":"2016-10-18T14:07:23","slug":"trizomija-x-hromozoma","status":"publish","type":"page","link":"https:\/\/futurehealthbiobank.com\/rs\/nase-usluge\/dijagnosticke-procedure\/neinvazivni-prenatalni-test\/trizomija-x-hromozoma\/","title":{"rendered":"Trizomija X hromozoma"},"content":{"rendered":"","protected":false},"excerpt":{"rendered":"","protected":false},"author":25,"featured_media":0,"parent":540,"menu_order":0,"comment_status":"closed","ping_status":"closed","template":"page-page_template.php","meta":{"_acf_changed":false,"footnotes":""},"class_list":["post-575","page","type-page","status-publish","hentry"],"acf":[],"yoast_head":"<!-- This site is optimized with the Yoast SEO Premium plugin v26.7 (Yoast SEO v26.7) - https:\/\/yoast.com\/wordpress\/plugins\/seo\/ -->\n<title>Trizomija X hromozoma | Future Health Biobank<\/title>\n<meta name=\"description\" content=\"Trizomija X hromozoma je numeri\u010dka aberacija hromozoma kod \u017eena koje imaju jedan hromozom vi\u0161e od normalnog broja\" \/>\n<meta name=\"robots\" content=\"index, follow, max-snippet:-1, max-image-preview:large, max-video-preview:-1\" \/>\n<link rel=\"canonical\" href=\"https:\/\/futurehealthbiobank.com\/rs\/nase-usluge\/dijagnosticke-procedure\/neinvazivni-prenatalni-test\/trizomija-x-hromozoma\/\" \/>\n<meta property=\"og:locale\" content=\"sr_RS\" \/>\n<meta property=\"og:type\" content=\"article\" \/>\n<meta property=\"og:title\" content=\"Trizomija X hromozoma\" \/>\n<meta property=\"og:description\" content=\"Trizomija X hromozoma je numeri\u010dka aberacija hromozoma kod \u017eena koje imaju jedan hromozom vi\u0161e od normalnog broja\" \/>\n<meta property=\"og:url\" content=\"https:\/\/futurehealthbiobank.com\/rs\/nase-usluge\/dijagnosticke-procedure\/neinvazivni-prenatalni-test\/trizomija-x-hromozoma\/\" \/>\n<meta property=\"og:site_name\" content=\"Future Health Biobank Serbia\" \/>\n<meta property=\"article:modified_time\" content=\"2016-10-18T14:07:23+00:00\" \/>\n<meta name=\"twitter:card\" content=\"summary_large_image\" \/>\n<script type=\"application\/ld+json\" class=\"yoast-schema-graph\">{\"@context\":\"https:\/\/schema.org\",\"@graph\":[{\"@type\":\"WebPage\",\"@id\":\"https:\/\/futurehealthbiobank.com\/rs\/nase-usluge\/dijagnosticke-procedure\/neinvazivni-prenatalni-test\/trizomija-x-hromozoma\/\",\"url\":\"https:\/\/futurehealthbiobank.com\/rs\/nase-usluge\/dijagnosticke-procedure\/neinvazivni-prenatalni-test\/trizomija-x-hromozoma\/\",\"name\":\"Trizomija X hromozoma | Future Health Biobank\",\"isPartOf\":{\"@id\":\"https:\/\/futurehealthbiobank.com\/rs\/#website\"},\"datePublished\":\"2016-06-22T10:32:36+00:00\",\"dateModified\":\"2016-10-18T14:07:23+00:00\",\"description\":\"Trizomija X hromozoma je numeri\u010dka aberacija hromozoma kod \u017eena koje imaju jedan hromozom vi\u0161e od normalnog broja\",\"breadcrumb\":{\"@id\":\"https:\/\/futurehealthbiobank.com\/rs\/nase-usluge\/dijagnosticke-procedure\/neinvazivni-prenatalni-test\/trizomija-x-hromozoma\/#breadcrumb\"},\"inLanguage\":\"sr-RS\",\"potentialAction\":[{\"@type\":\"ReadAction\",\"target\":[\"https:\/\/futurehealthbiobank.com\/rs\/nase-usluge\/dijagnosticke-procedure\/neinvazivni-prenatalni-test\/trizomija-x-hromozoma\/\"]}]},{\"@type\":\"BreadcrumbList\",\"@id\":\"https:\/\/futurehealthbiobank.com\/rs\/nase-usluge\/dijagnosticke-procedure\/neinvazivni-prenatalni-test\/trizomija-x-hromozoma\/#breadcrumb\",\"itemListElement\":[{\"@type\":\"ListItem\",\"position\":1,\"name\":\"Po\u010detna strana\",\"item\":\"https:\/\/futurehealthbiobank.com\/rs\/\"},{\"@type\":\"ListItem\",\"position\":2,\"name\":\"\u041f\u0440\u0438\u0432\u0430\u0442\u043d\u043e: Na\u0161e usluge\",\"item\":\"https:\/\/futurehealthbiobank.com\/rs\/?page_id=468\"},{\"@type\":\"ListItem\",\"position\":3,\"name\":\"Dijagnosti\u010dke procedure\",\"item\":\"https:\/\/futurehealthbiobank.com\/rs\/nase-usluge\/dijagnosticke-procedure\/\"},{\"@type\":\"ListItem\",\"position\":4,\"name\":\"Neinvazivni Prenatalni Test\",\"item\":\"https:\/\/futurehealthbiobank.com\/rs\/nase-usluge\/dijagnosticke-procedure\/neinvazivni-prenatalni-test\/\"},{\"@type\":\"ListItem\",\"position\":5,\"name\":\"Trizomija X hromozoma\"}]},{\"@type\":\"WebSite\",\"@id\":\"https:\/\/futurehealthbiobank.com\/rs\/#website\",\"url\":\"https:\/\/futurehealthbiobank.com\/rs\/\",\"name\":\"Future Health Biobank Serbia\",\"description\":\"\",\"potentialAction\":[{\"@type\":\"SearchAction\",\"target\":{\"@type\":\"EntryPoint\",\"urlTemplate\":\"https:\/\/futurehealthbiobank.com\/rs\/?s={search_term_string}\"},\"query-input\":{\"@type\":\"PropertyValueSpecification\",\"valueRequired\":true,\"valueName\":\"search_term_string\"}}],\"inLanguage\":\"sr-RS\"}]}<\/script>\n<!-- \/ Yoast SEO Premium plugin. -->","yoast_head_json":{"title":"Trizomija X hromozoma | Future Health Biobank","description":"Trizomija X hromozoma je numeri\u010dka aberacija hromozoma kod \u017eena koje imaju jedan hromozom vi\u0161e od normalnog broja","robots":{"index":"index","follow":"follow","max-snippet":"max-snippet:-1","max-image-preview":"max-image-preview:large","max-video-preview":"max-video-preview:-1"},"canonical":"https:\/\/futurehealthbiobank.com\/rs\/nase-usluge\/dijagnosticke-procedure\/neinvazivni-prenatalni-test\/trizomija-x-hromozoma\/","og_locale":"sr_RS","og_type":"article","og_title":"Trizomija X hromozoma","og_description":"Trizomija X hromozoma je numeri\u010dka aberacija hromozoma kod \u017eena koje imaju jedan hromozom vi\u0161e od normalnog broja","og_url":"https:\/\/futurehealthbiobank.com\/rs\/nase-usluge\/dijagnosticke-procedure\/neinvazivni-prenatalni-test\/trizomija-x-hromozoma\/","og_site_name":"Future Health Biobank Serbia","article_modified_time":"2016-10-18T14:07:23+00:00","twitter_card":"summary_large_image","schema":{"@context":"https:\/\/schema.org","@graph":[{"@type":"WebPage","@id":"https:\/\/futurehealthbiobank.com\/rs\/nase-usluge\/dijagnosticke-procedure\/neinvazivni-prenatalni-test\/trizomija-x-hromozoma\/","url":"https:\/\/futurehealthbiobank.com\/rs\/nase-usluge\/dijagnosticke-procedure\/neinvazivni-prenatalni-test\/trizomija-x-hromozoma\/","name":"Trizomija X hromozoma | Future Health Biobank","isPartOf":{"@id":"https:\/\/futurehealthbiobank.com\/rs\/#website"},"datePublished":"2016-06-22T10:32:36+00:00","dateModified":"2016-10-18T14:07:23+00:00","description":"Trizomija X hromozoma je numeri\u010dka aberacija hromozoma kod \u017eena koje imaju jedan hromozom vi\u0161e od normalnog broja","breadcrumb":{"@id":"https:\/\/futurehealthbiobank.com\/rs\/nase-usluge\/dijagnosticke-procedure\/neinvazivni-prenatalni-test\/trizomija-x-hromozoma\/#breadcrumb"},"inLanguage":"sr-RS","potentialAction":[{"@type":"ReadAction","target":["https:\/\/futurehealthbiobank.com\/rs\/nase-usluge\/dijagnosticke-procedure\/neinvazivni-prenatalni-test\/trizomija-x-hromozoma\/"]}]},{"@type":"BreadcrumbList","@id":"https:\/\/futurehealthbiobank.com\/rs\/nase-usluge\/dijagnosticke-procedure\/neinvazivni-prenatalni-test\/trizomija-x-hromozoma\/#breadcrumb","itemListElement":[{"@type":"ListItem","position":1,"name":"Po\u010detna strana","item":"https:\/\/futurehealthbiobank.com\/rs\/"},{"@type":"ListItem","position":2,"name":"\u041f\u0440\u0438\u0432\u0430\u0442\u043d\u043e: Na\u0161e usluge","item":"https:\/\/futurehealthbiobank.com\/rs\/?page_id=468"},{"@type":"ListItem","position":3,"name":"Dijagnosti\u010dke procedure","item":"https:\/\/futurehealthbiobank.com\/rs\/nase-usluge\/dijagnosticke-procedure\/"},{"@type":"ListItem","position":4,"name":"Neinvazivni Prenatalni Test","item":"https:\/\/futurehealthbiobank.com\/rs\/nase-usluge\/dijagnosticke-procedure\/neinvazivni-prenatalni-test\/"},{"@type":"ListItem","position":5,"name":"Trizomija X hromozoma"}]},{"@type":"WebSite","@id":"https:\/\/futurehealthbiobank.com\/rs\/#website","url":"https:\/\/futurehealthbiobank.com\/rs\/","name":"Future Health Biobank Serbia","description":"","potentialAction":[{"@type":"SearchAction","target":{"@type":"EntryPoint","urlTemplate":"https:\/\/futurehealthbiobank.com\/rs\/?s={search_term_string}"},"query-input":{"@type":"PropertyValueSpecification","valueRequired":true,"valueName":"search_term_string"}}],"inLanguage":"sr-RS"}]}},"_links":{"self":[{"href":"https:\/\/futurehealthbiobank.com\/rs\/wp-json\/wp\/v2\/pages\/575","targetHints":{"allow":["GET"]}}],"collection":[{"href":"https:\/\/futurehealthbiobank.com\/rs\/wp-json\/wp\/v2\/pages"}],"about":[{"href":"https:\/\/futurehealthbiobank.com\/rs\/wp-json\/wp\/v2\/types\/page"}],"author":[{"embeddable":true,"href":"https:\/\/futurehealthbiobank.com\/rs\/wp-json\/wp\/v2\/users\/25"}],"replies":[{"embeddable":true,"href":"https:\/\/futurehealthbiobank.com\/rs\/wp-json\/wp\/v2\/comments?post=575"}],"version-history":[{"count":0,"href":"https:\/\/futurehealthbiobank.com\/rs\/wp-json\/wp\/v2\/pages\/575\/revisions"}],"up":[{"embeddable":true,"href":"https:\/\/futurehealthbiobank.com\/rs\/wp-json\/wp\/v2\/pages\/540"}],"wp:attachment":[{"href":"https:\/\/futurehealthbiobank.com\/rs\/wp-json\/wp\/v2\/media?parent=575"}],"curies":[{"name":"wp","href":"https:\/\/api.w.org\/{rel}","templated":true}]}}