

{"id":610,"date":"2016-06-22T12:51:17","date_gmt":"2016-06-22T11:51:17","guid":{"rendered":"https:\/\/futurehealthbiobank.com\/rs\/?page_id=610"},"modified":"2017-01-26T11:01:32","modified_gmt":"2017-01-26T10:01:32","slug":"panel-za-pruzanje-saveta-o-cuvanju-maticnih-celija","status":"publish","type":"page","link":"https:\/\/futurehealthbiobank.com\/rs\/panel-za-pruzanje-saveta-o-cuvanju-maticnih-celija\/","title":{"rendered":"Panel za pru\u017eanje saveta o \u010duvanju mati\u010dnih \u0107elija"},"content":{"rendered":"","protected":false},"excerpt":{"rendered":"","protected":false},"author":25,"featured_media":0,"parent":0,"menu_order":0,"comment_status":"closed","ping_status":"closed","template":"page-page_template.php","meta":{"_acf_changed":false,"footnotes":""},"class_list":["post-610","page","type-page","status-publish","hentry"],"acf":[],"yoast_head":"<!-- This site is optimized with the Yoast SEO Premium plugin v26.7 (Yoast SEO v26.7) - https:\/\/yoast.com\/wordpress\/plugins\/seo\/ -->\n<title>Panel za pru\u017eanje saveta o \u010duvanju mati\u010dnih \u0107elija | Future Health Biobank<\/title>\n<meta name=\"description\" content=\"Va\u017ene informacije, saveti i naj\u010de\u0161\u0107e postavljena pitanja vezana za \u010duvanje mati\u010dnih \u0107elija\" \/>\n<meta name=\"robots\" content=\"index, follow, max-snippet:-1, max-image-preview:large, max-video-preview:-1\" \/>\n<link rel=\"canonical\" href=\"https:\/\/futurehealthbiobank.com\/rs\/panel-za-pruzanje-saveta-o-cuvanju-maticnih-celija\/\" \/>\n<meta property=\"og:locale\" content=\"sr_RS\" \/>\n<meta property=\"og:type\" content=\"article\" \/>\n<meta property=\"og:title\" content=\"Panel za pru\u017eanje saveta o \u010duvanju mati\u010dnih \u0107elija\" \/>\n<meta property=\"og:description\" content=\"Va\u017ene informacije, saveti i naj\u010de\u0161\u0107e postavljena pitanja vezana za \u010duvanje mati\u010dnih \u0107elija\" \/>\n<meta property=\"og:url\" content=\"https:\/\/futurehealthbiobank.com\/rs\/panel-za-pruzanje-saveta-o-cuvanju-maticnih-celija\/\" \/>\n<meta property=\"og:site_name\" content=\"Future Health Biobank Serbia\" \/>\n<meta property=\"article:modified_time\" content=\"2017-01-26T10:01:32+00:00\" \/>\n<meta name=\"twitter:card\" content=\"summary_large_image\" \/>\n<script type=\"application\/ld+json\" class=\"yoast-schema-graph\">{\"@context\":\"https:\/\/schema.org\",\"@graph\":[{\"@type\":\"WebPage\",\"@id\":\"https:\/\/futurehealthbiobank.com\/rs\/panel-za-pruzanje-saveta-o-cuvanju-maticnih-celija\/\",\"url\":\"https:\/\/futurehealthbiobank.com\/rs\/panel-za-pruzanje-saveta-o-cuvanju-maticnih-celija\/\",\"name\":\"Panel za pru\u017eanje saveta o \u010duvanju mati\u010dnih \u0107elija | Future Health Biobank\",\"isPartOf\":{\"@id\":\"https:\/\/futurehealthbiobank.com\/rs\/#website\"},\"datePublished\":\"2016-06-22T11:51:17+00:00\",\"dateModified\":\"2017-01-26T10:01:32+00:00\",\"description\":\"Va\u017ene informacije, saveti i naj\u010de\u0161\u0107e postavljena pitanja vezana za \u010duvanje mati\u010dnih \u0107elija\",\"breadcrumb\":{\"@id\":\"https:\/\/futurehealthbiobank.com\/rs\/panel-za-pruzanje-saveta-o-cuvanju-maticnih-celija\/#breadcrumb\"},\"inLanguage\":\"sr-RS\",\"potentialAction\":[{\"@type\":\"ReadAction\",\"target\":[\"https:\/\/futurehealthbiobank.com\/rs\/panel-za-pruzanje-saveta-o-cuvanju-maticnih-celija\/\"]}]},{\"@type\":\"BreadcrumbList\",\"@id\":\"https:\/\/futurehealthbiobank.com\/rs\/panel-za-pruzanje-saveta-o-cuvanju-maticnih-celija\/#breadcrumb\",\"itemListElement\":[{\"@type\":\"ListItem\",\"position\":1,\"name\":\"Po\u010detna strana\",\"item\":\"https:\/\/futurehealthbiobank.com\/rs\/\"},{\"@type\":\"ListItem\",\"position\":2,\"name\":\"Panel za pru\u017eanje saveta o \u010duvanju mati\u010dnih \u0107elija\"}]},{\"@type\":\"WebSite\",\"@id\":\"https:\/\/futurehealthbiobank.com\/rs\/#website\",\"url\":\"https:\/\/futurehealthbiobank.com\/rs\/\",\"name\":\"Future Health Biobank Serbia\",\"description\":\"\",\"potentialAction\":[{\"@type\":\"SearchAction\",\"target\":{\"@type\":\"EntryPoint\",\"urlTemplate\":\"https:\/\/futurehealthbiobank.com\/rs\/?s={search_term_string}\"},\"query-input\":{\"@type\":\"PropertyValueSpecification\",\"valueRequired\":true,\"valueName\":\"search_term_string\"}}],\"inLanguage\":\"sr-RS\"}]}<\/script>\n<!-- \/ Yoast SEO Premium plugin. -->","yoast_head_json":{"title":"Panel za pru\u017eanje saveta o \u010duvanju mati\u010dnih \u0107elija | Future Health Biobank","description":"Va\u017ene informacije, saveti i naj\u010de\u0161\u0107e postavljena pitanja vezana za \u010duvanje mati\u010dnih \u0107elija","robots":{"index":"index","follow":"follow","max-snippet":"max-snippet:-1","max-image-preview":"max-image-preview:large","max-video-preview":"max-video-preview:-1"},"canonical":"https:\/\/futurehealthbiobank.com\/rs\/panel-za-pruzanje-saveta-o-cuvanju-maticnih-celija\/","og_locale":"sr_RS","og_type":"article","og_title":"Panel za pru\u017eanje saveta o \u010duvanju mati\u010dnih \u0107elija","og_description":"Va\u017ene informacije, saveti i naj\u010de\u0161\u0107e postavljena pitanja vezana za \u010duvanje mati\u010dnih \u0107elija","og_url":"https:\/\/futurehealthbiobank.com\/rs\/panel-za-pruzanje-saveta-o-cuvanju-maticnih-celija\/","og_site_name":"Future Health Biobank Serbia","article_modified_time":"2017-01-26T10:01:32+00:00","twitter_card":"summary_large_image","schema":{"@context":"https:\/\/schema.org","@graph":[{"@type":"WebPage","@id":"https:\/\/futurehealthbiobank.com\/rs\/panel-za-pruzanje-saveta-o-cuvanju-maticnih-celija\/","url":"https:\/\/futurehealthbiobank.com\/rs\/panel-za-pruzanje-saveta-o-cuvanju-maticnih-celija\/","name":"Panel za pru\u017eanje saveta o \u010duvanju mati\u010dnih \u0107elija | Future Health Biobank","isPartOf":{"@id":"https:\/\/futurehealthbiobank.com\/rs\/#website"},"datePublished":"2016-06-22T11:51:17+00:00","dateModified":"2017-01-26T10:01:32+00:00","description":"Va\u017ene informacije, saveti i naj\u010de\u0161\u0107e postavljena pitanja vezana za \u010duvanje mati\u010dnih \u0107elija","breadcrumb":{"@id":"https:\/\/futurehealthbiobank.com\/rs\/panel-za-pruzanje-saveta-o-cuvanju-maticnih-celija\/#breadcrumb"},"inLanguage":"sr-RS","potentialAction":[{"@type":"ReadAction","target":["https:\/\/futurehealthbiobank.com\/rs\/panel-za-pruzanje-saveta-o-cuvanju-maticnih-celija\/"]}]},{"@type":"BreadcrumbList","@id":"https:\/\/futurehealthbiobank.com\/rs\/panel-za-pruzanje-saveta-o-cuvanju-maticnih-celija\/#breadcrumb","itemListElement":[{"@type":"ListItem","position":1,"name":"Po\u010detna strana","item":"https:\/\/futurehealthbiobank.com\/rs\/"},{"@type":"ListItem","position":2,"name":"Panel za pru\u017eanje saveta o \u010duvanju mati\u010dnih \u0107elija"}]},{"@type":"WebSite","@id":"https:\/\/futurehealthbiobank.com\/rs\/#website","url":"https:\/\/futurehealthbiobank.com\/rs\/","name":"Future Health Biobank Serbia","description":"","potentialAction":[{"@type":"SearchAction","target":{"@type":"EntryPoint","urlTemplate":"https:\/\/futurehealthbiobank.com\/rs\/?s={search_term_string}"},"query-input":{"@type":"PropertyValueSpecification","valueRequired":true,"valueName":"search_term_string"}}],"inLanguage":"sr-RS"}]}},"_links":{"self":[{"href":"https:\/\/futurehealthbiobank.com\/rs\/wp-json\/wp\/v2\/pages\/610","targetHints":{"allow":["GET"]}}],"collection":[{"href":"https:\/\/futurehealthbiobank.com\/rs\/wp-json\/wp\/v2\/pages"}],"about":[{"href":"https:\/\/futurehealthbiobank.com\/rs\/wp-json\/wp\/v2\/types\/page"}],"author":[{"embeddable":true,"href":"https:\/\/futurehealthbiobank.com\/rs\/wp-json\/wp\/v2\/users\/25"}],"replies":[{"embeddable":true,"href":"https:\/\/futurehealthbiobank.com\/rs\/wp-json\/wp\/v2\/comments?post=610"}],"version-history":[{"count":0,"href":"https:\/\/futurehealthbiobank.com\/rs\/wp-json\/wp\/v2\/pages\/610\/revisions"}],"wp:attachment":[{"href":"https:\/\/futurehealthbiobank.com\/rs\/wp-json\/wp\/v2\/media?parent=610"}],"curies":[{"name":"wp","href":"https:\/\/api.w.org\/{rel}","templated":true}]}}