

{"id":676,"date":"2016-07-07T12:15:20","date_gmt":"2016-07-07T11:15:20","guid":{"rendered":"https:\/\/futurehealthbiobank.com\/rs\/?page_id=676"},"modified":"2016-10-18T15:05:23","modified_gmt":"2016-10-18T13:05:23","slug":"mogucnost-lecenja-maticnim-celijama-iz-krvi-pupcanika","status":"publish","type":"page","link":"https:\/\/futurehealthbiobank.com\/rs\/mogucnost-lecenja-maticnim-celijama-iz-krvi-pupcanika\/","title":{"rendered":"Mogu\u0107nost le\u010denja mati\u010dnim \u0107elijama iz krvi pup\u010danika"},"content":{"rendered":"","protected":false},"excerpt":{"rendered":"","protected":false},"author":25,"featured_media":0,"parent":0,"menu_order":0,"comment_status":"closed","ping_status":"closed","template":"page-benefits.php","meta":{"_acf_changed":false,"footnotes":""},"class_list":["post-676","page","type-page","status-publish","hentry"],"acf":[],"yoast_head":"<!-- This site is optimized with the Yoast SEO Premium plugin v26.7 (Yoast SEO v26.7) - https:\/\/yoast.com\/wordpress\/plugins\/seo\/ -->\n<title>Mogu\u0107nost le\u010denje mati\u010dnim \u0107elijama iz krvi pup\u010danika<\/title>\n<meta name=\"description\" content=\"Krv pup\u010danika se mo\u017ee koristiti za le\u010denje 85 razli\u010ditih medicinskih stanja\" \/>\n<meta name=\"robots\" content=\"index, follow, max-snippet:-1, max-image-preview:large, max-video-preview:-1\" \/>\n<link rel=\"canonical\" href=\"https:\/\/futurehealthbiobank.com\/rs\/mogucnost-lecenja-maticnim-celijama-iz-krvi-pupcanika\/\" \/>\n<meta property=\"og:locale\" content=\"sr_RS\" \/>\n<meta property=\"og:type\" content=\"article\" \/>\n<meta property=\"og:title\" content=\"Mogu\u0107nost le\u010denja mati\u010dnim \u0107elijama iz krvi pup\u010danika\" \/>\n<meta property=\"og:description\" content=\"Krv pup\u010danika se mo\u017ee koristiti za le\u010denje 85 razli\u010ditih medicinskih stanja\" \/>\n<meta property=\"og:url\" content=\"https:\/\/futurehealthbiobank.com\/rs\/mogucnost-lecenja-maticnim-celijama-iz-krvi-pupcanika\/\" \/>\n<meta property=\"og:site_name\" content=\"Future Health Biobank Serbia\" \/>\n<meta property=\"article:modified_time\" content=\"2016-10-18T13:05:23+00:00\" \/>\n<meta name=\"twitter:card\" content=\"summary_large_image\" \/>\n<script type=\"application\/ld+json\" class=\"yoast-schema-graph\">{\"@context\":\"https:\/\/schema.org\",\"@graph\":[{\"@type\":\"WebPage\",\"@id\":\"https:\/\/futurehealthbiobank.com\/rs\/mogucnost-lecenja-maticnim-celijama-iz-krvi-pupcanika\/\",\"url\":\"https:\/\/futurehealthbiobank.com\/rs\/mogucnost-lecenja-maticnim-celijama-iz-krvi-pupcanika\/\",\"name\":\"Mogu\u0107nost le\u010denje mati\u010dnim \u0107elijama iz krvi pup\u010danika\",\"isPartOf\":{\"@id\":\"https:\/\/futurehealthbiobank.com\/rs\/#website\"},\"datePublished\":\"2016-07-07T11:15:20+00:00\",\"dateModified\":\"2016-10-18T13:05:23+00:00\",\"description\":\"Krv pup\u010danika se mo\u017ee koristiti za le\u010denje 85 razli\u010ditih medicinskih stanja\",\"breadcrumb\":{\"@id\":\"https:\/\/futurehealthbiobank.com\/rs\/mogucnost-lecenja-maticnim-celijama-iz-krvi-pupcanika\/#breadcrumb\"},\"inLanguage\":\"sr-RS\",\"potentialAction\":[{\"@type\":\"ReadAction\",\"target\":[\"https:\/\/futurehealthbiobank.com\/rs\/mogucnost-lecenja-maticnim-celijama-iz-krvi-pupcanika\/\"]}]},{\"@type\":\"BreadcrumbList\",\"@id\":\"https:\/\/futurehealthbiobank.com\/rs\/mogucnost-lecenja-maticnim-celijama-iz-krvi-pupcanika\/#breadcrumb\",\"itemListElement\":[{\"@type\":\"ListItem\",\"position\":1,\"name\":\"Po\u010detna strana\",\"item\":\"https:\/\/futurehealthbiobank.com\/rs\/\"},{\"@type\":\"ListItem\",\"position\":2,\"name\":\"Mogu\u0107nost le\u010denja mati\u010dnim \u0107elijama iz krvi pup\u010danika\"}]},{\"@type\":\"WebSite\",\"@id\":\"https:\/\/futurehealthbiobank.com\/rs\/#website\",\"url\":\"https:\/\/futurehealthbiobank.com\/rs\/\",\"name\":\"Future Health Biobank Serbia\",\"description\":\"\",\"potentialAction\":[{\"@type\":\"SearchAction\",\"target\":{\"@type\":\"EntryPoint\",\"urlTemplate\":\"https:\/\/futurehealthbiobank.com\/rs\/?s={search_term_string}\"},\"query-input\":{\"@type\":\"PropertyValueSpecification\",\"valueRequired\":true,\"valueName\":\"search_term_string\"}}],\"inLanguage\":\"sr-RS\"}]}<\/script>\n<!-- \/ Yoast SEO Premium plugin. -->","yoast_head_json":{"title":"Mogu\u0107nost le\u010denje mati\u010dnim \u0107elijama iz krvi pup\u010danika","description":"Krv pup\u010danika se mo\u017ee koristiti za le\u010denje 85 razli\u010ditih medicinskih stanja","robots":{"index":"index","follow":"follow","max-snippet":"max-snippet:-1","max-image-preview":"max-image-preview:large","max-video-preview":"max-video-preview:-1"},"canonical":"https:\/\/futurehealthbiobank.com\/rs\/mogucnost-lecenja-maticnim-celijama-iz-krvi-pupcanika\/","og_locale":"sr_RS","og_type":"article","og_title":"Mogu\u0107nost le\u010denja mati\u010dnim \u0107elijama iz krvi pup\u010danika","og_description":"Krv pup\u010danika se mo\u017ee koristiti za le\u010denje 85 razli\u010ditih medicinskih stanja","og_url":"https:\/\/futurehealthbiobank.com\/rs\/mogucnost-lecenja-maticnim-celijama-iz-krvi-pupcanika\/","og_site_name":"Future Health Biobank Serbia","article_modified_time":"2016-10-18T13:05:23+00:00","twitter_card":"summary_large_image","schema":{"@context":"https:\/\/schema.org","@graph":[{"@type":"WebPage","@id":"https:\/\/futurehealthbiobank.com\/rs\/mogucnost-lecenja-maticnim-celijama-iz-krvi-pupcanika\/","url":"https:\/\/futurehealthbiobank.com\/rs\/mogucnost-lecenja-maticnim-celijama-iz-krvi-pupcanika\/","name":"Mogu\u0107nost le\u010denje mati\u010dnim \u0107elijama iz krvi pup\u010danika","isPartOf":{"@id":"https:\/\/futurehealthbiobank.com\/rs\/#website"},"datePublished":"2016-07-07T11:15:20+00:00","dateModified":"2016-10-18T13:05:23+00:00","description":"Krv pup\u010danika se mo\u017ee koristiti za le\u010denje 85 razli\u010ditih medicinskih stanja","breadcrumb":{"@id":"https:\/\/futurehealthbiobank.com\/rs\/mogucnost-lecenja-maticnim-celijama-iz-krvi-pupcanika\/#breadcrumb"},"inLanguage":"sr-RS","potentialAction":[{"@type":"ReadAction","target":["https:\/\/futurehealthbiobank.com\/rs\/mogucnost-lecenja-maticnim-celijama-iz-krvi-pupcanika\/"]}]},{"@type":"BreadcrumbList","@id":"https:\/\/futurehealthbiobank.com\/rs\/mogucnost-lecenja-maticnim-celijama-iz-krvi-pupcanika\/#breadcrumb","itemListElement":[{"@type":"ListItem","position":1,"name":"Po\u010detna strana","item":"https:\/\/futurehealthbiobank.com\/rs\/"},{"@type":"ListItem","position":2,"name":"Mogu\u0107nost le\u010denja mati\u010dnim \u0107elijama iz krvi pup\u010danika"}]},{"@type":"WebSite","@id":"https:\/\/futurehealthbiobank.com\/rs\/#website","url":"https:\/\/futurehealthbiobank.com\/rs\/","name":"Future Health Biobank Serbia","description":"","potentialAction":[{"@type":"SearchAction","target":{"@type":"EntryPoint","urlTemplate":"https:\/\/futurehealthbiobank.com\/rs\/?s={search_term_string}"},"query-input":{"@type":"PropertyValueSpecification","valueRequired":true,"valueName":"search_term_string"}}],"inLanguage":"sr-RS"}]}},"_links":{"self":[{"href":"https:\/\/futurehealthbiobank.com\/rs\/wp-json\/wp\/v2\/pages\/676","targetHints":{"allow":["GET"]}}],"collection":[{"href":"https:\/\/futurehealthbiobank.com\/rs\/wp-json\/wp\/v2\/pages"}],"about":[{"href":"https:\/\/futurehealthbiobank.com\/rs\/wp-json\/wp\/v2\/types\/page"}],"author":[{"embeddable":true,"href":"https:\/\/futurehealthbiobank.com\/rs\/wp-json\/wp\/v2\/users\/25"}],"replies":[{"embeddable":true,"href":"https:\/\/futurehealthbiobank.com\/rs\/wp-json\/wp\/v2\/comments?post=676"}],"version-history":[{"count":0,"href":"https:\/\/futurehealthbiobank.com\/rs\/wp-json\/wp\/v2\/pages\/676\/revisions"}],"wp:attachment":[{"href":"https:\/\/futurehealthbiobank.com\/rs\/wp-json\/wp\/v2\/media?parent=676"}],"curies":[{"name":"wp","href":"https:\/\/api.w.org\/{rel}","templated":true}]}}