

{"id":8468,"date":"2018-07-02T14:20:50","date_gmt":"2018-07-02T12:20:50","guid":{"rendered":"http:\/\/fhbb.staging.wpengine.com\/?page_id=8468"},"modified":"2024-04-02T10:44:17","modified_gmt":"2024-04-02T08:44:17","slug":"nase-akreditacije","status":"publish","type":"page","link":"https:\/\/futurehealthbiobank.com\/rs\/o-nama\/nase-akreditacije\/","title":{"rendered":"Na\u0161e akreditacije"},"content":{"rendered":"","protected":false},"excerpt":{"rendered":"","protected":false},"author":25,"featured_media":0,"parent":403,"menu_order":0,"comment_status":"closed","ping_status":"closed","template":"page-accreditations.php","meta":{"_acf_changed":false,"footnotes":""},"class_list":["post-8468","page","type-page","status-publish","hentry"],"acf":[],"yoast_head":"<!-- This site is optimized with the Yoast SEO Premium plugin v26.7 (Yoast SEO v26.7) - https:\/\/yoast.com\/wordpress\/plugins\/seo\/ -->\n<title>Najakreditovanija banka mati\u010dnih \u0107elija na svetu | Future Health Biobank<\/title>\n<meta name=\"description\" content=\"Kao najakreditovanija banka u svetu, nudimo usluge odobrene od strane HTA i MHRA za \u010duvanje mati\u010dnih \u0107elija u vi\u0161e od 75 zemalja.\" \/>\n<meta name=\"robots\" content=\"index, follow, max-snippet:-1, max-image-preview:large, max-video-preview:-1\" \/>\n<link rel=\"canonical\" href=\"https:\/\/futurehealthbiobank.com\/rs\/o-nama\/nase-akreditacije\/\" \/>\n<meta property=\"og:locale\" content=\"sr_RS\" \/>\n<meta property=\"og:type\" content=\"article\" \/>\n<meta property=\"og:title\" content=\"Na\u0161e akreditacije\" \/>\n<meta property=\"og:description\" content=\"Kao najakreditovanija banka u svetu, nudimo usluge odobrene od strane HTA i MHRA za \u010duvanje mati\u010dnih \u0107elija u vi\u0161e od 75 zemalja.\" \/>\n<meta property=\"og:url\" content=\"https:\/\/futurehealthbiobank.com\/rs\/o-nama\/nase-akreditacije\/\" \/>\n<meta property=\"og:site_name\" content=\"Future Health Biobank Serbia\" \/>\n<meta property=\"article:modified_time\" content=\"2024-04-02T08:44:17+00:00\" \/>\n<meta name=\"twitter:card\" content=\"summary_large_image\" \/>\n<script type=\"application\/ld+json\" class=\"yoast-schema-graph\">{\"@context\":\"https:\/\/schema.org\",\"@graph\":[{\"@type\":\"WebPage\",\"@id\":\"https:\/\/futurehealthbiobank.com\/rs\/o-nama\/nase-akreditacije\/\",\"url\":\"https:\/\/futurehealthbiobank.com\/rs\/o-nama\/nase-akreditacije\/\",\"name\":\"Najakreditovanija banka mati\u010dnih \u0107elija na svetu | Future Health Biobank\",\"isPartOf\":{\"@id\":\"https:\/\/futurehealthbiobank.com\/rs\/#website\"},\"datePublished\":\"2018-07-02T12:20:50+00:00\",\"dateModified\":\"2024-04-02T08:44:17+00:00\",\"description\":\"Kao najakreditovanija banka u svetu, nudimo usluge odobrene od strane HTA i MHRA za \u010duvanje mati\u010dnih \u0107elija u vi\u0161e od 75 zemalja.\",\"breadcrumb\":{\"@id\":\"https:\/\/futurehealthbiobank.com\/rs\/o-nama\/nase-akreditacije\/#breadcrumb\"},\"inLanguage\":\"sr-RS\",\"potentialAction\":[{\"@type\":\"ReadAction\",\"target\":[\"https:\/\/futurehealthbiobank.com\/rs\/o-nama\/nase-akreditacije\/\"]}]},{\"@type\":\"BreadcrumbList\",\"@id\":\"https:\/\/futurehealthbiobank.com\/rs\/o-nama\/nase-akreditacije\/#breadcrumb\",\"itemListElement\":[{\"@type\":\"ListItem\",\"position\":1,\"name\":\"Po\u010detna strana\",\"item\":\"https:\/\/futurehealthbiobank.com\/rs\/\"},{\"@type\":\"ListItem\",\"position\":2,\"name\":\"O nama\",\"item\":\"https:\/\/futurehealthbiobank.com\/rs\/o-nama\/\"},{\"@type\":\"ListItem\",\"position\":3,\"name\":\"Na\u0161e akreditacije\"}]},{\"@type\":\"WebSite\",\"@id\":\"https:\/\/futurehealthbiobank.com\/rs\/#website\",\"url\":\"https:\/\/futurehealthbiobank.com\/rs\/\",\"name\":\"Future Health Biobank Serbia\",\"description\":\"\",\"potentialAction\":[{\"@type\":\"SearchAction\",\"target\":{\"@type\":\"EntryPoint\",\"urlTemplate\":\"https:\/\/futurehealthbiobank.com\/rs\/?s={search_term_string}\"},\"query-input\":{\"@type\":\"PropertyValueSpecification\",\"valueRequired\":true,\"valueName\":\"search_term_string\"}}],\"inLanguage\":\"sr-RS\"}]}<\/script>\n<!-- \/ Yoast SEO Premium plugin. -->","yoast_head_json":{"title":"Najakreditovanija banka mati\u010dnih \u0107elija na svetu | Future Health Biobank","description":"Kao najakreditovanija banka u svetu, nudimo usluge odobrene od strane HTA i MHRA za \u010duvanje mati\u010dnih \u0107elija u vi\u0161e od 75 zemalja.","robots":{"index":"index","follow":"follow","max-snippet":"max-snippet:-1","max-image-preview":"max-image-preview:large","max-video-preview":"max-video-preview:-1"},"canonical":"https:\/\/futurehealthbiobank.com\/rs\/o-nama\/nase-akreditacije\/","og_locale":"sr_RS","og_type":"article","og_title":"Na\u0161e akreditacije","og_description":"Kao najakreditovanija banka u svetu, nudimo usluge odobrene od strane HTA i MHRA za \u010duvanje mati\u010dnih \u0107elija u vi\u0161e od 75 zemalja.","og_url":"https:\/\/futurehealthbiobank.com\/rs\/o-nama\/nase-akreditacije\/","og_site_name":"Future Health Biobank Serbia","article_modified_time":"2024-04-02T08:44:17+00:00","twitter_card":"summary_large_image","schema":{"@context":"https:\/\/schema.org","@graph":[{"@type":"WebPage","@id":"https:\/\/futurehealthbiobank.com\/rs\/o-nama\/nase-akreditacije\/","url":"https:\/\/futurehealthbiobank.com\/rs\/o-nama\/nase-akreditacije\/","name":"Najakreditovanija banka mati\u010dnih \u0107elija na svetu | Future Health Biobank","isPartOf":{"@id":"https:\/\/futurehealthbiobank.com\/rs\/#website"},"datePublished":"2018-07-02T12:20:50+00:00","dateModified":"2024-04-02T08:44:17+00:00","description":"Kao najakreditovanija banka u svetu, nudimo usluge odobrene od strane HTA i MHRA za \u010duvanje mati\u010dnih \u0107elija u vi\u0161e od 75 zemalja.","breadcrumb":{"@id":"https:\/\/futurehealthbiobank.com\/rs\/o-nama\/nase-akreditacije\/#breadcrumb"},"inLanguage":"sr-RS","potentialAction":[{"@type":"ReadAction","target":["https:\/\/futurehealthbiobank.com\/rs\/o-nama\/nase-akreditacije\/"]}]},{"@type":"BreadcrumbList","@id":"https:\/\/futurehealthbiobank.com\/rs\/o-nama\/nase-akreditacije\/#breadcrumb","itemListElement":[{"@type":"ListItem","position":1,"name":"Po\u010detna strana","item":"https:\/\/futurehealthbiobank.com\/rs\/"},{"@type":"ListItem","position":2,"name":"O nama","item":"https:\/\/futurehealthbiobank.com\/rs\/o-nama\/"},{"@type":"ListItem","position":3,"name":"Na\u0161e akreditacije"}]},{"@type":"WebSite","@id":"https:\/\/futurehealthbiobank.com\/rs\/#website","url":"https:\/\/futurehealthbiobank.com\/rs\/","name":"Future Health Biobank Serbia","description":"","potentialAction":[{"@type":"SearchAction","target":{"@type":"EntryPoint","urlTemplate":"https:\/\/futurehealthbiobank.com\/rs\/?s={search_term_string}"},"query-input":{"@type":"PropertyValueSpecification","valueRequired":true,"valueName":"search_term_string"}}],"inLanguage":"sr-RS"}]}},"_links":{"self":[{"href":"https:\/\/futurehealthbiobank.com\/rs\/wp-json\/wp\/v2\/pages\/8468","targetHints":{"allow":["GET"]}}],"collection":[{"href":"https:\/\/futurehealthbiobank.com\/rs\/wp-json\/wp\/v2\/pages"}],"about":[{"href":"https:\/\/futurehealthbiobank.com\/rs\/wp-json\/wp\/v2\/types\/page"}],"author":[{"embeddable":true,"href":"https:\/\/futurehealthbiobank.com\/rs\/wp-json\/wp\/v2\/users\/25"}],"replies":[{"embeddable":true,"href":"https:\/\/futurehealthbiobank.com\/rs\/wp-json\/wp\/v2\/comments?post=8468"}],"version-history":[{"count":1,"href":"https:\/\/futurehealthbiobank.com\/rs\/wp-json\/wp\/v2\/pages\/8468\/revisions"}],"predecessor-version":[{"id":32452,"href":"https:\/\/futurehealthbiobank.com\/rs\/wp-json\/wp\/v2\/pages\/8468\/revisions\/32452"}],"up":[{"embeddable":true,"href":"https:\/\/futurehealthbiobank.com\/rs\/wp-json\/wp\/v2\/pages\/403"}],"wp:attachment":[{"href":"https:\/\/futurehealthbiobank.com\/rs\/wp-json\/wp\/v2\/media?parent=8468"}],"curies":[{"name":"wp","href":"https:\/\/api.w.org\/{rel}","templated":true}]}}