{"id":3364,"date":"2016-03-30T18:56:22","date_gmt":"2016-03-30T17:56:22","guid":{"rendered":"https:\/\/futurehealthbiobank.com\/se\/?page_id=3364"},"modified":"2017-02-22T11:08:35","modified_gmt":"2017-02-22T10:08:35","slug":"insamlingsprocessen-for-navelstrangsvavnad","status":"publish","type":"page","link":"https:\/\/futurehealthbiobank.com\/se\/vara-tjanster\/stamcellsbanktjanst\/navelstrangsvavnadsstamcellsbanktjanst\/insamlingsprocessen-for-navelstrangsvavnad\/","title":{"rendered":"Insamlingsprocessen f\u00f6r navelstr\u00e4ngsv\u00e4vnad"},"content":{"rendered":"","protected":false},"excerpt":{"rendered":"","protected":false},"author":25,"featured_media":0,"parent":2937,"menu_order":0,"comment_status":"closed","ping_status":"closed","template":"page-page_template.php","meta":{"_acf_changed":false,"footnotes":""},"class_list":["post-3364","page","type-page","status-publish","hentry"],"acf":[],"yoast_head":"<!-- This site is optimized with the Yoast SEO Premium plugin v26.7 (Yoast SEO v26.7) - https:\/\/yoast.com\/wordpress\/plugins\/seo\/ -->\n<title>Stem cell collection process | Umbilical cord tissue<\/title>\n<meta name=\"description\" content=\"This 10 step process depicts the necessary method involved in collecting, processing and storing the umbilical cord tissue stem cells.\" \/>\n<meta name=\"robots\" content=\"index, follow, max-snippet:-1, max-image-preview:large, max-video-preview:-1\" \/>\n<link rel=\"canonical\" href=\"https:\/\/futurehealthbiobank.com\/se\/vara-tjanster\/stamcellsbanktjanst\/navelstrangsvavnadsstamcellsbanktjanst\/insamlingsprocessen-for-navelstrangsvavnad\/\" \/>\n<meta property=\"og:locale\" content=\"sv_SE\" \/>\n<meta property=\"og:type\" content=\"article\" \/>\n<meta property=\"og:title\" content=\"Insamlingsprocessen f\u00f6r navelstr\u00e4ngsv\u00e4vnad\" \/>\n<meta property=\"og:url\" content=\"https:\/\/futurehealthbiobank.com\/se\/vara-tjanster\/stamcellsbanktjanst\/navelstrangsvavnadsstamcellsbanktjanst\/insamlingsprocessen-for-navelstrangsvavnad\/\" \/>\n<meta property=\"og:site_name\" content=\"Future Health Biobank Sweden\" \/>\n<meta property=\"article:modified_time\" content=\"2017-02-22T10:08:35+00:00\" \/>\n<meta name=\"twitter:card\" content=\"summary_large_image\" \/>\n<script type=\"application\/ld+json\" class=\"yoast-schema-graph\">{\"@context\":\"https:\/\/schema.org\",\"@graph\":[{\"@type\":\"WebPage\",\"@id\":\"https:\/\/futurehealthbiobank.com\/se\/vara-tjanster\/stamcellsbanktjanst\/navelstrangsvavnadsstamcellsbanktjanst\/insamlingsprocessen-for-navelstrangsvavnad\/\",\"url\":\"https:\/\/futurehealthbiobank.com\/se\/vara-tjanster\/stamcellsbanktjanst\/navelstrangsvavnadsstamcellsbanktjanst\/insamlingsprocessen-for-navelstrangsvavnad\/\",\"name\":\"Stem cell collection process | Umbilical cord tissue\",\"isPartOf\":{\"@id\":\"https:\/\/futurehealthbiobank.com\/se\/#website\"},\"datePublished\":\"2016-03-30T17:56:22+00:00\",\"dateModified\":\"2017-02-22T10:08:35+00:00\",\"description\":\"This 10 step process depicts the necessary method involved in collecting, processing and storing the umbilical cord tissue stem cells.\",\"breadcrumb\":{\"@id\":\"https:\/\/futurehealthbiobank.com\/se\/vara-tjanster\/stamcellsbanktjanst\/navelstrangsvavnadsstamcellsbanktjanst\/insamlingsprocessen-for-navelstrangsvavnad\/#breadcrumb\"},\"inLanguage\":\"sv-SE\",\"potentialAction\":[{\"@type\":\"ReadAction\",\"target\":[\"https:\/\/futurehealthbiobank.com\/se\/vara-tjanster\/stamcellsbanktjanst\/navelstrangsvavnadsstamcellsbanktjanst\/insamlingsprocessen-for-navelstrangsvavnad\/\"]}]},{\"@type\":\"BreadcrumbList\",\"@id\":\"https:\/\/futurehealthbiobank.com\/se\/vara-tjanster\/stamcellsbanktjanst\/navelstrangsvavnadsstamcellsbanktjanst\/insamlingsprocessen-for-navelstrangsvavnad\/#breadcrumb\",\"itemListElement\":[{\"@type\":\"ListItem\",\"position\":1,\"name\":\"Hem\",\"item\":\"https:\/\/futurehealthbiobank.com\/se\/\"},{\"@type\":\"ListItem\",\"position\":2,\"name\":\"V\u00e5ra tj\u00e4nster\",\"item\":\"https:\/\/futurehealthbiobank.com\/se\/vara-tjanster\/\"},{\"@type\":\"ListItem\",\"position\":3,\"name\":\"Stamcellsbanktj\u00e4nst\",\"item\":\"https:\/\/futurehealthbiobank.com\/se\/vara-tjanster\/stamcellsbanktjanst\/\"},{\"@type\":\"ListItem\",\"position\":4,\"name\":\"Navelstr\u00e4ngsv\u00e4vnadsstamcellsbanktj\u00e4nst\",\"item\":\"https:\/\/futurehealthbiobank.com\/se\/vara-tjanster\/stamcellsbanktjanst\/navelstrangsvavnadsstamcellsbanktjanst\/\"},{\"@type\":\"ListItem\",\"position\":5,\"name\":\"Insamlingsprocessen f\u00f6r navelstr\u00e4ngsv\u00e4vnad\"}]},{\"@type\":\"WebSite\",\"@id\":\"https:\/\/futurehealthbiobank.com\/se\/#website\",\"url\":\"https:\/\/futurehealthbiobank.com\/se\/\",\"name\":\"Future Health Biobank Sweden\",\"description\":\"\",\"potentialAction\":[{\"@type\":\"SearchAction\",\"target\":{\"@type\":\"EntryPoint\",\"urlTemplate\":\"https:\/\/futurehealthbiobank.com\/se\/?s={search_term_string}\"},\"query-input\":{\"@type\":\"PropertyValueSpecification\",\"valueRequired\":true,\"valueName\":\"search_term_string\"}}],\"inLanguage\":\"sv-SE\"}]}<\/script>\n<!-- \/ Yoast SEO Premium plugin. -->","yoast_head_json":{"title":"Stem cell collection process | Umbilical cord tissue","description":"This 10 step process depicts the necessary method involved in collecting, processing and storing the umbilical cord tissue stem cells.","robots":{"index":"index","follow":"follow","max-snippet":"max-snippet:-1","max-image-preview":"max-image-preview:large","max-video-preview":"max-video-preview:-1"},"canonical":"https:\/\/futurehealthbiobank.com\/se\/vara-tjanster\/stamcellsbanktjanst\/navelstrangsvavnadsstamcellsbanktjanst\/insamlingsprocessen-for-navelstrangsvavnad\/","og_locale":"sv_SE","og_type":"article","og_title":"Insamlingsprocessen f\u00f6r navelstr\u00e4ngsv\u00e4vnad","og_url":"https:\/\/futurehealthbiobank.com\/se\/vara-tjanster\/stamcellsbanktjanst\/navelstrangsvavnadsstamcellsbanktjanst\/insamlingsprocessen-for-navelstrangsvavnad\/","og_site_name":"Future Health Biobank Sweden","article_modified_time":"2017-02-22T10:08:35+00:00","twitter_card":"summary_large_image","schema":{"@context":"https:\/\/schema.org","@graph":[{"@type":"WebPage","@id":"https:\/\/futurehealthbiobank.com\/se\/vara-tjanster\/stamcellsbanktjanst\/navelstrangsvavnadsstamcellsbanktjanst\/insamlingsprocessen-for-navelstrangsvavnad\/","url":"https:\/\/futurehealthbiobank.com\/se\/vara-tjanster\/stamcellsbanktjanst\/navelstrangsvavnadsstamcellsbanktjanst\/insamlingsprocessen-for-navelstrangsvavnad\/","name":"Stem cell collection process | Umbilical cord tissue","isPartOf":{"@id":"https:\/\/futurehealthbiobank.com\/se\/#website"},"datePublished":"2016-03-30T17:56:22+00:00","dateModified":"2017-02-22T10:08:35+00:00","description":"This 10 step process depicts the necessary method involved in collecting, processing and storing the umbilical cord tissue stem cells.","breadcrumb":{"@id":"https:\/\/futurehealthbiobank.com\/se\/vara-tjanster\/stamcellsbanktjanst\/navelstrangsvavnadsstamcellsbanktjanst\/insamlingsprocessen-for-navelstrangsvavnad\/#breadcrumb"},"inLanguage":"sv-SE","potentialAction":[{"@type":"ReadAction","target":["https:\/\/futurehealthbiobank.com\/se\/vara-tjanster\/stamcellsbanktjanst\/navelstrangsvavnadsstamcellsbanktjanst\/insamlingsprocessen-for-navelstrangsvavnad\/"]}]},{"@type":"BreadcrumbList","@id":"https:\/\/futurehealthbiobank.com\/se\/vara-tjanster\/stamcellsbanktjanst\/navelstrangsvavnadsstamcellsbanktjanst\/insamlingsprocessen-for-navelstrangsvavnad\/#breadcrumb","itemListElement":[{"@type":"ListItem","position":1,"name":"Hem","item":"https:\/\/futurehealthbiobank.com\/se\/"},{"@type":"ListItem","position":2,"name":"V\u00e5ra tj\u00e4nster","item":"https:\/\/futurehealthbiobank.com\/se\/vara-tjanster\/"},{"@type":"ListItem","position":3,"name":"Stamcellsbanktj\u00e4nst","item":"https:\/\/futurehealthbiobank.com\/se\/vara-tjanster\/stamcellsbanktjanst\/"},{"@type":"ListItem","position":4,"name":"Navelstr\u00e4ngsv\u00e4vnadsstamcellsbanktj\u00e4nst","item":"https:\/\/futurehealthbiobank.com\/se\/vara-tjanster\/stamcellsbanktjanst\/navelstrangsvavnadsstamcellsbanktjanst\/"},{"@type":"ListItem","position":5,"name":"Insamlingsprocessen f\u00f6r navelstr\u00e4ngsv\u00e4vnad"}]},{"@type":"WebSite","@id":"https:\/\/futurehealthbiobank.com\/se\/#website","url":"https:\/\/futurehealthbiobank.com\/se\/","name":"Future Health Biobank Sweden","description":"","potentialAction":[{"@type":"SearchAction","target":{"@type":"EntryPoint","urlTemplate":"https:\/\/futurehealthbiobank.com\/se\/?s={search_term_string}"},"query-input":{"@type":"PropertyValueSpecification","valueRequired":true,"valueName":"search_term_string"}}],"inLanguage":"sv-SE"}]}},"_links":{"self":[{"href":"https:\/\/futurehealthbiobank.com\/se\/wp-json\/wp\/v2\/pages\/3364","targetHints":{"allow":["GET"]}}],"collection":[{"href":"https:\/\/futurehealthbiobank.com\/se\/wp-json\/wp\/v2\/pages"}],"about":[{"href":"https:\/\/futurehealthbiobank.com\/se\/wp-json\/wp\/v2\/types\/page"}],"author":[{"embeddable":true,"href":"https:\/\/futurehealthbiobank.com\/se\/wp-json\/wp\/v2\/users\/25"}],"replies":[{"embeddable":true,"href":"https:\/\/futurehealthbiobank.com\/se\/wp-json\/wp\/v2\/comments?post=3364"}],"version-history":[{"count":0,"href":"https:\/\/futurehealthbiobank.com\/se\/wp-json\/wp\/v2\/pages\/3364\/revisions"}],"up":[{"embeddable":true,"href":"https:\/\/futurehealthbiobank.com\/se\/wp-json\/wp\/v2\/pages\/2937"}],"wp:attachment":[{"href":"https:\/\/futurehealthbiobank.com\/se\/wp-json\/wp\/v2\/media?parent=3364"}],"curies":[{"name":"wp","href":"https:\/\/api.w.org\/{rel}","templated":true}]}}