{"id":3961,"date":"2016-08-02T10:20:56","date_gmt":"2016-08-02T09:20:56","guid":{"rendered":"https:\/\/futurehealthbiobank.com\/se\/?page_id=3961"},"modified":"2019-11-12T15:03:00","modified_gmt":"2019-11-12T14:03:00","slug":"vad-ar-skillnaden-mellan-att-forvara-navelstrangsblod-och-navelstrangsvavnad","status":"publish","type":"page","link":"https:\/\/futurehealthbiobank.com\/se\/radgivningspanel\/radgivningspanel-for-stamcellsbanktjanster\/vad-ar-skillnaden-mellan-att-forvara-navelstrangsblod-och-navelstrangsvavnad\/","title":{"rendered":"Vad \u00e4r skillnaden mellan att f\u00f6rvara navelstr\u00e4ngsblod och navelstr\u00e4ngsv\u00e4vnad?"},"content":{"rendered":"","protected":false},"excerpt":{"rendered":"","protected":false},"author":25,"featured_media":0,"parent":3051,"menu_order":0,"comment_status":"closed","ping_status":"closed","template":"page-page_template.php","meta":{"_acf_changed":false,"footnotes":""},"class_list":["post-3961","page","type-page","status-publish","hentry"],"acf":[],"yoast_head":"<!-- This site is optimized with the Yoast SEO Premium plugin v26.7 (Yoast SEO v26.7) - https:\/\/yoast.com\/wordpress\/plugins\/seo\/ -->\n<title>Vad \u00e4r skillnaden mellan att f\u00f6rvara navelstr\u00e4ngsblod och navelstr\u00e4ngsv\u00e4vnad? - Future Health Biobank Sweden<\/title>\n<meta name=\"robots\" content=\"index, follow, max-snippet:-1, max-image-preview:large, max-video-preview:-1\" \/>\n<link rel=\"canonical\" href=\"https:\/\/futurehealthbiobank.com\/se\/radgivningspanel\/radgivningspanel-for-stamcellsbanktjanster\/vad-ar-skillnaden-mellan-att-forvara-navelstrangsblod-och-navelstrangsvavnad\/\" \/>\n<meta property=\"og:locale\" content=\"sv_SE\" \/>\n<meta property=\"og:type\" content=\"article\" \/>\n<meta property=\"og:title\" content=\"Vad \u00e4r skillnaden mellan att f\u00f6rvara navelstr\u00e4ngsblod och navelstr\u00e4ngsv\u00e4vnad?\" \/>\n<meta property=\"og:url\" content=\"https:\/\/futurehealthbiobank.com\/se\/radgivningspanel\/radgivningspanel-for-stamcellsbanktjanster\/vad-ar-skillnaden-mellan-att-forvara-navelstrangsblod-och-navelstrangsvavnad\/\" \/>\n<meta property=\"og:site_name\" content=\"Future Health Biobank Sweden\" \/>\n<meta property=\"article:modified_time\" content=\"2019-11-12T14:03:00+00:00\" \/>\n<meta name=\"twitter:card\" content=\"summary_large_image\" \/>\n<script type=\"application\/ld+json\" class=\"yoast-schema-graph\">{\"@context\":\"https:\/\/schema.org\",\"@graph\":[{\"@type\":\"WebPage\",\"@id\":\"https:\/\/futurehealthbiobank.com\/se\/radgivningspanel\/radgivningspanel-for-stamcellsbanktjanster\/vad-ar-skillnaden-mellan-att-forvara-navelstrangsblod-och-navelstrangsvavnad\/\",\"url\":\"https:\/\/futurehealthbiobank.com\/se\/radgivningspanel\/radgivningspanel-for-stamcellsbanktjanster\/vad-ar-skillnaden-mellan-att-forvara-navelstrangsblod-och-navelstrangsvavnad\/\",\"name\":\"Vad \u00e4r skillnaden mellan att f\u00f6rvara navelstr\u00e4ngsblod och navelstr\u00e4ngsv\u00e4vnad? - Future Health Biobank Sweden\",\"isPartOf\":{\"@id\":\"https:\/\/futurehealthbiobank.com\/se\/#website\"},\"datePublished\":\"2016-08-02T09:20:56+00:00\",\"dateModified\":\"2019-11-12T14:03:00+00:00\",\"breadcrumb\":{\"@id\":\"https:\/\/futurehealthbiobank.com\/se\/radgivningspanel\/radgivningspanel-for-stamcellsbanktjanster\/vad-ar-skillnaden-mellan-att-forvara-navelstrangsblod-och-navelstrangsvavnad\/#breadcrumb\"},\"inLanguage\":\"sv-SE\",\"potentialAction\":[{\"@type\":\"ReadAction\",\"target\":[\"https:\/\/futurehealthbiobank.com\/se\/radgivningspanel\/radgivningspanel-for-stamcellsbanktjanster\/vad-ar-skillnaden-mellan-att-forvara-navelstrangsblod-och-navelstrangsvavnad\/\"]}]},{\"@type\":\"BreadcrumbList\",\"@id\":\"https:\/\/futurehealthbiobank.com\/se\/radgivningspanel\/radgivningspanel-for-stamcellsbanktjanster\/vad-ar-skillnaden-mellan-att-forvara-navelstrangsblod-och-navelstrangsvavnad\/#breadcrumb\",\"itemListElement\":[{\"@type\":\"ListItem\",\"position\":1,\"name\":\"Hem\",\"item\":\"https:\/\/futurehealthbiobank.com\/se\/\"},{\"@type\":\"ListItem\",\"position\":2,\"name\":\"R\u00e5dgivningspanel\",\"item\":\"https:\/\/futurehealthbiobank.com\/se\/radgivningspanel\/\"},{\"@type\":\"ListItem\",\"position\":3,\"name\":\"R\u00e5dgivningspanel f\u00f6r stamcellsbanktj\u00e4nster\",\"item\":\"https:\/\/futurehealthbiobank.com\/se\/radgivningspanel\/radgivningspanel-for-stamcellsbanktjanster\/\"},{\"@type\":\"ListItem\",\"position\":4,\"name\":\"Vad \u00e4r skillnaden mellan att f\u00f6rvara navelstr\u00e4ngsblod och navelstr\u00e4ngsv\u00e4vnad?\"}]},{\"@type\":\"WebSite\",\"@id\":\"https:\/\/futurehealthbiobank.com\/se\/#website\",\"url\":\"https:\/\/futurehealthbiobank.com\/se\/\",\"name\":\"Future Health Biobank Sweden\",\"description\":\"\",\"potentialAction\":[{\"@type\":\"SearchAction\",\"target\":{\"@type\":\"EntryPoint\",\"urlTemplate\":\"https:\/\/futurehealthbiobank.com\/se\/?s={search_term_string}\"},\"query-input\":{\"@type\":\"PropertyValueSpecification\",\"valueRequired\":true,\"valueName\":\"search_term_string\"}}],\"inLanguage\":\"sv-SE\"}]}<\/script>\n<!-- \/ Yoast SEO Premium plugin. -->","yoast_head_json":{"title":"Vad \u00e4r skillnaden mellan att f\u00f6rvara navelstr\u00e4ngsblod och navelstr\u00e4ngsv\u00e4vnad? - Future Health Biobank Sweden","robots":{"index":"index","follow":"follow","max-snippet":"max-snippet:-1","max-image-preview":"max-image-preview:large","max-video-preview":"max-video-preview:-1"},"canonical":"https:\/\/futurehealthbiobank.com\/se\/radgivningspanel\/radgivningspanel-for-stamcellsbanktjanster\/vad-ar-skillnaden-mellan-att-forvara-navelstrangsblod-och-navelstrangsvavnad\/","og_locale":"sv_SE","og_type":"article","og_title":"Vad \u00e4r skillnaden mellan att f\u00f6rvara navelstr\u00e4ngsblod och navelstr\u00e4ngsv\u00e4vnad?","og_url":"https:\/\/futurehealthbiobank.com\/se\/radgivningspanel\/radgivningspanel-for-stamcellsbanktjanster\/vad-ar-skillnaden-mellan-att-forvara-navelstrangsblod-och-navelstrangsvavnad\/","og_site_name":"Future Health Biobank Sweden","article_modified_time":"2019-11-12T14:03:00+00:00","twitter_card":"summary_large_image","schema":{"@context":"https:\/\/schema.org","@graph":[{"@type":"WebPage","@id":"https:\/\/futurehealthbiobank.com\/se\/radgivningspanel\/radgivningspanel-for-stamcellsbanktjanster\/vad-ar-skillnaden-mellan-att-forvara-navelstrangsblod-och-navelstrangsvavnad\/","url":"https:\/\/futurehealthbiobank.com\/se\/radgivningspanel\/radgivningspanel-for-stamcellsbanktjanster\/vad-ar-skillnaden-mellan-att-forvara-navelstrangsblod-och-navelstrangsvavnad\/","name":"Vad \u00e4r skillnaden mellan att f\u00f6rvara navelstr\u00e4ngsblod och navelstr\u00e4ngsv\u00e4vnad? - Future Health Biobank Sweden","isPartOf":{"@id":"https:\/\/futurehealthbiobank.com\/se\/#website"},"datePublished":"2016-08-02T09:20:56+00:00","dateModified":"2019-11-12T14:03:00+00:00","breadcrumb":{"@id":"https:\/\/futurehealthbiobank.com\/se\/radgivningspanel\/radgivningspanel-for-stamcellsbanktjanster\/vad-ar-skillnaden-mellan-att-forvara-navelstrangsblod-och-navelstrangsvavnad\/#breadcrumb"},"inLanguage":"sv-SE","potentialAction":[{"@type":"ReadAction","target":["https:\/\/futurehealthbiobank.com\/se\/radgivningspanel\/radgivningspanel-for-stamcellsbanktjanster\/vad-ar-skillnaden-mellan-att-forvara-navelstrangsblod-och-navelstrangsvavnad\/"]}]},{"@type":"BreadcrumbList","@id":"https:\/\/futurehealthbiobank.com\/se\/radgivningspanel\/radgivningspanel-for-stamcellsbanktjanster\/vad-ar-skillnaden-mellan-att-forvara-navelstrangsblod-och-navelstrangsvavnad\/#breadcrumb","itemListElement":[{"@type":"ListItem","position":1,"name":"Hem","item":"https:\/\/futurehealthbiobank.com\/se\/"},{"@type":"ListItem","position":2,"name":"R\u00e5dgivningspanel","item":"https:\/\/futurehealthbiobank.com\/se\/radgivningspanel\/"},{"@type":"ListItem","position":3,"name":"R\u00e5dgivningspanel f\u00f6r stamcellsbanktj\u00e4nster","item":"https:\/\/futurehealthbiobank.com\/se\/radgivningspanel\/radgivningspanel-for-stamcellsbanktjanster\/"},{"@type":"ListItem","position":4,"name":"Vad \u00e4r skillnaden mellan att f\u00f6rvara navelstr\u00e4ngsblod och navelstr\u00e4ngsv\u00e4vnad?"}]},{"@type":"WebSite","@id":"https:\/\/futurehealthbiobank.com\/se\/#website","url":"https:\/\/futurehealthbiobank.com\/se\/","name":"Future Health Biobank Sweden","description":"","potentialAction":[{"@type":"SearchAction","target":{"@type":"EntryPoint","urlTemplate":"https:\/\/futurehealthbiobank.com\/se\/?s={search_term_string}"},"query-input":{"@type":"PropertyValueSpecification","valueRequired":true,"valueName":"search_term_string"}}],"inLanguage":"sv-SE"}]}},"_links":{"self":[{"href":"https:\/\/futurehealthbiobank.com\/se\/wp-json\/wp\/v2\/pages\/3961","targetHints":{"allow":["GET"]}}],"collection":[{"href":"https:\/\/futurehealthbiobank.com\/se\/wp-json\/wp\/v2\/pages"}],"about":[{"href":"https:\/\/futurehealthbiobank.com\/se\/wp-json\/wp\/v2\/types\/page"}],"author":[{"embeddable":true,"href":"https:\/\/futurehealthbiobank.com\/se\/wp-json\/wp\/v2\/users\/25"}],"replies":[{"embeddable":true,"href":"https:\/\/futurehealthbiobank.com\/se\/wp-json\/wp\/v2\/comments?post=3961"}],"version-history":[{"count":0,"href":"https:\/\/futurehealthbiobank.com\/se\/wp-json\/wp\/v2\/pages\/3961\/revisions"}],"up":[{"embeddable":true,"href":"https:\/\/futurehealthbiobank.com\/se\/wp-json\/wp\/v2\/pages\/3051"}],"wp:attachment":[{"href":"https:\/\/futurehealthbiobank.com\/se\/wp-json\/wp\/v2\/media?parent=3961"}],"curies":[{"name":"wp","href":"https:\/\/api.w.org\/{rel}","templated":true}]}}