{"id":11399,"date":"2019-10-22T10:46:48","date_gmt":"2019-10-22T09:46:48","guid":{"rendered":"https:\/\/futurehealthbiobank.com\/vn\/?page_id=11399"},"modified":"2023-08-22T09:38:26","modified_gmt":"2023-08-22T08:38:26","slug":"cac-chung-nhan-cua-chung-toi","status":"publish","type":"page","link":"https:\/\/futurehealthbiobank.com\/vn\/cac-chung-nhan-cua-chung-toi\/","title":{"rendered":"C\u00e1c ch\u1ee9ng nh\u1eadn c\u1ee7a ch\u00fang t\u00f4i"},"content":{"rendered":"","protected":false},"excerpt":{"rendered":"","protected":false},"author":10,"featured_media":0,"parent":0,"menu_order":0,"comment_status":"closed","ping_status":"closed","template":"page-accreditations-new.php","meta":{"_acf_changed":false,"footnotes":""},"class_list":["post-11399","page","type-page","status-publish","hentry"],"acf":[],"yoast_head":"<!-- This site is optimized with the Yoast SEO Premium plugin v26.7 (Yoast SEO v26.7) - https:\/\/yoast.com\/wordpress\/plugins\/seo\/ -->\n<title>C\u00e1c ch\u1ee9ng nh\u1eadn c\u1ee7a ch\u00fang t\u00f4i - Future Health Biobank Vietnam<\/title>\n<meta name=\"description\" content=\"Future Health Biobank l\u00e0 m\u1ed9t trong nh\u1eefng ng\u00e2n h\u00e0ng t\u1ebf b\u00e0o g\u1ed1c \u0111\u01b0\u1ee3c c\u1ea5p nhi\u1ec1u ch\u1ee9ng nh\u1eadn ch\u1ea5t l\u01b0\u1ee3ng nh\u1ea5t tr\u00ean th\u1ebf gi\u1edbi. C\u00e1c \u0111\u1ed3ng nghi\u1ec7p \u0111\u00e1nh gi\u00e1 ch\u00fang t\u00f4i l\u00e0 trung t\u00e2m s\u00e1ng t\u1ea1o nh\u1ea5t v\u1edbi ch\u1ea5t l\u01b0\u1ee3ng v\u00e0 d\u1ecbch v\u1ee5 xu\u1ea5t s\u1eafc trong l\u0129nh v\u1ef1c l\u01b0u tr\u1eef t\u1ebf b\u00e0o g\u1ed1c.\" \/>\n<meta name=\"robots\" content=\"index, follow, max-snippet:-1, max-image-preview:large, max-video-preview:-1\" \/>\n<link rel=\"canonical\" href=\"https:\/\/futurehealthbiobank.com\/vn\/cac-chung-nhan-cua-chung-toi\/\" \/>\n<meta property=\"og:locale\" content=\"en_GB\" \/>\n<meta property=\"og:type\" content=\"article\" \/>\n<meta property=\"og:title\" content=\"C\u00e1c ch\u1ee9ng nh\u1eadn c\u1ee7a ch\u00fang t\u00f4i\" \/>\n<meta property=\"og:url\" content=\"https:\/\/futurehealthbiobank.com\/vn\/cac-chung-nhan-cua-chung-toi\/\" \/>\n<meta property=\"og:site_name\" content=\"Future Health Biobank Vietnam\" \/>\n<meta property=\"article:modified_time\" content=\"2023-08-22T08:38:26+00:00\" \/>\n<meta name=\"twitter:card\" content=\"summary_large_image\" \/>\n<script type=\"application\/ld+json\" class=\"yoast-schema-graph\">{\"@context\":\"https:\/\/schema.org\",\"@graph\":[{\"@type\":\"WebPage\",\"@id\":\"https:\/\/futurehealthbiobank.com\/vn\/cac-chung-nhan-cua-chung-toi\/\",\"url\":\"https:\/\/futurehealthbiobank.com\/vn\/cac-chung-nhan-cua-chung-toi\/\",\"name\":\"C\u00e1c ch\u1ee9ng nh\u1eadn c\u1ee7a ch\u00fang t\u00f4i - Future Health Biobank Vietnam\",\"isPartOf\":{\"@id\":\"https:\/\/futurehealthbiobank.com\/vn\/#website\"},\"datePublished\":\"2019-10-22T09:46:48+00:00\",\"dateModified\":\"2023-08-22T08:38:26+00:00\",\"description\":\"Future Health Biobank l\u00e0 m\u1ed9t trong nh\u1eefng ng\u00e2n h\u00e0ng t\u1ebf b\u00e0o g\u1ed1c \u0111\u01b0\u1ee3c c\u1ea5p nhi\u1ec1u ch\u1ee9ng nh\u1eadn ch\u1ea5t l\u01b0\u1ee3ng nh\u1ea5t tr\u00ean th\u1ebf gi\u1edbi. C\u00e1c \u0111\u1ed3ng nghi\u1ec7p \u0111\u00e1nh gi\u00e1 ch\u00fang t\u00f4i l\u00e0 trung t\u00e2m s\u00e1ng t\u1ea1o nh\u1ea5t v\u1edbi ch\u1ea5t l\u01b0\u1ee3ng v\u00e0 d\u1ecbch v\u1ee5 xu\u1ea5t s\u1eafc trong l\u0129nh v\u1ef1c l\u01b0u tr\u1eef t\u1ebf b\u00e0o g\u1ed1c.\",\"breadcrumb\":{\"@id\":\"https:\/\/futurehealthbiobank.com\/vn\/cac-chung-nhan-cua-chung-toi\/#breadcrumb\"},\"inLanguage\":\"en-GB\",\"potentialAction\":[{\"@type\":\"ReadAction\",\"target\":[\"https:\/\/futurehealthbiobank.com\/vn\/cac-chung-nhan-cua-chung-toi\/\"]}]},{\"@type\":\"BreadcrumbList\",\"@id\":\"https:\/\/futurehealthbiobank.com\/vn\/cac-chung-nhan-cua-chung-toi\/#breadcrumb\",\"itemListElement\":[{\"@type\":\"ListItem\",\"position\":1,\"name\":\"Home\",\"item\":\"https:\/\/futurehealthbiobank.com\/vn\/\"},{\"@type\":\"ListItem\",\"position\":2,\"name\":\"C\u00e1c ch\u1ee9ng nh\u1eadn c\u1ee7a ch\u00fang t\u00f4i\"}]},{\"@type\":\"WebSite\",\"@id\":\"https:\/\/futurehealthbiobank.com\/vn\/#website\",\"url\":\"https:\/\/futurehealthbiobank.com\/vn\/\",\"name\":\"Future Health Biobank Vietnam\",\"description\":\"\",\"publisher\":{\"@id\":\"https:\/\/futurehealthbiobank.com\/vn\/#organization\"},\"potentialAction\":[{\"@type\":\"SearchAction\",\"target\":{\"@type\":\"EntryPoint\",\"urlTemplate\":\"https:\/\/futurehealthbiobank.com\/vn\/?s={search_term_string}\"},\"query-input\":{\"@type\":\"PropertyValueSpecification\",\"valueRequired\":true,\"valueName\":\"search_term_string\"}}],\"inLanguage\":\"en-GB\"},{\"@type\":\"Organization\",\"@id\":\"https:\/\/futurehealthbiobank.com\/vn\/#organization\",\"name\":\"Future Health Biobank\",\"url\":\"https:\/\/futurehealthbiobank.com\/vn\/\",\"logo\":{\"@type\":\"ImageObject\",\"inLanguage\":\"en-GB\",\"@id\":\"https:\/\/futurehealthbiobank.com\/vn\/#\/schema\/logo\/image\/\",\"url\":\"https:\/\/futurehealthbiobank.com\/vn\/wp-content\/uploads\/sites\/123\/2016\/02\/future-health-biobank.svg\",\"contentUrl\":\"https:\/\/futurehealthbiobank.com\/vn\/wp-content\/uploads\/sites\/123\/2016\/02\/future-health-biobank.svg\",\"width\":1,\"height\":1,\"caption\":\"Future Health Biobank\"},\"image\":{\"@id\":\"https:\/\/futurehealthbiobank.com\/vn\/#\/schema\/logo\/image\/\"}}]}<\/script>\n<!-- \/ Yoast SEO Premium plugin. -->","yoast_head_json":{"title":"C\u00e1c ch\u1ee9ng nh\u1eadn c\u1ee7a ch\u00fang t\u00f4i - Future Health Biobank Vietnam","description":"Future Health Biobank l\u00e0 m\u1ed9t trong nh\u1eefng ng\u00e2n h\u00e0ng t\u1ebf b\u00e0o g\u1ed1c \u0111\u01b0\u1ee3c c\u1ea5p nhi\u1ec1u ch\u1ee9ng nh\u1eadn ch\u1ea5t l\u01b0\u1ee3ng nh\u1ea5t tr\u00ean th\u1ebf gi\u1edbi. C\u00e1c \u0111\u1ed3ng nghi\u1ec7p \u0111\u00e1nh gi\u00e1 ch\u00fang t\u00f4i l\u00e0 trung t\u00e2m s\u00e1ng t\u1ea1o nh\u1ea5t v\u1edbi ch\u1ea5t l\u01b0\u1ee3ng v\u00e0 d\u1ecbch v\u1ee5 xu\u1ea5t s\u1eafc trong l\u0129nh v\u1ef1c l\u01b0u tr\u1eef t\u1ebf b\u00e0o g\u1ed1c.","robots":{"index":"index","follow":"follow","max-snippet":"max-snippet:-1","max-image-preview":"max-image-preview:large","max-video-preview":"max-video-preview:-1"},"canonical":"https:\/\/futurehealthbiobank.com\/vn\/cac-chung-nhan-cua-chung-toi\/","og_locale":"en_GB","og_type":"article","og_title":"C\u00e1c ch\u1ee9ng nh\u1eadn c\u1ee7a ch\u00fang t\u00f4i","og_url":"https:\/\/futurehealthbiobank.com\/vn\/cac-chung-nhan-cua-chung-toi\/","og_site_name":"Future Health Biobank Vietnam","article_modified_time":"2023-08-22T08:38:26+00:00","twitter_card":"summary_large_image","schema":{"@context":"https:\/\/schema.org","@graph":[{"@type":"WebPage","@id":"https:\/\/futurehealthbiobank.com\/vn\/cac-chung-nhan-cua-chung-toi\/","url":"https:\/\/futurehealthbiobank.com\/vn\/cac-chung-nhan-cua-chung-toi\/","name":"C\u00e1c ch\u1ee9ng nh\u1eadn c\u1ee7a ch\u00fang t\u00f4i - Future Health Biobank Vietnam","isPartOf":{"@id":"https:\/\/futurehealthbiobank.com\/vn\/#website"},"datePublished":"2019-10-22T09:46:48+00:00","dateModified":"2023-08-22T08:38:26+00:00","description":"Future Health Biobank l\u00e0 m\u1ed9t trong nh\u1eefng ng\u00e2n h\u00e0ng t\u1ebf b\u00e0o g\u1ed1c \u0111\u01b0\u1ee3c c\u1ea5p nhi\u1ec1u ch\u1ee9ng nh\u1eadn ch\u1ea5t l\u01b0\u1ee3ng nh\u1ea5t tr\u00ean th\u1ebf gi\u1edbi. C\u00e1c \u0111\u1ed3ng nghi\u1ec7p \u0111\u00e1nh gi\u00e1 ch\u00fang t\u00f4i l\u00e0 trung t\u00e2m s\u00e1ng t\u1ea1o nh\u1ea5t v\u1edbi ch\u1ea5t l\u01b0\u1ee3ng v\u00e0 d\u1ecbch v\u1ee5 xu\u1ea5t s\u1eafc trong l\u0129nh v\u1ef1c l\u01b0u tr\u1eef t\u1ebf b\u00e0o g\u1ed1c.","breadcrumb":{"@id":"https:\/\/futurehealthbiobank.com\/vn\/cac-chung-nhan-cua-chung-toi\/#breadcrumb"},"inLanguage":"en-GB","potentialAction":[{"@type":"ReadAction","target":["https:\/\/futurehealthbiobank.com\/vn\/cac-chung-nhan-cua-chung-toi\/"]}]},{"@type":"BreadcrumbList","@id":"https:\/\/futurehealthbiobank.com\/vn\/cac-chung-nhan-cua-chung-toi\/#breadcrumb","itemListElement":[{"@type":"ListItem","position":1,"name":"Home","item":"https:\/\/futurehealthbiobank.com\/vn\/"},{"@type":"ListItem","position":2,"name":"C\u00e1c ch\u1ee9ng nh\u1eadn c\u1ee7a ch\u00fang t\u00f4i"}]},{"@type":"WebSite","@id":"https:\/\/futurehealthbiobank.com\/vn\/#website","url":"https:\/\/futurehealthbiobank.com\/vn\/","name":"Future Health Biobank Vietnam","description":"","publisher":{"@id":"https:\/\/futurehealthbiobank.com\/vn\/#organization"},"potentialAction":[{"@type":"SearchAction","target":{"@type":"EntryPoint","urlTemplate":"https:\/\/futurehealthbiobank.com\/vn\/?s={search_term_string}"},"query-input":{"@type":"PropertyValueSpecification","valueRequired":true,"valueName":"search_term_string"}}],"inLanguage":"en-GB"},{"@type":"Organization","@id":"https:\/\/futurehealthbiobank.com\/vn\/#organization","name":"Future Health Biobank","url":"https:\/\/futurehealthbiobank.com\/vn\/","logo":{"@type":"ImageObject","inLanguage":"en-GB","@id":"https:\/\/futurehealthbiobank.com\/vn\/#\/schema\/logo\/image\/","url":"https:\/\/futurehealthbiobank.com\/vn\/wp-content\/uploads\/sites\/123\/2016\/02\/future-health-biobank.svg","contentUrl":"https:\/\/futurehealthbiobank.com\/vn\/wp-content\/uploads\/sites\/123\/2016\/02\/future-health-biobank.svg","width":1,"height":1,"caption":"Future Health Biobank"},"image":{"@id":"https:\/\/futurehealthbiobank.com\/vn\/#\/schema\/logo\/image\/"}}]}},"_links":{"self":[{"href":"https:\/\/futurehealthbiobank.com\/vn\/wp-json\/wp\/v2\/pages\/11399","targetHints":{"allow":["GET"]}}],"collection":[{"href":"https:\/\/futurehealthbiobank.com\/vn\/wp-json\/wp\/v2\/pages"}],"about":[{"href":"https:\/\/futurehealthbiobank.com\/vn\/wp-json\/wp\/v2\/types\/page"}],"author":[{"embeddable":true,"href":"https:\/\/futurehealthbiobank.com\/vn\/wp-json\/wp\/v2\/users\/10"}],"replies":[{"embeddable":true,"href":"https:\/\/futurehealthbiobank.com\/vn\/wp-json\/wp\/v2\/comments?post=11399"}],"version-history":[{"count":0,"href":"https:\/\/futurehealthbiobank.com\/vn\/wp-json\/wp\/v2\/pages\/11399\/revisions"}],"wp:attachment":[{"href":"https:\/\/futurehealthbiobank.com\/vn\/wp-json\/wp\/v2\/media?parent=11399"}],"curies":[{"name":"wp","href":"https:\/\/api.w.org\/{rel}","templated":true}]}}