{"id":11874,"date":"2019-07-01T15:07:04","date_gmt":"2019-07-01T14:07:04","guid":{"rendered":"https:\/\/futurehealthbiobank.com\/vn\/?page_id=11874"},"modified":"2024-01-10T11:59:44","modified_gmt":"2024-01-10T11:59:44","slug":"te-bao-goc-tuy-rang-la-gi","status":"publish","type":"page","link":"https:\/\/futurehealthbiobank.com\/vn\/tai-sao-can-luu-tru-te-bao-goc\/te-bao-goc-tuy-rang-la-gi\/","title":{"rendered":"T\u1ebf b\u00e0o g\u1ed1c t\u1ee7y r\u0103ng l\u00e0 g\u00ec?"},"content":{"rendered":"","protected":false},"excerpt":{"rendered":"","protected":false},"author":10,"featured_media":0,"parent":13714,"menu_order":0,"comment_status":"closed","ping_status":"closed","template":"page-dental-pulp-new.php","meta":{"_acf_changed":false,"footnotes":""},"class_list":["post-11874","page","type-page","status-publish","hentry"],"acf":[],"yoast_head":"<!-- This site is optimized with the Yoast SEO Premium plugin v26.7 (Yoast SEO v26.7) - https:\/\/yoast.com\/wordpress\/plugins\/seo\/ -->\n<title>T\u1ebf b\u00e0o g\u1ed1c t\u1ee7y r\u0103ng l\u00e0 g\u00ec? - Future Health Biobank Vietnam<\/title>\n<meta name=\"description\" content=\"T\u1ebf b\u00e0o g\u1ed1c r\u1ea5t c\u1ea7n thi\u1ebft cho ch\u1ee9c n\u0103ng kh\u1ecfe m\u1ea1nh c\u1ee7a c\u01a1 th\u1ec3 ch\u00fang ta. Ch\u00fang ch\u1ecbu tr\u00e1ch nhi\u1ec7m li\u00ean t\u1ee5c s\u1eeda ch\u1eefa v\u00e0 \u0111\u1ed5i m\u1edbi c\u00e1c t\u1ebf b\u00e0o b\u1ecb h\u01b0 h\u1ecfng \u0111\u01b0\u1ee3c t\u00ecm th\u1ea5y trong m\u00e1u v\u00e0 m\u00f4, l\u00e0m cho ch\u00fang tr\u1edf th\u00e0nh thi\u1ebft y\u1ebfu \u0111\u1ec3 \u0111i\u1ec1u tr\u1ecb s\u1eeda ch\u1eefa t\u1ed5n th\u01b0\u01a1ng do b\u1ec7nh t\u1eadt, \u1ed1m \u0111au ho\u1eb7c ch\u1ea5n th\u01b0\u01a1ng.\" \/>\n<meta name=\"robots\" content=\"index, follow, max-snippet:-1, max-image-preview:large, max-video-preview:-1\" \/>\n<link rel=\"canonical\" href=\"https:\/\/futurehealthbiobank.com\/vn\/tai-sao-can-luu-tru-te-bao-goc\/te-bao-goc-tuy-rang-la-gi\/\" \/>\n<meta property=\"og:locale\" content=\"en_GB\" \/>\n<meta property=\"og:type\" content=\"article\" \/>\n<meta property=\"og:title\" content=\"T\u1ebf b\u00e0o g\u1ed1c t\u1ee7y r\u0103ng l\u00e0 g\u00ec?\" \/>\n<meta property=\"og:url\" content=\"https:\/\/futurehealthbiobank.com\/vn\/tai-sao-can-luu-tru-te-bao-goc\/te-bao-goc-tuy-rang-la-gi\/\" \/>\n<meta property=\"og:site_name\" content=\"Future Health Biobank Vietnam\" \/>\n<meta property=\"article:modified_time\" content=\"2024-01-10T11:59:44+00:00\" \/>\n<meta name=\"twitter:card\" content=\"summary_large_image\" \/>\n<script type=\"application\/ld+json\" class=\"yoast-schema-graph\">{\"@context\":\"https:\/\/schema.org\",\"@graph\":[{\"@type\":\"WebPage\",\"@id\":\"https:\/\/futurehealthbiobank.com\/vn\/tai-sao-can-luu-tru-te-bao-goc\/te-bao-goc-tuy-rang-la-gi\/\",\"url\":\"https:\/\/futurehealthbiobank.com\/vn\/tai-sao-can-luu-tru-te-bao-goc\/te-bao-goc-tuy-rang-la-gi\/\",\"name\":\"T\u1ebf b\u00e0o g\u1ed1c t\u1ee7y r\u0103ng l\u00e0 g\u00ec? - Future Health Biobank Vietnam\",\"isPartOf\":{\"@id\":\"https:\/\/futurehealthbiobank.com\/vn\/#website\"},\"datePublished\":\"2019-07-01T14:07:04+00:00\",\"dateModified\":\"2024-01-10T11:59:44+00:00\",\"description\":\"T\u1ebf b\u00e0o g\u1ed1c r\u1ea5t c\u1ea7n thi\u1ebft cho ch\u1ee9c n\u0103ng kh\u1ecfe m\u1ea1nh c\u1ee7a c\u01a1 th\u1ec3 ch\u00fang ta. Ch\u00fang ch\u1ecbu tr\u00e1ch nhi\u1ec7m li\u00ean t\u1ee5c s\u1eeda ch\u1eefa v\u00e0 \u0111\u1ed5i m\u1edbi c\u00e1c t\u1ebf b\u00e0o b\u1ecb h\u01b0 h\u1ecfng \u0111\u01b0\u1ee3c t\u00ecm th\u1ea5y trong m\u00e1u v\u00e0 m\u00f4, l\u00e0m cho ch\u00fang tr\u1edf th\u00e0nh thi\u1ebft y\u1ebfu \u0111\u1ec3 \u0111i\u1ec1u tr\u1ecb s\u1eeda ch\u1eefa t\u1ed5n th\u01b0\u01a1ng do b\u1ec7nh t\u1eadt, \u1ed1m \u0111au ho\u1eb7c ch\u1ea5n th\u01b0\u01a1ng.\",\"breadcrumb\":{\"@id\":\"https:\/\/futurehealthbiobank.com\/vn\/tai-sao-can-luu-tru-te-bao-goc\/te-bao-goc-tuy-rang-la-gi\/#breadcrumb\"},\"inLanguage\":\"en-GB\",\"potentialAction\":[{\"@type\":\"ReadAction\",\"target\":[\"https:\/\/futurehealthbiobank.com\/vn\/tai-sao-can-luu-tru-te-bao-goc\/te-bao-goc-tuy-rang-la-gi\/\"]}]},{\"@type\":\"BreadcrumbList\",\"@id\":\"https:\/\/futurehealthbiobank.com\/vn\/tai-sao-can-luu-tru-te-bao-goc\/te-bao-goc-tuy-rang-la-gi\/#breadcrumb\",\"itemListElement\":[{\"@type\":\"ListItem\",\"position\":1,\"name\":\"Home\",\"item\":\"https:\/\/futurehealthbiobank.com\/vn\/\"},{\"@type\":\"ListItem\",\"position\":2,\"name\":\"T\u1ea1i sao c\u1ea7n l\u01b0u tr\u1eef t\u1ebf b\u00e0o g\u1ed1c\",\"item\":\"https:\/\/futurehealthbiobank.com\/vn\/tai-sao-can-luu-tru-te-bao-goc\/\"},{\"@type\":\"ListItem\",\"position\":3,\"name\":\"T\u1ebf b\u00e0o g\u1ed1c t\u1ee7y r\u0103ng l\u00e0 g\u00ec?\"}]},{\"@type\":\"WebSite\",\"@id\":\"https:\/\/futurehealthbiobank.com\/vn\/#website\",\"url\":\"https:\/\/futurehealthbiobank.com\/vn\/\",\"name\":\"Future Health Biobank Vietnam\",\"description\":\"\",\"publisher\":{\"@id\":\"https:\/\/futurehealthbiobank.com\/vn\/#organization\"},\"potentialAction\":[{\"@type\":\"SearchAction\",\"target\":{\"@type\":\"EntryPoint\",\"urlTemplate\":\"https:\/\/futurehealthbiobank.com\/vn\/?s={search_term_string}\"},\"query-input\":{\"@type\":\"PropertyValueSpecification\",\"valueRequired\":true,\"valueName\":\"search_term_string\"}}],\"inLanguage\":\"en-GB\"},{\"@type\":\"Organization\",\"@id\":\"https:\/\/futurehealthbiobank.com\/vn\/#organization\",\"name\":\"Future Health Biobank\",\"url\":\"https:\/\/futurehealthbiobank.com\/vn\/\",\"logo\":{\"@type\":\"ImageObject\",\"inLanguage\":\"en-GB\",\"@id\":\"https:\/\/futurehealthbiobank.com\/vn\/#\/schema\/logo\/image\/\",\"url\":\"https:\/\/futurehealthbiobank.com\/vn\/wp-content\/uploads\/sites\/123\/2016\/02\/future-health-biobank.svg\",\"contentUrl\":\"https:\/\/futurehealthbiobank.com\/vn\/wp-content\/uploads\/sites\/123\/2016\/02\/future-health-biobank.svg\",\"width\":1,\"height\":1,\"caption\":\"Future Health Biobank\"},\"image\":{\"@id\":\"https:\/\/futurehealthbiobank.com\/vn\/#\/schema\/logo\/image\/\"}}]}<\/script>\n<!-- \/ Yoast SEO Premium plugin. -->","yoast_head_json":{"title":"T\u1ebf b\u00e0o g\u1ed1c t\u1ee7y r\u0103ng l\u00e0 g\u00ec? - Future Health Biobank Vietnam","description":"T\u1ebf b\u00e0o g\u1ed1c r\u1ea5t c\u1ea7n thi\u1ebft cho ch\u1ee9c n\u0103ng kh\u1ecfe m\u1ea1nh c\u1ee7a c\u01a1 th\u1ec3 ch\u00fang ta. Ch\u00fang ch\u1ecbu tr\u00e1ch nhi\u1ec7m li\u00ean t\u1ee5c s\u1eeda ch\u1eefa v\u00e0 \u0111\u1ed5i m\u1edbi c\u00e1c t\u1ebf b\u00e0o b\u1ecb h\u01b0 h\u1ecfng \u0111\u01b0\u1ee3c t\u00ecm th\u1ea5y trong m\u00e1u v\u00e0 m\u00f4, l\u00e0m cho ch\u00fang tr\u1edf th\u00e0nh thi\u1ebft y\u1ebfu \u0111\u1ec3 \u0111i\u1ec1u tr\u1ecb s\u1eeda ch\u1eefa t\u1ed5n th\u01b0\u01a1ng do b\u1ec7nh t\u1eadt, \u1ed1m \u0111au ho\u1eb7c ch\u1ea5n th\u01b0\u01a1ng.","robots":{"index":"index","follow":"follow","max-snippet":"max-snippet:-1","max-image-preview":"max-image-preview:large","max-video-preview":"max-video-preview:-1"},"canonical":"https:\/\/futurehealthbiobank.com\/vn\/tai-sao-can-luu-tru-te-bao-goc\/te-bao-goc-tuy-rang-la-gi\/","og_locale":"en_GB","og_type":"article","og_title":"T\u1ebf b\u00e0o g\u1ed1c t\u1ee7y r\u0103ng l\u00e0 g\u00ec?","og_url":"https:\/\/futurehealthbiobank.com\/vn\/tai-sao-can-luu-tru-te-bao-goc\/te-bao-goc-tuy-rang-la-gi\/","og_site_name":"Future Health Biobank Vietnam","article_modified_time":"2024-01-10T11:59:44+00:00","twitter_card":"summary_large_image","schema":{"@context":"https:\/\/schema.org","@graph":[{"@type":"WebPage","@id":"https:\/\/futurehealthbiobank.com\/vn\/tai-sao-can-luu-tru-te-bao-goc\/te-bao-goc-tuy-rang-la-gi\/","url":"https:\/\/futurehealthbiobank.com\/vn\/tai-sao-can-luu-tru-te-bao-goc\/te-bao-goc-tuy-rang-la-gi\/","name":"T\u1ebf b\u00e0o g\u1ed1c t\u1ee7y r\u0103ng l\u00e0 g\u00ec? - Future Health Biobank Vietnam","isPartOf":{"@id":"https:\/\/futurehealthbiobank.com\/vn\/#website"},"datePublished":"2019-07-01T14:07:04+00:00","dateModified":"2024-01-10T11:59:44+00:00","description":"T\u1ebf b\u00e0o g\u1ed1c r\u1ea5t c\u1ea7n thi\u1ebft cho ch\u1ee9c n\u0103ng kh\u1ecfe m\u1ea1nh c\u1ee7a c\u01a1 th\u1ec3 ch\u00fang ta. Ch\u00fang ch\u1ecbu tr\u00e1ch nhi\u1ec7m li\u00ean t\u1ee5c s\u1eeda ch\u1eefa v\u00e0 \u0111\u1ed5i m\u1edbi c\u00e1c t\u1ebf b\u00e0o b\u1ecb h\u01b0 h\u1ecfng \u0111\u01b0\u1ee3c t\u00ecm th\u1ea5y trong m\u00e1u v\u00e0 m\u00f4, l\u00e0m cho ch\u00fang tr\u1edf th\u00e0nh thi\u1ebft y\u1ebfu \u0111\u1ec3 \u0111i\u1ec1u tr\u1ecb s\u1eeda ch\u1eefa t\u1ed5n th\u01b0\u01a1ng do b\u1ec7nh t\u1eadt, \u1ed1m \u0111au ho\u1eb7c ch\u1ea5n th\u01b0\u01a1ng.","breadcrumb":{"@id":"https:\/\/futurehealthbiobank.com\/vn\/tai-sao-can-luu-tru-te-bao-goc\/te-bao-goc-tuy-rang-la-gi\/#breadcrumb"},"inLanguage":"en-GB","potentialAction":[{"@type":"ReadAction","target":["https:\/\/futurehealthbiobank.com\/vn\/tai-sao-can-luu-tru-te-bao-goc\/te-bao-goc-tuy-rang-la-gi\/"]}]},{"@type":"BreadcrumbList","@id":"https:\/\/futurehealthbiobank.com\/vn\/tai-sao-can-luu-tru-te-bao-goc\/te-bao-goc-tuy-rang-la-gi\/#breadcrumb","itemListElement":[{"@type":"ListItem","position":1,"name":"Home","item":"https:\/\/futurehealthbiobank.com\/vn\/"},{"@type":"ListItem","position":2,"name":"T\u1ea1i sao c\u1ea7n l\u01b0u tr\u1eef t\u1ebf b\u00e0o g\u1ed1c","item":"https:\/\/futurehealthbiobank.com\/vn\/tai-sao-can-luu-tru-te-bao-goc\/"},{"@type":"ListItem","position":3,"name":"T\u1ebf b\u00e0o g\u1ed1c t\u1ee7y r\u0103ng l\u00e0 g\u00ec?"}]},{"@type":"WebSite","@id":"https:\/\/futurehealthbiobank.com\/vn\/#website","url":"https:\/\/futurehealthbiobank.com\/vn\/","name":"Future Health Biobank Vietnam","description":"","publisher":{"@id":"https:\/\/futurehealthbiobank.com\/vn\/#organization"},"potentialAction":[{"@type":"SearchAction","target":{"@type":"EntryPoint","urlTemplate":"https:\/\/futurehealthbiobank.com\/vn\/?s={search_term_string}"},"query-input":{"@type":"PropertyValueSpecification","valueRequired":true,"valueName":"search_term_string"}}],"inLanguage":"en-GB"},{"@type":"Organization","@id":"https:\/\/futurehealthbiobank.com\/vn\/#organization","name":"Future Health Biobank","url":"https:\/\/futurehealthbiobank.com\/vn\/","logo":{"@type":"ImageObject","inLanguage":"en-GB","@id":"https:\/\/futurehealthbiobank.com\/vn\/#\/schema\/logo\/image\/","url":"https:\/\/futurehealthbiobank.com\/vn\/wp-content\/uploads\/sites\/123\/2016\/02\/future-health-biobank.svg","contentUrl":"https:\/\/futurehealthbiobank.com\/vn\/wp-content\/uploads\/sites\/123\/2016\/02\/future-health-biobank.svg","width":1,"height":1,"caption":"Future Health Biobank"},"image":{"@id":"https:\/\/futurehealthbiobank.com\/vn\/#\/schema\/logo\/image\/"}}]}},"_links":{"self":[{"href":"https:\/\/futurehealthbiobank.com\/vn\/wp-json\/wp\/v2\/pages\/11874","targetHints":{"allow":["GET"]}}],"collection":[{"href":"https:\/\/futurehealthbiobank.com\/vn\/wp-json\/wp\/v2\/pages"}],"about":[{"href":"https:\/\/futurehealthbiobank.com\/vn\/wp-json\/wp\/v2\/types\/page"}],"author":[{"embeddable":true,"href":"https:\/\/futurehealthbiobank.com\/vn\/wp-json\/wp\/v2\/users\/10"}],"replies":[{"embeddable":true,"href":"https:\/\/futurehealthbiobank.com\/vn\/wp-json\/wp\/v2\/comments?post=11874"}],"version-history":[{"count":0,"href":"https:\/\/futurehealthbiobank.com\/vn\/wp-json\/wp\/v2\/pages\/11874\/revisions"}],"up":[{"embeddable":true,"href":"https:\/\/futurehealthbiobank.com\/vn\/wp-json\/wp\/v2\/pages\/13714"}],"wp:attachment":[{"href":"https:\/\/futurehealthbiobank.com\/vn\/wp-json\/wp\/v2\/media?parent=11874"}],"curies":[{"name":"wp","href":"https:\/\/api.w.org\/{rel}","templated":true}]}}